{"id":12629,"date":"2026-02-02T14:42:03","date_gmt":"2026-02-02T19:42:03","guid":{"rendered":"https:\/\/luxesound.ca\/?post_type=product&#038;p=12629"},"modified":"2026-04-21T14:22:29","modified_gmt":"2026-04-21T18:22:29","slug":"kiwi-ears-cadenza-earbuds","status":"publish","type":"product","link":"https:\/\/luxesound.ca\/fr\/product\/kiwi-ears-cadenza-earbuds\/","title":{"rendered":"\u00c9couteurs intra-auriculaires Kiwi Ears Cadenza"},"content":{"rendered":"<p class=\"p1\">Le <span class=\"s1\">Cadence des oreilles de kiwi<\/span> Cadenza est un \u00e9couteur intra-auriculaire d&#039;une grande finesse, offrant un son \u00e9quilibr\u00e9 et une musicalit\u00e9 naturelle. Con\u00e7u pour les audiophiles recherchant une clart\u00e9 optimale sur l&#039;ensemble du spectre sonore (graves, m\u00e9diums et aigus), Cadenza propose une richesse de d\u00e9tails et un \u00e9quilibre tonal harmonieux, le tout dans un format confortable et l\u00e9ger. Gr\u00e2ce \u00e0 son r\u00e9glage pr\u00e9cis et \u00e0 sa fiabilit\u00e9, il constitue un choix id\u00e9al pour une \u00e9coute quotidienne ou comme premi\u00e8re exp\u00e9rience avec des \u00e9couteurs intra-auriculaires haut de gamme.<\/p>","protected":false},"excerpt":{"rendered":"<p>Le <span class=\"s1\">Cadence des oreilles de kiwi<\/span> Cadenza est un \u00e9couteur intra-auriculaire d&#039;une grande finesse, offrant un son \u00e9quilibr\u00e9 et une musicalit\u00e9 naturelle. Con\u00e7u pour les audiophiles recherchant une clart\u00e9 optimale sur l&#039;ensemble du spectre sonore (graves, m\u00e9diums et aigus), Cadenza propose une richesse de d\u00e9tails et un \u00e9quilibre tonal harmonieux, le tout dans un format confortable et l\u00e9ger. Gr\u00e2ce \u00e0 son r\u00e9glage pr\u00e9cis et \u00e0 sa fiabilit\u00e9, il constitue un choix id\u00e9al pour une \u00e9coute quotidienne ou comme premi\u00e8re exp\u00e9rience avec des \u00e9couteurs intra-auriculaires haut de gamme.<\/p>","protected":false},"featured_media":12645,"comment_status":"open","ping_status":"closed","template":"","meta":{"_acf_changed":false,"_mo_disable_npp":"","inline_featured_image":false},"product_brand":[913],"product_cat":[892,145,932,915,820,931],"product_tag":[],"class_list":{"0":"post-12629","1":"product","2":"type-product","3":"status-publish","4":"has-post-thumbnail","6":"product_brand-kiwiears","7":"product_cat-chifi","8":"product_cat-earbuds","9":"product_cat-in-ear-monitors","10":"product_cat-kiwi-ears","11":"product_cat-new-arrivals-category","12":"product_cat-wired-earbuds","13":"pa_colour-blue","14":"pa_colour-green","15":"pa_colour-purple","16":"pa_colour-red","18":"first","19":"instock","20":"taxable","21":"shipping-taxable","22":"purchasable","23":"product-type-variable","24":"has-default-attributes"},"bundled_by":[],"bundle_stock_status":"instock","bundle_stock_quantity":null,"bundle_virtual":false,"bundle_layout":"","bundle_add_to_cart_form_location":"","bundle_editable_in_cart":false,"bundle_sold_individually_context":"","bundle_item_grouping":"","bundle_min_size":"","bundle_max_size":"","bundle_price":[],"bundled_items":[],"bundle_sell_ids":[],"acf":[],"ct_brands":[{"id":913,"name":"Kiwiears","slug":"kiwiears"}],"yoast_head":"<!-- This site is optimized with the Yoast SEO plugin v27.2 - https:\/\/yoast.com\/product\/yoast-seo-wordpress\/ -->\n<title>Kiwi Ears Cadenza Earbuds - Luxe Sound<\/title>\n<meta name=\"description\" content=\"Balanced, smooth-tuned IEMs with clear mids, rich bass, and lightweight comfort. The Kiwi Ears Cadenza delivers high-quality sound at an accessible price.\" \/>\n<meta name=\"robots\" content=\"index, follow, max-snippet:-1, max-image-preview:large, max-video-preview:-1\" \/>\n<link rel=\"canonical\" href=\"https:\/\/luxesound.ca\/fr\/product\/kiwi-ears-cadenza-earbuds\/\" \/>\n<meta property=\"og:locale\" content=\"fr_FR\" \/>\n<meta property=\"og:type\" content=\"article\" \/>\n<meta property=\"og:title\" content=\"Kiwi Ears Cadenza Earbuds - Luxe Sound\" \/>\n<meta property=\"og:description\" content=\"Balanced, smooth-tuned IEMs with clear mids, rich bass, and lightweight comfort. The Kiwi Ears Cadenza delivers high-quality sound at an accessible price.\" \/>\n<meta property=\"og:url\" content=\"https:\/\/luxesound.ca\/fr\/product\/kiwi-ears-cadenza-earbuds\/\" \/>\n<meta property=\"og:site_name\" content=\"Luxe Sound\" \/>\n<meta property=\"article:publisher\" content=\"https:\/\/www.facebook.com\/luxesound.ca\" \/>\n<meta property=\"article:modified_time\" content=\"2026-04-21T18:22:29+00:00\" \/>\n<meta property=\"og:image\" content=\"https:\/\/luxesound.ca\/wp-content\/uploads\/2026\/01\/Kiwiears-Cadenza-Blue-2.webp\" \/>\n\t<meta property=\"og:image:width\" content=\"1200\" \/>\n\t<meta property=\"og:image:height\" content=\"800\" \/>\n\t<meta property=\"og:image:type\" content=\"image\/webp\" \/>\n<meta name=\"twitter:card\" content=\"summary_large_image\" \/>\n<meta name=\"twitter:label1\" content=\"Est. reading time\" \/>\n\t<meta name=\"twitter:data1\" content=\"1 minute\" \/>\n<script type=\"application\/ld+json\" class=\"yoast-schema-graph\">{\"@context\":\"https:\/\/schema.org\",\"@graph\":[{\"@type\":\"WebPage\",\"@id\":\"https:\/\/luxesound.ca\/product\/kiwi-ears-cadenza-earbuds\/\",\"url\":\"https:\/\/luxesound.ca\/product\/kiwi-ears-cadenza-earbuds\/\",\"name\":\"Kiwi Ears Cadenza Earbuds - Luxe Sound\",\"isPartOf\":{\"@id\":\"https:\/\/luxesound.ca\/#website\"},\"primaryImageOfPage\":{\"@id\":\"https:\/\/luxesound.ca\/product\/kiwi-ears-cadenza-earbuds\/#primaryimage\"},\"image\":{\"@id\":\"https:\/\/luxesound.ca\/product\/kiwi-ears-cadenza-earbuds\/#primaryimage\"},\"thumbnailUrl\":\"https:\/\/luxesound.ca\/wp-content\/uploads\/2026\/01\/Kiwiears-Cadenza-Blue-2.webp\",\"datePublished\":\"2026-02-02T19:42:03+00:00\",\"dateModified\":\"2026-04-21T18:22:29+00:00\",\"description\":\"Balanced, smooth-tuned IEMs with clear mids, rich bass, and lightweight comfort. The Kiwi Ears Cadenza delivers high-quality sound at an accessible price.\",\"breadcrumb\":{\"@id\":\"https:\/\/luxesound.ca\/product\/kiwi-ears-cadenza-earbuds\/#breadcrumb\"},\"inLanguage\":\"fr-qc\",\"potentialAction\":[{\"@type\":\"ReadAction\",\"target\":[\"https:\/\/luxesound.ca\/product\/kiwi-ears-cadenza-earbuds\/\"]}]},{\"@type\":\"ImageObject\",\"inLanguage\":\"fr-qc\",\"@id\":\"https:\/\/luxesound.ca\/product\/kiwi-ears-cadenza-earbuds\/#primaryimage\",\"url\":\"https:\/\/luxesound.ca\/wp-content\/uploads\/2026\/01\/Kiwiears-Cadenza-Blue-2.webp\",\"contentUrl\":\"https:\/\/luxesound.ca\/wp-content\/uploads\/2026\/01\/Kiwiears-Cadenza-Blue-2.webp\",\"width\":1200,\"height\":800,\"caption\":\"Kiwiears Cadenza blue on white background\"},{\"@type\":\"BreadcrumbList\",\"@id\":\"https:\/\/luxesound.ca\/product\/kiwi-ears-cadenza-earbuds\/#breadcrumb\",\"itemListElement\":[{\"@type\":\"ListItem\",\"position\":1,\"name\":\"Home\",\"item\":\"https:\/\/luxesound.ca\/\"},{\"@type\":\"ListItem\",\"position\":2,\"name\":\"Products\",\"item\":\"https:\/\/luxesound.ca\/shop\/\"},{\"@type\":\"ListItem\",\"position\":3,\"name\":\"Kiwi Ears Cadenza Earbuds\"}]},{\"@type\":\"WebSite\",\"@id\":\"https:\/\/luxesound.ca\/#website\",\"url\":\"https:\/\/luxesound.ca\/\",\"name\":\"Luxe Sound\",\"description\":\"The Finest Headphones &amp; Speakers. Proudly Canadian.\",\"publisher\":{\"@id\":\"https:\/\/luxesound.ca\/#organization\"},\"potentialAction\":[{\"@type\":\"SearchAction\",\"target\":{\"@type\":\"EntryPoint\",\"urlTemplate\":\"https:\/\/luxesound.ca\/?s={search_term_string}\"},\"query-input\":{\"@type\":\"PropertyValueSpecification\",\"valueRequired\":true,\"valueName\":\"search_term_string\"}}],\"inLanguage\":\"fr-qc\"},{\"@type\":\"Organization\",\"@id\":\"https:\/\/luxesound.ca\/#organization\",\"name\":\"Luxe Sound\",\"url\":\"https:\/\/luxesound.ca\/\",\"logo\":{\"@type\":\"ImageObject\",\"inLanguage\":\"fr-qc\",\"@id\":\"https:\/\/luxesound.ca\/#\/schema\/logo\/image\/\",\"url\":\"https:\/\/luxesound.ca\/wp-content\/uploads\/2024\/08\/cropped-Luxe-white-on-green.png\",\"contentUrl\":\"https:\/\/luxesound.ca\/wp-content\/uploads\/2024\/08\/cropped-Luxe-white-on-green.png\",\"width\":512,\"height\":512,\"caption\":\"Luxe Sound\"},\"image\":{\"@id\":\"https:\/\/luxesound.ca\/#\/schema\/logo\/image\/\"},\"sameAs\":[\"https:\/\/www.facebook.com\/luxesound.ca\",\"https:\/\/www.instagram.com\/luxe.sound\/\"]}]}<\/script>\n<!-- \/ Yoast SEO plugin. -->","yoast_head_json":{"title":"Kiwi Ears Cadenza Earbuds - Luxe Sound","description":"Balanced, smooth-tuned IEMs with clear mids, rich bass, and lightweight comfort. The Kiwi Ears Cadenza delivers high-quality sound at an accessible price.","robots":{"index":"index","follow":"follow","max-snippet":"max-snippet:-1","max-image-preview":"max-image-preview:large","max-video-preview":"max-video-preview:-1"},"canonical":"https:\/\/luxesound.ca\/fr\/product\/kiwi-ears-cadenza-earbuds\/","og_locale":"fr_FR","og_type":"article","og_title":"Kiwi Ears Cadenza Earbuds - Luxe Sound","og_description":"Balanced, smooth-tuned IEMs with clear mids, rich bass, and lightweight comfort. The Kiwi Ears Cadenza delivers high-quality sound at an accessible price.","og_url":"https:\/\/luxesound.ca\/fr\/product\/kiwi-ears-cadenza-earbuds\/","og_site_name":"Luxe Sound","article_publisher":"https:\/\/www.facebook.com\/luxesound.ca","article_modified_time":"2026-04-21T18:22:29+00:00","og_image":[{"width":1200,"height":800,"url":"https:\/\/luxesound.ca\/wp-content\/uploads\/2026\/01\/Kiwiears-Cadenza-Blue-2.webp","type":"image\/webp"}],"twitter_card":"summary_large_image","twitter_misc":{"Est. reading time":"1 minute"},"schema":{"@context":"https:\/\/schema.org","@graph":[{"@type":"WebPage","@id":"https:\/\/luxesound.ca\/product\/kiwi-ears-cadenza-earbuds\/","url":"https:\/\/luxesound.ca\/product\/kiwi-ears-cadenza-earbuds\/","name":"Kiwi Ears Cadenza Earbuds - Luxe Sound","isPartOf":{"@id":"https:\/\/luxesound.ca\/#website"},"primaryImageOfPage":{"@id":"https:\/\/luxesound.ca\/product\/kiwi-ears-cadenza-earbuds\/#primaryimage"},"image":{"@id":"https:\/\/luxesound.ca\/product\/kiwi-ears-cadenza-earbuds\/#primaryimage"},"thumbnailUrl":"https:\/\/luxesound.ca\/wp-content\/uploads\/2026\/01\/Kiwiears-Cadenza-Blue-2.webp","datePublished":"2026-02-02T19:42:03+00:00","dateModified":"2026-04-21T18:22:29+00:00","description":"Balanced, smooth-tuned IEMs with clear mids, rich bass, and lightweight comfort. The Kiwi Ears Cadenza delivers high-quality sound at an accessible price.","breadcrumb":{"@id":"https:\/\/luxesound.ca\/product\/kiwi-ears-cadenza-earbuds\/#breadcrumb"},"inLanguage":"fr-qc","potentialAction":[{"@type":"ReadAction","target":["https:\/\/luxesound.ca\/product\/kiwi-ears-cadenza-earbuds\/"]}]},{"@type":"ImageObject","inLanguage":"fr-qc","@id":"https:\/\/luxesound.ca\/product\/kiwi-ears-cadenza-earbuds\/#primaryimage","url":"https:\/\/luxesound.ca\/wp-content\/uploads\/2026\/01\/Kiwiears-Cadenza-Blue-2.webp","contentUrl":"https:\/\/luxesound.ca\/wp-content\/uploads\/2026\/01\/Kiwiears-Cadenza-Blue-2.webp","width":1200,"height":800,"caption":"Kiwiears Cadenza blue on white background"},{"@type":"BreadcrumbList","@id":"https:\/\/luxesound.ca\/product\/kiwi-ears-cadenza-earbuds\/#breadcrumb","itemListElement":[{"@type":"ListItem","position":1,"name":"Home","item":"https:\/\/luxesound.ca\/"},{"@type":"ListItem","position":2,"name":"Products","item":"https:\/\/luxesound.ca\/shop\/"},{"@type":"ListItem","position":3,"name":"Kiwi Ears Cadenza Earbuds"}]},{"@type":"WebSite","@id":"https:\/\/luxesound.ca\/#website","url":"https:\/\/luxesound.ca\/","name":"Son luxueux","description":"Les meilleurs \u00e9couteurs et haut-parleurs. Fi\u00e8rement canadiens.","publisher":{"@id":"https:\/\/luxesound.ca\/#organization"},"potentialAction":[{"@type":"SearchAction","target":{"@type":"EntryPoint","urlTemplate":"https:\/\/luxesound.ca\/?s={search_term_string}"},"query-input":{"@type":"PropertyValueSpecification","valueRequired":true,"valueName":"search_term_string"}}],"inLanguage":"fr-qc"},{"@type":"Organization","@id":"https:\/\/luxesound.ca\/#organization","name":"Son luxueux","url":"https:\/\/luxesound.ca\/","logo":{"@type":"ImageObject","inLanguage":"fr-qc","@id":"https:\/\/luxesound.ca\/#\/schema\/logo\/image\/","url":"https:\/\/luxesound.ca\/wp-content\/uploads\/2024\/08\/cropped-Luxe-white-on-green.png","contentUrl":"https:\/\/luxesound.ca\/wp-content\/uploads\/2024\/08\/cropped-Luxe-white-on-green.png","width":512,"height":512,"caption":"Luxe Sound"},"image":{"@id":"https:\/\/luxesound.ca\/#\/schema\/logo\/image\/"},"sameAs":["https:\/\/www.facebook.com\/luxesound.ca","https:\/\/www.instagram.com\/luxe.sound\/"]}]}},"_links":{"self":[{"href":"https:\/\/luxesound.ca\/fr\/wp-json\/wp\/v2\/product\/12629","targetHints":{"allow":["GET"]}}],"collection":[{"href":"https:\/\/luxesound.ca\/fr\/wp-json\/wp\/v2\/product"}],"about":[{"href":"https:\/\/luxesound.ca\/fr\/wp-json\/wp\/v2\/types\/product"}],"replies":[{"embeddable":true,"href":"https:\/\/luxesound.ca\/fr\/wp-json\/wp\/v2\/comments?post=12629"}],"version-history":[{"count":2,"href":"https:\/\/luxesound.ca\/fr\/wp-json\/wp\/v2\/product\/12629\/revisions"}],"predecessor-version":[{"id":12648,"href":"https:\/\/luxesound.ca\/fr\/wp-json\/wp\/v2\/product\/12629\/revisions\/12648"}],"wp:featuredmedia":[{"embeddable":true,"href":"https:\/\/luxesound.ca\/fr\/wp-json\/wp\/v2\/media\/12645"}],"wp:attachment":[{"href":"https:\/\/luxesound.ca\/fr\/wp-json\/wp\/v2\/media?parent=12629"}],"wp:term":[{"taxonomy":"product_brand","embeddable":true,"href":"https:\/\/luxesound.ca\/fr\/wp-json\/wp\/v2\/product_brand?post=12629"},{"taxonomy":"product_cat","embeddable":true,"href":"https:\/\/luxesound.ca\/fr\/wp-json\/wp\/v2\/product_cat?post=12629"},{"taxonomy":"product_tag","embeddable":true,"href":"https:\/\/luxesound.ca\/fr\/wp-json\/wp\/v2\/product_tag?post=12629"}],"curies":[{"name":"wp","href":"https:\/\/api.w.org\/{rel}","templated":true}]}}