{"id":12368,"date":"2025-12-02T16:45:06","date_gmt":"2025-12-02T21:45:06","guid":{"rendered":"https:\/\/luxesound.ca\/?post_type=product&#038;p=12368"},"modified":"2026-04-20T15:12:43","modified_gmt":"2026-04-20T19:12:43","slug":"moondrop-golden-ages-2-wireless-earbuds","status":"publish","type":"product","link":"https:\/\/luxesound.ca\/fr\/product\/moondrop-golden-ages-2-wireless-earbuds\/","title":{"rendered":"\u00c9couteurs sans fil Moondrop Golden Ages 2"},"content":{"rendered":"<p class=\"p1\">Le <span class=\"s1\">Moondrop Golden Ages 2<\/span> Alliant la technologie haut de gamme des casques planaires \u00e0 une v\u00e9ritable libert\u00e9 sans fil, ces \u00e9couteurs TWS sont dot\u00e9s de transducteurs planaires de 13 mm. <span class=\"s1\">\u00e9couteurs<\/span> Offrant un son riche et d\u00e9taill\u00e9, avec des basses profondes et une sc\u00e8ne sonore ample, les \u00e9couteurs Golden Ages 2 vous plongent dans une exp\u00e9rience immersive et raffin\u00e9e. Leur conception ergonomique, leur connectivit\u00e9 Bluetooth stable et leur format compact et \u00e9l\u00e9gant vous garantissent une performance haute fid\u00e9lit\u00e9 o\u00f9 que vous soyez.<\/p>","protected":false},"excerpt":{"rendered":"<p>Le <span class=\"s1\">Moondrop Golden Ages 2<\/span> Alliant la technologie haut de gamme des casques planaires \u00e0 une v\u00e9ritable libert\u00e9 sans fil, ces \u00e9couteurs TWS sont dot\u00e9s de transducteurs planaires de 13 mm. <span class=\"s1\">\u00e9couteurs<\/span> Offrant un son riche et d\u00e9taill\u00e9, avec des basses profondes et une sc\u00e8ne sonore ample, les \u00e9couteurs Golden Ages 2 vous plongent dans une exp\u00e9rience immersive et raffin\u00e9e. Leur conception ergonomique, leur connectivit\u00e9 Bluetooth stable et leur format compact et \u00e9l\u00e9gant vous garantissent une performance haute fid\u00e9lit\u00e9 o\u00f9 que vous soyez.<\/p>","protected":false},"featured_media":12370,"comment_status":"open","ping_status":"closed","template":"","meta":{"_acf_changed":false,"_mo_disable_npp":"","inline_featured_image":false},"product_brand":[753],"product_cat":[892,145,732,907,897,820],"product_tag":[],"class_list":{"0":"post-12368","1":"product","2":"type-product","3":"status-publish","4":"has-post-thumbnail","6":"product_brand-moondrop","7":"product_cat-chifi","8":"product_cat-earbuds","9":"product_cat-moondrop","10":"product_cat-moondrop-black-friday","11":"product_cat-moondrop-wireless-earbuds","12":"product_cat-new-arrivals-category","13":"pa_colour-matte-grey","15":"first","16":"instock","17":"taxable","18":"shipping-taxable","19":"purchasable","20":"product-type-variable","21":"has-default-attributes"},"bundled_by":[],"bundle_stock_status":"instock","bundle_stock_quantity":null,"bundle_virtual":false,"bundle_layout":"","bundle_add_to_cart_form_location":"","bundle_editable_in_cart":false,"bundle_sold_individually_context":"","bundle_item_grouping":"","bundle_min_size":"","bundle_max_size":"","bundle_price":[],"bundled_items":[],"bundle_sell_ids":[],"acf":[],"ct_brands":[{"id":753,"name":"Goutte de lune","slug":"moondrop"}],"yoast_head":"<!-- This site is optimized with the Yoast SEO plugin v27.2 - https:\/\/yoast.com\/product\/yoast-seo-wordpress\/ -->\n<title>Moondrop Golden Ages 2 Wireless Earbuds - Luxe Sound<\/title>\n<meta name=\"description\" content=\"Experience detailed planar sound with the Moondrop Golden Ages 2 true wireless earbuds. Premium performance in a compact design!\" \/>\n<meta name=\"robots\" content=\"index, follow, max-snippet:-1, max-image-preview:large, max-video-preview:-1\" \/>\n<link rel=\"canonical\" href=\"https:\/\/luxesound.ca\/fr\/product\/moondrop-golden-ages-2-wireless-earbuds\/\" \/>\n<meta property=\"og:locale\" content=\"fr_FR\" \/>\n<meta property=\"og:type\" content=\"article\" \/>\n<meta property=\"og:title\" content=\"Moondrop Golden Ages 2 Wireless Earbuds - Luxe Sound\" \/>\n<meta property=\"og:description\" content=\"Experience detailed planar sound with the Moondrop Golden Ages 2 true wireless earbuds. Premium performance in a compact design!\" \/>\n<meta property=\"og:url\" content=\"https:\/\/luxesound.ca\/fr\/product\/moondrop-golden-ages-2-wireless-earbuds\/\" \/>\n<meta property=\"og:site_name\" content=\"Luxe Sound\" \/>\n<meta property=\"article:publisher\" content=\"https:\/\/www.facebook.com\/luxesound.ca\" \/>\n<meta property=\"article:modified_time\" content=\"2026-04-20T19:12:43+00:00\" \/>\n<meta property=\"og:image\" content=\"https:\/\/luxesound.ca\/wp-content\/uploads\/2025\/12\/Moondrop-Golden-Ages-2-Earbuds-1.webp\" \/>\n\t<meta property=\"og:image:width\" content=\"1200\" \/>\n\t<meta property=\"og:image:height\" content=\"800\" \/>\n\t<meta property=\"og:image:type\" content=\"image\/webp\" \/>\n<meta name=\"twitter:card\" content=\"summary_large_image\" \/>\n<meta name=\"twitter:label1\" content=\"Est. reading time\" \/>\n\t<meta name=\"twitter:data1\" content=\"1 minute\" \/>\n<script type=\"application\/ld+json\" class=\"yoast-schema-graph\">{\"@context\":\"https:\/\/schema.org\",\"@graph\":[{\"@type\":\"WebPage\",\"@id\":\"https:\/\/luxesound.ca\/product\/moondrop-golden-ages-2-wireless-earbuds\/\",\"url\":\"https:\/\/luxesound.ca\/product\/moondrop-golden-ages-2-wireless-earbuds\/\",\"name\":\"Moondrop Golden Ages 2 Wireless Earbuds - Luxe Sound\",\"isPartOf\":{\"@id\":\"https:\/\/luxesound.ca\/#website\"},\"primaryImageOfPage\":{\"@id\":\"https:\/\/luxesound.ca\/product\/moondrop-golden-ages-2-wireless-earbuds\/#primaryimage\"},\"image\":{\"@id\":\"https:\/\/luxesound.ca\/product\/moondrop-golden-ages-2-wireless-earbuds\/#primaryimage\"},\"thumbnailUrl\":\"https:\/\/luxesound.ca\/wp-content\/uploads\/2025\/12\/Moondrop-Golden-Ages-2-Earbuds-1.webp\",\"datePublished\":\"2025-12-02T21:45:06+00:00\",\"dateModified\":\"2026-04-20T19:12:43+00:00\",\"description\":\"Experience detailed planar sound with the Moondrop Golden Ages 2 true wireless earbuds. Premium performance in a compact design!\",\"breadcrumb\":{\"@id\":\"https:\/\/luxesound.ca\/product\/moondrop-golden-ages-2-wireless-earbuds\/#breadcrumb\"},\"inLanguage\":\"fr-qc\",\"potentialAction\":[{\"@type\":\"ReadAction\",\"target\":[\"https:\/\/luxesound.ca\/product\/moondrop-golden-ages-2-wireless-earbuds\/\"]}]},{\"@type\":\"ImageObject\",\"inLanguage\":\"fr-qc\",\"@id\":\"https:\/\/luxesound.ca\/product\/moondrop-golden-ages-2-wireless-earbuds\/#primaryimage\",\"url\":\"https:\/\/luxesound.ca\/wp-content\/uploads\/2025\/12\/Moondrop-Golden-Ages-2-Earbuds-1.webp\",\"contentUrl\":\"https:\/\/luxesound.ca\/wp-content\/uploads\/2025\/12\/Moondrop-Golden-Ages-2-Earbuds-1.webp\",\"width\":1200,\"height\":800,\"caption\":\"Moondrop Golden Ages 2 Earbuds Product photo on white background\"},{\"@type\":\"BreadcrumbList\",\"@id\":\"https:\/\/luxesound.ca\/product\/moondrop-golden-ages-2-wireless-earbuds\/#breadcrumb\",\"itemListElement\":[{\"@type\":\"ListItem\",\"position\":1,\"name\":\"Home\",\"item\":\"https:\/\/luxesound.ca\/\"},{\"@type\":\"ListItem\",\"position\":2,\"name\":\"Products\",\"item\":\"https:\/\/luxesound.ca\/shop\/\"},{\"@type\":\"ListItem\",\"position\":3,\"name\":\"Moondrop Golden Ages 2 Wireless Earbuds\"}]},{\"@type\":\"WebSite\",\"@id\":\"https:\/\/luxesound.ca\/#website\",\"url\":\"https:\/\/luxesound.ca\/\",\"name\":\"Luxe Sound\",\"description\":\"The Finest Headphones &amp; Speakers. Proudly Canadian.\",\"publisher\":{\"@id\":\"https:\/\/luxesound.ca\/#organization\"},\"potentialAction\":[{\"@type\":\"SearchAction\",\"target\":{\"@type\":\"EntryPoint\",\"urlTemplate\":\"https:\/\/luxesound.ca\/?s={search_term_string}\"},\"query-input\":{\"@type\":\"PropertyValueSpecification\",\"valueRequired\":true,\"valueName\":\"search_term_string\"}}],\"inLanguage\":\"fr-qc\"},{\"@type\":\"Organization\",\"@id\":\"https:\/\/luxesound.ca\/#organization\",\"name\":\"Luxe Sound\",\"url\":\"https:\/\/luxesound.ca\/\",\"logo\":{\"@type\":\"ImageObject\",\"inLanguage\":\"fr-qc\",\"@id\":\"https:\/\/luxesound.ca\/#\/schema\/logo\/image\/\",\"url\":\"https:\/\/luxesound.ca\/wp-content\/uploads\/2024\/08\/cropped-Luxe-white-on-green.png\",\"contentUrl\":\"https:\/\/luxesound.ca\/wp-content\/uploads\/2024\/08\/cropped-Luxe-white-on-green.png\",\"width\":512,\"height\":512,\"caption\":\"Luxe Sound\"},\"image\":{\"@id\":\"https:\/\/luxesound.ca\/#\/schema\/logo\/image\/\"},\"sameAs\":[\"https:\/\/www.facebook.com\/luxesound.ca\",\"https:\/\/www.instagram.com\/luxe.sound\/\"]}]}<\/script>\n<!-- \/ Yoast SEO plugin. -->","yoast_head_json":{"title":"Moondrop Golden Ages 2 Wireless Earbuds - Luxe Sound","description":"Experience detailed planar sound with the Moondrop Golden Ages 2 true wireless earbuds. Premium performance in a compact design!","robots":{"index":"index","follow":"follow","max-snippet":"max-snippet:-1","max-image-preview":"max-image-preview:large","max-video-preview":"max-video-preview:-1"},"canonical":"https:\/\/luxesound.ca\/fr\/product\/moondrop-golden-ages-2-wireless-earbuds\/","og_locale":"fr_FR","og_type":"article","og_title":"Moondrop Golden Ages 2 Wireless Earbuds - Luxe Sound","og_description":"Experience detailed planar sound with the Moondrop Golden Ages 2 true wireless earbuds. Premium performance in a compact design!","og_url":"https:\/\/luxesound.ca\/fr\/product\/moondrop-golden-ages-2-wireless-earbuds\/","og_site_name":"Luxe Sound","article_publisher":"https:\/\/www.facebook.com\/luxesound.ca","article_modified_time":"2026-04-20T19:12:43+00:00","og_image":[{"width":1200,"height":800,"url":"https:\/\/luxesound.ca\/wp-content\/uploads\/2025\/12\/Moondrop-Golden-Ages-2-Earbuds-1.webp","type":"image\/webp"}],"twitter_card":"summary_large_image","twitter_misc":{"Est. reading time":"1 minute"},"schema":{"@context":"https:\/\/schema.org","@graph":[{"@type":"WebPage","@id":"https:\/\/luxesound.ca\/product\/moondrop-golden-ages-2-wireless-earbuds\/","url":"https:\/\/luxesound.ca\/product\/moondrop-golden-ages-2-wireless-earbuds\/","name":"Moondrop Golden Ages 2 Wireless Earbuds - Luxe Sound","isPartOf":{"@id":"https:\/\/luxesound.ca\/#website"},"primaryImageOfPage":{"@id":"https:\/\/luxesound.ca\/product\/moondrop-golden-ages-2-wireless-earbuds\/#primaryimage"},"image":{"@id":"https:\/\/luxesound.ca\/product\/moondrop-golden-ages-2-wireless-earbuds\/#primaryimage"},"thumbnailUrl":"https:\/\/luxesound.ca\/wp-content\/uploads\/2025\/12\/Moondrop-Golden-Ages-2-Earbuds-1.webp","datePublished":"2025-12-02T21:45:06+00:00","dateModified":"2026-04-20T19:12:43+00:00","description":"Experience detailed planar sound with the Moondrop Golden Ages 2 true wireless earbuds. Premium performance in a compact design!","breadcrumb":{"@id":"https:\/\/luxesound.ca\/product\/moondrop-golden-ages-2-wireless-earbuds\/#breadcrumb"},"inLanguage":"fr-qc","potentialAction":[{"@type":"ReadAction","target":["https:\/\/luxesound.ca\/product\/moondrop-golden-ages-2-wireless-earbuds\/"]}]},{"@type":"ImageObject","inLanguage":"fr-qc","@id":"https:\/\/luxesound.ca\/product\/moondrop-golden-ages-2-wireless-earbuds\/#primaryimage","url":"https:\/\/luxesound.ca\/wp-content\/uploads\/2025\/12\/Moondrop-Golden-Ages-2-Earbuds-1.webp","contentUrl":"https:\/\/luxesound.ca\/wp-content\/uploads\/2025\/12\/Moondrop-Golden-Ages-2-Earbuds-1.webp","width":1200,"height":800,"caption":"Moondrop Golden Ages 2 Earbuds Product photo on white background"},{"@type":"BreadcrumbList","@id":"https:\/\/luxesound.ca\/product\/moondrop-golden-ages-2-wireless-earbuds\/#breadcrumb","itemListElement":[{"@type":"ListItem","position":1,"name":"Home","item":"https:\/\/luxesound.ca\/"},{"@type":"ListItem","position":2,"name":"Products","item":"https:\/\/luxesound.ca\/shop\/"},{"@type":"ListItem","position":3,"name":"Moondrop Golden Ages 2 Wireless Earbuds"}]},{"@type":"WebSite","@id":"https:\/\/luxesound.ca\/#website","url":"https:\/\/luxesound.ca\/","name":"Son luxueux","description":"Les meilleurs \u00e9couteurs et haut-parleurs. Fi\u00e8rement canadiens.","publisher":{"@id":"https:\/\/luxesound.ca\/#organization"},"potentialAction":[{"@type":"SearchAction","target":{"@type":"EntryPoint","urlTemplate":"https:\/\/luxesound.ca\/?s={search_term_string}"},"query-input":{"@type":"PropertyValueSpecification","valueRequired":true,"valueName":"search_term_string"}}],"inLanguage":"fr-qc"},{"@type":"Organization","@id":"https:\/\/luxesound.ca\/#organization","name":"Son luxueux","url":"https:\/\/luxesound.ca\/","logo":{"@type":"ImageObject","inLanguage":"fr-qc","@id":"https:\/\/luxesound.ca\/#\/schema\/logo\/image\/","url":"https:\/\/luxesound.ca\/wp-content\/uploads\/2024\/08\/cropped-Luxe-white-on-green.png","contentUrl":"https:\/\/luxesound.ca\/wp-content\/uploads\/2024\/08\/cropped-Luxe-white-on-green.png","width":512,"height":512,"caption":"Luxe Sound"},"image":{"@id":"https:\/\/luxesound.ca\/#\/schema\/logo\/image\/"},"sameAs":["https:\/\/www.facebook.com\/luxesound.ca","https:\/\/www.instagram.com\/luxe.sound\/"]}]}},"_links":{"self":[{"href":"https:\/\/luxesound.ca\/fr\/wp-json\/wp\/v2\/product\/12368","targetHints":{"allow":["GET"]}}],"collection":[{"href":"https:\/\/luxesound.ca\/fr\/wp-json\/wp\/v2\/product"}],"about":[{"href":"https:\/\/luxesound.ca\/fr\/wp-json\/wp\/v2\/types\/product"}],"replies":[{"embeddable":true,"href":"https:\/\/luxesound.ca\/fr\/wp-json\/wp\/v2\/comments?post=12368"}],"version-history":[{"count":1,"href":"https:\/\/luxesound.ca\/fr\/wp-json\/wp\/v2\/product\/12368\/revisions"}],"predecessor-version":[{"id":12382,"href":"https:\/\/luxesound.ca\/fr\/wp-json\/wp\/v2\/product\/12368\/revisions\/12382"}],"wp:featuredmedia":[{"embeddable":true,"href":"https:\/\/luxesound.ca\/fr\/wp-json\/wp\/v2\/media\/12370"}],"wp:attachment":[{"href":"https:\/\/luxesound.ca\/fr\/wp-json\/wp\/v2\/media?parent=12368"}],"wp:term":[{"taxonomy":"product_brand","embeddable":true,"href":"https:\/\/luxesound.ca\/fr\/wp-json\/wp\/v2\/product_brand?post=12368"},{"taxonomy":"product_cat","embeddable":true,"href":"https:\/\/luxesound.ca\/fr\/wp-json\/wp\/v2\/product_cat?post=12368"},{"taxonomy":"product_tag","embeddable":true,"href":"https:\/\/luxesound.ca\/fr\/wp-json\/wp\/v2\/product_tag?post=12368"}],"curies":[{"name":"wp","href":"https:\/\/api.w.org\/{rel}","templated":true}]}}