{"id":12356,"date":"2025-12-01T15:13:44","date_gmt":"2025-12-01T20:13:44","guid":{"rendered":"https:\/\/luxesound.ca\/?post_type=product&#038;p=12356"},"modified":"2026-04-20T15:12:42","modified_gmt":"2026-04-20T19:12:42","slug":"sonos-ace-bundle-pair","status":"publish","type":"product","link":"https:\/\/luxesound.ca\/fr\/product\/sonos-ace-bundle-pair\/","title":{"rendered":"Pack Sonos Ace (paire)"},"content":{"rendered":"<p>Doublez votre exp\u00e9rience d&#039;\u00e9coute personnelle ultime avec deux casques. Utilisez-en un \u00e0 la maison et l&#039;autre en voyage. Gardez-en un pour vous et offrez l&#039;autre en cadeau. Les possibilit\u00e9s d&#039;\u00e9coute sont infinies. Les haut-parleurs de 40 mm, con\u00e7us sur mesure, restituent chaque fr\u00e9quence avec une pr\u00e9cision et une clart\u00e9 exceptionnelles. La r\u00e9duction de bruit active de pointe, la compatibilit\u00e9 avec le streaming audio sans perte et l&#039;audio spatial avec suivi dynamique des mouvements de la t\u00eate optimisent votre immersion. Restez attentif \u00e0 votre environnement gr\u00e2ce au mode Aware. Profitez d&#039;une autonomie allant jusqu&#039;\u00e0 30 heures, d&#039;un confort exceptionnel et d&#039;appels d&#039;une clart\u00e9 irr\u00e9prochable. Connectez-vous sans fil \u00e0 vos appareils via Bluetooth ou utilisez les c\u00e2bles USB-C et 3,5 mm inclus. De plus, donnez vie \u00e0 vos contenus home cin\u00e9ma comme jamais auparavant avec une barre de son Sonos compatible.<\/p>","protected":false},"excerpt":{"rendered":"<p>Doublez votre exp\u00e9rience d&#039;\u00e9coute personnelle ultime avec deux casques. Utilisez-en un \u00e0 la maison et l&#039;autre en voyage. Gardez-en un pour vous et offrez l&#039;autre en cadeau. Les possibilit\u00e9s d&#039;\u00e9coute sont infinies. Les haut-parleurs de 40 mm, con\u00e7us sur mesure, restituent chaque fr\u00e9quence avec une pr\u00e9cision et une clart\u00e9 exceptionnelles. La r\u00e9duction de bruit active de pointe, la compatibilit\u00e9 avec le streaming audio sans perte et l&#039;audio spatial avec suivi dynamique des mouvements de la t\u00eate optimisent votre immersion. Restez attentif \u00e0 votre environnement gr\u00e2ce au mode Aware. Profitez d&#039;une autonomie allant jusqu&#039;\u00e0 30 heures, d&#039;un confort exceptionnel et d&#039;appels d&#039;une clart\u00e9 irr\u00e9prochable. Connectez-vous sans fil \u00e0 vos appareils via Bluetooth ou utilisez les c\u00e2bles USB-C et 3,5 mm inclus. De plus, donnez vie \u00e0 vos contenus home cin\u00e9ma comme jamais auparavant avec une barre de son Sonos compatible.<\/p>","protected":false},"featured_media":12358,"comment_status":"open","ping_status":"closed","template":"","meta":{"_acf_changed":false,"_mo_disable_npp":"","inline_featured_image":false},"product_brand":[750],"product_cat":[139,925,924,26,904,923],"product_tag":[727],"class_list":{"0":"post-12356","1":"product","2":"type-product","3":"status-publish","4":"has-post-thumbnail","6":"product_brand-sonos","7":"product_cat-headphones","8":"product_cat-noise-cancelling-headphones","9":"product_cat-over-ear-headphones","10":"product_cat-sonos","11":"product_cat-sonos-black-friday","12":"product_cat-wireless-headphones","13":"product_tag-sonos-ace","15":"first","16":"instock","17":"virtual","18":"taxable","19":"purchasable","20":"product-type-bundle"},"bundled_by":[],"bundle_stock_status":"instock","bundle_stock_quantity":15,"bundle_virtual":false,"bundle_layout":"default","bundle_add_to_cart_form_location":"default","bundle_editable_in_cart":false,"bundle_sold_individually_context":"product","bundle_item_grouping":"parent","bundle_min_size":"","bundle_max_size":"","bundle_price":{"price":{"min":{"incl_tax":"1262.43","excl_tax":"1098"},"max":{"incl_tax":"1262.43","excl_tax":"1098"}},"regular_price":{"min":{"incl_tax":"1262.43","excl_tax":"1098"},"max":{"incl_tax":"1262.43","excl_tax":"1098"}}},"bundled_items":[{"bundled_item_id":49,"product_id":4971,"menu_order":0,"quantity_min":1,"quantity_max":1,"quantity_default":1,"priced_individually":false,"shipped_individually":false,"override_title":false,"title":"Casque Sonos Ace","override_description":true,"description":"","optional":false,"hide_thumbnail":false,"discount":"","override_variations":false,"allowed_variations":[],"override_default_variation_attributes":false,"default_variation_attributes":[],"single_product_visibility":"visible","cart_visibility":"visible","order_visibility":"visible","single_product_price_visibility":"visible","cart_price_visibility":"visible","order_price_visibility":"visible","stock_status":"in_stock"},{"bundled_item_id":50,"product_id":4971,"menu_order":1,"quantity_min":1,"quantity_max":1,"quantity_default":1,"priced_individually":false,"shipped_individually":false,"override_title":false,"title":"Casque Sonos Ace","override_description":true,"description":"","optional":false,"hide_thumbnail":false,"discount":"","override_variations":false,"allowed_variations":[],"override_default_variation_attributes":false,"default_variation_attributes":[],"single_product_visibility":"visible","cart_visibility":"visible","order_visibility":"visible","single_product_price_visibility":"visible","cart_price_visibility":"visible","order_price_visibility":"visible","stock_status":"in_stock"}],"bundle_sell_ids":[],"acf":[],"ct_brands":[{"id":750,"name":"Sonos","slug":"sonos"}],"yoast_head":"<!-- This site is optimized with the Yoast SEO plugin v27.2 - https:\/\/yoast.com\/product\/yoast-seo-wordpress\/ -->\n<title>Sonos Ace Bundle (Pair) - Luxe Sound<\/title>\n<meta name=\"description\" content=\"Double up on the ultimate personal listening experience with two pairs of Sonos Ace headphones. Keep one pair for yourself, and give the other as a gift.\" \/>\n<meta name=\"robots\" content=\"index, follow, max-snippet:-1, max-image-preview:large, max-video-preview:-1\" \/>\n<link rel=\"canonical\" href=\"https:\/\/luxesound.ca\/fr\/product\/sonos-ace-bundle-pair\/\" \/>\n<meta property=\"og:locale\" content=\"fr_FR\" \/>\n<meta property=\"og:type\" content=\"article\" \/>\n<meta property=\"og:title\" content=\"Sonos Ace Bundle (Pair) - Luxe Sound\" \/>\n<meta property=\"og:description\" content=\"Double up on the ultimate personal listening experience with two pairs of Sonos Ace headphones. Keep one pair for yourself, and give the other as a gift.\" \/>\n<meta property=\"og:url\" content=\"https:\/\/luxesound.ca\/fr\/product\/sonos-ace-bundle-pair\/\" \/>\n<meta property=\"og:site_name\" content=\"Luxe Sound\" \/>\n<meta property=\"article:publisher\" content=\"https:\/\/www.facebook.com\/luxesound.ca\" \/>\n<meta property=\"article:modified_time\" content=\"2026-04-20T19:12:42+00:00\" \/>\n<meta property=\"og:image\" content=\"https:\/\/luxesound.ca\/wp-content\/uploads\/2025\/12\/Sonos-ace-pair-black-and-white.webp\" \/>\n\t<meta property=\"og:image:width\" content=\"1200\" \/>\n\t<meta property=\"og:image:height\" content=\"800\" \/>\n\t<meta property=\"og:image:type\" content=\"image\/webp\" \/>\n<meta name=\"twitter:card\" content=\"summary_large_image\" \/>\n<meta name=\"twitter:label1\" content=\"Est. reading time\" \/>\n\t<meta name=\"twitter:data1\" content=\"1 minute\" \/>\n<script type=\"application\/ld+json\" class=\"yoast-schema-graph\">{\"@context\":\"https:\/\/schema.org\",\"@graph\":[{\"@type\":\"WebPage\",\"@id\":\"https:\/\/luxesound.ca\/product\/sonos-ace-bundle-pair\/\",\"url\":\"https:\/\/luxesound.ca\/product\/sonos-ace-bundle-pair\/\",\"name\":\"Sonos Ace Bundle (Pair) - Luxe Sound\",\"isPartOf\":{\"@id\":\"https:\/\/luxesound.ca\/#website\"},\"primaryImageOfPage\":{\"@id\":\"https:\/\/luxesound.ca\/product\/sonos-ace-bundle-pair\/#primaryimage\"},\"image\":{\"@id\":\"https:\/\/luxesound.ca\/product\/sonos-ace-bundle-pair\/#primaryimage\"},\"thumbnailUrl\":\"https:\/\/luxesound.ca\/wp-content\/uploads\/2025\/12\/Sonos-ace-pair-black-and-white.webp\",\"datePublished\":\"2025-12-01T20:13:44+00:00\",\"dateModified\":\"2026-04-20T19:12:42+00:00\",\"description\":\"Double up on the ultimate personal listening experience with two pairs of Sonos Ace headphones. Keep one pair for yourself, and give the other as a gift.\",\"breadcrumb\":{\"@id\":\"https:\/\/luxesound.ca\/product\/sonos-ace-bundle-pair\/#breadcrumb\"},\"inLanguage\":\"fr-qc\",\"potentialAction\":[{\"@type\":\"ReadAction\",\"target\":[\"https:\/\/luxesound.ca\/product\/sonos-ace-bundle-pair\/\"]}]},{\"@type\":\"ImageObject\",\"inLanguage\":\"fr-qc\",\"@id\":\"https:\/\/luxesound.ca\/product\/sonos-ace-bundle-pair\/#primaryimage\",\"url\":\"https:\/\/luxesound.ca\/wp-content\/uploads\/2025\/12\/Sonos-ace-pair-black-and-white.webp\",\"contentUrl\":\"https:\/\/luxesound.ca\/wp-content\/uploads\/2025\/12\/Sonos-ace-pair-black-and-white.webp\",\"width\":1200,\"height\":800,\"caption\":\"Sonos ace headphones pair, bundle of two, product photo on white background\"},{\"@type\":\"BreadcrumbList\",\"@id\":\"https:\/\/luxesound.ca\/product\/sonos-ace-bundle-pair\/#breadcrumb\",\"itemListElement\":[{\"@type\":\"ListItem\",\"position\":1,\"name\":\"Home\",\"item\":\"https:\/\/luxesound.ca\/\"},{\"@type\":\"ListItem\",\"position\":2,\"name\":\"Products\",\"item\":\"https:\/\/luxesound.ca\/shop\/\"},{\"@type\":\"ListItem\",\"position\":3,\"name\":\"Sonos Ace Bundle (Pair)\"}]},{\"@type\":\"WebSite\",\"@id\":\"https:\/\/luxesound.ca\/#website\",\"url\":\"https:\/\/luxesound.ca\/\",\"name\":\"Luxe Sound\",\"description\":\"The Finest Headphones &amp; Speakers. Proudly Canadian.\",\"publisher\":{\"@id\":\"https:\/\/luxesound.ca\/#organization\"},\"potentialAction\":[{\"@type\":\"SearchAction\",\"target\":{\"@type\":\"EntryPoint\",\"urlTemplate\":\"https:\/\/luxesound.ca\/?s={search_term_string}\"},\"query-input\":{\"@type\":\"PropertyValueSpecification\",\"valueRequired\":true,\"valueName\":\"search_term_string\"}}],\"inLanguage\":\"fr-qc\"},{\"@type\":\"Organization\",\"@id\":\"https:\/\/luxesound.ca\/#organization\",\"name\":\"Luxe Sound\",\"url\":\"https:\/\/luxesound.ca\/\",\"logo\":{\"@type\":\"ImageObject\",\"inLanguage\":\"fr-qc\",\"@id\":\"https:\/\/luxesound.ca\/#\/schema\/logo\/image\/\",\"url\":\"https:\/\/luxesound.ca\/wp-content\/uploads\/2024\/08\/cropped-Luxe-white-on-green.png\",\"contentUrl\":\"https:\/\/luxesound.ca\/wp-content\/uploads\/2024\/08\/cropped-Luxe-white-on-green.png\",\"width\":512,\"height\":512,\"caption\":\"Luxe Sound\"},\"image\":{\"@id\":\"https:\/\/luxesound.ca\/#\/schema\/logo\/image\/\"},\"sameAs\":[\"https:\/\/www.facebook.com\/luxesound.ca\",\"https:\/\/www.instagram.com\/luxe.sound\/\"]}]}<\/script>\n<!-- \/ Yoast SEO plugin. -->","yoast_head_json":{"title":"Sonos Ace Bundle (Pair) - Luxe Sound","description":"Double up on the ultimate personal listening experience with two pairs of Sonos Ace headphones. Keep one pair for yourself, and give the other as a gift.","robots":{"index":"index","follow":"follow","max-snippet":"max-snippet:-1","max-image-preview":"max-image-preview:large","max-video-preview":"max-video-preview:-1"},"canonical":"https:\/\/luxesound.ca\/fr\/product\/sonos-ace-bundle-pair\/","og_locale":"fr_FR","og_type":"article","og_title":"Sonos Ace Bundle (Pair) - Luxe Sound","og_description":"Double up on the ultimate personal listening experience with two pairs of Sonos Ace headphones. Keep one pair for yourself, and give the other as a gift.","og_url":"https:\/\/luxesound.ca\/fr\/product\/sonos-ace-bundle-pair\/","og_site_name":"Luxe Sound","article_publisher":"https:\/\/www.facebook.com\/luxesound.ca","article_modified_time":"2026-04-20T19:12:42+00:00","og_image":[{"width":1200,"height":800,"url":"https:\/\/luxesound.ca\/wp-content\/uploads\/2025\/12\/Sonos-ace-pair-black-and-white.webp","type":"image\/webp"}],"twitter_card":"summary_large_image","twitter_misc":{"Est. reading time":"1 minute"},"schema":{"@context":"https:\/\/schema.org","@graph":[{"@type":"WebPage","@id":"https:\/\/luxesound.ca\/product\/sonos-ace-bundle-pair\/","url":"https:\/\/luxesound.ca\/product\/sonos-ace-bundle-pair\/","name":"Sonos Ace Bundle (Pair) - Luxe Sound","isPartOf":{"@id":"https:\/\/luxesound.ca\/#website"},"primaryImageOfPage":{"@id":"https:\/\/luxesound.ca\/product\/sonos-ace-bundle-pair\/#primaryimage"},"image":{"@id":"https:\/\/luxesound.ca\/product\/sonos-ace-bundle-pair\/#primaryimage"},"thumbnailUrl":"https:\/\/luxesound.ca\/wp-content\/uploads\/2025\/12\/Sonos-ace-pair-black-and-white.webp","datePublished":"2025-12-01T20:13:44+00:00","dateModified":"2026-04-20T19:12:42+00:00","description":"Double up on the ultimate personal listening experience with two pairs of Sonos Ace headphones. Keep one pair for yourself, and give the other as a gift.","breadcrumb":{"@id":"https:\/\/luxesound.ca\/product\/sonos-ace-bundle-pair\/#breadcrumb"},"inLanguage":"fr-qc","potentialAction":[{"@type":"ReadAction","target":["https:\/\/luxesound.ca\/product\/sonos-ace-bundle-pair\/"]}]},{"@type":"ImageObject","inLanguage":"fr-qc","@id":"https:\/\/luxesound.ca\/product\/sonos-ace-bundle-pair\/#primaryimage","url":"https:\/\/luxesound.ca\/wp-content\/uploads\/2025\/12\/Sonos-ace-pair-black-and-white.webp","contentUrl":"https:\/\/luxesound.ca\/wp-content\/uploads\/2025\/12\/Sonos-ace-pair-black-and-white.webp","width":1200,"height":800,"caption":"Sonos ace headphones pair, bundle of two, product photo on white background"},{"@type":"BreadcrumbList","@id":"https:\/\/luxesound.ca\/product\/sonos-ace-bundle-pair\/#breadcrumb","itemListElement":[{"@type":"ListItem","position":1,"name":"Home","item":"https:\/\/luxesound.ca\/"},{"@type":"ListItem","position":2,"name":"Products","item":"https:\/\/luxesound.ca\/shop\/"},{"@type":"ListItem","position":3,"name":"Sonos Ace Bundle (Pair)"}]},{"@type":"WebSite","@id":"https:\/\/luxesound.ca\/#website","url":"https:\/\/luxesound.ca\/","name":"Son luxueux","description":"Les meilleurs \u00e9couteurs et haut-parleurs. Fi\u00e8rement canadiens.","publisher":{"@id":"https:\/\/luxesound.ca\/#organization"},"potentialAction":[{"@type":"SearchAction","target":{"@type":"EntryPoint","urlTemplate":"https:\/\/luxesound.ca\/?s={search_term_string}"},"query-input":{"@type":"PropertyValueSpecification","valueRequired":true,"valueName":"search_term_string"}}],"inLanguage":"fr-qc"},{"@type":"Organization","@id":"https:\/\/luxesound.ca\/#organization","name":"Son luxueux","url":"https:\/\/luxesound.ca\/","logo":{"@type":"ImageObject","inLanguage":"fr-qc","@id":"https:\/\/luxesound.ca\/#\/schema\/logo\/image\/","url":"https:\/\/luxesound.ca\/wp-content\/uploads\/2024\/08\/cropped-Luxe-white-on-green.png","contentUrl":"https:\/\/luxesound.ca\/wp-content\/uploads\/2024\/08\/cropped-Luxe-white-on-green.png","width":512,"height":512,"caption":"Luxe Sound"},"image":{"@id":"https:\/\/luxesound.ca\/#\/schema\/logo\/image\/"},"sameAs":["https:\/\/www.facebook.com\/luxesound.ca","https:\/\/www.instagram.com\/luxe.sound\/"]}]}},"_links":{"self":[{"href":"https:\/\/luxesound.ca\/fr\/wp-json\/wp\/v2\/product\/12356","targetHints":{"allow":["GET"]}}],"collection":[{"href":"https:\/\/luxesound.ca\/fr\/wp-json\/wp\/v2\/product"}],"about":[{"href":"https:\/\/luxesound.ca\/fr\/wp-json\/wp\/v2\/types\/product"}],"replies":[{"embeddable":true,"href":"https:\/\/luxesound.ca\/fr\/wp-json\/wp\/v2\/comments?post=12356"}],"version-history":[{"count":1,"href":"https:\/\/luxesound.ca\/fr\/wp-json\/wp\/v2\/product\/12356\/revisions"}],"predecessor-version":[{"id":12361,"href":"https:\/\/luxesound.ca\/fr\/wp-json\/wp\/v2\/product\/12356\/revisions\/12361"}],"wp:featuredmedia":[{"embeddable":true,"href":"https:\/\/luxesound.ca\/fr\/wp-json\/wp\/v2\/media\/12358"}],"wp:attachment":[{"href":"https:\/\/luxesound.ca\/fr\/wp-json\/wp\/v2\/media?parent=12356"}],"wp:term":[{"taxonomy":"product_brand","embeddable":true,"href":"https:\/\/luxesound.ca\/fr\/wp-json\/wp\/v2\/product_brand?post=12356"},{"taxonomy":"product_cat","embeddable":true,"href":"https:\/\/luxesound.ca\/fr\/wp-json\/wp\/v2\/product_cat?post=12356"},{"taxonomy":"product_tag","embeddable":true,"href":"https:\/\/luxesound.ca\/fr\/wp-json\/wp\/v2\/product_tag?post=12356"}],"curies":[{"name":"wp","href":"https:\/\/api.w.org\/{rel}","templated":true}]}}