{"id":12315,"date":"2025-11-24T15:37:44","date_gmt":"2025-11-24T20:37:44","guid":{"rendered":"https:\/\/luxesound.ca\/?post_type=product&#038;p=12315"},"modified":"2026-04-20T15:12:43","modified_gmt":"2026-04-20T19:12:43","slug":"moondrop-para-ii-planar-headphones","status":"publish","type":"product","link":"https:\/\/luxesound.ca\/fr\/product\/moondrop-para-ii-planar-headphones\/","title":{"rendered":"Casque planaire Moondrop Para II"},"content":{"rendered":"<p class=\"p1\">Le Moondrop Para II est un casque magn\u00e9tique planaire circum-aural dot\u00e9 d&#039;un imposant transducteur de 100 mm \u00e0 technologie Full-Drive et d&#039;une membrane ultra-fine de 1,2 \u00b5m pour une r\u00e9ponse fulgurante et des basses profondes et d\u00e9taill\u00e9es. Optimis\u00e9 selon la courbe cible VDSF de Moondrop, il offre un son naturel et a\u00e9r\u00e9 avec une distorsion ultra-faible (THD \u2264 0,03 %). Sa conception l\u00e9g\u00e8re et robuste est compl\u00e9t\u00e9e par des coussinets magn\u00e9tiques en cuir de mouton et un c\u00e2ble sym\u00e9trique haut de gamme en cuivre monocristallin 6N de 4,4 mm pour une transmission du signal d&#039;une puret\u00e9 exceptionnelle.<\/p>","protected":false},"excerpt":{"rendered":"<p>Le Moondrop Para II est un casque magn\u00e9tique planaire circum-aural dot\u00e9 d&#039;un imposant transducteur de 100 mm \u00e0 technologie Full-Drive et d&#039;une membrane ultra-fine de 1,2 \u00b5m pour une r\u00e9ponse fulgurante et des basses profondes et d\u00e9taill\u00e9es. Optimis\u00e9 selon la courbe cible VDSF de Moondrop, il offre un son naturel et a\u00e9r\u00e9 avec une distorsion ultra-faible (THD \u2264 0,03 %). Sa conception l\u00e9g\u00e8re et robuste est compl\u00e9t\u00e9e par des coussinets magn\u00e9tiques en cuir de mouton et un c\u00e2ble sym\u00e9trique haut de gamme en cuivre monocristallin 6N de 4,4 mm pour une transmission du signal d&#039;une puret\u00e9 exceptionnelle.<\/p>","protected":false},"featured_media":12318,"comment_status":"open","ping_status":"closed","template":"","meta":{"_acf_changed":false,"_mo_disable_npp":"","inline_featured_image":false},"product_brand":[753],"product_cat":[892,139,732,900,820,924,934],"product_tag":[],"class_list":{"0":"post-12315","1":"product","2":"type-product","3":"status-publish","4":"has-post-thumbnail","6":"product_brand-moondrop","7":"product_cat-chifi","8":"product_cat-headphones","9":"product_cat-moondrop","10":"product_cat-moondrop-headphones","11":"product_cat-new-arrivals-category","12":"product_cat-over-ear-headphones","13":"product_cat-wired-headphones","14":"pa_colour-silver","16":"first","17":"instock","18":"taxable","19":"shipping-taxable","20":"purchasable","21":"product-type-variable","22":"has-default-attributes"},"bundled_by":[],"bundle_stock_status":"instock","bundle_stock_quantity":null,"bundle_virtual":false,"bundle_layout":"","bundle_add_to_cart_form_location":"","bundle_editable_in_cart":false,"bundle_sold_individually_context":"","bundle_item_grouping":"","bundle_min_size":"","bundle_max_size":"","bundle_price":[],"bundled_items":[],"bundle_sell_ids":[],"acf":[],"ct_brands":[{"id":753,"name":"Goutte de lune","slug":"moondrop"}],"yoast_head":"<!-- This site is optimized with the Yoast SEO plugin v27.2 - https:\/\/yoast.com\/product\/yoast-seo-wordpress\/ -->\n<title>Moondrop Para II Planar Headphones - Luxe Sound<\/title>\n<meta name=\"description\" content=\"Experience the Moondrop Para II planar magnetic headphones: 100\u202fmm drivers, ultra-thin diaphragm, and natural, open sound for deep bass and clear detail.\" \/>\n<meta name=\"robots\" content=\"index, follow, max-snippet:-1, max-image-preview:large, max-video-preview:-1\" \/>\n<link rel=\"canonical\" href=\"https:\/\/luxesound.ca\/fr\/product\/moondrop-para-ii-planar-headphones\/\" \/>\n<meta property=\"og:locale\" content=\"fr_FR\" \/>\n<meta property=\"og:type\" content=\"article\" \/>\n<meta property=\"og:title\" content=\"Moondrop Para II Planar Headphones - Luxe Sound\" \/>\n<meta property=\"og:description\" content=\"Experience the Moondrop Para II planar magnetic headphones: 100\u202fmm drivers, ultra-thin diaphragm, and natural, open sound for deep bass and clear detail.\" \/>\n<meta property=\"og:url\" content=\"https:\/\/luxesound.ca\/fr\/product\/moondrop-para-ii-planar-headphones\/\" \/>\n<meta property=\"og:site_name\" content=\"Luxe Sound\" \/>\n<meta property=\"article:publisher\" content=\"https:\/\/www.facebook.com\/luxesound.ca\" \/>\n<meta property=\"article:modified_time\" content=\"2026-04-20T19:12:43+00:00\" \/>\n<meta property=\"og:image\" content=\"https:\/\/luxesound.ca\/wp-content\/uploads\/2025\/11\/Moondrop-Para-II-Headphones-1.webp\" \/>\n\t<meta property=\"og:image:width\" content=\"1200\" \/>\n\t<meta property=\"og:image:height\" content=\"800\" \/>\n\t<meta property=\"og:image:type\" content=\"image\/webp\" \/>\n<meta name=\"twitter:card\" content=\"summary_large_image\" \/>\n<meta name=\"twitter:label1\" content=\"Est. reading time\" \/>\n\t<meta name=\"twitter:data1\" content=\"1 minute\" \/>\n<script type=\"application\/ld+json\" class=\"yoast-schema-graph\">{\"@context\":\"https:\/\/schema.org\",\"@graph\":[{\"@type\":\"WebPage\",\"@id\":\"https:\/\/luxesound.ca\/product\/moondrop-para-ii-planar-headphones\/\",\"url\":\"https:\/\/luxesound.ca\/product\/moondrop-para-ii-planar-headphones\/\",\"name\":\"Moondrop Para II Planar Headphones - Luxe Sound\",\"isPartOf\":{\"@id\":\"https:\/\/luxesound.ca\/#website\"},\"primaryImageOfPage\":{\"@id\":\"https:\/\/luxesound.ca\/product\/moondrop-para-ii-planar-headphones\/#primaryimage\"},\"image\":{\"@id\":\"https:\/\/luxesound.ca\/product\/moondrop-para-ii-planar-headphones\/#primaryimage\"},\"thumbnailUrl\":\"https:\/\/luxesound.ca\/wp-content\/uploads\/2025\/11\/Moondrop-Para-II-Headphones-1.webp\",\"datePublished\":\"2025-11-24T20:37:44+00:00\",\"dateModified\":\"2026-04-20T19:12:43+00:00\",\"description\":\"Experience the Moondrop Para II planar magnetic headphones: 100\u202fmm drivers, ultra-thin diaphragm, and natural, open sound for deep bass and clear detail.\",\"breadcrumb\":{\"@id\":\"https:\/\/luxesound.ca\/product\/moondrop-para-ii-planar-headphones\/#breadcrumb\"},\"inLanguage\":\"fr-qc\",\"potentialAction\":[{\"@type\":\"ReadAction\",\"target\":[\"https:\/\/luxesound.ca\/product\/moondrop-para-ii-planar-headphones\/\"]}]},{\"@type\":\"ImageObject\",\"inLanguage\":\"fr-qc\",\"@id\":\"https:\/\/luxesound.ca\/product\/moondrop-para-ii-planar-headphones\/#primaryimage\",\"url\":\"https:\/\/luxesound.ca\/wp-content\/uploads\/2025\/11\/Moondrop-Para-II-Headphones-1.webp\",\"contentUrl\":\"https:\/\/luxesound.ca\/wp-content\/uploads\/2025\/11\/Moondrop-Para-II-Headphones-1.webp\",\"width\":1200,\"height\":800},{\"@type\":\"BreadcrumbList\",\"@id\":\"https:\/\/luxesound.ca\/product\/moondrop-para-ii-planar-headphones\/#breadcrumb\",\"itemListElement\":[{\"@type\":\"ListItem\",\"position\":1,\"name\":\"Home\",\"item\":\"https:\/\/luxesound.ca\/\"},{\"@type\":\"ListItem\",\"position\":2,\"name\":\"Products\",\"item\":\"https:\/\/luxesound.ca\/shop\/\"},{\"@type\":\"ListItem\",\"position\":3,\"name\":\"Moondrop Para II Planar Headphones\"}]},{\"@type\":\"WebSite\",\"@id\":\"https:\/\/luxesound.ca\/#website\",\"url\":\"https:\/\/luxesound.ca\/\",\"name\":\"Luxe Sound\",\"description\":\"The Finest Headphones &amp; Speakers. Proudly Canadian.\",\"publisher\":{\"@id\":\"https:\/\/luxesound.ca\/#organization\"},\"potentialAction\":[{\"@type\":\"SearchAction\",\"target\":{\"@type\":\"EntryPoint\",\"urlTemplate\":\"https:\/\/luxesound.ca\/?s={search_term_string}\"},\"query-input\":{\"@type\":\"PropertyValueSpecification\",\"valueRequired\":true,\"valueName\":\"search_term_string\"}}],\"inLanguage\":\"fr-qc\"},{\"@type\":\"Organization\",\"@id\":\"https:\/\/luxesound.ca\/#organization\",\"name\":\"Luxe Sound\",\"url\":\"https:\/\/luxesound.ca\/\",\"logo\":{\"@type\":\"ImageObject\",\"inLanguage\":\"fr-qc\",\"@id\":\"https:\/\/luxesound.ca\/#\/schema\/logo\/image\/\",\"url\":\"https:\/\/luxesound.ca\/wp-content\/uploads\/2024\/08\/cropped-Luxe-white-on-green.png\",\"contentUrl\":\"https:\/\/luxesound.ca\/wp-content\/uploads\/2024\/08\/cropped-Luxe-white-on-green.png\",\"width\":512,\"height\":512,\"caption\":\"Luxe Sound\"},\"image\":{\"@id\":\"https:\/\/luxesound.ca\/#\/schema\/logo\/image\/\"},\"sameAs\":[\"https:\/\/www.facebook.com\/luxesound.ca\",\"https:\/\/www.instagram.com\/luxe.sound\/\"]}]}<\/script>\n<!-- \/ Yoast SEO plugin. -->","yoast_head_json":{"title":"Moondrop Para II Planar Headphones - Luxe Sound","description":"Experience the Moondrop Para II planar magnetic headphones: 100\u202fmm drivers, ultra-thin diaphragm, and natural, open sound for deep bass and clear detail.","robots":{"index":"index","follow":"follow","max-snippet":"max-snippet:-1","max-image-preview":"max-image-preview:large","max-video-preview":"max-video-preview:-1"},"canonical":"https:\/\/luxesound.ca\/fr\/product\/moondrop-para-ii-planar-headphones\/","og_locale":"fr_FR","og_type":"article","og_title":"Moondrop Para II Planar Headphones - Luxe Sound","og_description":"Experience the Moondrop Para II planar magnetic headphones: 100\u202fmm drivers, ultra-thin diaphragm, and natural, open sound for deep bass and clear detail.","og_url":"https:\/\/luxesound.ca\/fr\/product\/moondrop-para-ii-planar-headphones\/","og_site_name":"Luxe Sound","article_publisher":"https:\/\/www.facebook.com\/luxesound.ca","article_modified_time":"2026-04-20T19:12:43+00:00","og_image":[{"width":1200,"height":800,"url":"https:\/\/luxesound.ca\/wp-content\/uploads\/2025\/11\/Moondrop-Para-II-Headphones-1.webp","type":"image\/webp"}],"twitter_card":"summary_large_image","twitter_misc":{"Est. reading time":"1 minute"},"schema":{"@context":"https:\/\/schema.org","@graph":[{"@type":"WebPage","@id":"https:\/\/luxesound.ca\/product\/moondrop-para-ii-planar-headphones\/","url":"https:\/\/luxesound.ca\/product\/moondrop-para-ii-planar-headphones\/","name":"Moondrop Para II Planar Headphones - Luxe Sound","isPartOf":{"@id":"https:\/\/luxesound.ca\/#website"},"primaryImageOfPage":{"@id":"https:\/\/luxesound.ca\/product\/moondrop-para-ii-planar-headphones\/#primaryimage"},"image":{"@id":"https:\/\/luxesound.ca\/product\/moondrop-para-ii-planar-headphones\/#primaryimage"},"thumbnailUrl":"https:\/\/luxesound.ca\/wp-content\/uploads\/2025\/11\/Moondrop-Para-II-Headphones-1.webp","datePublished":"2025-11-24T20:37:44+00:00","dateModified":"2026-04-20T19:12:43+00:00","description":"Experience the Moondrop Para II planar magnetic headphones: 100\u202fmm drivers, ultra-thin diaphragm, and natural, open sound for deep bass and clear detail.","breadcrumb":{"@id":"https:\/\/luxesound.ca\/product\/moondrop-para-ii-planar-headphones\/#breadcrumb"},"inLanguage":"fr-qc","potentialAction":[{"@type":"ReadAction","target":["https:\/\/luxesound.ca\/product\/moondrop-para-ii-planar-headphones\/"]}]},{"@type":"ImageObject","inLanguage":"fr-qc","@id":"https:\/\/luxesound.ca\/product\/moondrop-para-ii-planar-headphones\/#primaryimage","url":"https:\/\/luxesound.ca\/wp-content\/uploads\/2025\/11\/Moondrop-Para-II-Headphones-1.webp","contentUrl":"https:\/\/luxesound.ca\/wp-content\/uploads\/2025\/11\/Moondrop-Para-II-Headphones-1.webp","width":1200,"height":800},{"@type":"BreadcrumbList","@id":"https:\/\/luxesound.ca\/product\/moondrop-para-ii-planar-headphones\/#breadcrumb","itemListElement":[{"@type":"ListItem","position":1,"name":"Home","item":"https:\/\/luxesound.ca\/"},{"@type":"ListItem","position":2,"name":"Products","item":"https:\/\/luxesound.ca\/shop\/"},{"@type":"ListItem","position":3,"name":"Moondrop Para II Planar Headphones"}]},{"@type":"WebSite","@id":"https:\/\/luxesound.ca\/#website","url":"https:\/\/luxesound.ca\/","name":"Son luxueux","description":"Les meilleurs \u00e9couteurs et haut-parleurs. Fi\u00e8rement canadiens.","publisher":{"@id":"https:\/\/luxesound.ca\/#organization"},"potentialAction":[{"@type":"SearchAction","target":{"@type":"EntryPoint","urlTemplate":"https:\/\/luxesound.ca\/?s={search_term_string}"},"query-input":{"@type":"PropertyValueSpecification","valueRequired":true,"valueName":"search_term_string"}}],"inLanguage":"fr-qc"},{"@type":"Organization","@id":"https:\/\/luxesound.ca\/#organization","name":"Son luxueux","url":"https:\/\/luxesound.ca\/","logo":{"@type":"ImageObject","inLanguage":"fr-qc","@id":"https:\/\/luxesound.ca\/#\/schema\/logo\/image\/","url":"https:\/\/luxesound.ca\/wp-content\/uploads\/2024\/08\/cropped-Luxe-white-on-green.png","contentUrl":"https:\/\/luxesound.ca\/wp-content\/uploads\/2024\/08\/cropped-Luxe-white-on-green.png","width":512,"height":512,"caption":"Luxe Sound"},"image":{"@id":"https:\/\/luxesound.ca\/#\/schema\/logo\/image\/"},"sameAs":["https:\/\/www.facebook.com\/luxesound.ca","https:\/\/www.instagram.com\/luxe.sound\/"]}]}},"_links":{"self":[{"href":"https:\/\/luxesound.ca\/fr\/wp-json\/wp\/v2\/product\/12315","targetHints":{"allow":["GET"]}}],"collection":[{"href":"https:\/\/luxesound.ca\/fr\/wp-json\/wp\/v2\/product"}],"about":[{"href":"https:\/\/luxesound.ca\/fr\/wp-json\/wp\/v2\/types\/product"}],"replies":[{"embeddable":true,"href":"https:\/\/luxesound.ca\/fr\/wp-json\/wp\/v2\/comments?post=12315"}],"version-history":[{"count":1,"href":"https:\/\/luxesound.ca\/fr\/wp-json\/wp\/v2\/product\/12315\/revisions"}],"predecessor-version":[{"id":12323,"href":"https:\/\/luxesound.ca\/fr\/wp-json\/wp\/v2\/product\/12315\/revisions\/12323"}],"wp:featuredmedia":[{"embeddable":true,"href":"https:\/\/luxesound.ca\/fr\/wp-json\/wp\/v2\/media\/12318"}],"wp:attachment":[{"href":"https:\/\/luxesound.ca\/fr\/wp-json\/wp\/v2\/media?parent=12315"}],"wp:term":[{"taxonomy":"product_brand","embeddable":true,"href":"https:\/\/luxesound.ca\/fr\/wp-json\/wp\/v2\/product_brand?post=12315"},{"taxonomy":"product_cat","embeddable":true,"href":"https:\/\/luxesound.ca\/fr\/wp-json\/wp\/v2\/product_cat?post=12315"},{"taxonomy":"product_tag","embeddable":true,"href":"https:\/\/luxesound.ca\/fr\/wp-json\/wp\/v2\/product_tag?post=12315"}],"curies":[{"name":"wp","href":"https:\/\/api.w.org\/{rel}","templated":true}]}}