{"id":12285,"date":"2025-11-24T14:54:50","date_gmt":"2025-11-24T19:54:50","guid":{"rendered":"https:\/\/luxesound.ca\/?post_type=product&#038;p=12285"},"modified":"2026-05-06T17:07:58","modified_gmt":"2026-05-06T21:07:58","slug":"truthear-gate-earbuds-without-mic","status":"publish","type":"product","link":"https:\/\/luxesound.ca\/fr\/product\/truthear-gate-earbuds-without-mic\/","title":{"rendered":"\u00c9couteurs Truthear Gate (sans micro)"},"content":{"rendered":"<p class=\"p1\">D\u00e9couvrez le TRUTHEAR Gate : un IEM simple et fiable au son exceptionnel. <b><\/b>Dot\u00e9s d&#039;un haut-parleur dynamique de 10 mm avec diaphragme en carbone-LCP, les \u00e9couteurs Gate offrent un son clair et pr\u00e9cis, des basses percutantes et une restitution sonore agr\u00e9able, id\u00e9ale pour une utilisation quotidienne. Leur coque l\u00e9g\u00e8re en PC+ABS assure un confort optimal, et leur c\u00e2ble d\u00e9tachable \u00e0 2 broches de 0,78 mm vous permet de personnaliser votre configuration \u00e0 votre guise. Si vous recherchez des \u00e9couteurs intra-auriculaires abordables offrant un son exceptionnel en toute simplicit\u00e9, les Gate sont un excellent choix.<\/p>","protected":false},"excerpt":{"rendered":"<p>D\u00e9couvrez le TRUTHEAR Gate : un IEM simple et fiable au son exceptionnel. <b><\/b>Dot\u00e9s d&#039;un haut-parleur dynamique de 10 mm avec diaphragme en carbone-LCP, les \u00e9couteurs Gate offrent un son clair et pr\u00e9cis, des basses percutantes et une restitution sonore agr\u00e9able, id\u00e9ale pour une utilisation quotidienne. Leur coque l\u00e9g\u00e8re en PC+ABS assure un confort optimal, et leur c\u00e2ble d\u00e9tachable \u00e0 2 broches de 0,78 mm vous permet de personnaliser votre configuration \u00e0 votre guise. Si vous recherchez des \u00e9couteurs intra-auriculaires abordables offrant un son exceptionnel en toute simplicit\u00e9, les Gate sont un excellent choix.<\/p>","protected":false},"featured_media":12305,"comment_status":"open","ping_status":"closed","template":"","meta":{"_acf_changed":false,"_mo_disable_npp":"","inline_featured_image":false},"product_brand":[817],"product_cat":[892,145,932,820,818,931],"product_tag":[],"class_list":{"0":"post-12285","1":"product","2":"type-product","3":"status-publish","4":"has-post-thumbnail","6":"product_brand-truthear","7":"product_cat-chifi","8":"product_cat-earbuds","9":"product_cat-in-ear-monitors","10":"product_cat-new-arrivals-category","11":"product_cat-truthear","12":"product_cat-wired-earbuds","13":"pa_colour-black","14":"pa_colour-white","16":"first","17":"instock","18":"taxable","19":"shipping-taxable","20":"purchasable","21":"product-type-variable","22":"has-default-attributes"},"bundled_by":[],"bundle_stock_status":"instock","bundle_stock_quantity":null,"bundle_virtual":false,"bundle_layout":"","bundle_add_to_cart_form_location":"","bundle_editable_in_cart":false,"bundle_sold_individually_context":"","bundle_item_grouping":"","bundle_min_size":"","bundle_max_size":"","bundle_price":[],"bundled_items":[],"bundle_sell_ids":[],"acf":[],"ct_brands":[{"id":817,"name":"Oreille de v\u00e9rit\u00e9","slug":"truthear"}],"yoast_head":"<!-- This site is optimized with the Yoast SEO plugin v27.2 - https:\/\/yoast.com\/product\/yoast-seo-wordpress\/ -->\n<title>Truthear Gate Earbuds (Without Mic) - Luxe Sound<\/title>\n<meta name=\"description\" content=\"TRUTHEAR Gate offers a 10 mm dynamic driver, a lightweight fit, and a detachable 2-pin cable. A great everyday IEM at an unbeatable price.\" \/>\n<meta name=\"robots\" content=\"index, follow, max-snippet:-1, max-image-preview:large, max-video-preview:-1\" \/>\n<link rel=\"canonical\" href=\"https:\/\/luxesound.ca\/fr\/product\/truthear-gate-earbuds-without-mic\/\" \/>\n<meta property=\"og:locale\" content=\"fr_FR\" \/>\n<meta property=\"og:type\" content=\"article\" \/>\n<meta property=\"og:title\" content=\"Truthear Gate Earbuds (Without Mic) - Luxe Sound\" \/>\n<meta property=\"og:description\" content=\"TRUTHEAR Gate offers a 10 mm dynamic driver, a lightweight fit, and a detachable 2-pin cable. A great everyday IEM at an unbeatable price.\" \/>\n<meta property=\"og:url\" content=\"https:\/\/luxesound.ca\/fr\/product\/truthear-gate-earbuds-without-mic\/\" \/>\n<meta property=\"og:site_name\" content=\"Luxe Sound\" \/>\n<meta property=\"article:publisher\" content=\"https:\/\/www.facebook.com\/luxesound.ca\" \/>\n<meta property=\"article:modified_time\" content=\"2026-05-06T21:07:58+00:00\" \/>\n<meta property=\"og:image\" content=\"https:\/\/luxesound.ca\/wp-content\/uploads\/2025\/11\/Truthear-Gate-Black-2.webp\" \/>\n\t<meta property=\"og:image:width\" content=\"1200\" \/>\n\t<meta property=\"og:image:height\" content=\"800\" \/>\n\t<meta property=\"og:image:type\" content=\"image\/webp\" \/>\n<meta name=\"twitter:card\" content=\"summary_large_image\" \/>\n<meta name=\"twitter:label1\" content=\"Est. reading time\" \/>\n\t<meta name=\"twitter:data1\" content=\"1 minute\" \/>\n<script type=\"application\/ld+json\" class=\"yoast-schema-graph\">{\"@context\":\"https:\/\/schema.org\",\"@graph\":[{\"@type\":\"WebPage\",\"@id\":\"https:\/\/luxesound.ca\/product\/truthear-gate-earbuds-without-mic\/\",\"url\":\"https:\/\/luxesound.ca\/product\/truthear-gate-earbuds-without-mic\/\",\"name\":\"Truthear Gate Earbuds (Without Mic) - Luxe Sound\",\"isPartOf\":{\"@id\":\"https:\/\/luxesound.ca\/#website\"},\"primaryImageOfPage\":{\"@id\":\"https:\/\/luxesound.ca\/product\/truthear-gate-earbuds-without-mic\/#primaryimage\"},\"image\":{\"@id\":\"https:\/\/luxesound.ca\/product\/truthear-gate-earbuds-without-mic\/#primaryimage\"},\"thumbnailUrl\":\"https:\/\/luxesound.ca\/wp-content\/uploads\/2025\/11\/Truthear-Gate-Black-2.webp\",\"datePublished\":\"2025-11-24T19:54:50+00:00\",\"dateModified\":\"2026-05-06T21:07:58+00:00\",\"description\":\"TRUTHEAR Gate offers a 10 mm dynamic driver, a lightweight fit, and a detachable 2-pin cable. A great everyday IEM at an unbeatable price.\",\"breadcrumb\":{\"@id\":\"https:\/\/luxesound.ca\/product\/truthear-gate-earbuds-without-mic\/#breadcrumb\"},\"inLanguage\":\"fr-qc\",\"potentialAction\":[{\"@type\":\"ReadAction\",\"target\":[\"https:\/\/luxesound.ca\/product\/truthear-gate-earbuds-without-mic\/\"]}]},{\"@type\":\"ImageObject\",\"inLanguage\":\"fr-qc\",\"@id\":\"https:\/\/luxesound.ca\/product\/truthear-gate-earbuds-without-mic\/#primaryimage\",\"url\":\"https:\/\/luxesound.ca\/wp-content\/uploads\/2025\/11\/Truthear-Gate-Black-2.webp\",\"contentUrl\":\"https:\/\/luxesound.ca\/wp-content\/uploads\/2025\/11\/Truthear-Gate-Black-2.webp\",\"width\":1200,\"height\":800,\"caption\":\"Truthear Gate Black product photo on white background\"},{\"@type\":\"BreadcrumbList\",\"@id\":\"https:\/\/luxesound.ca\/product\/truthear-gate-earbuds-without-mic\/#breadcrumb\",\"itemListElement\":[{\"@type\":\"ListItem\",\"position\":1,\"name\":\"Home\",\"item\":\"https:\/\/luxesound.ca\/\"},{\"@type\":\"ListItem\",\"position\":2,\"name\":\"Products\",\"item\":\"https:\/\/luxesound.ca\/shop\/\"},{\"@type\":\"ListItem\",\"position\":3,\"name\":\"Truthear Gate Earbuds (Without Mic)\"}]},{\"@type\":\"WebSite\",\"@id\":\"https:\/\/luxesound.ca\/#website\",\"url\":\"https:\/\/luxesound.ca\/\",\"name\":\"Luxe Sound\",\"description\":\"The Finest Headphones &amp; Speakers. Proudly Canadian.\",\"publisher\":{\"@id\":\"https:\/\/luxesound.ca\/#organization\"},\"potentialAction\":[{\"@type\":\"SearchAction\",\"target\":{\"@type\":\"EntryPoint\",\"urlTemplate\":\"https:\/\/luxesound.ca\/?s={search_term_string}\"},\"query-input\":{\"@type\":\"PropertyValueSpecification\",\"valueRequired\":true,\"valueName\":\"search_term_string\"}}],\"inLanguage\":\"fr-qc\"},{\"@type\":\"Organization\",\"@id\":\"https:\/\/luxesound.ca\/#organization\",\"name\":\"Luxe Sound\",\"url\":\"https:\/\/luxesound.ca\/\",\"logo\":{\"@type\":\"ImageObject\",\"inLanguage\":\"fr-qc\",\"@id\":\"https:\/\/luxesound.ca\/#\/schema\/logo\/image\/\",\"url\":\"https:\/\/luxesound.ca\/wp-content\/uploads\/2024\/08\/cropped-Luxe-white-on-green.png\",\"contentUrl\":\"https:\/\/luxesound.ca\/wp-content\/uploads\/2024\/08\/cropped-Luxe-white-on-green.png\",\"width\":512,\"height\":512,\"caption\":\"Luxe Sound\"},\"image\":{\"@id\":\"https:\/\/luxesound.ca\/#\/schema\/logo\/image\/\"},\"sameAs\":[\"https:\/\/www.facebook.com\/luxesound.ca\",\"https:\/\/www.instagram.com\/luxe.sound\/\"]}]}<\/script>\n<!-- \/ Yoast SEO plugin. -->","yoast_head_json":{"title":"Truthear Gate Earbuds (Without Mic) - Luxe Sound","description":"TRUTHEAR Gate offers a 10 mm dynamic driver, a lightweight fit, and a detachable 2-pin cable. A great everyday IEM at an unbeatable price.","robots":{"index":"index","follow":"follow","max-snippet":"max-snippet:-1","max-image-preview":"max-image-preview:large","max-video-preview":"max-video-preview:-1"},"canonical":"https:\/\/luxesound.ca\/fr\/product\/truthear-gate-earbuds-without-mic\/","og_locale":"fr_FR","og_type":"article","og_title":"Truthear Gate Earbuds (Without Mic) - Luxe Sound","og_description":"TRUTHEAR Gate offers a 10 mm dynamic driver, a lightweight fit, and a detachable 2-pin cable. A great everyday IEM at an unbeatable price.","og_url":"https:\/\/luxesound.ca\/fr\/product\/truthear-gate-earbuds-without-mic\/","og_site_name":"Luxe Sound","article_publisher":"https:\/\/www.facebook.com\/luxesound.ca","article_modified_time":"2026-05-06T21:07:58+00:00","og_image":[{"width":1200,"height":800,"url":"https:\/\/luxesound.ca\/wp-content\/uploads\/2025\/11\/Truthear-Gate-Black-2.webp","type":"image\/webp"}],"twitter_card":"summary_large_image","twitter_misc":{"Est. reading time":"1 minute"},"schema":{"@context":"https:\/\/schema.org","@graph":[{"@type":"WebPage","@id":"https:\/\/luxesound.ca\/product\/truthear-gate-earbuds-without-mic\/","url":"https:\/\/luxesound.ca\/product\/truthear-gate-earbuds-without-mic\/","name":"Truthear Gate Earbuds (Without Mic) - Luxe Sound","isPartOf":{"@id":"https:\/\/luxesound.ca\/#website"},"primaryImageOfPage":{"@id":"https:\/\/luxesound.ca\/product\/truthear-gate-earbuds-without-mic\/#primaryimage"},"image":{"@id":"https:\/\/luxesound.ca\/product\/truthear-gate-earbuds-without-mic\/#primaryimage"},"thumbnailUrl":"https:\/\/luxesound.ca\/wp-content\/uploads\/2025\/11\/Truthear-Gate-Black-2.webp","datePublished":"2025-11-24T19:54:50+00:00","dateModified":"2026-05-06T21:07:58+00:00","description":"TRUTHEAR Gate offers a 10 mm dynamic driver, a lightweight fit, and a detachable 2-pin cable. A great everyday IEM at an unbeatable price.","breadcrumb":{"@id":"https:\/\/luxesound.ca\/product\/truthear-gate-earbuds-without-mic\/#breadcrumb"},"inLanguage":"fr-qc","potentialAction":[{"@type":"ReadAction","target":["https:\/\/luxesound.ca\/product\/truthear-gate-earbuds-without-mic\/"]}]},{"@type":"ImageObject","inLanguage":"fr-qc","@id":"https:\/\/luxesound.ca\/product\/truthear-gate-earbuds-without-mic\/#primaryimage","url":"https:\/\/luxesound.ca\/wp-content\/uploads\/2025\/11\/Truthear-Gate-Black-2.webp","contentUrl":"https:\/\/luxesound.ca\/wp-content\/uploads\/2025\/11\/Truthear-Gate-Black-2.webp","width":1200,"height":800,"caption":"Truthear Gate Black product photo on white background"},{"@type":"BreadcrumbList","@id":"https:\/\/luxesound.ca\/product\/truthear-gate-earbuds-without-mic\/#breadcrumb","itemListElement":[{"@type":"ListItem","position":1,"name":"Home","item":"https:\/\/luxesound.ca\/"},{"@type":"ListItem","position":2,"name":"Products","item":"https:\/\/luxesound.ca\/shop\/"},{"@type":"ListItem","position":3,"name":"Truthear Gate Earbuds (Without Mic)"}]},{"@type":"WebSite","@id":"https:\/\/luxesound.ca\/#website","url":"https:\/\/luxesound.ca\/","name":"Son luxueux","description":"Les meilleurs \u00e9couteurs et haut-parleurs. Fi\u00e8rement canadiens.","publisher":{"@id":"https:\/\/luxesound.ca\/#organization"},"potentialAction":[{"@type":"SearchAction","target":{"@type":"EntryPoint","urlTemplate":"https:\/\/luxesound.ca\/?s={search_term_string}"},"query-input":{"@type":"PropertyValueSpecification","valueRequired":true,"valueName":"search_term_string"}}],"inLanguage":"fr-qc"},{"@type":"Organization","@id":"https:\/\/luxesound.ca\/#organization","name":"Son luxueux","url":"https:\/\/luxesound.ca\/","logo":{"@type":"ImageObject","inLanguage":"fr-qc","@id":"https:\/\/luxesound.ca\/#\/schema\/logo\/image\/","url":"https:\/\/luxesound.ca\/wp-content\/uploads\/2024\/08\/cropped-Luxe-white-on-green.png","contentUrl":"https:\/\/luxesound.ca\/wp-content\/uploads\/2024\/08\/cropped-Luxe-white-on-green.png","width":512,"height":512,"caption":"Luxe Sound"},"image":{"@id":"https:\/\/luxesound.ca\/#\/schema\/logo\/image\/"},"sameAs":["https:\/\/www.facebook.com\/luxesound.ca","https:\/\/www.instagram.com\/luxe.sound\/"]}]}},"_links":{"self":[{"href":"https:\/\/luxesound.ca\/fr\/wp-json\/wp\/v2\/product\/12285","targetHints":{"allow":["GET"]}}],"collection":[{"href":"https:\/\/luxesound.ca\/fr\/wp-json\/wp\/v2\/product"}],"about":[{"href":"https:\/\/luxesound.ca\/fr\/wp-json\/wp\/v2\/types\/product"}],"replies":[{"embeddable":true,"href":"https:\/\/luxesound.ca\/fr\/wp-json\/wp\/v2\/comments?post=12285"}],"version-history":[{"count":1,"href":"https:\/\/luxesound.ca\/fr\/wp-json\/wp\/v2\/product\/12285\/revisions"}],"predecessor-version":[{"id":12310,"href":"https:\/\/luxesound.ca\/fr\/wp-json\/wp\/v2\/product\/12285\/revisions\/12310"}],"wp:featuredmedia":[{"embeddable":true,"href":"https:\/\/luxesound.ca\/fr\/wp-json\/wp\/v2\/media\/12305"}],"wp:attachment":[{"href":"https:\/\/luxesound.ca\/fr\/wp-json\/wp\/v2\/media?parent=12285"}],"wp:term":[{"taxonomy":"product_brand","embeddable":true,"href":"https:\/\/luxesound.ca\/fr\/wp-json\/wp\/v2\/product_brand?post=12285"},{"taxonomy":"product_cat","embeddable":true,"href":"https:\/\/luxesound.ca\/fr\/wp-json\/wp\/v2\/product_cat?post=12285"},{"taxonomy":"product_tag","embeddable":true,"href":"https:\/\/luxesound.ca\/fr\/wp-json\/wp\/v2\/product_tag?post=12285"}],"curies":[{"name":"wp","href":"https:\/\/api.w.org\/{rel}","templated":true}]}}