{"id":12211,"date":"2025-11-19T12:25:42","date_gmt":"2025-11-19T17:25:42","guid":{"rendered":"https:\/\/luxesound.ca\/?post_type=product&#038;p=12211"},"modified":"2026-04-20T15:12:35","modified_gmt":"2026-04-20T19:12:35","slug":"sonos-premium-entertainment-set-with-arc-ultra-sub-4","status":"publish","type":"product","link":"https:\/\/luxesound.ca\/fr\/product\/sonos-premium-entertainment-set-with-arc-ultra-sub-4\/","title":{"rendered":"Ensemble audio Sonos haut de gamme avec Arc Ultra et Sub 4"},"content":{"rendered":"<p>Vivez chaque d\u00e9tail de votre musique, de vos s\u00e9ries, de vos films, de vos jeux et bien plus encore gr\u00e2ce \u00e0 ce duo home cin\u00e9ma dynamique. Dot\u00e9 de la technologie r\u00e9volutionnaire Sound Motion\u2122, l&#039;Arc Ultra remplit la pi\u00e8ce d&#039;un son parfaitement clair et \u00e9quilibr\u00e9. Avec Dolby Atmos, plongez au c\u0153ur d&#039;une exp\u00e9rience audio spatiale 9.1.4. Le Sub 4 d\u00e9livre des basses percutantes sans distorsion. Installez votre syst\u00e8me en toute simplicit\u00e9 gr\u00e2ce \u00e0 l&#039;application Sonos. Le Sub 4 se connecte \u00e0 l&#039;Arc Ultra via Wi-Fi, vous permettant ainsi de le placer o\u00f9 bon vous semble. Lorsque votre t\u00e9l\u00e9viseur est \u00e9teint, diffusez de la musique et d&#039;autres contenus via Wi-Fi ou Bluetooth. Contr\u00f4lez facilement votre syst\u00e8me avec la t\u00e9l\u00e9commande de votre t\u00e9l\u00e9viseur, l&#039;application Sonos, Apple AirPlay 2, la commande vocale Sonos et Amazon Alexa.<\/p>","protected":false},"excerpt":{"rendered":"<p>Vivez chaque d\u00e9tail de votre musique, de vos s\u00e9ries, de vos films, de vos jeux et bien plus encore gr\u00e2ce \u00e0 ce duo home cin\u00e9ma dynamique. Dot\u00e9 de la technologie r\u00e9volutionnaire Sound Motion\u2122, l&#039;Arc Ultra remplit la pi\u00e8ce d&#039;un son parfaitement clair et \u00e9quilibr\u00e9. Avec Dolby Atmos, plongez au c\u0153ur d&#039;une exp\u00e9rience audio spatiale 9.1.4. Le Sub 4 d\u00e9livre des basses percutantes sans distorsion. Installez votre syst\u00e8me en toute simplicit\u00e9 gr\u00e2ce \u00e0 l&#039;application Sonos. Le Sub 4 se connecte \u00e0 l&#039;Arc Ultra via Wi-Fi, vous permettant ainsi de le placer o\u00f9 bon vous semble. Lorsque votre t\u00e9l\u00e9viseur est \u00e9teint, diffusez de la musique et d&#039;autres contenus via Wi-Fi ou Bluetooth. Contr\u00f4lez facilement votre syst\u00e8me avec la t\u00e9l\u00e9commande de votre t\u00e9l\u00e9viseur, l&#039;application Sonos, Apple AirPlay 2, la commande vocale Sonos et Amazon Alexa.<\/p>","protected":false},"featured_media":12214,"comment_status":"open","ping_status":"closed","template":"","meta":{"_acf_changed":false,"_mo_disable_npp":"","inline_featured_image":false},"product_brand":[750],"product_cat":[778,26,904],"product_tag":[],"class_list":{"0":"post-12211","1":"product","2":"type-product","3":"status-publish","4":"has-post-thumbnail","6":"product_brand-sonos","7":"product_cat-home-theatre-sets","8":"product_cat-sonos","9":"product_cat-sonos-black-friday","11":"first","12":"instock","13":"sale","14":"virtual","15":"taxable","16":"purchasable","17":"product-type-bundle"},"bundled_by":[],"bundle_stock_status":"instock","bundle_stock_quantity":6,"bundle_virtual":false,"bundle_layout":"default","bundle_add_to_cart_form_location":"default","bundle_editable_in_cart":false,"bundle_sold_individually_context":"product","bundle_item_grouping":"parent","bundle_min_size":"","bundle_max_size":"","bundle_price":{"price":{"min":{"incl_tax":"2837.58","excl_tax":"2468"},"max":{"incl_tax":"2837.58","excl_tax":"2468"}},"regular_price":{"min":{"incl_tax":"2987.05","excl_tax":"2598"},"max":{"incl_tax":"2987.05","excl_tax":"2598"}}},"bundled_items":[{"bundled_item_id":47,"product_id":8537,"menu_order":0,"quantity_min":1,"quantity_max":1,"quantity_default":1,"priced_individually":false,"shipped_individually":false,"override_title":false,"title":"Barre de son Sonos Arc Ultra","override_description":true,"description":"","optional":false,"hide_thumbnail":false,"discount":"","override_variations":false,"allowed_variations":[],"override_default_variation_attributes":false,"default_variation_attributes":[],"single_product_visibility":"visible","cart_visibility":"visible","order_visibility":"visible","single_product_price_visibility":"visible","cart_price_visibility":"visible","order_price_visibility":"visible","stock_status":"in_stock"},{"bundled_item_id":48,"product_id":8784,"menu_order":1,"quantity_min":1,"quantity_max":1,"quantity_default":1,"priced_individually":false,"shipped_individually":false,"override_title":false,"title":"Sonos Sub 4 \u2013 Caisson de basses sans fil","override_description":true,"description":"","optional":false,"hide_thumbnail":false,"discount":"","override_variations":false,"allowed_variations":[],"override_default_variation_attributes":false,"default_variation_attributes":[],"single_product_visibility":"visible","cart_visibility":"visible","order_visibility":"visible","single_product_price_visibility":"visible","cart_price_visibility":"visible","order_price_visibility":"visible","stock_status":"in_stock"}],"bundle_sell_ids":[],"acf":[],"ct_brands":[{"id":750,"name":"Sonos","slug":"sonos"}],"yoast_head":"<!-- This site is optimized with the Yoast SEO plugin v27.2 - https:\/\/yoast.com\/product\/yoast-seo-wordpress\/ -->\n<title>Sonos Premium Entertainment Set with Arc Ultra &amp; Sub 4 - Luxe Sound<\/title>\n<meta name=\"robots\" content=\"index, follow, max-snippet:-1, max-image-preview:large, max-video-preview:-1\" \/>\n<link rel=\"canonical\" href=\"https:\/\/luxesound.ca\/fr\/product\/sonos-premium-entertainment-set-with-arc-ultra-sub-4\/\" \/>\n<meta property=\"og:locale\" content=\"fr_FR\" \/>\n<meta property=\"og:type\" content=\"article\" \/>\n<meta property=\"og:title\" content=\"Sonos Premium Entertainment Set with Arc Ultra &amp; Sub 4 - Luxe Sound\" \/>\n<meta property=\"og:description\" content=\"Hear and feel every detail of music, TV, movies, games and more with this dynamic home theatre duo. Featuring breakthrough Sound Motion\u2122 technology, Arc Ultra fills every inch of the room with perfectly clear, balanced sound. With Dolby Atmos, feel immersed in a 9.1.4 spatial audio experience. Sub 4 delivers pulse-pounding bass with virtually zero distortion. Breeze through setup with help from the Sonos app. Sub 4 connects to Arc Ultra over WiFi, so you can place it wherever it fits and looks best in the room. When the TV is off, stream music and more over WiFi or Bluetooth. Enjoy easy control with your TV remote, the Sonos app, Apple AirPlay 2, Sonos Voice Control, and Amazon Alexa.\" \/>\n<meta property=\"og:url\" content=\"https:\/\/luxesound.ca\/fr\/product\/sonos-premium-entertainment-set-with-arc-ultra-sub-4\/\" \/>\n<meta property=\"og:site_name\" content=\"Luxe Sound\" \/>\n<meta property=\"article:publisher\" content=\"https:\/\/www.facebook.com\/luxesound.ca\" \/>\n<meta property=\"article:modified_time\" content=\"2026-04-20T19:12:35+00:00\" \/>\n<meta property=\"og:image\" content=\"https:\/\/luxesound.ca\/wp-content\/uploads\/2025\/11\/Sonos-Premium-Entertainment-Set-with-Arc-Ultra-Sub-4-BLK.webp\" \/>\n\t<meta property=\"og:image:width\" content=\"1200\" \/>\n\t<meta property=\"og:image:height\" content=\"800\" \/>\n\t<meta property=\"og:image:type\" content=\"image\/webp\" \/>\n<meta name=\"twitter:card\" content=\"summary_large_image\" \/>\n<meta name=\"twitter:label1\" content=\"Est. reading time\" \/>\n\t<meta name=\"twitter:data1\" content=\"1 minute\" \/>\n<script type=\"application\/ld+json\" class=\"yoast-schema-graph\">{\"@context\":\"https:\/\/schema.org\",\"@graph\":[{\"@type\":\"WebPage\",\"@id\":\"https:\/\/luxesound.ca\/product\/sonos-premium-entertainment-set-with-arc-ultra-sub-4\/\",\"url\":\"https:\/\/luxesound.ca\/product\/sonos-premium-entertainment-set-with-arc-ultra-sub-4\/\",\"name\":\"Sonos Premium Entertainment Set with Arc Ultra & Sub 4 - Luxe Sound\",\"isPartOf\":{\"@id\":\"https:\/\/luxesound.ca\/#website\"},\"primaryImageOfPage\":{\"@id\":\"https:\/\/luxesound.ca\/product\/sonos-premium-entertainment-set-with-arc-ultra-sub-4\/#primaryimage\"},\"image\":{\"@id\":\"https:\/\/luxesound.ca\/product\/sonos-premium-entertainment-set-with-arc-ultra-sub-4\/#primaryimage\"},\"thumbnailUrl\":\"https:\/\/luxesound.ca\/wp-content\/uploads\/2025\/11\/Sonos-Premium-Entertainment-Set-with-Arc-Ultra-Sub-4-BLK.webp\",\"datePublished\":\"2025-11-19T17:25:42+00:00\",\"dateModified\":\"2026-04-20T19:12:35+00:00\",\"breadcrumb\":{\"@id\":\"https:\/\/luxesound.ca\/product\/sonos-premium-entertainment-set-with-arc-ultra-sub-4\/#breadcrumb\"},\"inLanguage\":\"fr-qc\",\"potentialAction\":[{\"@type\":\"ReadAction\",\"target\":[\"https:\/\/luxesound.ca\/product\/sonos-premium-entertainment-set-with-arc-ultra-sub-4\/\"]}]},{\"@type\":\"ImageObject\",\"inLanguage\":\"fr-qc\",\"@id\":\"https:\/\/luxesound.ca\/product\/sonos-premium-entertainment-set-with-arc-ultra-sub-4\/#primaryimage\",\"url\":\"https:\/\/luxesound.ca\/wp-content\/uploads\/2025\/11\/Sonos-Premium-Entertainment-Set-with-Arc-Ultra-Sub-4-BLK.webp\",\"contentUrl\":\"https:\/\/luxesound.ca\/wp-content\/uploads\/2025\/11\/Sonos-Premium-Entertainment-Set-with-Arc-Ultra-Sub-4-BLK.webp\",\"width\":1200,\"height\":800},{\"@type\":\"BreadcrumbList\",\"@id\":\"https:\/\/luxesound.ca\/product\/sonos-premium-entertainment-set-with-arc-ultra-sub-4\/#breadcrumb\",\"itemListElement\":[{\"@type\":\"ListItem\",\"position\":1,\"name\":\"Home\",\"item\":\"https:\/\/luxesound.ca\/\"},{\"@type\":\"ListItem\",\"position\":2,\"name\":\"Products\",\"item\":\"https:\/\/luxesound.ca\/shop\/\"},{\"@type\":\"ListItem\",\"position\":3,\"name\":\"Sonos Premium Entertainment Set with Arc Ultra &#038; Sub 4\"}]},{\"@type\":\"WebSite\",\"@id\":\"https:\/\/luxesound.ca\/#website\",\"url\":\"https:\/\/luxesound.ca\/\",\"name\":\"Luxe Sound\",\"description\":\"The Finest Headphones &amp; Speakers. Proudly Canadian.\",\"publisher\":{\"@id\":\"https:\/\/luxesound.ca\/#organization\"},\"potentialAction\":[{\"@type\":\"SearchAction\",\"target\":{\"@type\":\"EntryPoint\",\"urlTemplate\":\"https:\/\/luxesound.ca\/?s={search_term_string}\"},\"query-input\":{\"@type\":\"PropertyValueSpecification\",\"valueRequired\":true,\"valueName\":\"search_term_string\"}}],\"inLanguage\":\"fr-qc\"},{\"@type\":\"Organization\",\"@id\":\"https:\/\/luxesound.ca\/#organization\",\"name\":\"Luxe Sound\",\"url\":\"https:\/\/luxesound.ca\/\",\"logo\":{\"@type\":\"ImageObject\",\"inLanguage\":\"fr-qc\",\"@id\":\"https:\/\/luxesound.ca\/#\/schema\/logo\/image\/\",\"url\":\"https:\/\/luxesound.ca\/wp-content\/uploads\/2024\/08\/cropped-Luxe-white-on-green.png\",\"contentUrl\":\"https:\/\/luxesound.ca\/wp-content\/uploads\/2024\/08\/cropped-Luxe-white-on-green.png\",\"width\":512,\"height\":512,\"caption\":\"Luxe Sound\"},\"image\":{\"@id\":\"https:\/\/luxesound.ca\/#\/schema\/logo\/image\/\"},\"sameAs\":[\"https:\/\/www.facebook.com\/luxesound.ca\",\"https:\/\/www.instagram.com\/luxe.sound\/\"]}]}<\/script>\n<!-- \/ Yoast SEO plugin. -->","yoast_head_json":{"title":"Sonos Premium Entertainment Set with Arc Ultra & Sub 4 - Luxe Sound","robots":{"index":"index","follow":"follow","max-snippet":"max-snippet:-1","max-image-preview":"max-image-preview:large","max-video-preview":"max-video-preview:-1"},"canonical":"https:\/\/luxesound.ca\/fr\/product\/sonos-premium-entertainment-set-with-arc-ultra-sub-4\/","og_locale":"fr_FR","og_type":"article","og_title":"Sonos Premium Entertainment Set with Arc Ultra & Sub 4 - Luxe Sound","og_description":"Hear and feel every detail of music, TV, movies, games and more with this dynamic home theatre duo. Featuring breakthrough Sound Motion\u2122 technology, Arc Ultra fills every inch of the room with perfectly clear, balanced sound. With Dolby Atmos, feel immersed in a 9.1.4 spatial audio experience. Sub 4 delivers pulse-pounding bass with virtually zero distortion. Breeze through setup with help from the Sonos app. Sub 4 connects to Arc Ultra over WiFi, so you can place it wherever it fits and looks best in the room. When the TV is off, stream music and more over WiFi or Bluetooth. Enjoy easy control with your TV remote, the Sonos app, Apple AirPlay 2, Sonos Voice Control, and Amazon Alexa.","og_url":"https:\/\/luxesound.ca\/fr\/product\/sonos-premium-entertainment-set-with-arc-ultra-sub-4\/","og_site_name":"Luxe Sound","article_publisher":"https:\/\/www.facebook.com\/luxesound.ca","article_modified_time":"2026-04-20T19:12:35+00:00","og_image":[{"width":1200,"height":800,"url":"https:\/\/luxesound.ca\/wp-content\/uploads\/2025\/11\/Sonos-Premium-Entertainment-Set-with-Arc-Ultra-Sub-4-BLK.webp","type":"image\/webp"}],"twitter_card":"summary_large_image","twitter_misc":{"Est. reading time":"1 minute"},"schema":{"@context":"https:\/\/schema.org","@graph":[{"@type":"WebPage","@id":"https:\/\/luxesound.ca\/product\/sonos-premium-entertainment-set-with-arc-ultra-sub-4\/","url":"https:\/\/luxesound.ca\/product\/sonos-premium-entertainment-set-with-arc-ultra-sub-4\/","name":"Sonos Premium Entertainment Set with Arc Ultra & Sub 4 - Luxe Sound","isPartOf":{"@id":"https:\/\/luxesound.ca\/#website"},"primaryImageOfPage":{"@id":"https:\/\/luxesound.ca\/product\/sonos-premium-entertainment-set-with-arc-ultra-sub-4\/#primaryimage"},"image":{"@id":"https:\/\/luxesound.ca\/product\/sonos-premium-entertainment-set-with-arc-ultra-sub-4\/#primaryimage"},"thumbnailUrl":"https:\/\/luxesound.ca\/wp-content\/uploads\/2025\/11\/Sonos-Premium-Entertainment-Set-with-Arc-Ultra-Sub-4-BLK.webp","datePublished":"2025-11-19T17:25:42+00:00","dateModified":"2026-04-20T19:12:35+00:00","breadcrumb":{"@id":"https:\/\/luxesound.ca\/product\/sonos-premium-entertainment-set-with-arc-ultra-sub-4\/#breadcrumb"},"inLanguage":"fr-qc","potentialAction":[{"@type":"ReadAction","target":["https:\/\/luxesound.ca\/product\/sonos-premium-entertainment-set-with-arc-ultra-sub-4\/"]}]},{"@type":"ImageObject","inLanguage":"fr-qc","@id":"https:\/\/luxesound.ca\/product\/sonos-premium-entertainment-set-with-arc-ultra-sub-4\/#primaryimage","url":"https:\/\/luxesound.ca\/wp-content\/uploads\/2025\/11\/Sonos-Premium-Entertainment-Set-with-Arc-Ultra-Sub-4-BLK.webp","contentUrl":"https:\/\/luxesound.ca\/wp-content\/uploads\/2025\/11\/Sonos-Premium-Entertainment-Set-with-Arc-Ultra-Sub-4-BLK.webp","width":1200,"height":800},{"@type":"BreadcrumbList","@id":"https:\/\/luxesound.ca\/product\/sonos-premium-entertainment-set-with-arc-ultra-sub-4\/#breadcrumb","itemListElement":[{"@type":"ListItem","position":1,"name":"Home","item":"https:\/\/luxesound.ca\/"},{"@type":"ListItem","position":2,"name":"Products","item":"https:\/\/luxesound.ca\/shop\/"},{"@type":"ListItem","position":3,"name":"Sonos Premium Entertainment Set with Arc Ultra &#038; Sub 4"}]},{"@type":"WebSite","@id":"https:\/\/luxesound.ca\/#website","url":"https:\/\/luxesound.ca\/","name":"Son luxueux","description":"Les meilleurs \u00e9couteurs et haut-parleurs. Fi\u00e8rement canadiens.","publisher":{"@id":"https:\/\/luxesound.ca\/#organization"},"potentialAction":[{"@type":"SearchAction","target":{"@type":"EntryPoint","urlTemplate":"https:\/\/luxesound.ca\/?s={search_term_string}"},"query-input":{"@type":"PropertyValueSpecification","valueRequired":true,"valueName":"search_term_string"}}],"inLanguage":"fr-qc"},{"@type":"Organization","@id":"https:\/\/luxesound.ca\/#organization","name":"Son luxueux","url":"https:\/\/luxesound.ca\/","logo":{"@type":"ImageObject","inLanguage":"fr-qc","@id":"https:\/\/luxesound.ca\/#\/schema\/logo\/image\/","url":"https:\/\/luxesound.ca\/wp-content\/uploads\/2024\/08\/cropped-Luxe-white-on-green.png","contentUrl":"https:\/\/luxesound.ca\/wp-content\/uploads\/2024\/08\/cropped-Luxe-white-on-green.png","width":512,"height":512,"caption":"Luxe Sound"},"image":{"@id":"https:\/\/luxesound.ca\/#\/schema\/logo\/image\/"},"sameAs":["https:\/\/www.facebook.com\/luxesound.ca","https:\/\/www.instagram.com\/luxe.sound\/"]}]}},"_links":{"self":[{"href":"https:\/\/luxesound.ca\/fr\/wp-json\/wp\/v2\/product\/12211","targetHints":{"allow":["GET"]}}],"collection":[{"href":"https:\/\/luxesound.ca\/fr\/wp-json\/wp\/v2\/product"}],"about":[{"href":"https:\/\/luxesound.ca\/fr\/wp-json\/wp\/v2\/types\/product"}],"replies":[{"embeddable":true,"href":"https:\/\/luxesound.ca\/fr\/wp-json\/wp\/v2\/comments?post=12211"}],"version-history":[{"count":1,"href":"https:\/\/luxesound.ca\/fr\/wp-json\/wp\/v2\/product\/12211\/revisions"}],"predecessor-version":[{"id":12215,"href":"https:\/\/luxesound.ca\/fr\/wp-json\/wp\/v2\/product\/12211\/revisions\/12215"}],"wp:featuredmedia":[{"embeddable":true,"href":"https:\/\/luxesound.ca\/fr\/wp-json\/wp\/v2\/media\/12214"}],"wp:attachment":[{"href":"https:\/\/luxesound.ca\/fr\/wp-json\/wp\/v2\/media?parent=12211"}],"wp:term":[{"taxonomy":"product_brand","embeddable":true,"href":"https:\/\/luxesound.ca\/fr\/wp-json\/wp\/v2\/product_brand?post=12211"},{"taxonomy":"product_cat","embeddable":true,"href":"https:\/\/luxesound.ca\/fr\/wp-json\/wp\/v2\/product_cat?post=12211"},{"taxonomy":"product_tag","embeddable":true,"href":"https:\/\/luxesound.ca\/fr\/wp-json\/wp\/v2\/product_tag?post=12211"}],"curies":[{"name":"wp","href":"https:\/\/api.w.org\/{rel}","templated":true}]}}