{"id":12088,"date":"2025-11-04T12:12:54","date_gmt":"2025-11-04T17:12:54","guid":{"rendered":"https:\/\/luxesound.ca\/?post_type=product&#038;p=12088"},"modified":"2026-04-20T15:12:40","modified_gmt":"2026-04-20T19:12:40","slug":"kanto-sub6-subwoofer","status":"publish","type":"product","link":"https:\/\/luxesound.ca\/fr\/product\/kanto-sub6-subwoofer\/","title":{"rendered":"Caisson de basses Kanto SUB6"},"content":{"rendered":"<p>Le Sub6 d\u00e9livre des basses rapides et pr\u00e9cises qui ajoutent profondeur et clart\u00e9 \u00e0 votre musique, vos films et vos jeux. Dot\u00e9 d&#039;un puissant amplificateur de 200 W et d&#039;un haut-parleur de graves de 15 cm, ce caisson de basses amplifi\u00e9 r\u00e9v\u00e8le des paysages sonores plus profonds gr\u00e2ce \u00e0 des basses riches et ma\u00eetris\u00e9es, con\u00e7ues pour sublimer le son sans l&#039;\u00e9craser. Son format compact permet de l&#039;int\u00e9grer facilement dans n&#039;importe quel espace, tandis que les commandes de fr\u00e9quence de coupure et de phase int\u00e9gr\u00e9es offrent un r\u00e9glage pr\u00e9cis adapt\u00e9 \u00e0 votre configuration. L&#039;esth\u00e9tique soign\u00e9e du Sub6 s&#039;harmonise parfaitement avec les enceintes Kanto, d\u00e9livrant des basses percutantes et dynamiques qui enrichissent votre exp\u00e9rience d&#039;\u00e9coute, m\u00eame dans les espaces les plus restreints.<\/p>","protected":false},"excerpt":{"rendered":"<p>Le Sub6 d\u00e9livre des basses rapides et pr\u00e9cises qui ajoutent profondeur et clart\u00e9 \u00e0 votre musique, vos films et vos jeux. Dot\u00e9 d&#039;un puissant amplificateur de 200 W et d&#039;un haut-parleur de graves de 15 cm, ce caisson de basses amplifi\u00e9 r\u00e9v\u00e8le des paysages sonores plus profonds gr\u00e2ce \u00e0 des basses riches et ma\u00eetris\u00e9es, con\u00e7ues pour sublimer le son sans l&#039;\u00e9craser. Son format compact permet de l&#039;int\u00e9grer facilement dans n&#039;importe quel espace, tandis que les commandes de fr\u00e9quence de coupure et de phase int\u00e9gr\u00e9es offrent un r\u00e9glage pr\u00e9cis adapt\u00e9 \u00e0 votre configuration. L&#039;esth\u00e9tique soign\u00e9e du Sub6 s&#039;harmonise parfaitement avec les enceintes Kanto, d\u00e9livrant des basses percutantes et dynamiques qui enrichissent votre exp\u00e9rience d&#039;\u00e9coute, m\u00eame dans les espaces les plus restreints.<\/p>","protected":false},"featured_media":12095,"comment_status":"open","ping_status":"closed","template":"","meta":{"_acf_changed":false,"_mo_disable_npp":"","inline_featured_image":false},"product_brand":[746],"product_cat":[36,98,554,820,739],"product_tag":[],"class_list":{"0":"post-12088","1":"product","2":"type-product","3":"status-publish","4":"has-post-thumbnail","6":"product_brand-kanto","7":"product_cat-accessories","8":"product_cat-home-theatre","9":"product_cat-kanto","10":"product_cat-new-arrivals-category","11":"product_cat-subwoofers","12":"pa_colour-matte-black","13":"pa_colour-matte-white","15":"first","16":"instock","17":"taxable","18":"shipping-taxable","19":"purchasable","20":"product-type-variable","21":"has-default-attributes"},"bundled_by":[],"bundle_stock_status":"instock","bundle_stock_quantity":null,"bundle_virtual":false,"bundle_layout":"","bundle_add_to_cart_form_location":"","bundle_editable_in_cart":false,"bundle_sold_individually_context":"","bundle_item_grouping":"","bundle_min_size":"","bundle_max_size":"","bundle_price":[],"bundled_items":[],"bundle_sell_ids":[],"acf":[],"ct_brands":[{"id":746,"name":"Kanto","slug":"kanto"}],"yoast_head":"<!-- This site is optimized with the Yoast SEO plugin v27.2 - https:\/\/yoast.com\/product\/yoast-seo-wordpress\/ -->\n<title>Kanto SUB6 Subwoofer - Luxe Sound<\/title>\n<meta name=\"description\" content=\"The Kanto Sub6 delivers precise bass that adds depth and clarity to your music, movies, and games. Featuring adjustable crossover and 200W peak power.\" \/>\n<meta name=\"robots\" content=\"index, follow, max-snippet:-1, max-image-preview:large, max-video-preview:-1\" \/>\n<link rel=\"canonical\" href=\"https:\/\/luxesound.ca\/fr\/product\/kanto-sub6-subwoofer\/\" \/>\n<meta property=\"og:locale\" content=\"fr_FR\" \/>\n<meta property=\"og:type\" content=\"article\" \/>\n<meta property=\"og:title\" content=\"Kanto SUB6 Subwoofer - Luxe Sound\" \/>\n<meta property=\"og:description\" content=\"The Kanto Sub6 delivers precise bass that adds depth and clarity to your music, movies, and games. Featuring adjustable crossover and 200W peak power.\" \/>\n<meta property=\"og:url\" content=\"https:\/\/luxesound.ca\/fr\/product\/kanto-sub6-subwoofer\/\" \/>\n<meta property=\"og:site_name\" content=\"Luxe Sound\" \/>\n<meta property=\"article:publisher\" content=\"https:\/\/www.facebook.com\/luxesound.ca\" \/>\n<meta property=\"article:modified_time\" content=\"2026-04-20T19:12:40+00:00\" \/>\n<meta property=\"og:image\" content=\"https:\/\/luxesound.ca\/wp-content\/uploads\/2025\/11\/KantoSub6MatteWhite-2.webp\" \/>\n\t<meta property=\"og:image:width\" content=\"1200\" \/>\n\t<meta property=\"og:image:height\" content=\"800\" \/>\n\t<meta property=\"og:image:type\" content=\"image\/webp\" \/>\n<meta name=\"twitter:card\" content=\"summary_large_image\" \/>\n<meta name=\"twitter:label1\" content=\"Est. reading time\" \/>\n\t<meta name=\"twitter:data1\" content=\"1 minute\" \/>\n<script type=\"application\/ld+json\" class=\"yoast-schema-graph\">{\"@context\":\"https:\/\/schema.org\",\"@graph\":[{\"@type\":\"WebPage\",\"@id\":\"https:\/\/luxesound.ca\/product\/kanto-sub6-subwoofer\/\",\"url\":\"https:\/\/luxesound.ca\/product\/kanto-sub6-subwoofer\/\",\"name\":\"Kanto SUB6 Subwoofer - Luxe Sound\",\"isPartOf\":{\"@id\":\"https:\/\/luxesound.ca\/#website\"},\"primaryImageOfPage\":{\"@id\":\"https:\/\/luxesound.ca\/product\/kanto-sub6-subwoofer\/#primaryimage\"},\"image\":{\"@id\":\"https:\/\/luxesound.ca\/product\/kanto-sub6-subwoofer\/#primaryimage\"},\"thumbnailUrl\":\"https:\/\/luxesound.ca\/wp-content\/uploads\/2025\/11\/KantoSub6MatteWhite-2.webp\",\"datePublished\":\"2025-11-04T17:12:54+00:00\",\"dateModified\":\"2026-04-20T19:12:40+00:00\",\"description\":\"The Kanto Sub6 delivers precise bass that adds depth and clarity to your music, movies, and games. Featuring adjustable crossover and 200W peak power.\",\"breadcrumb\":{\"@id\":\"https:\/\/luxesound.ca\/product\/kanto-sub6-subwoofer\/#breadcrumb\"},\"inLanguage\":\"fr-qc\",\"potentialAction\":[{\"@type\":\"ReadAction\",\"target\":[\"https:\/\/luxesound.ca\/product\/kanto-sub6-subwoofer\/\"]}]},{\"@type\":\"ImageObject\",\"inLanguage\":\"fr-qc\",\"@id\":\"https:\/\/luxesound.ca\/product\/kanto-sub6-subwoofer\/#primaryimage\",\"url\":\"https:\/\/luxesound.ca\/wp-content\/uploads\/2025\/11\/KantoSub6MatteWhite-2.webp\",\"contentUrl\":\"https:\/\/luxesound.ca\/wp-content\/uploads\/2025\/11\/KantoSub6MatteWhite-2.webp\",\"width\":1200,\"height\":800,\"caption\":\"Kanto Sub 6 MAtte White product photo white background\"},{\"@type\":\"BreadcrumbList\",\"@id\":\"https:\/\/luxesound.ca\/product\/kanto-sub6-subwoofer\/#breadcrumb\",\"itemListElement\":[{\"@type\":\"ListItem\",\"position\":1,\"name\":\"Home\",\"item\":\"https:\/\/luxesound.ca\/\"},{\"@type\":\"ListItem\",\"position\":2,\"name\":\"Products\",\"item\":\"https:\/\/luxesound.ca\/shop\/\"},{\"@type\":\"ListItem\",\"position\":3,\"name\":\"Kanto SUB6 Subwoofer\"}]},{\"@type\":\"WebSite\",\"@id\":\"https:\/\/luxesound.ca\/#website\",\"url\":\"https:\/\/luxesound.ca\/\",\"name\":\"Luxe Sound\",\"description\":\"The Finest Headphones &amp; Speakers. Proudly Canadian.\",\"publisher\":{\"@id\":\"https:\/\/luxesound.ca\/#organization\"},\"potentialAction\":[{\"@type\":\"SearchAction\",\"target\":{\"@type\":\"EntryPoint\",\"urlTemplate\":\"https:\/\/luxesound.ca\/?s={search_term_string}\"},\"query-input\":{\"@type\":\"PropertyValueSpecification\",\"valueRequired\":true,\"valueName\":\"search_term_string\"}}],\"inLanguage\":\"fr-qc\"},{\"@type\":\"Organization\",\"@id\":\"https:\/\/luxesound.ca\/#organization\",\"name\":\"Luxe Sound\",\"url\":\"https:\/\/luxesound.ca\/\",\"logo\":{\"@type\":\"ImageObject\",\"inLanguage\":\"fr-qc\",\"@id\":\"https:\/\/luxesound.ca\/#\/schema\/logo\/image\/\",\"url\":\"https:\/\/luxesound.ca\/wp-content\/uploads\/2024\/08\/cropped-Luxe-white-on-green.png\",\"contentUrl\":\"https:\/\/luxesound.ca\/wp-content\/uploads\/2024\/08\/cropped-Luxe-white-on-green.png\",\"width\":512,\"height\":512,\"caption\":\"Luxe Sound\"},\"image\":{\"@id\":\"https:\/\/luxesound.ca\/#\/schema\/logo\/image\/\"},\"sameAs\":[\"https:\/\/www.facebook.com\/luxesound.ca\",\"https:\/\/www.instagram.com\/luxe.sound\/\"]}]}<\/script>\n<!-- \/ Yoast SEO plugin. -->","yoast_head_json":{"title":"Kanto SUB6 Subwoofer - Luxe Sound","description":"The Kanto Sub6 delivers precise bass that adds depth and clarity to your music, movies, and games. Featuring adjustable crossover and 200W peak power.","robots":{"index":"index","follow":"follow","max-snippet":"max-snippet:-1","max-image-preview":"max-image-preview:large","max-video-preview":"max-video-preview:-1"},"canonical":"https:\/\/luxesound.ca\/fr\/product\/kanto-sub6-subwoofer\/","og_locale":"fr_FR","og_type":"article","og_title":"Kanto SUB6 Subwoofer - Luxe Sound","og_description":"The Kanto Sub6 delivers precise bass that adds depth and clarity to your music, movies, and games. Featuring adjustable crossover and 200W peak power.","og_url":"https:\/\/luxesound.ca\/fr\/product\/kanto-sub6-subwoofer\/","og_site_name":"Luxe Sound","article_publisher":"https:\/\/www.facebook.com\/luxesound.ca","article_modified_time":"2026-04-20T19:12:40+00:00","og_image":[{"width":1200,"height":800,"url":"https:\/\/luxesound.ca\/wp-content\/uploads\/2025\/11\/KantoSub6MatteWhite-2.webp","type":"image\/webp"}],"twitter_card":"summary_large_image","twitter_misc":{"Est. reading time":"1 minute"},"schema":{"@context":"https:\/\/schema.org","@graph":[{"@type":"WebPage","@id":"https:\/\/luxesound.ca\/product\/kanto-sub6-subwoofer\/","url":"https:\/\/luxesound.ca\/product\/kanto-sub6-subwoofer\/","name":"Kanto SUB6 Subwoofer - Luxe Sound","isPartOf":{"@id":"https:\/\/luxesound.ca\/#website"},"primaryImageOfPage":{"@id":"https:\/\/luxesound.ca\/product\/kanto-sub6-subwoofer\/#primaryimage"},"image":{"@id":"https:\/\/luxesound.ca\/product\/kanto-sub6-subwoofer\/#primaryimage"},"thumbnailUrl":"https:\/\/luxesound.ca\/wp-content\/uploads\/2025\/11\/KantoSub6MatteWhite-2.webp","datePublished":"2025-11-04T17:12:54+00:00","dateModified":"2026-04-20T19:12:40+00:00","description":"The Kanto Sub6 delivers precise bass that adds depth and clarity to your music, movies, and games. Featuring adjustable crossover and 200W peak power.","breadcrumb":{"@id":"https:\/\/luxesound.ca\/product\/kanto-sub6-subwoofer\/#breadcrumb"},"inLanguage":"fr-qc","potentialAction":[{"@type":"ReadAction","target":["https:\/\/luxesound.ca\/product\/kanto-sub6-subwoofer\/"]}]},{"@type":"ImageObject","inLanguage":"fr-qc","@id":"https:\/\/luxesound.ca\/product\/kanto-sub6-subwoofer\/#primaryimage","url":"https:\/\/luxesound.ca\/wp-content\/uploads\/2025\/11\/KantoSub6MatteWhite-2.webp","contentUrl":"https:\/\/luxesound.ca\/wp-content\/uploads\/2025\/11\/KantoSub6MatteWhite-2.webp","width":1200,"height":800,"caption":"Kanto Sub 6 MAtte White product photo white background"},{"@type":"BreadcrumbList","@id":"https:\/\/luxesound.ca\/product\/kanto-sub6-subwoofer\/#breadcrumb","itemListElement":[{"@type":"ListItem","position":1,"name":"Home","item":"https:\/\/luxesound.ca\/"},{"@type":"ListItem","position":2,"name":"Products","item":"https:\/\/luxesound.ca\/shop\/"},{"@type":"ListItem","position":3,"name":"Kanto SUB6 Subwoofer"}]},{"@type":"WebSite","@id":"https:\/\/luxesound.ca\/#website","url":"https:\/\/luxesound.ca\/","name":"Son luxueux","description":"Les meilleurs \u00e9couteurs et haut-parleurs. Fi\u00e8rement canadiens.","publisher":{"@id":"https:\/\/luxesound.ca\/#organization"},"potentialAction":[{"@type":"SearchAction","target":{"@type":"EntryPoint","urlTemplate":"https:\/\/luxesound.ca\/?s={search_term_string}"},"query-input":{"@type":"PropertyValueSpecification","valueRequired":true,"valueName":"search_term_string"}}],"inLanguage":"fr-qc"},{"@type":"Organization","@id":"https:\/\/luxesound.ca\/#organization","name":"Son luxueux","url":"https:\/\/luxesound.ca\/","logo":{"@type":"ImageObject","inLanguage":"fr-qc","@id":"https:\/\/luxesound.ca\/#\/schema\/logo\/image\/","url":"https:\/\/luxesound.ca\/wp-content\/uploads\/2024\/08\/cropped-Luxe-white-on-green.png","contentUrl":"https:\/\/luxesound.ca\/wp-content\/uploads\/2024\/08\/cropped-Luxe-white-on-green.png","width":512,"height":512,"caption":"Luxe Sound"},"image":{"@id":"https:\/\/luxesound.ca\/#\/schema\/logo\/image\/"},"sameAs":["https:\/\/www.facebook.com\/luxesound.ca","https:\/\/www.instagram.com\/luxe.sound\/"]}]}},"_links":{"self":[{"href":"https:\/\/luxesound.ca\/fr\/wp-json\/wp\/v2\/product\/12088","targetHints":{"allow":["GET"]}}],"collection":[{"href":"https:\/\/luxesound.ca\/fr\/wp-json\/wp\/v2\/product"}],"about":[{"href":"https:\/\/luxesound.ca\/fr\/wp-json\/wp\/v2\/types\/product"}],"replies":[{"embeddable":true,"href":"https:\/\/luxesound.ca\/fr\/wp-json\/wp\/v2\/comments?post=12088"}],"version-history":[{"count":1,"href":"https:\/\/luxesound.ca\/fr\/wp-json\/wp\/v2\/product\/12088\/revisions"}],"predecessor-version":[{"id":12102,"href":"https:\/\/luxesound.ca\/fr\/wp-json\/wp\/v2\/product\/12088\/revisions\/12102"}],"wp:featuredmedia":[{"embeddable":true,"href":"https:\/\/luxesound.ca\/fr\/wp-json\/wp\/v2\/media\/12095"}],"wp:attachment":[{"href":"https:\/\/luxesound.ca\/fr\/wp-json\/wp\/v2\/media?parent=12088"}],"wp:term":[{"taxonomy":"product_brand","embeddable":true,"href":"https:\/\/luxesound.ca\/fr\/wp-json\/wp\/v2\/product_brand?post=12088"},{"taxonomy":"product_cat","embeddable":true,"href":"https:\/\/luxesound.ca\/fr\/wp-json\/wp\/v2\/product_cat?post=12088"},{"taxonomy":"product_tag","embeddable":true,"href":"https:\/\/luxesound.ca\/fr\/wp-json\/wp\/v2\/product_tag?post=12088"}],"curies":[{"name":"wp","href":"https:\/\/api.w.org\/{rel}","templated":true}]}}