{"id":12019,"date":"2025-10-02T16:19:04","date_gmt":"2025-10-02T20:19:04","guid":{"rendered":"https:\/\/luxesound.ca\/?post_type=product&#038;p=12019"},"modified":"2026-04-20T15:12:40","modified_gmt":"2026-04-20T19:12:40","slug":"soundsgood-ultimate-v6-earbuds","status":"publish","type":"product","link":"https:\/\/luxesound.ca\/fr\/product\/soundsgood-ultimate-v6-earbuds\/","title":{"rendered":"\u00c9couteurs SoundsGood Ultimate V6"},"content":{"rendered":"<p>Un confort optimal, une signature sonore reconnue et un design \u00e9l\u00e9gant et portable. Isolez-vous du bruit ambiant, \u00e9vadez-vous dans votre univers et profitez de l&#039;exp\u00e9rience sonore immersive des Ultimate V6. Que vous soyez \u00e0 la salle de sport, au travail, en train de courir ou dans un caf\u00e9, les Ultimate V6 seront votre fid\u00e8le compagnon.<\/p>","protected":false},"excerpt":{"rendered":"<p>Un confort optimal, une signature sonore reconnue et un design \u00e9l\u00e9gant et portable. Isolez-vous du bruit ambiant, \u00e9vadez-vous dans votre univers et profitez de l&#039;exp\u00e9rience sonore immersive des Ultimate V6. Que vous soyez \u00e0 la salle de sport, au travail, en train de courir ou dans un caf\u00e9, les Ultimate V6 seront votre fid\u00e8le compagnon.<\/p>","protected":false},"featured_media":12029,"comment_status":"open","ping_status":"closed","template":"","meta":{"_acf_changed":false,"_mo_disable_npp":"","inline_featured_image":false},"product_brand":[895],"product_cat":[145,820,927,901,926],"product_tag":[],"class_list":{"0":"post-12019","1":"product","2":"type-product","3":"status-publish","4":"has-post-thumbnail","6":"product_brand-sounds-good","7":"product_cat-earbuds","8":"product_cat-new-arrivals-category","9":"product_cat-noise-cancelling-earbuds","10":"product_cat-sounds-good","11":"product_cat-wireless-earbuds","12":"pa_colour-matte-black","14":"first","15":"outofstock","16":"taxable","17":"shipping-taxable","18":"purchasable","19":"product-type-variable","20":"has-default-attributes"},"bundled_by":[],"bundle_stock_status":"outofstock","bundle_stock_quantity":null,"bundle_virtual":false,"bundle_layout":"","bundle_add_to_cart_form_location":"","bundle_editable_in_cart":false,"bundle_sold_individually_context":"","bundle_item_grouping":"","bundle_min_size":"","bundle_max_size":"","bundle_price":[],"bundled_items":[],"bundle_sell_ids":[],"acf":[],"ct_brands":[{"id":895,"name":"\u00c7a a l&#039;air bien","slug":"sounds-good"}],"yoast_head":"<!-- This site is optimized with the Yoast SEO plugin v27.2 - https:\/\/yoast.com\/product\/yoast-seo-wordpress\/ -->\n<title>SoundsGood Ultimate V6 Earbuds - Luxe Sound<\/title>\n<meta name=\"description\" content=\"Experience the Ultimate V6 with snug fit, rich immersive sound, and up to 25 hours playtime with case. Stylish, reliable, and ready for every day.\" \/>\n<meta name=\"robots\" content=\"index, follow, max-snippet:-1, max-image-preview:large, max-video-preview:-1\" \/>\n<link rel=\"canonical\" href=\"https:\/\/luxesound.ca\/fr\/product\/soundsgood-ultimate-v6-earbuds\/\" \/>\n<meta property=\"og:locale\" content=\"fr_FR\" \/>\n<meta property=\"og:type\" content=\"article\" \/>\n<meta property=\"og:title\" content=\"SoundsGood Ultimate V6 Earbuds - Luxe Sound\" \/>\n<meta property=\"og:description\" content=\"Experience the Ultimate V6 with snug fit, rich immersive sound, and up to 25 hours playtime with case. Stylish, reliable, and ready for every day.\" \/>\n<meta property=\"og:url\" content=\"https:\/\/luxesound.ca\/fr\/product\/soundsgood-ultimate-v6-earbuds\/\" \/>\n<meta property=\"og:site_name\" content=\"Luxe Sound\" \/>\n<meta property=\"article:publisher\" content=\"https:\/\/www.facebook.com\/luxesound.ca\" \/>\n<meta property=\"article:modified_time\" content=\"2026-04-20T19:12:40+00:00\" \/>\n<meta property=\"og:image\" content=\"https:\/\/luxesound.ca\/wp-content\/uploads\/2025\/10\/SoundsGood-Ultimate-V6-Earbuds-1.webp\" \/>\n\t<meta property=\"og:image:width\" content=\"1200\" \/>\n\t<meta property=\"og:image:height\" content=\"800\" \/>\n\t<meta property=\"og:image:type\" content=\"image\/webp\" \/>\n<meta name=\"twitter:card\" content=\"summary_large_image\" \/>\n<meta name=\"twitter:label1\" content=\"Est. reading time\" \/>\n\t<meta name=\"twitter:data1\" content=\"1 minute\" \/>\n<script type=\"application\/ld+json\" class=\"yoast-schema-graph\">{\"@context\":\"https:\/\/schema.org\",\"@graph\":[{\"@type\":\"WebPage\",\"@id\":\"https:\/\/luxesound.ca\/product\/soundsgood-ultimate-v6-earbuds\/\",\"url\":\"https:\/\/luxesound.ca\/product\/soundsgood-ultimate-v6-earbuds\/\",\"name\":\"SoundsGood Ultimate V6 Earbuds - Luxe Sound\",\"isPartOf\":{\"@id\":\"https:\/\/luxesound.ca\/#website\"},\"primaryImageOfPage\":{\"@id\":\"https:\/\/luxesound.ca\/product\/soundsgood-ultimate-v6-earbuds\/#primaryimage\"},\"image\":{\"@id\":\"https:\/\/luxesound.ca\/product\/soundsgood-ultimate-v6-earbuds\/#primaryimage\"},\"thumbnailUrl\":\"https:\/\/luxesound.ca\/wp-content\/uploads\/2025\/10\/SoundsGood-Ultimate-V6-Earbuds-1.webp\",\"datePublished\":\"2025-10-02T20:19:04+00:00\",\"dateModified\":\"2026-04-20T19:12:40+00:00\",\"description\":\"Experience the Ultimate V6 with snug fit, rich immersive sound, and up to 25 hours playtime with case. Stylish, reliable, and ready for every day.\",\"breadcrumb\":{\"@id\":\"https:\/\/luxesound.ca\/product\/soundsgood-ultimate-v6-earbuds\/#breadcrumb\"},\"inLanguage\":\"fr-qc\",\"potentialAction\":[{\"@type\":\"ReadAction\",\"target\":[\"https:\/\/luxesound.ca\/product\/soundsgood-ultimate-v6-earbuds\/\"]}]},{\"@type\":\"ImageObject\",\"inLanguage\":\"fr-qc\",\"@id\":\"https:\/\/luxesound.ca\/product\/soundsgood-ultimate-v6-earbuds\/#primaryimage\",\"url\":\"https:\/\/luxesound.ca\/wp-content\/uploads\/2025\/10\/SoundsGood-Ultimate-V6-Earbuds-1.webp\",\"contentUrl\":\"https:\/\/luxesound.ca\/wp-content\/uploads\/2025\/10\/SoundsGood-Ultimate-V6-Earbuds-1.webp\",\"width\":1200,\"height\":800},{\"@type\":\"BreadcrumbList\",\"@id\":\"https:\/\/luxesound.ca\/product\/soundsgood-ultimate-v6-earbuds\/#breadcrumb\",\"itemListElement\":[{\"@type\":\"ListItem\",\"position\":1,\"name\":\"Home\",\"item\":\"https:\/\/luxesound.ca\/\"},{\"@type\":\"ListItem\",\"position\":2,\"name\":\"Products\",\"item\":\"https:\/\/luxesound.ca\/shop\/\"},{\"@type\":\"ListItem\",\"position\":3,\"name\":\"SoundsGood Ultimate V6 Earbuds\"}]},{\"@type\":\"WebSite\",\"@id\":\"https:\/\/luxesound.ca\/#website\",\"url\":\"https:\/\/luxesound.ca\/\",\"name\":\"Luxe Sound\",\"description\":\"The Finest Headphones &amp; Speakers. Proudly Canadian.\",\"publisher\":{\"@id\":\"https:\/\/luxesound.ca\/#organization\"},\"potentialAction\":[{\"@type\":\"SearchAction\",\"target\":{\"@type\":\"EntryPoint\",\"urlTemplate\":\"https:\/\/luxesound.ca\/?s={search_term_string}\"},\"query-input\":{\"@type\":\"PropertyValueSpecification\",\"valueRequired\":true,\"valueName\":\"search_term_string\"}}],\"inLanguage\":\"fr-qc\"},{\"@type\":\"Organization\",\"@id\":\"https:\/\/luxesound.ca\/#organization\",\"name\":\"Luxe Sound\",\"url\":\"https:\/\/luxesound.ca\/\",\"logo\":{\"@type\":\"ImageObject\",\"inLanguage\":\"fr-qc\",\"@id\":\"https:\/\/luxesound.ca\/#\/schema\/logo\/image\/\",\"url\":\"https:\/\/luxesound.ca\/wp-content\/uploads\/2024\/08\/cropped-Luxe-white-on-green.png\",\"contentUrl\":\"https:\/\/luxesound.ca\/wp-content\/uploads\/2024\/08\/cropped-Luxe-white-on-green.png\",\"width\":512,\"height\":512,\"caption\":\"Luxe Sound\"},\"image\":{\"@id\":\"https:\/\/luxesound.ca\/#\/schema\/logo\/image\/\"},\"sameAs\":[\"https:\/\/www.facebook.com\/luxesound.ca\",\"https:\/\/www.instagram.com\/luxe.sound\/\"]}]}<\/script>\n<!-- \/ Yoast SEO plugin. -->","yoast_head_json":{"title":"SoundsGood Ultimate V6 Earbuds - Luxe Sound","description":"Experience the Ultimate V6 with snug fit, rich immersive sound, and up to 25 hours playtime with case. Stylish, reliable, and ready for every day.","robots":{"index":"index","follow":"follow","max-snippet":"max-snippet:-1","max-image-preview":"max-image-preview:large","max-video-preview":"max-video-preview:-1"},"canonical":"https:\/\/luxesound.ca\/fr\/product\/soundsgood-ultimate-v6-earbuds\/","og_locale":"fr_FR","og_type":"article","og_title":"SoundsGood Ultimate V6 Earbuds - Luxe Sound","og_description":"Experience the Ultimate V6 with snug fit, rich immersive sound, and up to 25 hours playtime with case. Stylish, reliable, and ready for every day.","og_url":"https:\/\/luxesound.ca\/fr\/product\/soundsgood-ultimate-v6-earbuds\/","og_site_name":"Luxe Sound","article_publisher":"https:\/\/www.facebook.com\/luxesound.ca","article_modified_time":"2026-04-20T19:12:40+00:00","og_image":[{"width":1200,"height":800,"url":"https:\/\/luxesound.ca\/wp-content\/uploads\/2025\/10\/SoundsGood-Ultimate-V6-Earbuds-1.webp","type":"image\/webp"}],"twitter_card":"summary_large_image","twitter_misc":{"Est. reading time":"1 minute"},"schema":{"@context":"https:\/\/schema.org","@graph":[{"@type":"WebPage","@id":"https:\/\/luxesound.ca\/product\/soundsgood-ultimate-v6-earbuds\/","url":"https:\/\/luxesound.ca\/product\/soundsgood-ultimate-v6-earbuds\/","name":"SoundsGood Ultimate V6 Earbuds - Luxe Sound","isPartOf":{"@id":"https:\/\/luxesound.ca\/#website"},"primaryImageOfPage":{"@id":"https:\/\/luxesound.ca\/product\/soundsgood-ultimate-v6-earbuds\/#primaryimage"},"image":{"@id":"https:\/\/luxesound.ca\/product\/soundsgood-ultimate-v6-earbuds\/#primaryimage"},"thumbnailUrl":"https:\/\/luxesound.ca\/wp-content\/uploads\/2025\/10\/SoundsGood-Ultimate-V6-Earbuds-1.webp","datePublished":"2025-10-02T20:19:04+00:00","dateModified":"2026-04-20T19:12:40+00:00","description":"Experience the Ultimate V6 with snug fit, rich immersive sound, and up to 25 hours playtime with case. Stylish, reliable, and ready for every day.","breadcrumb":{"@id":"https:\/\/luxesound.ca\/product\/soundsgood-ultimate-v6-earbuds\/#breadcrumb"},"inLanguage":"fr-qc","potentialAction":[{"@type":"ReadAction","target":["https:\/\/luxesound.ca\/product\/soundsgood-ultimate-v6-earbuds\/"]}]},{"@type":"ImageObject","inLanguage":"fr-qc","@id":"https:\/\/luxesound.ca\/product\/soundsgood-ultimate-v6-earbuds\/#primaryimage","url":"https:\/\/luxesound.ca\/wp-content\/uploads\/2025\/10\/SoundsGood-Ultimate-V6-Earbuds-1.webp","contentUrl":"https:\/\/luxesound.ca\/wp-content\/uploads\/2025\/10\/SoundsGood-Ultimate-V6-Earbuds-1.webp","width":1200,"height":800},{"@type":"BreadcrumbList","@id":"https:\/\/luxesound.ca\/product\/soundsgood-ultimate-v6-earbuds\/#breadcrumb","itemListElement":[{"@type":"ListItem","position":1,"name":"Home","item":"https:\/\/luxesound.ca\/"},{"@type":"ListItem","position":2,"name":"Products","item":"https:\/\/luxesound.ca\/shop\/"},{"@type":"ListItem","position":3,"name":"SoundsGood Ultimate V6 Earbuds"}]},{"@type":"WebSite","@id":"https:\/\/luxesound.ca\/#website","url":"https:\/\/luxesound.ca\/","name":"Son luxueux","description":"Les meilleurs \u00e9couteurs et haut-parleurs. Fi\u00e8rement canadiens.","publisher":{"@id":"https:\/\/luxesound.ca\/#organization"},"potentialAction":[{"@type":"SearchAction","target":{"@type":"EntryPoint","urlTemplate":"https:\/\/luxesound.ca\/?s={search_term_string}"},"query-input":{"@type":"PropertyValueSpecification","valueRequired":true,"valueName":"search_term_string"}}],"inLanguage":"fr-qc"},{"@type":"Organization","@id":"https:\/\/luxesound.ca\/#organization","name":"Son luxueux","url":"https:\/\/luxesound.ca\/","logo":{"@type":"ImageObject","inLanguage":"fr-qc","@id":"https:\/\/luxesound.ca\/#\/schema\/logo\/image\/","url":"https:\/\/luxesound.ca\/wp-content\/uploads\/2024\/08\/cropped-Luxe-white-on-green.png","contentUrl":"https:\/\/luxesound.ca\/wp-content\/uploads\/2024\/08\/cropped-Luxe-white-on-green.png","width":512,"height":512,"caption":"Luxe Sound"},"image":{"@id":"https:\/\/luxesound.ca\/#\/schema\/logo\/image\/"},"sameAs":["https:\/\/www.facebook.com\/luxesound.ca","https:\/\/www.instagram.com\/luxe.sound\/"]}]}},"_links":{"self":[{"href":"https:\/\/luxesound.ca\/fr\/wp-json\/wp\/v2\/product\/12019","targetHints":{"allow":["GET"]}}],"collection":[{"href":"https:\/\/luxesound.ca\/fr\/wp-json\/wp\/v2\/product"}],"about":[{"href":"https:\/\/luxesound.ca\/fr\/wp-json\/wp\/v2\/types\/product"}],"replies":[{"embeddable":true,"href":"https:\/\/luxesound.ca\/fr\/wp-json\/wp\/v2\/comments?post=12019"}],"version-history":[{"count":1,"href":"https:\/\/luxesound.ca\/fr\/wp-json\/wp\/v2\/product\/12019\/revisions"}],"predecessor-version":[{"id":12030,"href":"https:\/\/luxesound.ca\/fr\/wp-json\/wp\/v2\/product\/12019\/revisions\/12030"}],"wp:featuredmedia":[{"embeddable":true,"href":"https:\/\/luxesound.ca\/fr\/wp-json\/wp\/v2\/media\/12029"}],"wp:attachment":[{"href":"https:\/\/luxesound.ca\/fr\/wp-json\/wp\/v2\/media?parent=12019"}],"wp:term":[{"taxonomy":"product_brand","embeddable":true,"href":"https:\/\/luxesound.ca\/fr\/wp-json\/wp\/v2\/product_brand?post=12019"},{"taxonomy":"product_cat","embeddable":true,"href":"https:\/\/luxesound.ca\/fr\/wp-json\/wp\/v2\/product_cat?post=12019"},{"taxonomy":"product_tag","embeddable":true,"href":"https:\/\/luxesound.ca\/fr\/wp-json\/wp\/v2\/product_tag?post=12019"}],"curies":[{"name":"wp","href":"https:\/\/api.w.org\/{rel}","templated":true}]}}