{"id":11890,"date":"2025-09-23T14:55:04","date_gmt":"2025-09-23T18:55:04","guid":{"rendered":"https:\/\/luxesound.ca\/?post_type=product&#038;p=11890"},"modified":"2026-04-20T15:12:40","modified_gmt":"2026-04-20T19:12:40","slug":"moondrop-horizon-dynamic-open-back-headphones","status":"publish","type":"product","link":"https:\/\/luxesound.ca\/fr\/product\/moondrop-horizon-dynamic-open-back-headphones\/","title":{"rendered":"Casque ouvert dynamique Moondrop Horizon"},"content":{"rendered":"<p><span class=\"s1\">Horizon de goutte de lune<\/span> \u00c9tablit une nouvelle r\u00e9f\u00e9rence en mati\u00e8re de casques supra-auriculaires dynamiques ouverts, avec un transducteur dynamique ULT de 50 mm repens\u00e9, une membrane composite plaqu\u00e9e titane et un circuit magn\u00e9tique optimis\u00e9 par FEA pour une distorsion ultra-faible et des basses profondes et naturelles. Les transducteurs inclin\u00e9s cr\u00e9ent une sc\u00e8ne sonore large et immersive, tandis que le r\u00e9glage trifr\u00e9quence fluide assure des m\u00e9diums riches et des aigus soyeux. L\u00e9ger, \u00e9l\u00e9gant et facile \u00e0 utiliser, Horizon est compatible avec les smartphones, les lecteurs portables et les ordinateurs de bureau, offrant une connectivit\u00e9 universelle de 3,5 mm et 4,4 mm pour les passionn\u00e9s d&#039;audio comme pour les auditeurs occasionnels.<\/p>","protected":false},"excerpt":{"rendered":"<p><span class=\"s1\">Horizon de goutte de lune<\/span> \u00c9tablit une nouvelle r\u00e9f\u00e9rence en mati\u00e8re de casques supra-auriculaires dynamiques ouverts, avec un transducteur dynamique ULT de 50 mm repens\u00e9, une membrane composite plaqu\u00e9e titane et un circuit magn\u00e9tique optimis\u00e9 par FEA pour une distorsion ultra-faible et des basses profondes et naturelles. Les transducteurs inclin\u00e9s cr\u00e9ent une sc\u00e8ne sonore large et immersive, tandis que le r\u00e9glage trifr\u00e9quence fluide assure des m\u00e9diums riches et des aigus soyeux. L\u00e9ger, \u00e9l\u00e9gant et facile \u00e0 utiliser, Horizon est compatible avec les smartphones, les lecteurs portables et les ordinateurs de bureau, offrant une connectivit\u00e9 universelle de 3,5 mm et 4,4 mm pour les passionn\u00e9s d&#039;audio comme pour les auditeurs occasionnels.<\/p>","protected":false},"featured_media":11892,"comment_status":"open","ping_status":"closed","template":"","meta":{"_acf_changed":false,"_mo_disable_npp":"","inline_featured_image":false},"product_brand":[753],"product_cat":[892,139,732,900,820,924,934],"product_tag":[],"class_list":{"0":"post-11890","1":"product","2":"type-product","3":"status-publish","4":"has-post-thumbnail","6":"product_brand-moondrop","7":"product_cat-chifi","8":"product_cat-headphones","9":"product_cat-moondrop","10":"product_cat-moondrop-headphones","11":"product_cat-new-arrivals-category","12":"product_cat-over-ear-headphones","13":"product_cat-wired-headphones","14":"pa_colour-black","16":"first","17":"instock","18":"taxable","19":"shipping-taxable","20":"purchasable","21":"product-type-variable","22":"has-default-attributes"},"bundled_by":[],"bundle_stock_status":"instock","bundle_stock_quantity":null,"bundle_virtual":false,"bundle_layout":"","bundle_add_to_cart_form_location":"","bundle_editable_in_cart":false,"bundle_sold_individually_context":"","bundle_item_grouping":"","bundle_min_size":"","bundle_max_size":"","bundle_price":[],"bundled_items":[],"bundle_sell_ids":[],"acf":[],"ct_brands":[{"id":753,"name":"Goutte de lune","slug":"moondrop"}],"yoast_head":"<!-- This site is optimized with the Yoast SEO plugin v27.2 - https:\/\/yoast.com\/product\/yoast-seo-wordpress\/ -->\n<title>Moondrop Horizon Dynamic Open Back Headphones - Luxe Sound<\/title>\n<meta name=\"description\" content=\"Moondrop Horizon over-ear headphones deliver ultra-low distortion, wide soundstage, deep bass, and smooth tri-frequency Hi-Fi sound. Free Shipping!\" \/>\n<meta name=\"robots\" content=\"index, follow, max-snippet:-1, max-image-preview:large, max-video-preview:-1\" \/>\n<link rel=\"canonical\" href=\"https:\/\/luxesound.ca\/fr\/product\/moondrop-horizon-dynamic-open-back-headphones\/\" \/>\n<meta property=\"og:locale\" content=\"fr_FR\" \/>\n<meta property=\"og:type\" content=\"article\" \/>\n<meta property=\"og:title\" content=\"Moondrop Horizon Dynamic Open Back Headphones - Luxe Sound\" \/>\n<meta property=\"og:description\" content=\"Moondrop Horizon over-ear headphones deliver ultra-low distortion, wide soundstage, deep bass, and smooth tri-frequency Hi-Fi sound. Free Shipping!\" \/>\n<meta property=\"og:url\" content=\"https:\/\/luxesound.ca\/fr\/product\/moondrop-horizon-dynamic-open-back-headphones\/\" \/>\n<meta property=\"og:site_name\" content=\"Luxe Sound\" \/>\n<meta property=\"article:publisher\" content=\"https:\/\/www.facebook.com\/luxesound.ca\" \/>\n<meta property=\"article:modified_time\" content=\"2026-04-20T19:12:40+00:00\" \/>\n<meta property=\"og:image\" content=\"https:\/\/luxesound.ca\/wp-content\/uploads\/2025\/09\/Moondrop-Horizon-Headphones-Black-1.webp\" \/>\n\t<meta property=\"og:image:width\" content=\"1200\" \/>\n\t<meta property=\"og:image:height\" content=\"800\" \/>\n\t<meta property=\"og:image:type\" content=\"image\/webp\" \/>\n<meta name=\"twitter:card\" content=\"summary_large_image\" \/>\n<meta name=\"twitter:label1\" content=\"Est. reading time\" \/>\n\t<meta name=\"twitter:data1\" content=\"1 minute\" \/>\n<script type=\"application\/ld+json\" class=\"yoast-schema-graph\">{\"@context\":\"https:\/\/schema.org\",\"@graph\":[{\"@type\":\"WebPage\",\"@id\":\"https:\/\/luxesound.ca\/product\/moondrop-horizon-dynamic-open-back-headphones\/\",\"url\":\"https:\/\/luxesound.ca\/product\/moondrop-horizon-dynamic-open-back-headphones\/\",\"name\":\"Moondrop Horizon Dynamic Open Back Headphones - Luxe Sound\",\"isPartOf\":{\"@id\":\"https:\/\/luxesound.ca\/#website\"},\"primaryImageOfPage\":{\"@id\":\"https:\/\/luxesound.ca\/product\/moondrop-horizon-dynamic-open-back-headphones\/#primaryimage\"},\"image\":{\"@id\":\"https:\/\/luxesound.ca\/product\/moondrop-horizon-dynamic-open-back-headphones\/#primaryimage\"},\"thumbnailUrl\":\"https:\/\/luxesound.ca\/wp-content\/uploads\/2025\/09\/Moondrop-Horizon-Headphones-Black-1.webp\",\"datePublished\":\"2025-09-23T18:55:04+00:00\",\"dateModified\":\"2026-04-20T19:12:40+00:00\",\"description\":\"Moondrop Horizon over-ear headphones deliver ultra-low distortion, wide soundstage, deep bass, and smooth tri-frequency Hi-Fi sound. Free Shipping!\",\"breadcrumb\":{\"@id\":\"https:\/\/luxesound.ca\/product\/moondrop-horizon-dynamic-open-back-headphones\/#breadcrumb\"},\"inLanguage\":\"fr-qc\",\"potentialAction\":[{\"@type\":\"ReadAction\",\"target\":[\"https:\/\/luxesound.ca\/product\/moondrop-horizon-dynamic-open-back-headphones\/\"]}]},{\"@type\":\"ImageObject\",\"inLanguage\":\"fr-qc\",\"@id\":\"https:\/\/luxesound.ca\/product\/moondrop-horizon-dynamic-open-back-headphones\/#primaryimage\",\"url\":\"https:\/\/luxesound.ca\/wp-content\/uploads\/2025\/09\/Moondrop-Horizon-Headphones-Black-1.webp\",\"contentUrl\":\"https:\/\/luxesound.ca\/wp-content\/uploads\/2025\/09\/Moondrop-Horizon-Headphones-Black-1.webp\",\"width\":1200,\"height\":800,\"caption\":\"Moondrop Horizon Open Back Over ear Headphones product photo\"},{\"@type\":\"BreadcrumbList\",\"@id\":\"https:\/\/luxesound.ca\/product\/moondrop-horizon-dynamic-open-back-headphones\/#breadcrumb\",\"itemListElement\":[{\"@type\":\"ListItem\",\"position\":1,\"name\":\"Home\",\"item\":\"https:\/\/luxesound.ca\/\"},{\"@type\":\"ListItem\",\"position\":2,\"name\":\"Products\",\"item\":\"https:\/\/luxesound.ca\/shop\/\"},{\"@type\":\"ListItem\",\"position\":3,\"name\":\"Moondrop Horizon Dynamic Open Back Headphones\"}]},{\"@type\":\"WebSite\",\"@id\":\"https:\/\/luxesound.ca\/#website\",\"url\":\"https:\/\/luxesound.ca\/\",\"name\":\"Luxe Sound\",\"description\":\"The Finest Headphones &amp; Speakers. Proudly Canadian.\",\"publisher\":{\"@id\":\"https:\/\/luxesound.ca\/#organization\"},\"potentialAction\":[{\"@type\":\"SearchAction\",\"target\":{\"@type\":\"EntryPoint\",\"urlTemplate\":\"https:\/\/luxesound.ca\/?s={search_term_string}\"},\"query-input\":{\"@type\":\"PropertyValueSpecification\",\"valueRequired\":true,\"valueName\":\"search_term_string\"}}],\"inLanguage\":\"fr-qc\"},{\"@type\":\"Organization\",\"@id\":\"https:\/\/luxesound.ca\/#organization\",\"name\":\"Luxe Sound\",\"url\":\"https:\/\/luxesound.ca\/\",\"logo\":{\"@type\":\"ImageObject\",\"inLanguage\":\"fr-qc\",\"@id\":\"https:\/\/luxesound.ca\/#\/schema\/logo\/image\/\",\"url\":\"https:\/\/luxesound.ca\/wp-content\/uploads\/2024\/08\/cropped-Luxe-white-on-green.png\",\"contentUrl\":\"https:\/\/luxesound.ca\/wp-content\/uploads\/2024\/08\/cropped-Luxe-white-on-green.png\",\"width\":512,\"height\":512,\"caption\":\"Luxe Sound\"},\"image\":{\"@id\":\"https:\/\/luxesound.ca\/#\/schema\/logo\/image\/\"},\"sameAs\":[\"https:\/\/www.facebook.com\/luxesound.ca\",\"https:\/\/www.instagram.com\/luxe.sound\/\"]}]}<\/script>\n<!-- \/ Yoast SEO plugin. -->","yoast_head_json":{"title":"Casque audio dynamique ouvert Moondrop Horizon - Luxe Sound","description":"Le casque supra-auriculaire Moondrop Horizon offre une distorsion ultra-faible, une sc\u00e8ne sonore large, des basses profondes et un son Hi-Fi tri-fr\u00e9quence fluide. Livraison gratuite !","robots":{"index":"index","follow":"follow","max-snippet":"max-snippet:-1","max-image-preview":"max-image-preview:large","max-video-preview":"max-video-preview:-1"},"canonical":"https:\/\/luxesound.ca\/fr\/product\/moondrop-horizon-dynamic-open-back-headphones\/","og_locale":"fr_FR","og_type":"article","og_title":"Moondrop Horizon Dynamic Open Back Headphones - Luxe Sound","og_description":"Moondrop Horizon over-ear headphones deliver ultra-low distortion, wide soundstage, deep bass, and smooth tri-frequency Hi-Fi sound. Free Shipping!","og_url":"https:\/\/luxesound.ca\/fr\/product\/moondrop-horizon-dynamic-open-back-headphones\/","og_site_name":"Luxe Sound","article_publisher":"https:\/\/www.facebook.com\/luxesound.ca","article_modified_time":"2026-04-20T19:12:40+00:00","og_image":[{"width":1200,"height":800,"url":"https:\/\/luxesound.ca\/wp-content\/uploads\/2025\/09\/Moondrop-Horizon-Headphones-Black-1.webp","type":"image\/webp"}],"twitter_card":"summary_large_image","twitter_misc":{"Est. reading time":"1 minute"},"schema":{"@context":"https:\/\/schema.org","@graph":[{"@type":"WebPage","@id":"https:\/\/luxesound.ca\/product\/moondrop-horizon-dynamic-open-back-headphones\/","url":"https:\/\/luxesound.ca\/product\/moondrop-horizon-dynamic-open-back-headphones\/","name":"Casque audio dynamique ouvert Moondrop Horizon - Luxe Sound","isPartOf":{"@id":"https:\/\/luxesound.ca\/#website"},"primaryImageOfPage":{"@id":"https:\/\/luxesound.ca\/product\/moondrop-horizon-dynamic-open-back-headphones\/#primaryimage"},"image":{"@id":"https:\/\/luxesound.ca\/product\/moondrop-horizon-dynamic-open-back-headphones\/#primaryimage"},"thumbnailUrl":"https:\/\/luxesound.ca\/wp-content\/uploads\/2025\/09\/Moondrop-Horizon-Headphones-Black-1.webp","datePublished":"2025-09-23T18:55:04+00:00","dateModified":"2026-04-20T19:12:40+00:00","description":"Le casque supra-auriculaire Moondrop Horizon offre une distorsion ultra-faible, une sc\u00e8ne sonore large, des basses profondes et un son Hi-Fi tri-fr\u00e9quence fluide. Livraison gratuite !","breadcrumb":{"@id":"https:\/\/luxesound.ca\/product\/moondrop-horizon-dynamic-open-back-headphones\/#breadcrumb"},"inLanguage":"fr-qc","potentialAction":[{"@type":"ReadAction","target":["https:\/\/luxesound.ca\/product\/moondrop-horizon-dynamic-open-back-headphones\/"]}]},{"@type":"ImageObject","inLanguage":"fr-qc","@id":"https:\/\/luxesound.ca\/product\/moondrop-horizon-dynamic-open-back-headphones\/#primaryimage","url":"https:\/\/luxesound.ca\/wp-content\/uploads\/2025\/09\/Moondrop-Horizon-Headphones-Black-1.webp","contentUrl":"https:\/\/luxesound.ca\/wp-content\/uploads\/2025\/09\/Moondrop-Horizon-Headphones-Black-1.webp","width":1200,"height":800,"caption":"Moondrop Horizon Open Back Over ear Headphones product photo"},{"@type":"BreadcrumbList","@id":"https:\/\/luxesound.ca\/product\/moondrop-horizon-dynamic-open-back-headphones\/#breadcrumb","itemListElement":[{"@type":"ListItem","position":1,"name":"Home","item":"https:\/\/luxesound.ca\/"},{"@type":"ListItem","position":2,"name":"Products","item":"https:\/\/luxesound.ca\/shop\/"},{"@type":"ListItem","position":3,"name":"Moondrop Horizon Dynamic Open Back Headphones"}]},{"@type":"WebSite","@id":"https:\/\/luxesound.ca\/#website","url":"https:\/\/luxesound.ca\/","name":"Son luxueux","description":"Les meilleurs \u00e9couteurs et haut-parleurs. Fi\u00e8rement canadiens.","publisher":{"@id":"https:\/\/luxesound.ca\/#organization"},"potentialAction":[{"@type":"SearchAction","target":{"@type":"EntryPoint","urlTemplate":"https:\/\/luxesound.ca\/?s={search_term_string}"},"query-input":{"@type":"PropertyValueSpecification","valueRequired":true,"valueName":"search_term_string"}}],"inLanguage":"fr-qc"},{"@type":"Organization","@id":"https:\/\/luxesound.ca\/#organization","name":"Son luxueux","url":"https:\/\/luxesound.ca\/","logo":{"@type":"ImageObject","inLanguage":"fr-qc","@id":"https:\/\/luxesound.ca\/#\/schema\/logo\/image\/","url":"https:\/\/luxesound.ca\/wp-content\/uploads\/2024\/08\/cropped-Luxe-white-on-green.png","contentUrl":"https:\/\/luxesound.ca\/wp-content\/uploads\/2024\/08\/cropped-Luxe-white-on-green.png","width":512,"height":512,"caption":"Luxe Sound"},"image":{"@id":"https:\/\/luxesound.ca\/#\/schema\/logo\/image\/"},"sameAs":["https:\/\/www.facebook.com\/luxesound.ca","https:\/\/www.instagram.com\/luxe.sound\/"]}]}},"_links":{"self":[{"href":"https:\/\/luxesound.ca\/fr\/wp-json\/wp\/v2\/product\/11890","targetHints":{"allow":["GET"]}}],"collection":[{"href":"https:\/\/luxesound.ca\/fr\/wp-json\/wp\/v2\/product"}],"about":[{"href":"https:\/\/luxesound.ca\/fr\/wp-json\/wp\/v2\/types\/product"}],"replies":[{"embeddable":true,"href":"https:\/\/luxesound.ca\/fr\/wp-json\/wp\/v2\/comments?post=11890"}],"version-history":[{"count":1,"href":"https:\/\/luxesound.ca\/fr\/wp-json\/wp\/v2\/product\/11890\/revisions"}],"predecessor-version":[{"id":11899,"href":"https:\/\/luxesound.ca\/fr\/wp-json\/wp\/v2\/product\/11890\/revisions\/11899"}],"wp:featuredmedia":[{"embeddable":true,"href":"https:\/\/luxesound.ca\/fr\/wp-json\/wp\/v2\/media\/11892"}],"wp:attachment":[{"href":"https:\/\/luxesound.ca\/fr\/wp-json\/wp\/v2\/media?parent=11890"}],"wp:term":[{"taxonomy":"product_brand","embeddable":true,"href":"https:\/\/luxesound.ca\/fr\/wp-json\/wp\/v2\/product_brand?post=11890"},{"taxonomy":"product_cat","embeddable":true,"href":"https:\/\/luxesound.ca\/fr\/wp-json\/wp\/v2\/product_cat?post=11890"},{"taxonomy":"product_tag","embeddable":true,"href":"https:\/\/luxesound.ca\/fr\/wp-json\/wp\/v2\/product_tag?post=11890"}],"curies":[{"name":"wp","href":"https:\/\/api.w.org\/{rel}","templated":true}]}}