{"id":11861,"date":"2025-09-23T14:26:54","date_gmt":"2025-09-23T18:26:54","guid":{"rendered":"https:\/\/luxesound.ca\/?post_type=product&#038;p=11861"},"modified":"2026-05-06T17:07:47","modified_gmt":"2026-05-06T21:07:47","slug":"moondrop-space-travel-2-wireless-earbuds","status":"publish","type":"product","link":"https:\/\/luxesound.ca\/fr\/product\/moondrop-space-travel-2-wireless-earbuds\/","title":{"rendered":"\u00c9couteurs sans fil Moondrop Space Travel 2"},"content":{"rendered":"<p>D\u00e9couvrez les Moondrop Space Travel 2, \u00e9quip\u00e9s d&#039;un haut-parleur dynamique haute performance de 13 mm avec diaphragme plaqu\u00e9 b\u00e9ryllium pour des basses puissantes, des m\u00e9diums d\u00e9taill\u00e9s et des aigus \u00e9tendus. Profitez d&#039;une clart\u00e9 Hi-Fi authentique gr\u00e2ce au r\u00e9glage optimis\u00e9 par DSP, \u00e0 l&#039;ANC pilot\u00e9e par IA pour une r\u00e9duction de bruit profonde et naturelle, et au mode jeu avec une latence ultra-faible de 55 ms. Commandes tactiles personnalisables, \u00e9galisation via application, connectivit\u00e9 double appareil et ajustement ergonomique peu profond pour les oreilles\u00a0: ces \u00e9couteurs sans fil sont parfaits pour une \u00e9coute quotidienne, le travail, les jeux ou les voyages.<\/p>","protected":false},"excerpt":{"rendered":"<p>D\u00e9couvrez les Moondrop Space Travel 2, \u00e9quip\u00e9s d&#039;un haut-parleur dynamique haute performance de 13 mm avec diaphragme plaqu\u00e9 b\u00e9ryllium pour des basses puissantes, des m\u00e9diums d\u00e9taill\u00e9s et des aigus \u00e9tendus. Profitez d&#039;une clart\u00e9 Hi-Fi authentique gr\u00e2ce au r\u00e9glage optimis\u00e9 par DSP, \u00e0 l&#039;ANC pilot\u00e9e par IA pour une r\u00e9duction de bruit profonde et naturelle, et au mode jeu avec une latence ultra-faible de 55 ms. Commandes tactiles personnalisables, \u00e9galisation via application, connectivit\u00e9 double appareil et ajustement ergonomique peu profond pour les oreilles\u00a0: ces \u00e9couteurs sans fil sont parfaits pour une \u00e9coute quotidienne, le travail, les jeux ou les voyages.<\/p>","protected":false},"featured_media":11879,"comment_status":"open","ping_status":"closed","template":"","meta":{"_acf_changed":false,"_mo_disable_npp":"","inline_featured_image":false},"product_brand":[753],"product_cat":[892,145,732,897,820,927,926],"product_tag":[],"class_list":{"0":"post-11861","1":"product","2":"type-product","3":"status-publish","4":"has-post-thumbnail","6":"product_brand-moondrop","7":"product_cat-chifi","8":"product_cat-earbuds","9":"product_cat-moondrop","10":"product_cat-moondrop-wireless-earbuds","11":"product_cat-new-arrivals-category","12":"product_cat-noise-cancelling-earbuds","13":"product_cat-wireless-earbuds","14":"pa_colour-black","15":"pa_colour-white","17":"first","18":"instock","19":"taxable","20":"shipping-taxable","21":"purchasable","22":"product-type-variable","23":"has-default-attributes"},"bundled_by":[],"bundle_stock_status":"instock","bundle_stock_quantity":null,"bundle_virtual":false,"bundle_layout":"","bundle_add_to_cart_form_location":"","bundle_editable_in_cart":false,"bundle_sold_individually_context":"","bundle_item_grouping":"","bundle_min_size":"","bundle_max_size":"","bundle_price":[],"bundled_items":[],"bundle_sell_ids":[],"acf":[],"ct_brands":[{"id":753,"name":"Goutte de lune","slug":"moondrop"}],"yoast_head":"<!-- This site is optimized with the Yoast SEO plugin v27.2 - https:\/\/yoast.com\/product\/yoast-seo-wordpress\/ -->\n<title>Moondrop Space Travel 2 Wireless Earbuds - Luxe Sound<\/title>\n<meta name=\"description\" content=\"Moondrop Space Travel 2 delivers HiFi sound, AI ANC, low-latency game mode, and all-day comfort in true wireless earbuds. Luxe Sound: Proudly Canadian!\" \/>\n<meta name=\"robots\" content=\"index, follow, max-snippet:-1, max-image-preview:large, max-video-preview:-1\" \/>\n<link rel=\"canonical\" href=\"https:\/\/luxesound.ca\/fr\/product\/moondrop-space-travel-2-wireless-earbuds\/\" \/>\n<meta property=\"og:locale\" content=\"fr_FR\" \/>\n<meta property=\"og:type\" content=\"article\" \/>\n<meta property=\"og:title\" content=\"Moondrop Space Travel 2 Wireless Earbuds - Luxe Sound\" \/>\n<meta property=\"og:description\" content=\"Moondrop Space Travel 2 delivers HiFi sound, AI ANC, low-latency game mode, and all-day comfort in true wireless earbuds. Luxe Sound: Proudly Canadian!\" \/>\n<meta property=\"og:url\" content=\"https:\/\/luxesound.ca\/fr\/product\/moondrop-space-travel-2-wireless-earbuds\/\" \/>\n<meta property=\"og:site_name\" content=\"Luxe Sound\" \/>\n<meta property=\"article:publisher\" content=\"https:\/\/www.facebook.com\/luxesound.ca\" \/>\n<meta property=\"article:modified_time\" content=\"2026-05-06T21:07:47+00:00\" \/>\n<meta property=\"og:image\" content=\"https:\/\/luxesound.ca\/wp-content\/uploads\/2025\/09\/Moondrop-SPace-Travel-2-White-and-Orange-1.webp\" \/>\n\t<meta property=\"og:image:width\" content=\"1200\" \/>\n\t<meta property=\"og:image:height\" content=\"800\" \/>\n\t<meta property=\"og:image:type\" content=\"image\/webp\" \/>\n<meta name=\"twitter:card\" content=\"summary_large_image\" \/>\n<meta name=\"twitter:label1\" content=\"Est. reading time\" \/>\n\t<meta name=\"twitter:data1\" content=\"1 minute\" \/>\n<script type=\"application\/ld+json\" class=\"yoast-schema-graph\">{\"@context\":\"https:\/\/schema.org\",\"@graph\":[{\"@type\":\"WebPage\",\"@id\":\"https:\/\/luxesound.ca\/product\/moondrop-space-travel-2-wireless-earbuds\/\",\"url\":\"https:\/\/luxesound.ca\/product\/moondrop-space-travel-2-wireless-earbuds\/\",\"name\":\"Moondrop Space Travel 2 Wireless Earbuds - Luxe Sound\",\"isPartOf\":{\"@id\":\"https:\/\/luxesound.ca\/#website\"},\"primaryImageOfPage\":{\"@id\":\"https:\/\/luxesound.ca\/product\/moondrop-space-travel-2-wireless-earbuds\/#primaryimage\"},\"image\":{\"@id\":\"https:\/\/luxesound.ca\/product\/moondrop-space-travel-2-wireless-earbuds\/#primaryimage\"},\"thumbnailUrl\":\"https:\/\/luxesound.ca\/wp-content\/uploads\/2025\/09\/Moondrop-SPace-Travel-2-White-and-Orange-1.webp\",\"datePublished\":\"2025-09-23T18:26:54+00:00\",\"dateModified\":\"2026-05-06T21:07:47+00:00\",\"description\":\"Moondrop Space Travel 2 delivers HiFi sound, AI ANC, low-latency game mode, and all-day comfort in true wireless earbuds. Luxe Sound: Proudly Canadian!\",\"breadcrumb\":{\"@id\":\"https:\/\/luxesound.ca\/product\/moondrop-space-travel-2-wireless-earbuds\/#breadcrumb\"},\"inLanguage\":\"fr-qc\",\"potentialAction\":[{\"@type\":\"ReadAction\",\"target\":[\"https:\/\/luxesound.ca\/product\/moondrop-space-travel-2-wireless-earbuds\/\"]}]},{\"@type\":\"ImageObject\",\"inLanguage\":\"fr-qc\",\"@id\":\"https:\/\/luxesound.ca\/product\/moondrop-space-travel-2-wireless-earbuds\/#primaryimage\",\"url\":\"https:\/\/luxesound.ca\/wp-content\/uploads\/2025\/09\/Moondrop-SPace-Travel-2-White-and-Orange-1.webp\",\"contentUrl\":\"https:\/\/luxesound.ca\/wp-content\/uploads\/2025\/09\/Moondrop-SPace-Travel-2-White-and-Orange-1.webp\",\"width\":1200,\"height\":800,\"caption\":\"Moondrop Space travel 2 wireless earbuds on white background\"},{\"@type\":\"BreadcrumbList\",\"@id\":\"https:\/\/luxesound.ca\/product\/moondrop-space-travel-2-wireless-earbuds\/#breadcrumb\",\"itemListElement\":[{\"@type\":\"ListItem\",\"position\":1,\"name\":\"Home\",\"item\":\"https:\/\/luxesound.ca\/\"},{\"@type\":\"ListItem\",\"position\":2,\"name\":\"Products\",\"item\":\"https:\/\/luxesound.ca\/shop\/\"},{\"@type\":\"ListItem\",\"position\":3,\"name\":\"Moondrop Space Travel 2 Wireless Earbuds\"}]},{\"@type\":\"WebSite\",\"@id\":\"https:\/\/luxesound.ca\/#website\",\"url\":\"https:\/\/luxesound.ca\/\",\"name\":\"Luxe Sound\",\"description\":\"The Finest Headphones &amp; Speakers. Proudly Canadian.\",\"publisher\":{\"@id\":\"https:\/\/luxesound.ca\/#organization\"},\"potentialAction\":[{\"@type\":\"SearchAction\",\"target\":{\"@type\":\"EntryPoint\",\"urlTemplate\":\"https:\/\/luxesound.ca\/?s={search_term_string}\"},\"query-input\":{\"@type\":\"PropertyValueSpecification\",\"valueRequired\":true,\"valueName\":\"search_term_string\"}}],\"inLanguage\":\"fr-qc\"},{\"@type\":\"Organization\",\"@id\":\"https:\/\/luxesound.ca\/#organization\",\"name\":\"Luxe Sound\",\"url\":\"https:\/\/luxesound.ca\/\",\"logo\":{\"@type\":\"ImageObject\",\"inLanguage\":\"fr-qc\",\"@id\":\"https:\/\/luxesound.ca\/#\/schema\/logo\/image\/\",\"url\":\"https:\/\/luxesound.ca\/wp-content\/uploads\/2024\/08\/cropped-Luxe-white-on-green.png\",\"contentUrl\":\"https:\/\/luxesound.ca\/wp-content\/uploads\/2024\/08\/cropped-Luxe-white-on-green.png\",\"width\":512,\"height\":512,\"caption\":\"Luxe Sound\"},\"image\":{\"@id\":\"https:\/\/luxesound.ca\/#\/schema\/logo\/image\/\"},\"sameAs\":[\"https:\/\/www.facebook.com\/luxesound.ca\",\"https:\/\/www.instagram.com\/luxe.sound\/\"]}]}<\/script>\n<!-- \/ Yoast SEO plugin. -->","yoast_head_json":{"title":"Moondrop Space Travel 2 Wireless Earbuds - Luxe Sound","description":"Moondrop Space Travel 2 delivers HiFi sound, AI ANC, low-latency game mode, and all-day comfort in true wireless earbuds. Luxe Sound: Proudly Canadian!","robots":{"index":"index","follow":"follow","max-snippet":"max-snippet:-1","max-image-preview":"max-image-preview:large","max-video-preview":"max-video-preview:-1"},"canonical":"https:\/\/luxesound.ca\/fr\/product\/moondrop-space-travel-2-wireless-earbuds\/","og_locale":"fr_FR","og_type":"article","og_title":"Moondrop Space Travel 2 Wireless Earbuds - Luxe Sound","og_description":"Moondrop Space Travel 2 delivers HiFi sound, AI ANC, low-latency game mode, and all-day comfort in true wireless earbuds. Luxe Sound: Proudly Canadian!","og_url":"https:\/\/luxesound.ca\/fr\/product\/moondrop-space-travel-2-wireless-earbuds\/","og_site_name":"Luxe Sound","article_publisher":"https:\/\/www.facebook.com\/luxesound.ca","article_modified_time":"2026-05-06T21:07:47+00:00","og_image":[{"width":1200,"height":800,"url":"https:\/\/luxesound.ca\/wp-content\/uploads\/2025\/09\/Moondrop-SPace-Travel-2-White-and-Orange-1.webp","type":"image\/webp"}],"twitter_card":"summary_large_image","twitter_misc":{"Est. reading time":"1 minute"},"schema":{"@context":"https:\/\/schema.org","@graph":[{"@type":"WebPage","@id":"https:\/\/luxesound.ca\/product\/moondrop-space-travel-2-wireless-earbuds\/","url":"https:\/\/luxesound.ca\/product\/moondrop-space-travel-2-wireless-earbuds\/","name":"Moondrop Space Travel 2 Wireless Earbuds - Luxe Sound","isPartOf":{"@id":"https:\/\/luxesound.ca\/#website"},"primaryImageOfPage":{"@id":"https:\/\/luxesound.ca\/product\/moondrop-space-travel-2-wireless-earbuds\/#primaryimage"},"image":{"@id":"https:\/\/luxesound.ca\/product\/moondrop-space-travel-2-wireless-earbuds\/#primaryimage"},"thumbnailUrl":"https:\/\/luxesound.ca\/wp-content\/uploads\/2025\/09\/Moondrop-SPace-Travel-2-White-and-Orange-1.webp","datePublished":"2025-09-23T18:26:54+00:00","dateModified":"2026-05-06T21:07:47+00:00","description":"Moondrop Space Travel 2 delivers HiFi sound, AI ANC, low-latency game mode, and all-day comfort in true wireless earbuds. Luxe Sound: Proudly Canadian!","breadcrumb":{"@id":"https:\/\/luxesound.ca\/product\/moondrop-space-travel-2-wireless-earbuds\/#breadcrumb"},"inLanguage":"fr-qc","potentialAction":[{"@type":"ReadAction","target":["https:\/\/luxesound.ca\/product\/moondrop-space-travel-2-wireless-earbuds\/"]}]},{"@type":"ImageObject","inLanguage":"fr-qc","@id":"https:\/\/luxesound.ca\/product\/moondrop-space-travel-2-wireless-earbuds\/#primaryimage","url":"https:\/\/luxesound.ca\/wp-content\/uploads\/2025\/09\/Moondrop-SPace-Travel-2-White-and-Orange-1.webp","contentUrl":"https:\/\/luxesound.ca\/wp-content\/uploads\/2025\/09\/Moondrop-SPace-Travel-2-White-and-Orange-1.webp","width":1200,"height":800,"caption":"Moondrop Space travel 2 wireless earbuds on white background"},{"@type":"BreadcrumbList","@id":"https:\/\/luxesound.ca\/product\/moondrop-space-travel-2-wireless-earbuds\/#breadcrumb","itemListElement":[{"@type":"ListItem","position":1,"name":"Home","item":"https:\/\/luxesound.ca\/"},{"@type":"ListItem","position":2,"name":"Products","item":"https:\/\/luxesound.ca\/shop\/"},{"@type":"ListItem","position":3,"name":"Moondrop Space Travel 2 Wireless Earbuds"}]},{"@type":"WebSite","@id":"https:\/\/luxesound.ca\/#website","url":"https:\/\/luxesound.ca\/","name":"Son luxueux","description":"Les meilleurs \u00e9couteurs et haut-parleurs. Fi\u00e8rement canadiens.","publisher":{"@id":"https:\/\/luxesound.ca\/#organization"},"potentialAction":[{"@type":"SearchAction","target":{"@type":"EntryPoint","urlTemplate":"https:\/\/luxesound.ca\/?s={search_term_string}"},"query-input":{"@type":"PropertyValueSpecification","valueRequired":true,"valueName":"search_term_string"}}],"inLanguage":"fr-qc"},{"@type":"Organization","@id":"https:\/\/luxesound.ca\/#organization","name":"Son luxueux","url":"https:\/\/luxesound.ca\/","logo":{"@type":"ImageObject","inLanguage":"fr-qc","@id":"https:\/\/luxesound.ca\/#\/schema\/logo\/image\/","url":"https:\/\/luxesound.ca\/wp-content\/uploads\/2024\/08\/cropped-Luxe-white-on-green.png","contentUrl":"https:\/\/luxesound.ca\/wp-content\/uploads\/2024\/08\/cropped-Luxe-white-on-green.png","width":512,"height":512,"caption":"Luxe Sound"},"image":{"@id":"https:\/\/luxesound.ca\/#\/schema\/logo\/image\/"},"sameAs":["https:\/\/www.facebook.com\/luxesound.ca","https:\/\/www.instagram.com\/luxe.sound\/"]}]}},"_links":{"self":[{"href":"https:\/\/luxesound.ca\/fr\/wp-json\/wp\/v2\/product\/11861","targetHints":{"allow":["GET"]}}],"collection":[{"href":"https:\/\/luxesound.ca\/fr\/wp-json\/wp\/v2\/product"}],"about":[{"href":"https:\/\/luxesound.ca\/fr\/wp-json\/wp\/v2\/types\/product"}],"replies":[{"embeddable":true,"href":"https:\/\/luxesound.ca\/fr\/wp-json\/wp\/v2\/comments?post=11861"}],"version-history":[{"count":1,"href":"https:\/\/luxesound.ca\/fr\/wp-json\/wp\/v2\/product\/11861\/revisions"}],"predecessor-version":[{"id":11880,"href":"https:\/\/luxesound.ca\/fr\/wp-json\/wp\/v2\/product\/11861\/revisions\/11880"}],"wp:featuredmedia":[{"embeddable":true,"href":"https:\/\/luxesound.ca\/fr\/wp-json\/wp\/v2\/media\/11879"}],"wp:attachment":[{"href":"https:\/\/luxesound.ca\/fr\/wp-json\/wp\/v2\/media?parent=11861"}],"wp:term":[{"taxonomy":"product_brand","embeddable":true,"href":"https:\/\/luxesound.ca\/fr\/wp-json\/wp\/v2\/product_brand?post=11861"},{"taxonomy":"product_cat","embeddable":true,"href":"https:\/\/luxesound.ca\/fr\/wp-json\/wp\/v2\/product_cat?post=11861"},{"taxonomy":"product_tag","embeddable":true,"href":"https:\/\/luxesound.ca\/fr\/wp-json\/wp\/v2\/product_tag?post=11861"}],"curies":[{"name":"wp","href":"https:\/\/api.w.org\/{rel}","templated":true}]}}