{"id":11626,"date":"2025-07-11T10:27:06","date_gmt":"2025-07-11T14:27:06","guid":{"rendered":"https:\/\/luxesound.ca\/?post_type=product&#038;p=11626"},"modified":"2025-09-23T11:38:39","modified_gmt":"2025-09-23T15:38:39","slug":"sonos-ultimate-immersive-set-with-arc-ultra-sub-4-and-era-300","status":"publish","type":"product","link":"https:\/\/luxesound.ca\/fr\/product\/sonos-ultimate-immersive-set-with-arc-ultra-sub-4-and-era-300\/","title":{"rendered":"Ensemble immersif ultime Sonos avec Arc Ultra, Sub 4 et Era 300"},"content":{"rendered":"<p class=\"p1\">Donnez vie \u00e0 chaque sc\u00e8ne et \u00e0 chaque chanson avec le Sonos Ultimate Immersive Set\u00a0: un son surround immersif, un Dolby Atmos ultra-pr\u00e9cis et des basses profondes. Arc Ultra et Era 300 vous enveloppent de voix cristallines et d&#039;une s\u00e9paration st\u00e9r\u00e9o dynamique, tandis que Sub 4 vous offre des basses profondes. Configurez-le facilement avec l&#039;application Sonos, peaufinez votre syst\u00e8me avec Trueplay et diffusez vos morceaux pr\u00e9f\u00e9r\u00e9s en Wi-Fi et Bluetooth. Contr\u00f4lez le tout avec l&#039;application, la t\u00e9l\u00e9commande de votre t\u00e9l\u00e9viseur, AirPlay 2, Sonos Voice ou Alexa.<\/p>","protected":false},"excerpt":{"rendered":"<p>Donnez vie \u00e0 chaque sc\u00e8ne et \u00e0 chaque chanson avec le Sonos Ultimate Immersive Set\u00a0: un son surround immersif, un Dolby Atmos ultra-pr\u00e9cis et des basses profondes. Arc Ultra et Era 300 vous enveloppent de voix cristallines et d&#039;une s\u00e9paration st\u00e9r\u00e9o dynamique, tandis que Sub 4 vous offre des basses profondes. Configurez-le facilement avec l&#039;application Sonos, peaufinez votre syst\u00e8me avec Trueplay et diffusez vos morceaux pr\u00e9f\u00e9r\u00e9s en Wi-Fi et Bluetooth. Contr\u00f4lez le tout avec l&#039;application, la t\u00e9l\u00e9commande de votre t\u00e9l\u00e9viseur, AirPlay 2, Sonos Voice ou Alexa.<\/p>","protected":false},"featured_media":11628,"comment_status":"open","ping_status":"closed","template":"","meta":{"_acf_changed":false,"_mo_disable_npp":"","inline_featured_image":false},"product_brand":[750],"product_cat":[778,26],"product_tag":[],"class_list":{"0":"post-11626","1":"product","2":"type-product","3":"status-publish","4":"has-post-thumbnail","6":"product_brand-sonos","7":"product_cat-home-theatre-sets","8":"product_cat-sonos","10":"first","11":"instock","12":"sale","13":"virtual","14":"taxable","15":"purchasable","16":"product-type-bundle"},"bundled_by":[],"bundle_stock_status":"instock","bundle_stock_quantity":6,"bundle_virtual":false,"bundle_layout":"default","bundle_add_to_cart_form_location":"default","bundle_editable_in_cart":false,"bundle_sold_individually_context":"product","bundle_item_grouping":"parent","bundle_min_size":"","bundle_max_size":"","bundle_price":{"price":{"min":{"incl_tax":"4209.23","excl_tax":"3661"},"max":{"incl_tax":"4209.23","excl_tax":"3661"}},"regular_price":{"min":{"incl_tax":"4433.44","excl_tax":"3856"},"max":{"incl_tax":"4433.44","excl_tax":"3856"}}},"bundled_items":[{"bundled_item_id":42,"product_id":8537,"menu_order":0,"quantity_min":1,"quantity_max":1,"quantity_default":1,"priced_individually":false,"shipped_individually":false,"override_title":false,"title":"Barre de son Sonos Arc Ultra","override_description":true,"description":"","optional":false,"hide_thumbnail":false,"discount":"","override_variations":false,"allowed_variations":[],"override_default_variation_attributes":false,"default_variation_attributes":[],"single_product_visibility":"visible","cart_visibility":"visible","order_visibility":"visible","single_product_price_visibility":"visible","cart_price_visibility":"visible","order_price_visibility":"visible","stock_status":"in_stock"},{"bundled_item_id":43,"product_id":8784,"menu_order":1,"quantity_min":1,"quantity_max":1,"quantity_default":1,"priced_individually":false,"shipped_individually":false,"override_title":false,"title":"Sonos Sub 4 \u2013 Caisson de basses sans fil","override_description":true,"description":"","optional":false,"hide_thumbnail":false,"discount":"","override_variations":false,"allowed_variations":[],"override_default_variation_attributes":false,"default_variation_attributes":[],"single_product_visibility":"visible","cart_visibility":"visible","order_visibility":"visible","single_product_price_visibility":"visible","cart_price_visibility":"visible","order_price_visibility":"visible","stock_status":"in_stock"},{"bundled_item_id":44,"product_id":353,"menu_order":2,"quantity_min":2,"quantity_max":2,"quantity_default":2,"priced_individually":false,"shipped_individually":false,"override_title":false,"title":"Enceinte Sonos Era 300","override_description":true,"description":"","optional":false,"hide_thumbnail":false,"discount":"","override_variations":false,"allowed_variations":[],"override_default_variation_attributes":false,"default_variation_attributes":[],"single_product_visibility":"visible","cart_visibility":"visible","order_visibility":"visible","single_product_price_visibility":"visible","cart_price_visibility":"visible","order_price_visibility":"visible","stock_status":"in_stock"}],"bundle_sell_ids":[],"acf":[],"ct_brands":[{"id":750,"name":"Sonos","slug":"sonos"}],"yoast_head":"<!-- This site is optimized with the Yoast SEO plugin v27.2 - https:\/\/yoast.com\/product\/yoast-seo-wordpress\/ -->\n<title>Sonos Ultimate Immersive Set with Arc Ultra, Sub 4 and Era 300 - Luxe Sound<\/title>\n<meta name=\"description\" content=\"Elevate your home audio with the Sonos Ultimate Immersive Set featuring Arc Ultra, Sub 4, and Era 300 speakers. Free Shipping!\" \/>\n<meta name=\"robots\" content=\"index, follow, max-snippet:-1, max-image-preview:large, max-video-preview:-1\" \/>\n<link rel=\"canonical\" href=\"https:\/\/luxesound.ca\/fr\/product\/sonos-ultimate-immersive-set-with-arc-ultra-sub-4-and-era-300\/\" \/>\n<meta property=\"og:locale\" content=\"fr_FR\" \/>\n<meta property=\"og:type\" content=\"article\" \/>\n<meta property=\"og:title\" content=\"Sonos Ultimate Immersive Set with Arc Ultra, Sub 4 and Era 300 - Luxe Sound\" \/>\n<meta property=\"og:description\" content=\"Elevate your home audio with the Sonos Ultimate Immersive Set featuring Arc Ultra, Sub 4, and Era 300 speakers. Free Shipping!\" \/>\n<meta property=\"og:url\" content=\"https:\/\/luxesound.ca\/fr\/product\/sonos-ultimate-immersive-set-with-arc-ultra-sub-4-and-era-300\/\" \/>\n<meta property=\"og:site_name\" content=\"Luxe Sound\" \/>\n<meta property=\"article:publisher\" content=\"https:\/\/www.facebook.com\/luxesound.ca\" \/>\n<meta property=\"article:modified_time\" content=\"2025-09-23T15:38:39+00:00\" \/>\n<meta property=\"og:image\" content=\"https:\/\/luxesound.ca\/wp-content\/uploads\/2025\/07\/Ultimate-Immersive-arc-ultra-sub-4-era-300-black-1.webp\" \/>\n\t<meta property=\"og:image:width\" content=\"1200\" \/>\n\t<meta property=\"og:image:height\" content=\"800\" \/>\n\t<meta property=\"og:image:type\" content=\"image\/webp\" \/>\n<meta name=\"twitter:card\" content=\"summary_large_image\" \/>\n<meta name=\"twitter:label1\" content=\"Est. reading time\" \/>\n\t<meta name=\"twitter:data1\" content=\"1 minute\" \/>\n<script type=\"application\/ld+json\" class=\"yoast-schema-graph\">{\"@context\":\"https:\/\/schema.org\",\"@graph\":[{\"@type\":\"WebPage\",\"@id\":\"https:\/\/luxesound.ca\/product\/sonos-ultimate-immersive-set-with-arc-ultra-sub-4-and-era-300\/\",\"url\":\"https:\/\/luxesound.ca\/product\/sonos-ultimate-immersive-set-with-arc-ultra-sub-4-and-era-300\/\",\"name\":\"Sonos Ultimate Immersive Set with Arc Ultra, Sub 4 and Era 300 - Luxe Sound\",\"isPartOf\":{\"@id\":\"https:\/\/luxesound.ca\/#website\"},\"primaryImageOfPage\":{\"@id\":\"https:\/\/luxesound.ca\/product\/sonos-ultimate-immersive-set-with-arc-ultra-sub-4-and-era-300\/#primaryimage\"},\"image\":{\"@id\":\"https:\/\/luxesound.ca\/product\/sonos-ultimate-immersive-set-with-arc-ultra-sub-4-and-era-300\/#primaryimage\"},\"thumbnailUrl\":\"https:\/\/luxesound.ca\/wp-content\/uploads\/2025\/07\/Ultimate-Immersive-arc-ultra-sub-4-era-300-black-1.webp\",\"datePublished\":\"2025-07-11T14:27:06+00:00\",\"dateModified\":\"2025-09-23T15:38:39+00:00\",\"description\":\"Elevate your home audio with the Sonos Ultimate Immersive Set featuring Arc Ultra, Sub 4, and Era 300 speakers. Free Shipping!\",\"breadcrumb\":{\"@id\":\"https:\/\/luxesound.ca\/product\/sonos-ultimate-immersive-set-with-arc-ultra-sub-4-and-era-300\/#breadcrumb\"},\"inLanguage\":\"fr-qc\",\"potentialAction\":[{\"@type\":\"ReadAction\",\"target\":[\"https:\/\/luxesound.ca\/product\/sonos-ultimate-immersive-set-with-arc-ultra-sub-4-and-era-300\/\"]}]},{\"@type\":\"ImageObject\",\"inLanguage\":\"fr-qc\",\"@id\":\"https:\/\/luxesound.ca\/product\/sonos-ultimate-immersive-set-with-arc-ultra-sub-4-and-era-300\/#primaryimage\",\"url\":\"https:\/\/luxesound.ca\/wp-content\/uploads\/2025\/07\/Ultimate-Immersive-arc-ultra-sub-4-era-300-black-1.webp\",\"contentUrl\":\"https:\/\/luxesound.ca\/wp-content\/uploads\/2025\/07\/Ultimate-Immersive-arc-ultra-sub-4-era-300-black-1.webp\",\"width\":1200,\"height\":800},{\"@type\":\"BreadcrumbList\",\"@id\":\"https:\/\/luxesound.ca\/product\/sonos-ultimate-immersive-set-with-arc-ultra-sub-4-and-era-300\/#breadcrumb\",\"itemListElement\":[{\"@type\":\"ListItem\",\"position\":1,\"name\":\"Home\",\"item\":\"https:\/\/luxesound.ca\/\"},{\"@type\":\"ListItem\",\"position\":2,\"name\":\"Products\",\"item\":\"https:\/\/luxesound.ca\/shop\/\"},{\"@type\":\"ListItem\",\"position\":3,\"name\":\"Sonos Ultimate Immersive Set with Arc Ultra, Sub 4 and Era 300\"}]},{\"@type\":\"WebSite\",\"@id\":\"https:\/\/luxesound.ca\/#website\",\"url\":\"https:\/\/luxesound.ca\/\",\"name\":\"Luxe Sound\",\"description\":\"The Finest Headphones &amp; Speakers. Proudly Canadian.\",\"publisher\":{\"@id\":\"https:\/\/luxesound.ca\/#organization\"},\"potentialAction\":[{\"@type\":\"SearchAction\",\"target\":{\"@type\":\"EntryPoint\",\"urlTemplate\":\"https:\/\/luxesound.ca\/?s={search_term_string}\"},\"query-input\":{\"@type\":\"PropertyValueSpecification\",\"valueRequired\":true,\"valueName\":\"search_term_string\"}}],\"inLanguage\":\"fr-qc\"},{\"@type\":\"Organization\",\"@id\":\"https:\/\/luxesound.ca\/#organization\",\"name\":\"Luxe Sound\",\"url\":\"https:\/\/luxesound.ca\/\",\"logo\":{\"@type\":\"ImageObject\",\"inLanguage\":\"fr-qc\",\"@id\":\"https:\/\/luxesound.ca\/#\/schema\/logo\/image\/\",\"url\":\"https:\/\/luxesound.ca\/wp-content\/uploads\/2024\/08\/cropped-Luxe-white-on-green.png\",\"contentUrl\":\"https:\/\/luxesound.ca\/wp-content\/uploads\/2024\/08\/cropped-Luxe-white-on-green.png\",\"width\":512,\"height\":512,\"caption\":\"Luxe Sound\"},\"image\":{\"@id\":\"https:\/\/luxesound.ca\/#\/schema\/logo\/image\/\"},\"sameAs\":[\"https:\/\/www.facebook.com\/luxesound.ca\",\"https:\/\/www.instagram.com\/luxe.sound\/\"]}]}<\/script>\n<!-- \/ Yoast SEO plugin. -->","yoast_head_json":{"title":"Ensemble Sonos Ultimate Immersive avec Arc Ultra, Sub 4 et Era 300 - Luxe Sound","description":"Sublimez votre exp\u00e9rience audio \u00e0 domicile avec le kit Sonos Ultimate Immersive comprenant les enceintes Arc Ultra, Sub 4 et Era 300. Livraison gratuite\u00a0!","robots":{"index":"index","follow":"follow","max-snippet":"max-snippet:-1","max-image-preview":"max-image-preview:large","max-video-preview":"max-video-preview:-1"},"canonical":"https:\/\/luxesound.ca\/fr\/product\/sonos-ultimate-immersive-set-with-arc-ultra-sub-4-and-era-300\/","og_locale":"fr_FR","og_type":"article","og_title":"Sonos Ultimate Immersive Set with Arc Ultra, Sub 4 and Era 300 - Luxe Sound","og_description":"Elevate your home audio with the Sonos Ultimate Immersive Set featuring Arc Ultra, Sub 4, and Era 300 speakers. Free Shipping!","og_url":"https:\/\/luxesound.ca\/fr\/product\/sonos-ultimate-immersive-set-with-arc-ultra-sub-4-and-era-300\/","og_site_name":"Luxe Sound","article_publisher":"https:\/\/www.facebook.com\/luxesound.ca","article_modified_time":"2025-09-23T15:38:39+00:00","og_image":[{"width":1200,"height":800,"url":"https:\/\/luxesound.ca\/wp-content\/uploads\/2025\/07\/Ultimate-Immersive-arc-ultra-sub-4-era-300-black-1.webp","type":"image\/webp"}],"twitter_card":"summary_large_image","twitter_misc":{"Est. reading time":"1 minute"},"schema":{"@context":"https:\/\/schema.org","@graph":[{"@type":"WebPage","@id":"https:\/\/luxesound.ca\/product\/sonos-ultimate-immersive-set-with-arc-ultra-sub-4-and-era-300\/","url":"https:\/\/luxesound.ca\/product\/sonos-ultimate-immersive-set-with-arc-ultra-sub-4-and-era-300\/","name":"Ensemble Sonos Ultimate Immersive avec Arc Ultra, Sub 4 et Era 300 - Luxe Sound","isPartOf":{"@id":"https:\/\/luxesound.ca\/#website"},"primaryImageOfPage":{"@id":"https:\/\/luxesound.ca\/product\/sonos-ultimate-immersive-set-with-arc-ultra-sub-4-and-era-300\/#primaryimage"},"image":{"@id":"https:\/\/luxesound.ca\/product\/sonos-ultimate-immersive-set-with-arc-ultra-sub-4-and-era-300\/#primaryimage"},"thumbnailUrl":"https:\/\/luxesound.ca\/wp-content\/uploads\/2025\/07\/Ultimate-Immersive-arc-ultra-sub-4-era-300-black-1.webp","datePublished":"2025-07-11T14:27:06+00:00","dateModified":"2025-09-23T15:38:39+00:00","description":"Sublimez votre exp\u00e9rience audio \u00e0 domicile avec le kit Sonos Ultimate Immersive comprenant les enceintes Arc Ultra, Sub 4 et Era 300. Livraison gratuite\u00a0!","breadcrumb":{"@id":"https:\/\/luxesound.ca\/product\/sonos-ultimate-immersive-set-with-arc-ultra-sub-4-and-era-300\/#breadcrumb"},"inLanguage":"fr-qc","potentialAction":[{"@type":"ReadAction","target":["https:\/\/luxesound.ca\/product\/sonos-ultimate-immersive-set-with-arc-ultra-sub-4-and-era-300\/"]}]},{"@type":"ImageObject","inLanguage":"fr-qc","@id":"https:\/\/luxesound.ca\/product\/sonos-ultimate-immersive-set-with-arc-ultra-sub-4-and-era-300\/#primaryimage","url":"https:\/\/luxesound.ca\/wp-content\/uploads\/2025\/07\/Ultimate-Immersive-arc-ultra-sub-4-era-300-black-1.webp","contentUrl":"https:\/\/luxesound.ca\/wp-content\/uploads\/2025\/07\/Ultimate-Immersive-arc-ultra-sub-4-era-300-black-1.webp","width":1200,"height":800},{"@type":"BreadcrumbList","@id":"https:\/\/luxesound.ca\/product\/sonos-ultimate-immersive-set-with-arc-ultra-sub-4-and-era-300\/#breadcrumb","itemListElement":[{"@type":"ListItem","position":1,"name":"Home","item":"https:\/\/luxesound.ca\/"},{"@type":"ListItem","position":2,"name":"Products","item":"https:\/\/luxesound.ca\/shop\/"},{"@type":"ListItem","position":3,"name":"Sonos Ultimate Immersive Set with Arc Ultra, Sub 4 and Era 300"}]},{"@type":"WebSite","@id":"https:\/\/luxesound.ca\/#website","url":"https:\/\/luxesound.ca\/","name":"Son luxueux","description":"Les meilleurs \u00e9couteurs et haut-parleurs. Fi\u00e8rement canadiens.","publisher":{"@id":"https:\/\/luxesound.ca\/#organization"},"potentialAction":[{"@type":"SearchAction","target":{"@type":"EntryPoint","urlTemplate":"https:\/\/luxesound.ca\/?s={search_term_string}"},"query-input":{"@type":"PropertyValueSpecification","valueRequired":true,"valueName":"search_term_string"}}],"inLanguage":"fr-qc"},{"@type":"Organization","@id":"https:\/\/luxesound.ca\/#organization","name":"Son luxueux","url":"https:\/\/luxesound.ca\/","logo":{"@type":"ImageObject","inLanguage":"fr-qc","@id":"https:\/\/luxesound.ca\/#\/schema\/logo\/image\/","url":"https:\/\/luxesound.ca\/wp-content\/uploads\/2024\/08\/cropped-Luxe-white-on-green.png","contentUrl":"https:\/\/luxesound.ca\/wp-content\/uploads\/2024\/08\/cropped-Luxe-white-on-green.png","width":512,"height":512,"caption":"Luxe Sound"},"image":{"@id":"https:\/\/luxesound.ca\/#\/schema\/logo\/image\/"},"sameAs":["https:\/\/www.facebook.com\/luxesound.ca","https:\/\/www.instagram.com\/luxe.sound\/"]}]}},"_links":{"self":[{"href":"https:\/\/luxesound.ca\/fr\/wp-json\/wp\/v2\/product\/11626","targetHints":{"allow":["GET"]}}],"collection":[{"href":"https:\/\/luxesound.ca\/fr\/wp-json\/wp\/v2\/product"}],"about":[{"href":"https:\/\/luxesound.ca\/fr\/wp-json\/wp\/v2\/types\/product"}],"replies":[{"embeddable":true,"href":"https:\/\/luxesound.ca\/fr\/wp-json\/wp\/v2\/comments?post=11626"}],"version-history":[{"count":1,"href":"https:\/\/luxesound.ca\/fr\/wp-json\/wp\/v2\/product\/11626\/revisions"}],"predecessor-version":[{"id":11630,"href":"https:\/\/luxesound.ca\/fr\/wp-json\/wp\/v2\/product\/11626\/revisions\/11630"}],"wp:featuredmedia":[{"embeddable":true,"href":"https:\/\/luxesound.ca\/fr\/wp-json\/wp\/v2\/media\/11628"}],"wp:attachment":[{"href":"https:\/\/luxesound.ca\/fr\/wp-json\/wp\/v2\/media?parent=11626"}],"wp:term":[{"taxonomy":"product_brand","embeddable":true,"href":"https:\/\/luxesound.ca\/fr\/wp-json\/wp\/v2\/product_brand?post=11626"},{"taxonomy":"product_cat","embeddable":true,"href":"https:\/\/luxesound.ca\/fr\/wp-json\/wp\/v2\/product_cat?post=11626"},{"taxonomy":"product_tag","embeddable":true,"href":"https:\/\/luxesound.ca\/fr\/wp-json\/wp\/v2\/product_tag?post=11626"}],"curies":[{"name":"wp","href":"https:\/\/api.w.org\/{rel}","templated":true}]}}