{"id":11486,"date":"2025-06-25T13:46:57","date_gmt":"2025-06-25T17:46:57","guid":{"rendered":"https:\/\/luxesound.ca\/?post_type=product&#038;p=11486"},"modified":"2026-05-02T14:10:50","modified_gmt":"2026-05-02T18:10:50","slug":"moondrop-rays-gaming-earbuds","status":"publish","type":"product","link":"https:\/\/luxesound.ca\/fr\/product\/moondrop-rays-gaming-earbuds\/","title":{"rendered":"\u00c9couteurs de jeu Moondrop Rays"},"content":{"rendered":"<p class=\"p1\">Les Moondrop Rays sont des \u00e9couteurs intra-auriculaires hybrides con\u00e7us pour une exp\u00e9rience de jeu immersive et une \u00e9coute musicale d\u00e9taill\u00e9e. Dot\u00e9s d&#039;un transducteur dynamique et d&#039;un transducteur magn\u00e9tique microplanaire personnalis\u00e9, les Rays offrent des basses puissantes, des m\u00e9diums nets et des aigus \u00e9tendus. Leur coque m\u00e9tallique ergonomique, leur c\u00e2ble amovible \u00e0 2 broches de 0,78 mm et leur r\u00e9glage \u00e9quilibr\u00e9 en font un choix haut de gamme pour les joueurs et les passionn\u00e9s d&#039;audio.<\/p>","protected":false},"excerpt":{"rendered":"<p class=\"p1\">Les Moondrop Rays sont des \u00e9couteurs intra-auriculaires hybrides con\u00e7us pour une exp\u00e9rience de jeu immersive et une \u00e9coute musicale d\u00e9taill\u00e9e. Dot\u00e9s d&#039;un transducteur dynamique et d&#039;un transducteur magn\u00e9tique microplanaire personnalis\u00e9, les Rays offrent des basses puissantes, des m\u00e9diums nets et des aigus \u00e9tendus. Leur coque m\u00e9tallique ergonomique, leur c\u00e2ble amovible \u00e0 2 broches de 0,78 mm et leur r\u00e9glage \u00e9quilibr\u00e9 en font un choix haut de gamme pour les joueurs et les passionn\u00e9s d&#039;audio.<\/p>","protected":false},"featured_media":11490,"comment_status":"open","ping_status":"closed","template":"","meta":{"_acf_changed":false,"_mo_disable_npp":"","inline_featured_image":false},"product_brand":[753],"product_cat":[892,145,932,732,896,820,931],"product_tag":[694],"class_list":{"0":"post-11486","1":"product","2":"type-product","3":"status-publish","4":"has-post-thumbnail","6":"product_brand-moondrop","7":"product_cat-chifi","8":"product_cat-earbuds","9":"product_cat-in-ear-monitors","10":"product_cat-moondrop","11":"product_cat-moondrop-iems","12":"product_cat-new-arrivals-category","13":"product_cat-wired-earbuds","14":"product_tag-colourful","15":"pa_colour-oil-slick","17":"first","18":"instock","19":"taxable","20":"shipping-taxable","21":"purchasable","22":"product-type-variable","23":"has-default-attributes"},"bundled_by":[],"bundle_stock_status":"instock","bundle_stock_quantity":null,"bundle_virtual":false,"bundle_layout":"","bundle_add_to_cart_form_location":"","bundle_editable_in_cart":false,"bundle_sold_individually_context":"","bundle_item_grouping":"","bundle_min_size":"","bundle_max_size":"","bundle_price":[],"bundled_items":[],"bundle_sell_ids":[],"acf":[],"ct_brands":[{"id":753,"name":"Goutte de lune","slug":"moondrop"}],"yoast_head":"<!-- This site is optimized with the Yoast SEO plugin v27.2 - https:\/\/yoast.com\/product\/yoast-seo-wordpress\/ -->\n<title>Moondrop Rays Gaming Earbuds - Luxe Sound<\/title>\n<meta name=\"description\" content=\"Level up your audio with Moondrop Rays gaming earbuds with planar + dynamic drivers for immersive, detailed sound. Free Shipping!\" \/>\n<meta name=\"robots\" content=\"index, follow, max-snippet:-1, max-image-preview:large, max-video-preview:-1\" \/>\n<link rel=\"canonical\" href=\"https:\/\/luxesound.ca\/fr\/product\/moondrop-rays-gaming-earbuds\/\" \/>\n<meta property=\"og:locale\" content=\"fr_FR\" \/>\n<meta property=\"og:type\" content=\"article\" \/>\n<meta property=\"og:title\" content=\"Moondrop Rays Gaming Earbuds - Luxe Sound\" \/>\n<meta property=\"og:description\" content=\"Level up your audio with Moondrop Rays gaming earbuds with planar + dynamic drivers for immersive, detailed sound. Free Shipping!\" \/>\n<meta property=\"og:url\" content=\"https:\/\/luxesound.ca\/fr\/product\/moondrop-rays-gaming-earbuds\/\" \/>\n<meta property=\"og:site_name\" content=\"Luxe Sound\" \/>\n<meta property=\"article:publisher\" content=\"https:\/\/www.facebook.com\/luxesound.ca\" \/>\n<meta property=\"article:modified_time\" content=\"2026-05-02T18:10:50+00:00\" \/>\n<meta property=\"og:image\" content=\"https:\/\/luxesound.ca\/wp-content\/uploads\/2025\/06\/Moondrop-Rays-Gaming-Earbuds-1.webp\" \/>\n\t<meta property=\"og:image:width\" content=\"1200\" \/>\n\t<meta property=\"og:image:height\" content=\"800\" \/>\n\t<meta property=\"og:image:type\" content=\"image\/webp\" \/>\n<meta name=\"twitter:card\" content=\"summary_large_image\" \/>\n<meta name=\"twitter:label1\" content=\"Est. reading time\" \/>\n\t<meta name=\"twitter:data1\" content=\"1 minute\" \/>\n<script type=\"application\/ld+json\" class=\"yoast-schema-graph\">{\"@context\":\"https:\/\/schema.org\",\"@graph\":[{\"@type\":\"WebPage\",\"@id\":\"https:\/\/luxesound.ca\/product\/moondrop-rays-gaming-earbuds\/\",\"url\":\"https:\/\/luxesound.ca\/product\/moondrop-rays-gaming-earbuds\/\",\"name\":\"Moondrop Rays Gaming Earbuds - Luxe Sound\",\"isPartOf\":{\"@id\":\"https:\/\/luxesound.ca\/#website\"},\"primaryImageOfPage\":{\"@id\":\"https:\/\/luxesound.ca\/product\/moondrop-rays-gaming-earbuds\/#primaryimage\"},\"image\":{\"@id\":\"https:\/\/luxesound.ca\/product\/moondrop-rays-gaming-earbuds\/#primaryimage\"},\"thumbnailUrl\":\"https:\/\/luxesound.ca\/wp-content\/uploads\/2025\/06\/Moondrop-Rays-Gaming-Earbuds-1.webp\",\"datePublished\":\"2025-06-25T17:46:57+00:00\",\"dateModified\":\"2026-05-02T18:10:50+00:00\",\"description\":\"Level up your audio with Moondrop Rays gaming earbuds with planar + dynamic drivers for immersive, detailed sound. Free Shipping!\",\"breadcrumb\":{\"@id\":\"https:\/\/luxesound.ca\/product\/moondrop-rays-gaming-earbuds\/#breadcrumb\"},\"inLanguage\":\"fr-qc\",\"potentialAction\":[{\"@type\":\"ReadAction\",\"target\":[\"https:\/\/luxesound.ca\/product\/moondrop-rays-gaming-earbuds\/\"]}]},{\"@type\":\"ImageObject\",\"inLanguage\":\"fr-qc\",\"@id\":\"https:\/\/luxesound.ca\/product\/moondrop-rays-gaming-earbuds\/#primaryimage\",\"url\":\"https:\/\/luxesound.ca\/wp-content\/uploads\/2025\/06\/Moondrop-Rays-Gaming-Earbuds-1.webp\",\"contentUrl\":\"https:\/\/luxesound.ca\/wp-content\/uploads\/2025\/06\/Moondrop-Rays-Gaming-Earbuds-1.webp\",\"width\":1200,\"height\":800,\"caption\":\"Moondrop Rays Gaming earbuds product photo on white background\"},{\"@type\":\"BreadcrumbList\",\"@id\":\"https:\/\/luxesound.ca\/product\/moondrop-rays-gaming-earbuds\/#breadcrumb\",\"itemListElement\":[{\"@type\":\"ListItem\",\"position\":1,\"name\":\"Home\",\"item\":\"https:\/\/luxesound.ca\/\"},{\"@type\":\"ListItem\",\"position\":2,\"name\":\"Products\",\"item\":\"https:\/\/luxesound.ca\/shop\/\"},{\"@type\":\"ListItem\",\"position\":3,\"name\":\"Moondrop Rays Gaming Earbuds\"}]},{\"@type\":\"WebSite\",\"@id\":\"https:\/\/luxesound.ca\/#website\",\"url\":\"https:\/\/luxesound.ca\/\",\"name\":\"Luxe Sound\",\"description\":\"The Finest Headphones &amp; Speakers. Proudly Canadian.\",\"publisher\":{\"@id\":\"https:\/\/luxesound.ca\/#organization\"},\"potentialAction\":[{\"@type\":\"SearchAction\",\"target\":{\"@type\":\"EntryPoint\",\"urlTemplate\":\"https:\/\/luxesound.ca\/?s={search_term_string}\"},\"query-input\":{\"@type\":\"PropertyValueSpecification\",\"valueRequired\":true,\"valueName\":\"search_term_string\"}}],\"inLanguage\":\"fr-qc\"},{\"@type\":\"Organization\",\"@id\":\"https:\/\/luxesound.ca\/#organization\",\"name\":\"Luxe Sound\",\"url\":\"https:\/\/luxesound.ca\/\",\"logo\":{\"@type\":\"ImageObject\",\"inLanguage\":\"fr-qc\",\"@id\":\"https:\/\/luxesound.ca\/#\/schema\/logo\/image\/\",\"url\":\"https:\/\/luxesound.ca\/wp-content\/uploads\/2024\/08\/cropped-Luxe-white-on-green.png\",\"contentUrl\":\"https:\/\/luxesound.ca\/wp-content\/uploads\/2024\/08\/cropped-Luxe-white-on-green.png\",\"width\":512,\"height\":512,\"caption\":\"Luxe Sound\"},\"image\":{\"@id\":\"https:\/\/luxesound.ca\/#\/schema\/logo\/image\/\"},\"sameAs\":[\"https:\/\/www.facebook.com\/luxesound.ca\",\"https:\/\/www.instagram.com\/luxe.sound\/\"]}]}<\/script>\n<!-- \/ Yoast SEO plugin. -->","yoast_head_json":{"title":"Moondrop Rays Gaming Earbuds - Luxe Sound","description":"Level up your audio with Moondrop Rays gaming earbuds with planar + dynamic drivers for immersive, detailed sound. Free Shipping!","robots":{"index":"index","follow":"follow","max-snippet":"max-snippet:-1","max-image-preview":"max-image-preview:large","max-video-preview":"max-video-preview:-1"},"canonical":"https:\/\/luxesound.ca\/fr\/product\/moondrop-rays-gaming-earbuds\/","og_locale":"fr_FR","og_type":"article","og_title":"Moondrop Rays Gaming Earbuds - Luxe Sound","og_description":"Level up your audio with Moondrop Rays gaming earbuds with planar + dynamic drivers for immersive, detailed sound. Free Shipping!","og_url":"https:\/\/luxesound.ca\/fr\/product\/moondrop-rays-gaming-earbuds\/","og_site_name":"Luxe Sound","article_publisher":"https:\/\/www.facebook.com\/luxesound.ca","article_modified_time":"2026-05-02T18:10:50+00:00","og_image":[{"width":1200,"height":800,"url":"https:\/\/luxesound.ca\/wp-content\/uploads\/2025\/06\/Moondrop-Rays-Gaming-Earbuds-1.webp","type":"image\/webp"}],"twitter_card":"summary_large_image","twitter_misc":{"Est. reading time":"1 minute"},"schema":{"@context":"https:\/\/schema.org","@graph":[{"@type":"WebPage","@id":"https:\/\/luxesound.ca\/product\/moondrop-rays-gaming-earbuds\/","url":"https:\/\/luxesound.ca\/product\/moondrop-rays-gaming-earbuds\/","name":"Moondrop Rays Gaming Earbuds - Luxe Sound","isPartOf":{"@id":"https:\/\/luxesound.ca\/#website"},"primaryImageOfPage":{"@id":"https:\/\/luxesound.ca\/product\/moondrop-rays-gaming-earbuds\/#primaryimage"},"image":{"@id":"https:\/\/luxesound.ca\/product\/moondrop-rays-gaming-earbuds\/#primaryimage"},"thumbnailUrl":"https:\/\/luxesound.ca\/wp-content\/uploads\/2025\/06\/Moondrop-Rays-Gaming-Earbuds-1.webp","datePublished":"2025-06-25T17:46:57+00:00","dateModified":"2026-05-02T18:10:50+00:00","description":"Level up your audio with Moondrop Rays gaming earbuds with planar + dynamic drivers for immersive, detailed sound. Free Shipping!","breadcrumb":{"@id":"https:\/\/luxesound.ca\/product\/moondrop-rays-gaming-earbuds\/#breadcrumb"},"inLanguage":"fr-qc","potentialAction":[{"@type":"ReadAction","target":["https:\/\/luxesound.ca\/product\/moondrop-rays-gaming-earbuds\/"]}]},{"@type":"ImageObject","inLanguage":"fr-qc","@id":"https:\/\/luxesound.ca\/product\/moondrop-rays-gaming-earbuds\/#primaryimage","url":"https:\/\/luxesound.ca\/wp-content\/uploads\/2025\/06\/Moondrop-Rays-Gaming-Earbuds-1.webp","contentUrl":"https:\/\/luxesound.ca\/wp-content\/uploads\/2025\/06\/Moondrop-Rays-Gaming-Earbuds-1.webp","width":1200,"height":800,"caption":"Moondrop Rays Gaming earbuds product photo on white background"},{"@type":"BreadcrumbList","@id":"https:\/\/luxesound.ca\/product\/moondrop-rays-gaming-earbuds\/#breadcrumb","itemListElement":[{"@type":"ListItem","position":1,"name":"Home","item":"https:\/\/luxesound.ca\/"},{"@type":"ListItem","position":2,"name":"Products","item":"https:\/\/luxesound.ca\/shop\/"},{"@type":"ListItem","position":3,"name":"Moondrop Rays Gaming Earbuds"}]},{"@type":"WebSite","@id":"https:\/\/luxesound.ca\/#website","url":"https:\/\/luxesound.ca\/","name":"Son luxueux","description":"Les meilleurs \u00e9couteurs et haut-parleurs. Fi\u00e8rement canadiens.","publisher":{"@id":"https:\/\/luxesound.ca\/#organization"},"potentialAction":[{"@type":"SearchAction","target":{"@type":"EntryPoint","urlTemplate":"https:\/\/luxesound.ca\/?s={search_term_string}"},"query-input":{"@type":"PropertyValueSpecification","valueRequired":true,"valueName":"search_term_string"}}],"inLanguage":"fr-qc"},{"@type":"Organization","@id":"https:\/\/luxesound.ca\/#organization","name":"Son luxueux","url":"https:\/\/luxesound.ca\/","logo":{"@type":"ImageObject","inLanguage":"fr-qc","@id":"https:\/\/luxesound.ca\/#\/schema\/logo\/image\/","url":"https:\/\/luxesound.ca\/wp-content\/uploads\/2024\/08\/cropped-Luxe-white-on-green.png","contentUrl":"https:\/\/luxesound.ca\/wp-content\/uploads\/2024\/08\/cropped-Luxe-white-on-green.png","width":512,"height":512,"caption":"Luxe Sound"},"image":{"@id":"https:\/\/luxesound.ca\/#\/schema\/logo\/image\/"},"sameAs":["https:\/\/www.facebook.com\/luxesound.ca","https:\/\/www.instagram.com\/luxe.sound\/"]}]}},"_links":{"self":[{"href":"https:\/\/luxesound.ca\/fr\/wp-json\/wp\/v2\/product\/11486","targetHints":{"allow":["GET"]}}],"collection":[{"href":"https:\/\/luxesound.ca\/fr\/wp-json\/wp\/v2\/product"}],"about":[{"href":"https:\/\/luxesound.ca\/fr\/wp-json\/wp\/v2\/types\/product"}],"replies":[{"embeddable":true,"href":"https:\/\/luxesound.ca\/fr\/wp-json\/wp\/v2\/comments?post=11486"}],"version-history":[{"count":1,"href":"https:\/\/luxesound.ca\/fr\/wp-json\/wp\/v2\/product\/11486\/revisions"}],"predecessor-version":[{"id":11499,"href":"https:\/\/luxesound.ca\/fr\/wp-json\/wp\/v2\/product\/11486\/revisions\/11499"}],"wp:featuredmedia":[{"embeddable":true,"href":"https:\/\/luxesound.ca\/fr\/wp-json\/wp\/v2\/media\/11490"}],"wp:attachment":[{"href":"https:\/\/luxesound.ca\/fr\/wp-json\/wp\/v2\/media?parent=11486"}],"wp:term":[{"taxonomy":"product_brand","embeddable":true,"href":"https:\/\/luxesound.ca\/fr\/wp-json\/wp\/v2\/product_brand?post=11486"},{"taxonomy":"product_cat","embeddable":true,"href":"https:\/\/luxesound.ca\/fr\/wp-json\/wp\/v2\/product_cat?post=11486"},{"taxonomy":"product_tag","embeddable":true,"href":"https:\/\/luxesound.ca\/fr\/wp-json\/wp\/v2\/product_tag?post=11486"}],"curies":[{"name":"wp","href":"https:\/\/api.w.org\/{rel}","templated":true}]}}