{"id":11414,"date":"2025-06-25T11:14:11","date_gmt":"2025-06-25T15:14:11","guid":{"rendered":"https:\/\/luxesound.ca\/?post_type=product&#038;p=11414"},"modified":"2026-04-20T15:12:40","modified_gmt":"2026-04-20T19:12:40","slug":"truthear-x-crinacle-zero-blue-2-earbuds","status":"publish","type":"product","link":"https:\/\/luxesound.ca\/fr\/product\/truthear-x-crinacle-zero-blue-2-earbuds\/","title":{"rendered":"\u00c9couteurs Truthear x Crinacle Zero Blue 2"},"content":{"rendered":"<p class=\"p1\">Le Truthear x Crinacle Zero Blue 2 est un \u00e9couteur intra-auriculaire \u00e0 double haut-parleur dynamique dot\u00e9 d&#039;un haut-parleur de graves de 10 mm avec suspension en silicone solide et d&#039;un diaphragme en polym\u00e8re \u00e0 cristaux liquides (LCP) de 7,8 mm pour des m\u00e9diums et des aigus nets. Dot\u00e9 d&#039;aimants plus grands et de structures de haut-parleur repens\u00e9es, il offre des basses plus profondes et plus percutantes, ainsi que des d\u00e9tails aigus am\u00e9lior\u00e9s et une distorsion incroyablement faible. Fabriqu\u00e9 avec des coques imprim\u00e9es en 3D DLP de pr\u00e9cision et un syst\u00e8me de filtrage hybride pour une phase \u00e9quilibr\u00e9e et une sc\u00e8ne sonore pr\u00e9cise, le ZERO:BLUE2 offre une exp\u00e9rience d&#039;\u00e9coute dynamique et raffin\u00e9e. Dot\u00e9 d&#039;un c\u00e2ble coaxial plaqu\u00e9 argent am\u00e9lior\u00e9, il allie performances sonores haut de gamme et confort longue dur\u00e9e.<\/p>","protected":false},"excerpt":{"rendered":"<p>Le Truthear x Crinacle Zero Blue 2 est un \u00e9couteur intra-auriculaire \u00e0 double haut-parleur dynamique dot\u00e9 d&#039;un haut-parleur de graves de 10 mm avec suspension en silicone solide et d&#039;un diaphragme en polym\u00e8re \u00e0 cristaux liquides (LCP) de 7,8 mm pour des m\u00e9diums et des aigus nets. Dot\u00e9 d&#039;aimants plus grands et de structures de haut-parleur repens\u00e9es, il offre des basses plus profondes et plus percutantes, ainsi que des d\u00e9tails aigus am\u00e9lior\u00e9s et une distorsion incroyablement faible. Fabriqu\u00e9 avec des coques imprim\u00e9es en 3D DLP de pr\u00e9cision et un syst\u00e8me de filtrage hybride pour une phase \u00e9quilibr\u00e9e et une sc\u00e8ne sonore pr\u00e9cise, le ZERO:BLUE2 offre une exp\u00e9rience d&#039;\u00e9coute dynamique et raffin\u00e9e. Dot\u00e9 d&#039;un c\u00e2ble coaxial plaqu\u00e9 argent am\u00e9lior\u00e9, il allie performances sonores haut de gamme et confort longue dur\u00e9e.<\/p>","protected":false},"featured_media":11417,"comment_status":"open","ping_status":"closed","template":"","meta":{"_acf_changed":false,"_mo_disable_npp":"","inline_featured_image":false},"product_brand":[817],"product_cat":[892,145,932,818,931],"product_tag":[],"class_list":{"0":"post-11414","1":"product","2":"type-product","3":"status-publish","4":"has-post-thumbnail","6":"product_brand-truthear","7":"product_cat-chifi","8":"product_cat-earbuds","9":"product_cat-in-ear-monitors","10":"product_cat-truthear","11":"product_cat-wired-earbuds","12":"pa_colour-cobalt-blue","14":"first","15":"instock","16":"taxable","17":"shipping-taxable","18":"purchasable","19":"product-type-variable","20":"has-default-attributes"},"bundled_by":[],"bundle_stock_status":"instock","bundle_stock_quantity":null,"bundle_virtual":false,"bundle_layout":"","bundle_add_to_cart_form_location":"","bundle_editable_in_cart":false,"bundle_sold_individually_context":"","bundle_item_grouping":"","bundle_min_size":"","bundle_max_size":"","bundle_price":[],"bundled_items":[],"bundle_sell_ids":[],"acf":[],"ct_brands":[{"id":817,"name":"Oreille de v\u00e9rit\u00e9","slug":"truthear"}],"yoast_head":"<!-- This site is optimized with the Yoast SEO plugin v27.2 - https:\/\/yoast.com\/product\/yoast-seo-wordpress\/ -->\n<title>Truthear x Crinacle Zero Blue 2 Earbuds - Luxe Sound<\/title>\n<meta name=\"description\" content=\"Discover the Truthear x Crinacle Zero: BLUE2 IEMs with dual dynamic drivers, upgraded tuning, and premium build quality. Free Shipping!\" \/>\n<meta name=\"robots\" content=\"index, follow, max-snippet:-1, max-image-preview:large, max-video-preview:-1\" \/>\n<link rel=\"canonical\" href=\"https:\/\/luxesound.ca\/fr\/product\/truthear-x-crinacle-zero-blue-2-earbuds\/\" \/>\n<meta property=\"og:locale\" content=\"fr_FR\" \/>\n<meta property=\"og:type\" content=\"article\" \/>\n<meta property=\"og:title\" content=\"Truthear x Crinacle Zero Blue 2 Earbuds - Luxe Sound\" \/>\n<meta property=\"og:description\" content=\"Discover the Truthear x Crinacle Zero: BLUE2 IEMs with dual dynamic drivers, upgraded tuning, and premium build quality. Free Shipping!\" \/>\n<meta property=\"og:url\" content=\"https:\/\/luxesound.ca\/fr\/product\/truthear-x-crinacle-zero-blue-2-earbuds\/\" \/>\n<meta property=\"og:site_name\" content=\"Luxe Sound\" \/>\n<meta property=\"article:publisher\" content=\"https:\/\/www.facebook.com\/luxesound.ca\" \/>\n<meta property=\"article:modified_time\" content=\"2026-04-20T19:12:40+00:00\" \/>\n<meta property=\"og:image\" content=\"https:\/\/luxesound.ca\/wp-content\/uploads\/2025\/06\/Truthear-Crinacle-Zero-Blue-2-No-Mic-1.webp\" \/>\n\t<meta property=\"og:image:width\" content=\"1200\" \/>\n\t<meta property=\"og:image:height\" content=\"800\" \/>\n\t<meta property=\"og:image:type\" content=\"image\/webp\" \/>\n<meta name=\"twitter:card\" content=\"summary_large_image\" \/>\n<meta name=\"twitter:label1\" content=\"Est. reading time\" \/>\n\t<meta name=\"twitter:data1\" content=\"1 minute\" \/>\n<script type=\"application\/ld+json\" class=\"yoast-schema-graph\">{\"@context\":\"https:\/\/schema.org\",\"@graph\":[{\"@type\":\"WebPage\",\"@id\":\"https:\/\/luxesound.ca\/product\/truthear-x-crinacle-zero-blue-2-earbuds\/\",\"url\":\"https:\/\/luxesound.ca\/product\/truthear-x-crinacle-zero-blue-2-earbuds\/\",\"name\":\"Truthear x Crinacle Zero Blue 2 Earbuds - Luxe Sound\",\"isPartOf\":{\"@id\":\"https:\/\/luxesound.ca\/#website\"},\"primaryImageOfPage\":{\"@id\":\"https:\/\/luxesound.ca\/product\/truthear-x-crinacle-zero-blue-2-earbuds\/#primaryimage\"},\"image\":{\"@id\":\"https:\/\/luxesound.ca\/product\/truthear-x-crinacle-zero-blue-2-earbuds\/#primaryimage\"},\"thumbnailUrl\":\"https:\/\/luxesound.ca\/wp-content\/uploads\/2025\/06\/Truthear-Crinacle-Zero-Blue-2-No-Mic-1.webp\",\"datePublished\":\"2025-06-25T15:14:11+00:00\",\"dateModified\":\"2026-04-20T19:12:40+00:00\",\"description\":\"Discover the Truthear x Crinacle Zero: BLUE2 IEMs with dual dynamic drivers, upgraded tuning, and premium build quality. Free Shipping!\",\"breadcrumb\":{\"@id\":\"https:\/\/luxesound.ca\/product\/truthear-x-crinacle-zero-blue-2-earbuds\/#breadcrumb\"},\"inLanguage\":\"fr-qc\",\"potentialAction\":[{\"@type\":\"ReadAction\",\"target\":[\"https:\/\/luxesound.ca\/product\/truthear-x-crinacle-zero-blue-2-earbuds\/\"]}]},{\"@type\":\"ImageObject\",\"inLanguage\":\"fr-qc\",\"@id\":\"https:\/\/luxesound.ca\/product\/truthear-x-crinacle-zero-blue-2-earbuds\/#primaryimage\",\"url\":\"https:\/\/luxesound.ca\/wp-content\/uploads\/2025\/06\/Truthear-Crinacle-Zero-Blue-2-No-Mic-1.webp\",\"contentUrl\":\"https:\/\/luxesound.ca\/wp-content\/uploads\/2025\/06\/Truthear-Crinacle-Zero-Blue-2-No-Mic-1.webp\",\"width\":1200,\"height\":800,\"caption\":\"Truthear Crinacle Zero Blue 2 no mic on white background\"},{\"@type\":\"BreadcrumbList\",\"@id\":\"https:\/\/luxesound.ca\/product\/truthear-x-crinacle-zero-blue-2-earbuds\/#breadcrumb\",\"itemListElement\":[{\"@type\":\"ListItem\",\"position\":1,\"name\":\"Home\",\"item\":\"https:\/\/luxesound.ca\/\"},{\"@type\":\"ListItem\",\"position\":2,\"name\":\"Products\",\"item\":\"https:\/\/luxesound.ca\/shop\/\"},{\"@type\":\"ListItem\",\"position\":3,\"name\":\"Truthear x Crinacle Zero Blue 2 Earbuds\"}]},{\"@type\":\"WebSite\",\"@id\":\"https:\/\/luxesound.ca\/#website\",\"url\":\"https:\/\/luxesound.ca\/\",\"name\":\"Luxe Sound\",\"description\":\"The Finest Headphones &amp; Speakers. Proudly Canadian.\",\"publisher\":{\"@id\":\"https:\/\/luxesound.ca\/#organization\"},\"potentialAction\":[{\"@type\":\"SearchAction\",\"target\":{\"@type\":\"EntryPoint\",\"urlTemplate\":\"https:\/\/luxesound.ca\/?s={search_term_string}\"},\"query-input\":{\"@type\":\"PropertyValueSpecification\",\"valueRequired\":true,\"valueName\":\"search_term_string\"}}],\"inLanguage\":\"fr-qc\"},{\"@type\":\"Organization\",\"@id\":\"https:\/\/luxesound.ca\/#organization\",\"name\":\"Luxe Sound\",\"url\":\"https:\/\/luxesound.ca\/\",\"logo\":{\"@type\":\"ImageObject\",\"inLanguage\":\"fr-qc\",\"@id\":\"https:\/\/luxesound.ca\/#\/schema\/logo\/image\/\",\"url\":\"https:\/\/luxesound.ca\/wp-content\/uploads\/2024\/08\/cropped-Luxe-white-on-green.png\",\"contentUrl\":\"https:\/\/luxesound.ca\/wp-content\/uploads\/2024\/08\/cropped-Luxe-white-on-green.png\",\"width\":512,\"height\":512,\"caption\":\"Luxe Sound\"},\"image\":{\"@id\":\"https:\/\/luxesound.ca\/#\/schema\/logo\/image\/\"},\"sameAs\":[\"https:\/\/www.facebook.com\/luxesound.ca\",\"https:\/\/www.instagram.com\/luxe.sound\/\"]}]}<\/script>\n<!-- \/ Yoast SEO plugin. -->","yoast_head_json":{"title":"Truthear x Crinacle Zero Blue 2 Earbuds - Luxe Sound","description":"Discover the Truthear x Crinacle Zero: BLUE2 IEMs with dual dynamic drivers, upgraded tuning, and premium build quality. Free Shipping!","robots":{"index":"index","follow":"follow","max-snippet":"max-snippet:-1","max-image-preview":"max-image-preview:large","max-video-preview":"max-video-preview:-1"},"canonical":"https:\/\/luxesound.ca\/fr\/product\/truthear-x-crinacle-zero-blue-2-earbuds\/","og_locale":"fr_FR","og_type":"article","og_title":"Truthear x Crinacle Zero Blue 2 Earbuds - Luxe Sound","og_description":"Discover the Truthear x Crinacle Zero: BLUE2 IEMs with dual dynamic drivers, upgraded tuning, and premium build quality. Free Shipping!","og_url":"https:\/\/luxesound.ca\/fr\/product\/truthear-x-crinacle-zero-blue-2-earbuds\/","og_site_name":"Luxe Sound","article_publisher":"https:\/\/www.facebook.com\/luxesound.ca","article_modified_time":"2026-04-20T19:12:40+00:00","og_image":[{"width":1200,"height":800,"url":"https:\/\/luxesound.ca\/wp-content\/uploads\/2025\/06\/Truthear-Crinacle-Zero-Blue-2-No-Mic-1.webp","type":"image\/webp"}],"twitter_card":"summary_large_image","twitter_misc":{"Est. reading time":"1 minute"},"schema":{"@context":"https:\/\/schema.org","@graph":[{"@type":"WebPage","@id":"https:\/\/luxesound.ca\/product\/truthear-x-crinacle-zero-blue-2-earbuds\/","url":"https:\/\/luxesound.ca\/product\/truthear-x-crinacle-zero-blue-2-earbuds\/","name":"Truthear x Crinacle Zero Blue 2 Earbuds - Luxe Sound","isPartOf":{"@id":"https:\/\/luxesound.ca\/#website"},"primaryImageOfPage":{"@id":"https:\/\/luxesound.ca\/product\/truthear-x-crinacle-zero-blue-2-earbuds\/#primaryimage"},"image":{"@id":"https:\/\/luxesound.ca\/product\/truthear-x-crinacle-zero-blue-2-earbuds\/#primaryimage"},"thumbnailUrl":"https:\/\/luxesound.ca\/wp-content\/uploads\/2025\/06\/Truthear-Crinacle-Zero-Blue-2-No-Mic-1.webp","datePublished":"2025-06-25T15:14:11+00:00","dateModified":"2026-04-20T19:12:40+00:00","description":"Discover the Truthear x Crinacle Zero: BLUE2 IEMs with dual dynamic drivers, upgraded tuning, and premium build quality. Free Shipping!","breadcrumb":{"@id":"https:\/\/luxesound.ca\/product\/truthear-x-crinacle-zero-blue-2-earbuds\/#breadcrumb"},"inLanguage":"fr-qc","potentialAction":[{"@type":"ReadAction","target":["https:\/\/luxesound.ca\/product\/truthear-x-crinacle-zero-blue-2-earbuds\/"]}]},{"@type":"ImageObject","inLanguage":"fr-qc","@id":"https:\/\/luxesound.ca\/product\/truthear-x-crinacle-zero-blue-2-earbuds\/#primaryimage","url":"https:\/\/luxesound.ca\/wp-content\/uploads\/2025\/06\/Truthear-Crinacle-Zero-Blue-2-No-Mic-1.webp","contentUrl":"https:\/\/luxesound.ca\/wp-content\/uploads\/2025\/06\/Truthear-Crinacle-Zero-Blue-2-No-Mic-1.webp","width":1200,"height":800,"caption":"Truthear Crinacle Zero Blue 2 no mic on white background"},{"@type":"BreadcrumbList","@id":"https:\/\/luxesound.ca\/product\/truthear-x-crinacle-zero-blue-2-earbuds\/#breadcrumb","itemListElement":[{"@type":"ListItem","position":1,"name":"Home","item":"https:\/\/luxesound.ca\/"},{"@type":"ListItem","position":2,"name":"Products","item":"https:\/\/luxesound.ca\/shop\/"},{"@type":"ListItem","position":3,"name":"Truthear x Crinacle Zero Blue 2 Earbuds"}]},{"@type":"WebSite","@id":"https:\/\/luxesound.ca\/#website","url":"https:\/\/luxesound.ca\/","name":"Son luxueux","description":"Les meilleurs \u00e9couteurs et haut-parleurs. Fi\u00e8rement canadiens.","publisher":{"@id":"https:\/\/luxesound.ca\/#organization"},"potentialAction":[{"@type":"SearchAction","target":{"@type":"EntryPoint","urlTemplate":"https:\/\/luxesound.ca\/?s={search_term_string}"},"query-input":{"@type":"PropertyValueSpecification","valueRequired":true,"valueName":"search_term_string"}}],"inLanguage":"fr-qc"},{"@type":"Organization","@id":"https:\/\/luxesound.ca\/#organization","name":"Son luxueux","url":"https:\/\/luxesound.ca\/","logo":{"@type":"ImageObject","inLanguage":"fr-qc","@id":"https:\/\/luxesound.ca\/#\/schema\/logo\/image\/","url":"https:\/\/luxesound.ca\/wp-content\/uploads\/2024\/08\/cropped-Luxe-white-on-green.png","contentUrl":"https:\/\/luxesound.ca\/wp-content\/uploads\/2024\/08\/cropped-Luxe-white-on-green.png","width":512,"height":512,"caption":"Luxe Sound"},"image":{"@id":"https:\/\/luxesound.ca\/#\/schema\/logo\/image\/"},"sameAs":["https:\/\/www.facebook.com\/luxesound.ca","https:\/\/www.instagram.com\/luxe.sound\/"]}]}},"_links":{"self":[{"href":"https:\/\/luxesound.ca\/fr\/wp-json\/wp\/v2\/product\/11414","targetHints":{"allow":["GET"]}}],"collection":[{"href":"https:\/\/luxesound.ca\/fr\/wp-json\/wp\/v2\/product"}],"about":[{"href":"https:\/\/luxesound.ca\/fr\/wp-json\/wp\/v2\/types\/product"}],"replies":[{"embeddable":true,"href":"https:\/\/luxesound.ca\/fr\/wp-json\/wp\/v2\/comments?post=11414"}],"version-history":[{"count":1,"href":"https:\/\/luxesound.ca\/fr\/wp-json\/wp\/v2\/product\/11414\/revisions"}],"predecessor-version":[{"id":11430,"href":"https:\/\/luxesound.ca\/fr\/wp-json\/wp\/v2\/product\/11414\/revisions\/11430"}],"wp:featuredmedia":[{"embeddable":true,"href":"https:\/\/luxesound.ca\/fr\/wp-json\/wp\/v2\/media\/11417"}],"wp:attachment":[{"href":"https:\/\/luxesound.ca\/fr\/wp-json\/wp\/v2\/media?parent=11414"}],"wp:term":[{"taxonomy":"product_brand","embeddable":true,"href":"https:\/\/luxesound.ca\/fr\/wp-json\/wp\/v2\/product_brand?post=11414"},{"taxonomy":"product_cat","embeddable":true,"href":"https:\/\/luxesound.ca\/fr\/wp-json\/wp\/v2\/product_cat?post=11414"},{"taxonomy":"product_tag","embeddable":true,"href":"https:\/\/luxesound.ca\/fr\/wp-json\/wp\/v2\/product_tag?post=11414"}],"curies":[{"name":"wp","href":"https:\/\/api.w.org\/{rel}","templated":true}]}}