{"id":11393,"date":"2025-06-20T11:37:34","date_gmt":"2025-06-20T15:37:34","guid":{"rendered":"https:\/\/luxesound.ca\/?post_type=product&#038;p=11393"},"modified":"2026-04-20T15:12:40","modified_gmt":"2026-04-20T19:12:40","slug":"bluesound-node-audio-streamer","status":"publish","type":"product","link":"https:\/\/luxesound.ca\/fr\/product\/bluesound-node-audio-streamer\/","title":{"rendered":"BlueSound Node (2024) Streamer audio"},"content":{"rendered":"<p>En bref, rien ne vaut le lecteur audio NODE. Avec des composants et des circuits repens\u00e9s pour des performances encore sup\u00e9rieures, ce lecteur audio haute r\u00e9solution sans fil original int\u00e8gre d\u00e9sormais la technologie casque THX AAA\u2122, la lecture DSD et bien plus encore. Connectez-le \u00e0 votre cha\u00eene st\u00e9r\u00e9o et diffusez de la musique, la radio, des podcasts et bien plus encore depuis les services de streaming populaires ou votre biblioth\u00e8que personnelle. Avec HDMI eARC, d\u00e9codage Dolby Digital et Apple AirPlay 2, le NODE est au c\u0153ur de votre exp\u00e9rience audio domestique, avec la possibilit\u00e9 de se connecter sans fil aux lecteurs Bluesound pour une musique multi-pi\u00e8ces fluide dans toute la maison.<\/p>","protected":false},"excerpt":{"rendered":"<p>En bref, rien ne vaut le lecteur audio NODE. Avec des composants et des circuits repens\u00e9s pour des performances encore sup\u00e9rieures, ce lecteur audio haute r\u00e9solution sans fil original int\u00e8gre d\u00e9sormais la technologie casque THX AAA\u2122, la lecture DSD et bien plus encore. Connectez-le \u00e0 votre cha\u00eene st\u00e9r\u00e9o et diffusez de la musique, la radio, des podcasts et bien plus encore depuis les services de streaming populaires ou votre biblioth\u00e8que personnelle. Avec HDMI eARC, d\u00e9codage Dolby Digital et Apple AirPlay 2, le NODE est au c\u0153ur de votre exp\u00e9rience audio domestique, avec la possibilit\u00e9 de se connecter sans fil aux lecteurs Bluesound pour une musique multi-pi\u00e8ces fluide dans toute la maison.<\/p>","protected":false},"featured_media":11407,"comment_status":"open","ping_status":"closed","template":"","meta":{"_acf_changed":false,"_mo_disable_npp":"","inline_featured_image":false},"product_brand":[761],"product_cat":[774,762],"product_tag":[],"class_list":{"0":"post-11393","1":"product","2":"type-product","3":"status-publish","4":"has-post-thumbnail","6":"product_brand-bluesound","7":"product_cat-audio-streamers","8":"product_cat-bluesound-audio","9":"pa_colour-matte-black","10":"pa_colour-matte-white","12":"first","13":"instock","14":"taxable","15":"shipping-taxable","16":"purchasable","17":"product-type-variable","18":"has-default-attributes"},"bundled_by":[],"bundle_stock_status":"instock","bundle_stock_quantity":null,"bundle_virtual":false,"bundle_layout":"","bundle_add_to_cart_form_location":"","bundle_editable_in_cart":false,"bundle_sold_individually_context":"","bundle_item_grouping":"","bundle_min_size":"","bundle_max_size":"","bundle_price":[],"bundled_items":[],"bundle_sell_ids":[],"acf":[],"ct_brands":[{"id":761,"name":"Son bleu","slug":"bluesound"}],"yoast_head":"<!-- This site is optimized with the Yoast SEO plugin v27.2 - https:\/\/yoast.com\/product\/yoast-seo-wordpress\/ -->\n<title>BlueSound Node (2024) Audio Streamer - Luxe Sound<\/title>\n<meta name=\"description\" content=\"Connect it to your stereo system and stream music, radio, podcasts, and more from popular streaming services or your personal library. Free shipping!\" \/>\n<meta name=\"robots\" content=\"index, follow, max-snippet:-1, max-image-preview:large, max-video-preview:-1\" \/>\n<link rel=\"canonical\" href=\"https:\/\/luxesound.ca\/fr\/product\/bluesound-node-audio-streamer\/\" \/>\n<meta property=\"og:locale\" content=\"fr_FR\" \/>\n<meta property=\"og:type\" content=\"article\" \/>\n<meta property=\"og:title\" content=\"BlueSound Node (2024) Audio Streamer - Luxe Sound\" \/>\n<meta property=\"og:description\" content=\"Connect it to your stereo system and stream music, radio, podcasts, and more from popular streaming services or your personal library. Free shipping!\" \/>\n<meta property=\"og:url\" content=\"https:\/\/luxesound.ca\/fr\/product\/bluesound-node-audio-streamer\/\" \/>\n<meta property=\"og:site_name\" content=\"Luxe Sound\" \/>\n<meta property=\"article:publisher\" content=\"https:\/\/www.facebook.com\/luxesound.ca\" \/>\n<meta property=\"article:modified_time\" content=\"2026-04-20T19:12:40+00:00\" \/>\n<meta property=\"og:image\" content=\"https:\/\/luxesound.ca\/wp-content\/uploads\/2025\/06\/BlueSound_Node_2024_Black_1.webp\" \/>\n\t<meta property=\"og:image:width\" content=\"1200\" \/>\n\t<meta property=\"og:image:height\" content=\"800\" \/>\n\t<meta property=\"og:image:type\" content=\"image\/webp\" \/>\n<meta name=\"twitter:card\" content=\"summary_large_image\" \/>\n<meta name=\"twitter:label1\" content=\"Est. reading time\" \/>\n\t<meta name=\"twitter:data1\" content=\"1 minute\" \/>\n<script type=\"application\/ld+json\" class=\"yoast-schema-graph\">{\"@context\":\"https:\/\/schema.org\",\"@graph\":[{\"@type\":\"WebPage\",\"@id\":\"https:\/\/luxesound.ca\/product\/bluesound-node-audio-streamer\/\",\"url\":\"https:\/\/luxesound.ca\/product\/bluesound-node-audio-streamer\/\",\"name\":\"BlueSound Node (2024) Audio Streamer - Luxe Sound\",\"isPartOf\":{\"@id\":\"https:\/\/luxesound.ca\/#website\"},\"primaryImageOfPage\":{\"@id\":\"https:\/\/luxesound.ca\/product\/bluesound-node-audio-streamer\/#primaryimage\"},\"image\":{\"@id\":\"https:\/\/luxesound.ca\/product\/bluesound-node-audio-streamer\/#primaryimage\"},\"thumbnailUrl\":\"https:\/\/luxesound.ca\/wp-content\/uploads\/2025\/06\/BlueSound_Node_2024_Black_1.webp\",\"datePublished\":\"2025-06-20T15:37:34+00:00\",\"dateModified\":\"2026-04-20T19:12:40+00:00\",\"description\":\"Connect it to your stereo system and stream music, radio, podcasts, and more from popular streaming services or your personal library. Free shipping!\",\"breadcrumb\":{\"@id\":\"https:\/\/luxesound.ca\/product\/bluesound-node-audio-streamer\/#breadcrumb\"},\"inLanguage\":\"fr-qc\",\"potentialAction\":[{\"@type\":\"ReadAction\",\"target\":[\"https:\/\/luxesound.ca\/product\/bluesound-node-audio-streamer\/\"]}]},{\"@type\":\"ImageObject\",\"inLanguage\":\"fr-qc\",\"@id\":\"https:\/\/luxesound.ca\/product\/bluesound-node-audio-streamer\/#primaryimage\",\"url\":\"https:\/\/luxesound.ca\/wp-content\/uploads\/2025\/06\/BlueSound_Node_2024_Black_1.webp\",\"contentUrl\":\"https:\/\/luxesound.ca\/wp-content\/uploads\/2025\/06\/BlueSound_Node_2024_Black_1.webp\",\"width\":1200,\"height\":800,\"caption\":\"Blue sound node in black 2024 version\"},{\"@type\":\"BreadcrumbList\",\"@id\":\"https:\/\/luxesound.ca\/product\/bluesound-node-audio-streamer\/#breadcrumb\",\"itemListElement\":[{\"@type\":\"ListItem\",\"position\":1,\"name\":\"Home\",\"item\":\"https:\/\/luxesound.ca\/\"},{\"@type\":\"ListItem\",\"position\":2,\"name\":\"Products\",\"item\":\"https:\/\/luxesound.ca\/shop\/\"},{\"@type\":\"ListItem\",\"position\":3,\"name\":\"BlueSound Node (2024) Audio Streamer\"}]},{\"@type\":\"WebSite\",\"@id\":\"https:\/\/luxesound.ca\/#website\",\"url\":\"https:\/\/luxesound.ca\/\",\"name\":\"Luxe Sound\",\"description\":\"The Finest Headphones &amp; Speakers. Proudly Canadian.\",\"publisher\":{\"@id\":\"https:\/\/luxesound.ca\/#organization\"},\"potentialAction\":[{\"@type\":\"SearchAction\",\"target\":{\"@type\":\"EntryPoint\",\"urlTemplate\":\"https:\/\/luxesound.ca\/?s={search_term_string}\"},\"query-input\":{\"@type\":\"PropertyValueSpecification\",\"valueRequired\":true,\"valueName\":\"search_term_string\"}}],\"inLanguage\":\"fr-qc\"},{\"@type\":\"Organization\",\"@id\":\"https:\/\/luxesound.ca\/#organization\",\"name\":\"Luxe Sound\",\"url\":\"https:\/\/luxesound.ca\/\",\"logo\":{\"@type\":\"ImageObject\",\"inLanguage\":\"fr-qc\",\"@id\":\"https:\/\/luxesound.ca\/#\/schema\/logo\/image\/\",\"url\":\"https:\/\/luxesound.ca\/wp-content\/uploads\/2024\/08\/cropped-Luxe-white-on-green.png\",\"contentUrl\":\"https:\/\/luxesound.ca\/wp-content\/uploads\/2024\/08\/cropped-Luxe-white-on-green.png\",\"width\":512,\"height\":512,\"caption\":\"Luxe Sound\"},\"image\":{\"@id\":\"https:\/\/luxesound.ca\/#\/schema\/logo\/image\/\"},\"sameAs\":[\"https:\/\/www.facebook.com\/luxesound.ca\",\"https:\/\/www.instagram.com\/luxe.sound\/\"]}]}<\/script>\n<!-- \/ Yoast SEO plugin. -->","yoast_head_json":{"title":"BlueSound Node (2024) Audio Streamer - Luxe Sound","description":"Connect it to your stereo system and stream music, radio, podcasts, and more from popular streaming services or your personal library. Free shipping!","robots":{"index":"index","follow":"follow","max-snippet":"max-snippet:-1","max-image-preview":"max-image-preview:large","max-video-preview":"max-video-preview:-1"},"canonical":"https:\/\/luxesound.ca\/fr\/product\/bluesound-node-audio-streamer\/","og_locale":"fr_FR","og_type":"article","og_title":"BlueSound Node (2024) Audio Streamer - Luxe Sound","og_description":"Connect it to your stereo system and stream music, radio, podcasts, and more from popular streaming services or your personal library. Free shipping!","og_url":"https:\/\/luxesound.ca\/fr\/product\/bluesound-node-audio-streamer\/","og_site_name":"Luxe Sound","article_publisher":"https:\/\/www.facebook.com\/luxesound.ca","article_modified_time":"2026-04-20T19:12:40+00:00","og_image":[{"width":1200,"height":800,"url":"https:\/\/luxesound.ca\/wp-content\/uploads\/2025\/06\/BlueSound_Node_2024_Black_1.webp","type":"image\/webp"}],"twitter_card":"summary_large_image","twitter_misc":{"Est. reading time":"1 minute"},"schema":{"@context":"https:\/\/schema.org","@graph":[{"@type":"WebPage","@id":"https:\/\/luxesound.ca\/product\/bluesound-node-audio-streamer\/","url":"https:\/\/luxesound.ca\/product\/bluesound-node-audio-streamer\/","name":"BlueSound Node (2024) Audio Streamer - Luxe Sound","isPartOf":{"@id":"https:\/\/luxesound.ca\/#website"},"primaryImageOfPage":{"@id":"https:\/\/luxesound.ca\/product\/bluesound-node-audio-streamer\/#primaryimage"},"image":{"@id":"https:\/\/luxesound.ca\/product\/bluesound-node-audio-streamer\/#primaryimage"},"thumbnailUrl":"https:\/\/luxesound.ca\/wp-content\/uploads\/2025\/06\/BlueSound_Node_2024_Black_1.webp","datePublished":"2025-06-20T15:37:34+00:00","dateModified":"2026-04-20T19:12:40+00:00","description":"Connect it to your stereo system and stream music, radio, podcasts, and more from popular streaming services or your personal library. Free shipping!","breadcrumb":{"@id":"https:\/\/luxesound.ca\/product\/bluesound-node-audio-streamer\/#breadcrumb"},"inLanguage":"fr-qc","potentialAction":[{"@type":"ReadAction","target":["https:\/\/luxesound.ca\/product\/bluesound-node-audio-streamer\/"]}]},{"@type":"ImageObject","inLanguage":"fr-qc","@id":"https:\/\/luxesound.ca\/product\/bluesound-node-audio-streamer\/#primaryimage","url":"https:\/\/luxesound.ca\/wp-content\/uploads\/2025\/06\/BlueSound_Node_2024_Black_1.webp","contentUrl":"https:\/\/luxesound.ca\/wp-content\/uploads\/2025\/06\/BlueSound_Node_2024_Black_1.webp","width":1200,"height":800,"caption":"Blue sound node in black 2024 version"},{"@type":"BreadcrumbList","@id":"https:\/\/luxesound.ca\/product\/bluesound-node-audio-streamer\/#breadcrumb","itemListElement":[{"@type":"ListItem","position":1,"name":"Home","item":"https:\/\/luxesound.ca\/"},{"@type":"ListItem","position":2,"name":"Products","item":"https:\/\/luxesound.ca\/shop\/"},{"@type":"ListItem","position":3,"name":"BlueSound Node (2024) Audio Streamer"}]},{"@type":"WebSite","@id":"https:\/\/luxesound.ca\/#website","url":"https:\/\/luxesound.ca\/","name":"Son luxueux","description":"Les meilleurs \u00e9couteurs et haut-parleurs. Fi\u00e8rement canadiens.","publisher":{"@id":"https:\/\/luxesound.ca\/#organization"},"potentialAction":[{"@type":"SearchAction","target":{"@type":"EntryPoint","urlTemplate":"https:\/\/luxesound.ca\/?s={search_term_string}"},"query-input":{"@type":"PropertyValueSpecification","valueRequired":true,"valueName":"search_term_string"}}],"inLanguage":"fr-qc"},{"@type":"Organization","@id":"https:\/\/luxesound.ca\/#organization","name":"Son luxueux","url":"https:\/\/luxesound.ca\/","logo":{"@type":"ImageObject","inLanguage":"fr-qc","@id":"https:\/\/luxesound.ca\/#\/schema\/logo\/image\/","url":"https:\/\/luxesound.ca\/wp-content\/uploads\/2024\/08\/cropped-Luxe-white-on-green.png","contentUrl":"https:\/\/luxesound.ca\/wp-content\/uploads\/2024\/08\/cropped-Luxe-white-on-green.png","width":512,"height":512,"caption":"Luxe Sound"},"image":{"@id":"https:\/\/luxesound.ca\/#\/schema\/logo\/image\/"},"sameAs":["https:\/\/www.facebook.com\/luxesound.ca","https:\/\/www.instagram.com\/luxe.sound\/"]}]}},"_links":{"self":[{"href":"https:\/\/luxesound.ca\/fr\/wp-json\/wp\/v2\/product\/11393","targetHints":{"allow":["GET"]}}],"collection":[{"href":"https:\/\/luxesound.ca\/fr\/wp-json\/wp\/v2\/product"}],"about":[{"href":"https:\/\/luxesound.ca\/fr\/wp-json\/wp\/v2\/types\/product"}],"replies":[{"embeddable":true,"href":"https:\/\/luxesound.ca\/fr\/wp-json\/wp\/v2\/comments?post=11393"}],"version-history":[{"count":2,"href":"https:\/\/luxesound.ca\/fr\/wp-json\/wp\/v2\/product\/11393\/revisions"}],"predecessor-version":[{"id":11410,"href":"https:\/\/luxesound.ca\/fr\/wp-json\/wp\/v2\/product\/11393\/revisions\/11410"}],"wp:featuredmedia":[{"embeddable":true,"href":"https:\/\/luxesound.ca\/fr\/wp-json\/wp\/v2\/media\/11407"}],"wp:attachment":[{"href":"https:\/\/luxesound.ca\/fr\/wp-json\/wp\/v2\/media?parent=11393"}],"wp:term":[{"taxonomy":"product_brand","embeddable":true,"href":"https:\/\/luxesound.ca\/fr\/wp-json\/wp\/v2\/product_brand?post=11393"},{"taxonomy":"product_cat","embeddable":true,"href":"https:\/\/luxesound.ca\/fr\/wp-json\/wp\/v2\/product_cat?post=11393"},{"taxonomy":"product_tag","embeddable":true,"href":"https:\/\/luxesound.ca\/fr\/wp-json\/wp\/v2\/product_tag?post=11393"}],"curies":[{"name":"wp","href":"https:\/\/api.w.org\/{rel}","templated":true}]}}