{"id":1102,"date":"2023-05-18T20:28:13","date_gmt":"2023-05-19T00:28:13","guid":{"rendered":"https:\/\/luxesound.ca\/product\/marshall-acton-3\/"},"modified":"2026-05-04T12:02:23","modified_gmt":"2026-05-04T16:02:23","slug":"marshall-acton-3","status":"publish","type":"product","link":"https:\/\/luxesound.ca\/fr\/product\/marshall-acton-3\/","title":{"rendered":"Enceinte Marshall Acton III"},"content":{"rendered":"<p>Les choses fortes sont dans de petits formats. Le Marshall Acton III est l&#039;enceinte Bluetooth la plus discr\u00e8te de la gamme domestique et dispose d&#039;une sc\u00e8ne sonore encore plus large que son pr\u00e9d\u00e9cesseur, offrant un son repens\u00e9 pour une exp\u00e9rience audio domestique immersive. Il offre tout le son signature Marshall qui remplit la pi\u00e8ce que vous attendez d&#039;une enceinte domestique.<\/p>","protected":false},"excerpt":{"rendered":"<p>Les choses fortes sont dans de petits formats. Le Marshall Acton III est l&#039;enceinte Bluetooth la plus discr\u00e8te de la gamme domestique et dispose d&#039;une sc\u00e8ne sonore encore plus large que son pr\u00e9d\u00e9cesseur, offrant un son repens\u00e9 pour une exp\u00e9rience audio domestique immersive. Il offre tout le son signature Marshall qui remplit la pi\u00e8ce que vous attendez d&#039;une enceinte domestique.<\/p>","protected":false},"featured_media":9693,"comment_status":"open","ping_status":"closed","template":"","meta":{"_acf_changed":false,"_mo_disable_npp":"","inline_featured_image":false},"product_brand":[549],"product_cat":[220,905,27],"product_tag":[375,168,694,372,371,156,370,386,376,31,373,374,25],"class_list":{"0":"post-1102","1":"product","2":"type-product","3":"status-publish","4":"has-post-thumbnail","6":"product_brand-marshall","7":"product_cat-marshall","8":"product_cat-marshall-black-friday","9":"product_cat-speakers","10":"product_tag-big-sound","11":"product_tag-bluetooth-speaker","12":"product_tag-colourful","13":"product_tag-compact-bluetooth-speaker","14":"product_tag-home-audio-system","15":"product_tag-marshall","16":"product_tag-marshall-acton-iii-speaker","17":"product_tag-marshall-montral","18":"product_tag-marshall-signature-sound","19":"product_tag-powered-speaker","20":"product_tag-room-filling-sound","21":"product_tag-small-speaker","22":"product_tag-wireless-speaker","23":"pa_colour-black","24":"pa_colour-cream","26":"first","27":"instock","28":"taxable","29":"shipping-taxable","30":"purchasable","31":"product-type-variable","32":"has-default-attributes"},"bundled_by":[],"bundle_stock_status":"instock","bundle_stock_quantity":null,"bundle_virtual":false,"bundle_layout":"","bundle_add_to_cart_form_location":"","bundle_editable_in_cart":false,"bundle_sold_individually_context":"","bundle_item_grouping":"","bundle_min_size":"","bundle_max_size":"","bundle_price":[],"bundled_items":[],"bundle_sell_ids":[],"acf":[],"ct_brands":[{"id":549,"name":"Marshall","slug":"marshall"}],"yoast_head":"<!-- This site is optimized with the Yoast SEO plugin v27.2 - https:\/\/yoast.com\/product\/yoast-seo-wordpress\/ -->\n<title>Marshall Acton III Speaker - Luxe Sound<\/title>\n<meta name=\"description\" content=\"Experience the re-engineered Marshall Acton III speaker. Wider soundstage, immersive Marshall signature sound. Tweeters angled for room-filling audio.\" \/>\n<meta name=\"robots\" content=\"index, follow, max-snippet:-1, max-image-preview:large, max-video-preview:-1\" \/>\n<link rel=\"canonical\" href=\"https:\/\/luxesound.ca\/fr\/product\/marshall-acton-3\/\" \/>\n<meta property=\"og:locale\" content=\"fr_FR\" \/>\n<meta property=\"og:type\" content=\"article\" \/>\n<meta property=\"og:title\" content=\"Marshall Acton III Speaker - Luxe Sound\" \/>\n<meta property=\"og:description\" content=\"Experience the re-engineered Marshall Acton III speaker. Wider soundstage, immersive Marshall signature sound. Tweeters angled for room-filling audio.\" \/>\n<meta property=\"og:url\" content=\"https:\/\/luxesound.ca\/fr\/product\/marshall-acton-3\/\" \/>\n<meta property=\"og:site_name\" content=\"Luxe Sound\" \/>\n<meta property=\"article:publisher\" content=\"https:\/\/www.facebook.com\/luxesound.ca\" \/>\n<meta property=\"article:modified_time\" content=\"2026-05-04T16:02:23+00:00\" \/>\n<meta property=\"og:image\" content=\"https:\/\/luxesound.ca\/wp-content\/uploads\/2023\/05\/marshall-acton-III-speaker-marshall_acton_III_cream-1.webp\" \/>\n\t<meta property=\"og:image:width\" content=\"1200\" \/>\n\t<meta property=\"og:image:height\" content=\"800\" \/>\n\t<meta property=\"og:image:type\" content=\"image\/webp\" \/>\n<meta name=\"twitter:card\" content=\"summary_large_image\" \/>\n<meta name=\"twitter:label1\" content=\"Est. reading time\" \/>\n\t<meta name=\"twitter:data1\" content=\"1 minute\" \/>\n<script type=\"application\/ld+json\" class=\"yoast-schema-graph\">{\"@context\":\"https:\/\/schema.org\",\"@graph\":[{\"@type\":\"WebPage\",\"@id\":\"https:\/\/luxesound.ca\/product\/marshall-acton-3\/\",\"url\":\"https:\/\/luxesound.ca\/product\/marshall-acton-3\/\",\"name\":\"Marshall Acton III Speaker - Luxe Sound\",\"isPartOf\":{\"@id\":\"https:\/\/luxesound.ca\/#website\"},\"primaryImageOfPage\":{\"@id\":\"https:\/\/luxesound.ca\/product\/marshall-acton-3\/#primaryimage\"},\"image\":{\"@id\":\"https:\/\/luxesound.ca\/product\/marshall-acton-3\/#primaryimage\"},\"thumbnailUrl\":\"https:\/\/luxesound.ca\/wp-content\/uploads\/2023\/05\/marshall-acton-III-speaker-marshall_acton_III_cream-1.webp\",\"datePublished\":\"2023-05-19T00:28:13+00:00\",\"dateModified\":\"2026-05-04T16:02:23+00:00\",\"description\":\"Experience the re-engineered Marshall Acton III speaker. Wider soundstage, immersive Marshall signature sound. Tweeters angled for room-filling audio.\",\"breadcrumb\":{\"@id\":\"https:\/\/luxesound.ca\/product\/marshall-acton-3\/#breadcrumb\"},\"inLanguage\":\"fr-qc\",\"potentialAction\":[{\"@type\":\"ReadAction\",\"target\":[\"https:\/\/luxesound.ca\/product\/marshall-acton-3\/\"]}]},{\"@type\":\"ImageObject\",\"inLanguage\":\"fr-qc\",\"@id\":\"https:\/\/luxesound.ca\/product\/marshall-acton-3\/#primaryimage\",\"url\":\"https:\/\/luxesound.ca\/wp-content\/uploads\/2023\/05\/marshall-acton-III-speaker-marshall_acton_III_cream-1.webp\",\"contentUrl\":\"https:\/\/luxesound.ca\/wp-content\/uploads\/2023\/05\/marshall-acton-III-speaker-marshall_acton_III_cream-1.webp\",\"width\":1200,\"height\":800,\"caption\":\"Marshall Acton iii speaker in cream, product photo on white background\"},{\"@type\":\"BreadcrumbList\",\"@id\":\"https:\/\/luxesound.ca\/product\/marshall-acton-3\/#breadcrumb\",\"itemListElement\":[{\"@type\":\"ListItem\",\"position\":1,\"name\":\"Home\",\"item\":\"https:\/\/luxesound.ca\/\"},{\"@type\":\"ListItem\",\"position\":2,\"name\":\"Products\",\"item\":\"https:\/\/luxesound.ca\/shop\/\"},{\"@type\":\"ListItem\",\"position\":3,\"name\":\"Marshall Acton III Speaker\"}]},{\"@type\":\"WebSite\",\"@id\":\"https:\/\/luxesound.ca\/#website\",\"url\":\"https:\/\/luxesound.ca\/\",\"name\":\"Luxe Sound\",\"description\":\"The Finest Headphones &amp; Speakers. Proudly Canadian.\",\"publisher\":{\"@id\":\"https:\/\/luxesound.ca\/#organization\"},\"potentialAction\":[{\"@type\":\"SearchAction\",\"target\":{\"@type\":\"EntryPoint\",\"urlTemplate\":\"https:\/\/luxesound.ca\/?s={search_term_string}\"},\"query-input\":{\"@type\":\"PropertyValueSpecification\",\"valueRequired\":true,\"valueName\":\"search_term_string\"}}],\"inLanguage\":\"fr-qc\"},{\"@type\":\"Organization\",\"@id\":\"https:\/\/luxesound.ca\/#organization\",\"name\":\"Luxe Sound\",\"url\":\"https:\/\/luxesound.ca\/\",\"logo\":{\"@type\":\"ImageObject\",\"inLanguage\":\"fr-qc\",\"@id\":\"https:\/\/luxesound.ca\/#\/schema\/logo\/image\/\",\"url\":\"https:\/\/luxesound.ca\/wp-content\/uploads\/2024\/08\/cropped-Luxe-white-on-green.png\",\"contentUrl\":\"https:\/\/luxesound.ca\/wp-content\/uploads\/2024\/08\/cropped-Luxe-white-on-green.png\",\"width\":512,\"height\":512,\"caption\":\"Luxe Sound\"},\"image\":{\"@id\":\"https:\/\/luxesound.ca\/#\/schema\/logo\/image\/\"},\"sameAs\":[\"https:\/\/www.facebook.com\/luxesound.ca\",\"https:\/\/www.instagram.com\/luxe.sound\/\"]}]}<\/script>\n<!-- \/ Yoast SEO plugin. -->","yoast_head_json":{"title":"Enceinte Marshall Acton III - Luxe Sound","description":"D\u00e9couvrez l&#039;enceinte Marshall Acton III repens\u00e9e. Sc\u00e8ne sonore plus large, son Marshall immersif et signature. Tweeters inclin\u00e9s pour un son qui remplit la pi\u00e8ce.","robots":{"index":"index","follow":"follow","max-snippet":"max-snippet:-1","max-image-preview":"max-image-preview:large","max-video-preview":"max-video-preview:-1"},"canonical":"https:\/\/luxesound.ca\/fr\/product\/marshall-acton-3\/","og_locale":"fr_FR","og_type":"article","og_title":"Marshall Acton III Speaker - Luxe Sound","og_description":"Experience the re-engineered Marshall Acton III speaker. Wider soundstage, immersive Marshall signature sound. Tweeters angled for room-filling audio.","og_url":"https:\/\/luxesound.ca\/fr\/product\/marshall-acton-3\/","og_site_name":"Luxe Sound","article_publisher":"https:\/\/www.facebook.com\/luxesound.ca","article_modified_time":"2026-05-04T16:02:23+00:00","og_image":[{"width":1200,"height":800,"url":"https:\/\/luxesound.ca\/wp-content\/uploads\/2023\/05\/marshall-acton-III-speaker-marshall_acton_III_cream-1.webp","type":"image\/webp"}],"twitter_card":"summary_large_image","twitter_misc":{"Est. reading time":"1 minute"},"schema":{"@context":"https:\/\/schema.org","@graph":[{"@type":"WebPage","@id":"https:\/\/luxesound.ca\/product\/marshall-acton-3\/","url":"https:\/\/luxesound.ca\/product\/marshall-acton-3\/","name":"Enceinte Marshall Acton III - Luxe Sound","isPartOf":{"@id":"https:\/\/luxesound.ca\/#website"},"primaryImageOfPage":{"@id":"https:\/\/luxesound.ca\/product\/marshall-acton-3\/#primaryimage"},"image":{"@id":"https:\/\/luxesound.ca\/product\/marshall-acton-3\/#primaryimage"},"thumbnailUrl":"https:\/\/luxesound.ca\/wp-content\/uploads\/2023\/05\/marshall-acton-III-speaker-marshall_acton_III_cream-1.webp","datePublished":"2023-05-19T00:28:13+00:00","dateModified":"2026-05-04T16:02:23+00:00","description":"D\u00e9couvrez l&#039;enceinte Marshall Acton III repens\u00e9e. Sc\u00e8ne sonore plus large, son Marshall immersif et signature. Tweeters inclin\u00e9s pour un son qui remplit la pi\u00e8ce.","breadcrumb":{"@id":"https:\/\/luxesound.ca\/product\/marshall-acton-3\/#breadcrumb"},"inLanguage":"fr-qc","potentialAction":[{"@type":"ReadAction","target":["https:\/\/luxesound.ca\/product\/marshall-acton-3\/"]}]},{"@type":"ImageObject","inLanguage":"fr-qc","@id":"https:\/\/luxesound.ca\/product\/marshall-acton-3\/#primaryimage","url":"https:\/\/luxesound.ca\/wp-content\/uploads\/2023\/05\/marshall-acton-III-speaker-marshall_acton_III_cream-1.webp","contentUrl":"https:\/\/luxesound.ca\/wp-content\/uploads\/2023\/05\/marshall-acton-III-speaker-marshall_acton_III_cream-1.webp","width":1200,"height":800,"caption":"Marshall Acton iii speaker in cream, product photo on white background"},{"@type":"BreadcrumbList","@id":"https:\/\/luxesound.ca\/product\/marshall-acton-3\/#breadcrumb","itemListElement":[{"@type":"ListItem","position":1,"name":"Home","item":"https:\/\/luxesound.ca\/"},{"@type":"ListItem","position":2,"name":"Products","item":"https:\/\/luxesound.ca\/shop\/"},{"@type":"ListItem","position":3,"name":"Marshall Acton III Speaker"}]},{"@type":"WebSite","@id":"https:\/\/luxesound.ca\/#website","url":"https:\/\/luxesound.ca\/","name":"Son luxueux","description":"Les meilleurs \u00e9couteurs et haut-parleurs. Fi\u00e8rement canadiens.","publisher":{"@id":"https:\/\/luxesound.ca\/#organization"},"potentialAction":[{"@type":"SearchAction","target":{"@type":"EntryPoint","urlTemplate":"https:\/\/luxesound.ca\/?s={search_term_string}"},"query-input":{"@type":"PropertyValueSpecification","valueRequired":true,"valueName":"search_term_string"}}],"inLanguage":"fr-qc"},{"@type":"Organization","@id":"https:\/\/luxesound.ca\/#organization","name":"Son luxueux","url":"https:\/\/luxesound.ca\/","logo":{"@type":"ImageObject","inLanguage":"fr-qc","@id":"https:\/\/luxesound.ca\/#\/schema\/logo\/image\/","url":"https:\/\/luxesound.ca\/wp-content\/uploads\/2024\/08\/cropped-Luxe-white-on-green.png","contentUrl":"https:\/\/luxesound.ca\/wp-content\/uploads\/2024\/08\/cropped-Luxe-white-on-green.png","width":512,"height":512,"caption":"Luxe Sound"},"image":{"@id":"https:\/\/luxesound.ca\/#\/schema\/logo\/image\/"},"sameAs":["https:\/\/www.facebook.com\/luxesound.ca","https:\/\/www.instagram.com\/luxe.sound\/"]}]}},"_links":{"self":[{"href":"https:\/\/luxesound.ca\/fr\/wp-json\/wp\/v2\/product\/1102","targetHints":{"allow":["GET"]}}],"collection":[{"href":"https:\/\/luxesound.ca\/fr\/wp-json\/wp\/v2\/product"}],"about":[{"href":"https:\/\/luxesound.ca\/fr\/wp-json\/wp\/v2\/types\/product"}],"replies":[{"embeddable":true,"href":"https:\/\/luxesound.ca\/fr\/wp-json\/wp\/v2\/comments?post=1102"}],"version-history":[{"count":2,"href":"https:\/\/luxesound.ca\/fr\/wp-json\/wp\/v2\/product\/1102\/revisions"}],"predecessor-version":[{"id":12162,"href":"https:\/\/luxesound.ca\/fr\/wp-json\/wp\/v2\/product\/1102\/revisions\/12162"}],"wp:featuredmedia":[{"embeddable":true,"href":"https:\/\/luxesound.ca\/fr\/wp-json\/wp\/v2\/media\/9693"}],"wp:attachment":[{"href":"https:\/\/luxesound.ca\/fr\/wp-json\/wp\/v2\/media?parent=1102"}],"wp:term":[{"taxonomy":"product_brand","embeddable":true,"href":"https:\/\/luxesound.ca\/fr\/wp-json\/wp\/v2\/product_brand?post=1102"},{"taxonomy":"product_cat","embeddable":true,"href":"https:\/\/luxesound.ca\/fr\/wp-json\/wp\/v2\/product_cat?post=1102"},{"taxonomy":"product_tag","embeddable":true,"href":"https:\/\/luxesound.ca\/fr\/wp-json\/wp\/v2\/product_tag?post=1102"}],"curies":[{"name":"wp","href":"https:\/\/api.w.org\/{rel}","templated":true}]}}