{"id":1101,"date":"2023-05-18T20:28:13","date_gmt":"2023-05-19T00:28:13","guid":{"rendered":"https:\/\/luxesound.ca\/product\/marshall-monitor-2\/"},"modified":"2026-04-20T15:11:57","modified_gmt":"2026-04-20T19:11:57","slug":"marshall-monitor-ii-headphones","status":"publish","type":"product","link":"https:\/\/luxesound.ca\/fr\/product\/marshall-monitor-ii-headphones\/","title":{"rendered":"Casque Marshall Monitor II"},"content":{"rendered":"<p>What makes a good headphone great? Combine superior sound, all-day comfort, an ergonomic fit and devilish good looks, and you&rsquo;ve got yourself a pair of Marshall over-ear wireless headphones. Marshall Monitor II headphones utilize advanced active noise cancelling technology that blocks out the noise. With up to 30 hours of wireless playtime using active noise cancelling technology, or up to 45 hours without, you can keep the music going strong wherever you are. Featuring custom tuned 40 mm dynamic drivers, these headphones produce a signature sound only Marshall can deliver.<\/p>","protected":false},"excerpt":{"rendered":"<p>Qu&#039;est-ce qui fait qu&#039;un bon casque est excellent ? Associez un son de qualit\u00e9 sup\u00e9rieure, un confort tout au long de la journ\u00e9e, un ajustement ergonomique et une allure diabolique, et vous obtenez un casque sans fil supra-auriculaire Marshall. Le casque Marshall Monitor II utilise une technologie avanc\u00e9e de suppression active du bruit qui bloque le bruit. Avec jusqu&#039;\u00e0 30 heures d&#039;autonomie sans fil gr\u00e2ce \u00e0 la technologie de suppression active du bruit, ou jusqu&#039;\u00e0 45 heures sans, vous pouvez profiter d&#039;une musique forte o\u00f9 que vous soyez. Dot\u00e9s de haut-parleurs dynamiques de 40 mm r\u00e9gl\u00e9s sur mesure, ces \u00e9couteurs produisent un son signature que seul Marshall peut offrir.<\/p>","protected":false},"featured_media":8217,"comment_status":"open","ping_status":"closed","template":"","meta":{"_acf_changed":false,"_mo_disable_npp":"","inline_featured_image":false},"product_brand":[549],"product_cat":[139,220,925,924,923],"product_tag":[389,162,390,156,387,388,382,391,315],"class_list":{"0":"post-1101","1":"product","2":"type-product","3":"status-publish","4":"has-post-thumbnail","6":"product_brand-marshall","7":"product_cat-headphones","8":"product_cat-marshall","9":"product_cat-noise-cancelling-headphones","10":"product_cat-over-ear-headphones","11":"product_cat-wireless-headphones","12":"product_tag-active-noise-cancelling","13":"product_tag-bluetooth","14":"product_tag-long-battery-life","15":"product_tag-marshall","16":"product_tag-marshall-headphones","17":"product_tag-marshall-monitor-ii-headphones","18":"product_tag-marshall-montreal","19":"product_tag-premium-audio-experience","20":"product_tag-wireless-headphones","21":"pa_colour-black","23":"first","24":"instock","25":"taxable","26":"shipping-taxable","27":"purchasable","28":"product-type-variable","29":"has-default-attributes"},"bundled_by":[],"bundle_stock_status":"instock","bundle_stock_quantity":2,"bundle_virtual":false,"bundle_layout":"","bundle_add_to_cart_form_location":"","bundle_editable_in_cart":false,"bundle_sold_individually_context":"","bundle_item_grouping":"","bundle_min_size":"","bundle_max_size":"","bundle_price":[],"bundled_items":[],"bundle_sell_ids":[],"acf":[],"ct_brands":[{"id":549,"name":"Marshall","slug":"marshall"}],"yoast_head":"<!-- This site is optimized with the Yoast SEO plugin v27.2 - https:\/\/yoast.com\/product\/yoast-seo-wordpress\/ -->\n<title>Marshall Monitor II Headphones - Luxe Sound<\/title>\n<meta name=\"description\" content=\"Experience superior sound with Marshall Monitor II headphones. Advanced active noise cancelling, 30 hours playtime, and immersive music. Free Shipping!\" \/>\n<meta name=\"robots\" content=\"index, follow, max-snippet:-1, max-image-preview:large, max-video-preview:-1\" \/>\n<link rel=\"canonical\" href=\"https:\/\/luxesound.ca\/fr\/product\/marshall-monitor-ii-headphones\/\" \/>\n<meta property=\"og:locale\" content=\"fr_FR\" \/>\n<meta property=\"og:type\" content=\"article\" \/>\n<meta property=\"og:title\" content=\"Marshall Monitor II Headphones - Luxe Sound\" \/>\n<meta property=\"og:description\" content=\"Experience superior sound with Marshall Monitor II headphones. Advanced active noise cancelling, 30 hours playtime, and immersive music. Free Shipping!\" \/>\n<meta property=\"og:url\" content=\"https:\/\/luxesound.ca\/fr\/product\/marshall-monitor-ii-headphones\/\" \/>\n<meta property=\"og:site_name\" content=\"Luxe Sound\" \/>\n<meta property=\"article:publisher\" content=\"https:\/\/www.facebook.com\/luxesound.ca\" \/>\n<meta property=\"article:modified_time\" content=\"2026-04-20T19:11:57+00:00\" \/>\n<meta property=\"og:image\" content=\"https:\/\/luxesound.ca\/wp-content\/uploads\/2023\/05\/marshall-monitor-ii-headphones-marshall_monitor_II_black_1-e1708630955376.webp\" \/>\n\t<meta property=\"og:image:width\" content=\"1201\" \/>\n\t<meta property=\"og:image:height\" content=\"800\" \/>\n\t<meta property=\"og:image:type\" content=\"image\/webp\" \/>\n<meta name=\"twitter:card\" content=\"summary_large_image\" \/>\n<meta name=\"twitter:label1\" content=\"Est. reading time\" \/>\n\t<meta name=\"twitter:data1\" content=\"1 minute\" \/>\n<script type=\"application\/ld+json\" class=\"yoast-schema-graph\">{\"@context\":\"https:\/\/schema.org\",\"@graph\":[{\"@type\":\"WebPage\",\"@id\":\"https:\/\/luxesound.ca\/product\/marshall-monitor-ii-headphones\/\",\"url\":\"https:\/\/luxesound.ca\/product\/marshall-monitor-ii-headphones\/\",\"name\":\"Marshall Monitor II Headphones - Luxe Sound\",\"isPartOf\":{\"@id\":\"https:\/\/luxesound.ca\/#website\"},\"primaryImageOfPage\":{\"@id\":\"https:\/\/luxesound.ca\/product\/marshall-monitor-ii-headphones\/#primaryimage\"},\"image\":{\"@id\":\"https:\/\/luxesound.ca\/product\/marshall-monitor-ii-headphones\/#primaryimage\"},\"thumbnailUrl\":\"https:\/\/luxesound.ca\/wp-content\/uploads\/2023\/05\/marshall-monitor-ii-headphones-marshall_monitor_II_black_1-e1708630955376.webp\",\"datePublished\":\"2023-05-19T00:28:13+00:00\",\"dateModified\":\"2026-04-20T19:11:57+00:00\",\"description\":\"Experience superior sound with Marshall Monitor II headphones. Advanced active noise cancelling, 30 hours playtime, and immersive music. Free Shipping!\",\"breadcrumb\":{\"@id\":\"https:\/\/luxesound.ca\/product\/marshall-monitor-ii-headphones\/#breadcrumb\"},\"inLanguage\":\"fr-qc\",\"potentialAction\":[{\"@type\":\"ReadAction\",\"target\":[\"https:\/\/luxesound.ca\/product\/marshall-monitor-ii-headphones\/\"]}]},{\"@type\":\"ImageObject\",\"inLanguage\":\"fr-qc\",\"@id\":\"https:\/\/luxesound.ca\/product\/marshall-monitor-ii-headphones\/#primaryimage\",\"url\":\"https:\/\/luxesound.ca\/wp-content\/uploads\/2023\/05\/marshall-monitor-ii-headphones-marshall_monitor_II_black_1-e1708630955376.webp\",\"contentUrl\":\"https:\/\/luxesound.ca\/wp-content\/uploads\/2023\/05\/marshall-monitor-ii-headphones-marshall_monitor_II_black_1-e1708630955376.webp\",\"width\":1201,\"height\":800,\"caption\":\"Marshall Monitor II Black over ear headphones 1\"},{\"@type\":\"BreadcrumbList\",\"@id\":\"https:\/\/luxesound.ca\/product\/marshall-monitor-ii-headphones\/#breadcrumb\",\"itemListElement\":[{\"@type\":\"ListItem\",\"position\":1,\"name\":\"Home\",\"item\":\"https:\/\/luxesound.ca\/\"},{\"@type\":\"ListItem\",\"position\":2,\"name\":\"Products\",\"item\":\"https:\/\/luxesound.ca\/shop\/\"},{\"@type\":\"ListItem\",\"position\":3,\"name\":\"Marshall Monitor II Headphones\"}]},{\"@type\":\"WebSite\",\"@id\":\"https:\/\/luxesound.ca\/#website\",\"url\":\"https:\/\/luxesound.ca\/\",\"name\":\"Luxe Sound\",\"description\":\"The Finest Headphones &amp; Speakers. Proudly Canadian.\",\"publisher\":{\"@id\":\"https:\/\/luxesound.ca\/#organization\"},\"potentialAction\":[{\"@type\":\"SearchAction\",\"target\":{\"@type\":\"EntryPoint\",\"urlTemplate\":\"https:\/\/luxesound.ca\/?s={search_term_string}\"},\"query-input\":{\"@type\":\"PropertyValueSpecification\",\"valueRequired\":true,\"valueName\":\"search_term_string\"}}],\"inLanguage\":\"fr-qc\"},{\"@type\":\"Organization\",\"@id\":\"https:\/\/luxesound.ca\/#organization\",\"name\":\"Luxe Sound\",\"url\":\"https:\/\/luxesound.ca\/\",\"logo\":{\"@type\":\"ImageObject\",\"inLanguage\":\"fr-qc\",\"@id\":\"https:\/\/luxesound.ca\/#\/schema\/logo\/image\/\",\"url\":\"https:\/\/luxesound.ca\/wp-content\/uploads\/2024\/08\/cropped-Luxe-white-on-green.png\",\"contentUrl\":\"https:\/\/luxesound.ca\/wp-content\/uploads\/2024\/08\/cropped-Luxe-white-on-green.png\",\"width\":512,\"height\":512,\"caption\":\"Luxe Sound\"},\"image\":{\"@id\":\"https:\/\/luxesound.ca\/#\/schema\/logo\/image\/\"},\"sameAs\":[\"https:\/\/www.facebook.com\/luxesound.ca\",\"https:\/\/www.instagram.com\/luxe.sound\/\"]}]}<\/script>\n<!-- \/ Yoast SEO plugin. -->","yoast_head_json":{"title":"Marshall Monitor II Headphones - Luxe Sound","description":"Experience superior sound with Marshall Monitor II headphones. Advanced active noise cancelling, 30 hours playtime, and immersive music. Free Shipping!","robots":{"index":"index","follow":"follow","max-snippet":"max-snippet:-1","max-image-preview":"max-image-preview:large","max-video-preview":"max-video-preview:-1"},"canonical":"https:\/\/luxesound.ca\/fr\/product\/marshall-monitor-ii-headphones\/","og_locale":"fr_FR","og_type":"article","og_title":"Marshall Monitor II Headphones - Luxe Sound","og_description":"Experience superior sound with Marshall Monitor II headphones. Advanced active noise cancelling, 30 hours playtime, and immersive music. Free Shipping!","og_url":"https:\/\/luxesound.ca\/fr\/product\/marshall-monitor-ii-headphones\/","og_site_name":"Luxe Sound","article_publisher":"https:\/\/www.facebook.com\/luxesound.ca","article_modified_time":"2026-04-20T19:11:57+00:00","og_image":[{"width":1201,"height":800,"url":"https:\/\/luxesound.ca\/wp-content\/uploads\/2023\/05\/marshall-monitor-ii-headphones-marshall_monitor_II_black_1-e1708630955376.webp","type":"image\/webp"}],"twitter_card":"summary_large_image","twitter_misc":{"Est. reading time":"1 minute"},"schema":{"@context":"https:\/\/schema.org","@graph":[{"@type":"WebPage","@id":"https:\/\/luxesound.ca\/product\/marshall-monitor-ii-headphones\/","url":"https:\/\/luxesound.ca\/product\/marshall-monitor-ii-headphones\/","name":"Marshall Monitor II Headphones - Luxe Sound","isPartOf":{"@id":"https:\/\/luxesound.ca\/#website"},"primaryImageOfPage":{"@id":"https:\/\/luxesound.ca\/product\/marshall-monitor-ii-headphones\/#primaryimage"},"image":{"@id":"https:\/\/luxesound.ca\/product\/marshall-monitor-ii-headphones\/#primaryimage"},"thumbnailUrl":"https:\/\/luxesound.ca\/wp-content\/uploads\/2023\/05\/marshall-monitor-ii-headphones-marshall_monitor_II_black_1-e1708630955376.webp","datePublished":"2023-05-19T00:28:13+00:00","dateModified":"2026-04-20T19:11:57+00:00","description":"Experience superior sound with Marshall Monitor II headphones. Advanced active noise cancelling, 30 hours playtime, and immersive music. Free Shipping!","breadcrumb":{"@id":"https:\/\/luxesound.ca\/product\/marshall-monitor-ii-headphones\/#breadcrumb"},"inLanguage":"fr-qc","potentialAction":[{"@type":"ReadAction","target":["https:\/\/luxesound.ca\/product\/marshall-monitor-ii-headphones\/"]}]},{"@type":"ImageObject","inLanguage":"fr-qc","@id":"https:\/\/luxesound.ca\/product\/marshall-monitor-ii-headphones\/#primaryimage","url":"https:\/\/luxesound.ca\/wp-content\/uploads\/2023\/05\/marshall-monitor-ii-headphones-marshall_monitor_II_black_1-e1708630955376.webp","contentUrl":"https:\/\/luxesound.ca\/wp-content\/uploads\/2023\/05\/marshall-monitor-ii-headphones-marshall_monitor_II_black_1-e1708630955376.webp","width":1201,"height":800,"caption":"Marshall Monitor II Black over ear headphones 1"},{"@type":"BreadcrumbList","@id":"https:\/\/luxesound.ca\/product\/marshall-monitor-ii-headphones\/#breadcrumb","itemListElement":[{"@type":"ListItem","position":1,"name":"Home","item":"https:\/\/luxesound.ca\/"},{"@type":"ListItem","position":2,"name":"Products","item":"https:\/\/luxesound.ca\/shop\/"},{"@type":"ListItem","position":3,"name":"Marshall Monitor II Headphones"}]},{"@type":"WebSite","@id":"https:\/\/luxesound.ca\/#website","url":"https:\/\/luxesound.ca\/","name":"Son luxueux","description":"Les meilleurs \u00e9couteurs et haut-parleurs. Fi\u00e8rement canadiens.","publisher":{"@id":"https:\/\/luxesound.ca\/#organization"},"potentialAction":[{"@type":"SearchAction","target":{"@type":"EntryPoint","urlTemplate":"https:\/\/luxesound.ca\/?s={search_term_string}"},"query-input":{"@type":"PropertyValueSpecification","valueRequired":true,"valueName":"search_term_string"}}],"inLanguage":"fr-qc"},{"@type":"Organization","@id":"https:\/\/luxesound.ca\/#organization","name":"Son luxueux","url":"https:\/\/luxesound.ca\/","logo":{"@type":"ImageObject","inLanguage":"fr-qc","@id":"https:\/\/luxesound.ca\/#\/schema\/logo\/image\/","url":"https:\/\/luxesound.ca\/wp-content\/uploads\/2024\/08\/cropped-Luxe-white-on-green.png","contentUrl":"https:\/\/luxesound.ca\/wp-content\/uploads\/2024\/08\/cropped-Luxe-white-on-green.png","width":512,"height":512,"caption":"Luxe Sound"},"image":{"@id":"https:\/\/luxesound.ca\/#\/schema\/logo\/image\/"},"sameAs":["https:\/\/www.facebook.com\/luxesound.ca","https:\/\/www.instagram.com\/luxe.sound\/"]}]}},"_links":{"self":[{"href":"https:\/\/luxesound.ca\/fr\/wp-json\/wp\/v2\/product\/1101","targetHints":{"allow":["GET"]}}],"collection":[{"href":"https:\/\/luxesound.ca\/fr\/wp-json\/wp\/v2\/product"}],"about":[{"href":"https:\/\/luxesound.ca\/fr\/wp-json\/wp\/v2\/types\/product"}],"replies":[{"embeddable":true,"href":"https:\/\/luxesound.ca\/fr\/wp-json\/wp\/v2\/comments?post=1101"}],"version-history":[{"count":2,"href":"https:\/\/luxesound.ca\/fr\/wp-json\/wp\/v2\/product\/1101\/revisions"}],"predecessor-version":[{"id":11567,"href":"https:\/\/luxesound.ca\/fr\/wp-json\/wp\/v2\/product\/1101\/revisions\/11567"}],"wp:featuredmedia":[{"embeddable":true,"href":"https:\/\/luxesound.ca\/fr\/wp-json\/wp\/v2\/media\/8217"}],"wp:attachment":[{"href":"https:\/\/luxesound.ca\/fr\/wp-json\/wp\/v2\/media?parent=1101"}],"wp:term":[{"taxonomy":"product_brand","embeddable":true,"href":"https:\/\/luxesound.ca\/fr\/wp-json\/wp\/v2\/product_brand?post=1101"},{"taxonomy":"product_cat","embeddable":true,"href":"https:\/\/luxesound.ca\/fr\/wp-json\/wp\/v2\/product_cat?post=1101"},{"taxonomy":"product_tag","embeddable":true,"href":"https:\/\/luxesound.ca\/fr\/wp-json\/wp\/v2\/product_tag?post=1101"}],"curies":[{"name":"wp","href":"https:\/\/api.w.org\/{rel}","templated":true}]}}