{"id":1099,"date":"2023-05-18T16:28:12","date_gmt":"2023-05-18T20:28:12","guid":{"rendered":"https:\/\/luxesound.ca\/product\/urbanista-brisbane-plus\/"},"modified":"2026-04-20T15:11:56","modified_gmt":"2026-04-20T19:11:56","slug":"urbanista-brisbane-plus","status":"publish","type":"product","link":"https:\/\/luxesound.ca\/fr\/product\/urbanista-brisbane-plus\/","title":{"rendered":"Enceinte Urbanista Brisbane Plus"},"content":{"rendered":"<p>Profitez d&#039;un son nomade exceptionnel avec l&#039;Urbanista Brisbane Plus, la deuxi\u00e8me g\u00e9n\u00e9ration de notre enceinte portable Brisbane. Parfois, le meilleur son se trouve dans un format compact, et c&#039;est assur\u00e9ment le cas de cet indispensable audio. Son son st\u00e9r\u00e9o riche et puissant offre des basses profondes et une ambiance immersive. Avec jusqu&#039;\u00e0 60 heures d&#039;autonomie et un appairage Bluetooth facile pour connecter plusieurs appareils, la Brisbane Plus arbore un design intemporel et des commandes \u00e9l\u00e9gamment int\u00e9gr\u00e9es.<\/p>","protected":false},"excerpt":{"rendered":"<p>Profitez de la libert\u00e9 d&#039;un son parfaitement portable avec l&#039;Urbanista Brisbane Plus, la deuxi\u00e8me g\u00e9n\u00e9ration de notre enceinte portable Brisbane. Parfois, le meilleur son est livr\u00e9 dans un format portable, et c&#039;est certainement vrai pour cet essentiel audio compact. Le son st\u00e9r\u00e9o riche offre un punch surprenant avec des basses incroyablement profondes et une ambiance \u00e9lev\u00e9e. Offrant jusqu&#039;\u00e0 60 heures d&#039;autonomie et un couplage Bluetooth facile pour connecter plusieurs appareils, Brisbane Plus est dot\u00e9 d&#039;une silhouette au design intemporel avec des commandes \u00e9l\u00e9gamment int\u00e9gr\u00e9es.<\/p>","protected":false},"featured_media":8250,"comment_status":"open","ping_status":"closed","template":"","meta":{"_acf_changed":false,"_mo_disable_npp":"","inline_featured_image":false},"product_brand":[751],"product_cat":[219,777,222],"product_tag":[168,407,408,169,406,155,409,396,405],"class_list":{"0":"post-1099","1":"product","2":"type-product","3":"status-publish","4":"has-post-thumbnail","6":"product_brand-urbanista","7":"product_cat-portable-audio","8":"product_cat-portable-speakers","9":"product_cat-urbanista","10":"product_tag-bluetooth-speaker","11":"product_tag-elegrant-portable-speaker","12":"product_tag-portable-sound-system","13":"product_tag-portable-speaker","14":"product_tag-stylish-portable-speaker","15":"product_tag-urbanista","16":"product_tag-urbanista-brisbane-plus-portable-speaker","17":"product_tag-urbanista-montreal","18":"product_tag-white-portable-speaker","19":"pa_colour-midnight-black","20":"pa_colour-white-mist","22":"first","23":"instock","24":"taxable","25":"shipping-taxable","26":"purchasable","27":"product-type-variable","28":"has-default-attributes"},"bundled_by":[],"bundle_stock_status":"instock","bundle_stock_quantity":3,"bundle_virtual":false,"bundle_layout":"","bundle_add_to_cart_form_location":"","bundle_editable_in_cart":false,"bundle_sold_individually_context":"","bundle_item_grouping":"","bundle_min_size":"","bundle_max_size":"","bundle_price":[],"bundled_items":[],"bundle_sell_ids":[],"acf":[],"ct_brands":[{"id":751,"name":"Urbanista","slug":"urbanista"}],"yoast_head":"<!-- This site is optimized with the Yoast SEO plugin v27.2 - https:\/\/yoast.com\/product\/yoast-seo-wordpress\/ -->\n<title>Urbanista Brisbane Plus Speaker - Luxe Sound<\/title>\n<meta name=\"description\" content=\"Experience the freedom of portable sound with Urbanista Brisbane Plus speaker. Rich stereo, deep bass, 60 hours playtime, and easy Bluetooth pairing.\" \/>\n<meta name=\"robots\" content=\"index, follow, max-snippet:-1, max-image-preview:large, max-video-preview:-1\" \/>\n<link rel=\"canonical\" href=\"https:\/\/luxesound.ca\/fr\/product\/urbanista-brisbane-plus\/\" \/>\n<meta property=\"og:locale\" content=\"fr_FR\" \/>\n<meta property=\"og:type\" content=\"article\" \/>\n<meta property=\"og:title\" content=\"Urbanista Brisbane Plus Speaker - Luxe Sound\" \/>\n<meta property=\"og:description\" content=\"Experience the freedom of portable sound with Urbanista Brisbane Plus speaker. Rich stereo, deep bass, 60 hours playtime, and easy Bluetooth pairing.\" \/>\n<meta property=\"og:url\" content=\"https:\/\/luxesound.ca\/fr\/product\/urbanista-brisbane-plus\/\" \/>\n<meta property=\"og:site_name\" content=\"Luxe Sound\" \/>\n<meta property=\"article:publisher\" content=\"https:\/\/www.facebook.com\/luxesound.ca\" \/>\n<meta property=\"article:modified_time\" content=\"2026-04-20T19:11:56+00:00\" \/>\n<meta property=\"og:image\" content=\"https:\/\/luxesound.ca\/wp-content\/uploads\/2023\/05\/urbanista-brisbane-plus-speaker-urbanista_brisbane_plus_black_4.webp\" \/>\n\t<meta property=\"og:image:width\" content=\"1200\" \/>\n\t<meta property=\"og:image:height\" content=\"800\" \/>\n\t<meta property=\"og:image:type\" content=\"image\/webp\" \/>\n<meta name=\"twitter:card\" content=\"summary_large_image\" \/>\n<meta name=\"twitter:label1\" content=\"Est. reading time\" \/>\n\t<meta name=\"twitter:data1\" content=\"1 minute\" \/>\n<script type=\"application\/ld+json\" class=\"yoast-schema-graph\">{\"@context\":\"https:\/\/schema.org\",\"@graph\":[{\"@type\":\"WebPage\",\"@id\":\"https:\/\/luxesound.ca\/product\/urbanista-brisbane-plus\/\",\"url\":\"https:\/\/luxesound.ca\/product\/urbanista-brisbane-plus\/\",\"name\":\"Urbanista Brisbane Plus Speaker - Luxe Sound\",\"isPartOf\":{\"@id\":\"https:\/\/luxesound.ca\/#website\"},\"primaryImageOfPage\":{\"@id\":\"https:\/\/luxesound.ca\/product\/urbanista-brisbane-plus\/#primaryimage\"},\"image\":{\"@id\":\"https:\/\/luxesound.ca\/product\/urbanista-brisbane-plus\/#primaryimage\"},\"thumbnailUrl\":\"https:\/\/luxesound.ca\/wp-content\/uploads\/2023\/05\/urbanista-brisbane-plus-speaker-urbanista_brisbane_plus_black_4.webp\",\"datePublished\":\"2023-05-18T20:28:12+00:00\",\"dateModified\":\"2026-04-20T19:11:56+00:00\",\"description\":\"Experience the freedom of portable sound with Urbanista Brisbane Plus speaker. Rich stereo, deep bass, 60 hours playtime, and easy Bluetooth pairing.\",\"breadcrumb\":{\"@id\":\"https:\/\/luxesound.ca\/product\/urbanista-brisbane-plus\/#breadcrumb\"},\"inLanguage\":\"fr-qc\",\"potentialAction\":[{\"@type\":\"ReadAction\",\"target\":[\"https:\/\/luxesound.ca\/product\/urbanista-brisbane-plus\/\"]}]},{\"@type\":\"ImageObject\",\"inLanguage\":\"fr-qc\",\"@id\":\"https:\/\/luxesound.ca\/product\/urbanista-brisbane-plus\/#primaryimage\",\"url\":\"https:\/\/luxesound.ca\/wp-content\/uploads\/2023\/05\/urbanista-brisbane-plus-speaker-urbanista_brisbane_plus_black_4.webp\",\"contentUrl\":\"https:\/\/luxesound.ca\/wp-content\/uploads\/2023\/05\/urbanista-brisbane-plus-speaker-urbanista_brisbane_plus_black_4.webp\",\"width\":1200,\"height\":800,\"caption\":\"Urbanista Brisbane Plus Black Front View Portable Speaker\"},{\"@type\":\"BreadcrumbList\",\"@id\":\"https:\/\/luxesound.ca\/product\/urbanista-brisbane-plus\/#breadcrumb\",\"itemListElement\":[{\"@type\":\"ListItem\",\"position\":1,\"name\":\"Home\",\"item\":\"https:\/\/luxesound.ca\/\"},{\"@type\":\"ListItem\",\"position\":2,\"name\":\"Products\",\"item\":\"https:\/\/luxesound.ca\/shop\/\"},{\"@type\":\"ListItem\",\"position\":3,\"name\":\"Urbanista Brisbane Plus Speaker\"}]},{\"@type\":\"WebSite\",\"@id\":\"https:\/\/luxesound.ca\/#website\",\"url\":\"https:\/\/luxesound.ca\/\",\"name\":\"Luxe Sound\",\"description\":\"The Finest Headphones &amp; Speakers. Proudly Canadian.\",\"publisher\":{\"@id\":\"https:\/\/luxesound.ca\/#organization\"},\"potentialAction\":[{\"@type\":\"SearchAction\",\"target\":{\"@type\":\"EntryPoint\",\"urlTemplate\":\"https:\/\/luxesound.ca\/?s={search_term_string}\"},\"query-input\":{\"@type\":\"PropertyValueSpecification\",\"valueRequired\":true,\"valueName\":\"search_term_string\"}}],\"inLanguage\":\"fr-qc\"},{\"@type\":\"Organization\",\"@id\":\"https:\/\/luxesound.ca\/#organization\",\"name\":\"Luxe Sound\",\"url\":\"https:\/\/luxesound.ca\/\",\"logo\":{\"@type\":\"ImageObject\",\"inLanguage\":\"fr-qc\",\"@id\":\"https:\/\/luxesound.ca\/#\/schema\/logo\/image\/\",\"url\":\"https:\/\/luxesound.ca\/wp-content\/uploads\/2024\/08\/cropped-Luxe-white-on-green.png\",\"contentUrl\":\"https:\/\/luxesound.ca\/wp-content\/uploads\/2024\/08\/cropped-Luxe-white-on-green.png\",\"width\":512,\"height\":512,\"caption\":\"Luxe Sound\"},\"image\":{\"@id\":\"https:\/\/luxesound.ca\/#\/schema\/logo\/image\/\"},\"sameAs\":[\"https:\/\/www.facebook.com\/luxesound.ca\",\"https:\/\/www.instagram.com\/luxe.sound\/\"]}]}<\/script>\n<!-- \/ Yoast SEO plugin. -->","yoast_head_json":{"title":"Enceinte Urbanista Brisbane Plus - Son de luxe","description":"D\u00e9couvrez la libert\u00e9 du son nomade avec l&#039;enceinte Urbanista Brisbane Plus. Un son st\u00e9r\u00e9o riche, des basses profondes, 60 heures d&#039;autonomie et un appairage Bluetooth facile.","robots":{"index":"index","follow":"follow","max-snippet":"max-snippet:-1","max-image-preview":"max-image-preview:large","max-video-preview":"max-video-preview:-1"},"canonical":"https:\/\/luxesound.ca\/fr\/product\/urbanista-brisbane-plus\/","og_locale":"fr_FR","og_type":"article","og_title":"Urbanista Brisbane Plus Speaker - Luxe Sound","og_description":"Experience the freedom of portable sound with Urbanista Brisbane Plus speaker. Rich stereo, deep bass, 60 hours playtime, and easy Bluetooth pairing.","og_url":"https:\/\/luxesound.ca\/fr\/product\/urbanista-brisbane-plus\/","og_site_name":"Luxe Sound","article_publisher":"https:\/\/www.facebook.com\/luxesound.ca","article_modified_time":"2026-04-20T19:11:56+00:00","og_image":[{"width":1200,"height":800,"url":"https:\/\/luxesound.ca\/wp-content\/uploads\/2023\/05\/urbanista-brisbane-plus-speaker-urbanista_brisbane_plus_black_4.webp","type":"image\/webp"}],"twitter_card":"summary_large_image","twitter_misc":{"Est. reading time":"1 minute"},"schema":{"@context":"https:\/\/schema.org","@graph":[{"@type":"WebPage","@id":"https:\/\/luxesound.ca\/product\/urbanista-brisbane-plus\/","url":"https:\/\/luxesound.ca\/product\/urbanista-brisbane-plus\/","name":"Enceinte Urbanista Brisbane Plus - Son de luxe","isPartOf":{"@id":"https:\/\/luxesound.ca\/#website"},"primaryImageOfPage":{"@id":"https:\/\/luxesound.ca\/product\/urbanista-brisbane-plus\/#primaryimage"},"image":{"@id":"https:\/\/luxesound.ca\/product\/urbanista-brisbane-plus\/#primaryimage"},"thumbnailUrl":"https:\/\/luxesound.ca\/wp-content\/uploads\/2023\/05\/urbanista-brisbane-plus-speaker-urbanista_brisbane_plus_black_4.webp","datePublished":"2023-05-18T20:28:12+00:00","dateModified":"2026-04-20T19:11:56+00:00","description":"D\u00e9couvrez la libert\u00e9 du son nomade avec l&#039;enceinte Urbanista Brisbane Plus. Un son st\u00e9r\u00e9o riche, des basses profondes, 60 heures d&#039;autonomie et un appairage Bluetooth facile.","breadcrumb":{"@id":"https:\/\/luxesound.ca\/product\/urbanista-brisbane-plus\/#breadcrumb"},"inLanguage":"fr-qc","potentialAction":[{"@type":"ReadAction","target":["https:\/\/luxesound.ca\/product\/urbanista-brisbane-plus\/"]}]},{"@type":"ImageObject","inLanguage":"fr-qc","@id":"https:\/\/luxesound.ca\/product\/urbanista-brisbane-plus\/#primaryimage","url":"https:\/\/luxesound.ca\/wp-content\/uploads\/2023\/05\/urbanista-brisbane-plus-speaker-urbanista_brisbane_plus_black_4.webp","contentUrl":"https:\/\/luxesound.ca\/wp-content\/uploads\/2023\/05\/urbanista-brisbane-plus-speaker-urbanista_brisbane_plus_black_4.webp","width":1200,"height":800,"caption":"Urbanista Brisbane Plus Black Front View Portable Speaker"},{"@type":"BreadcrumbList","@id":"https:\/\/luxesound.ca\/product\/urbanista-brisbane-plus\/#breadcrumb","itemListElement":[{"@type":"ListItem","position":1,"name":"Home","item":"https:\/\/luxesound.ca\/"},{"@type":"ListItem","position":2,"name":"Products","item":"https:\/\/luxesound.ca\/shop\/"},{"@type":"ListItem","position":3,"name":"Urbanista Brisbane Plus Speaker"}]},{"@type":"WebSite","@id":"https:\/\/luxesound.ca\/#website","url":"https:\/\/luxesound.ca\/","name":"Son luxueux","description":"Les meilleurs \u00e9couteurs et haut-parleurs. Fi\u00e8rement canadiens.","publisher":{"@id":"https:\/\/luxesound.ca\/#organization"},"potentialAction":[{"@type":"SearchAction","target":{"@type":"EntryPoint","urlTemplate":"https:\/\/luxesound.ca\/?s={search_term_string}"},"query-input":{"@type":"PropertyValueSpecification","valueRequired":true,"valueName":"search_term_string"}}],"inLanguage":"fr-qc"},{"@type":"Organization","@id":"https:\/\/luxesound.ca\/#organization","name":"Son luxueux","url":"https:\/\/luxesound.ca\/","logo":{"@type":"ImageObject","inLanguage":"fr-qc","@id":"https:\/\/luxesound.ca\/#\/schema\/logo\/image\/","url":"https:\/\/luxesound.ca\/wp-content\/uploads\/2024\/08\/cropped-Luxe-white-on-green.png","contentUrl":"https:\/\/luxesound.ca\/wp-content\/uploads\/2024\/08\/cropped-Luxe-white-on-green.png","width":512,"height":512,"caption":"Luxe Sound"},"image":{"@id":"https:\/\/luxesound.ca\/#\/schema\/logo\/image\/"},"sameAs":["https:\/\/www.facebook.com\/luxesound.ca","https:\/\/www.instagram.com\/luxe.sound\/"]}]}},"_links":{"self":[{"href":"https:\/\/luxesound.ca\/fr\/wp-json\/wp\/v2\/product\/1099","targetHints":{"allow":["GET"]}}],"collection":[{"href":"https:\/\/luxesound.ca\/fr\/wp-json\/wp\/v2\/product"}],"about":[{"href":"https:\/\/luxesound.ca\/fr\/wp-json\/wp\/v2\/types\/product"}],"replies":[{"embeddable":true,"href":"https:\/\/luxesound.ca\/fr\/wp-json\/wp\/v2\/comments?post=1099"}],"version-history":[{"count":2,"href":"https:\/\/luxesound.ca\/fr\/wp-json\/wp\/v2\/product\/1099\/revisions"}],"predecessor-version":[{"id":11610,"href":"https:\/\/luxesound.ca\/fr\/wp-json\/wp\/v2\/product\/1099\/revisions\/11610"}],"wp:featuredmedia":[{"embeddable":true,"href":"https:\/\/luxesound.ca\/fr\/wp-json\/wp\/v2\/media\/8250"}],"wp:attachment":[{"href":"https:\/\/luxesound.ca\/fr\/wp-json\/wp\/v2\/media?parent=1099"}],"wp:term":[{"taxonomy":"product_brand","embeddable":true,"href":"https:\/\/luxesound.ca\/fr\/wp-json\/wp\/v2\/product_brand?post=1099"},{"taxonomy":"product_cat","embeddable":true,"href":"https:\/\/luxesound.ca\/fr\/wp-json\/wp\/v2\/product_cat?post=1099"},{"taxonomy":"product_tag","embeddable":true,"href":"https:\/\/luxesound.ca\/fr\/wp-json\/wp\/v2\/product_tag?post=1099"}],"curies":[{"name":"wp","href":"https:\/\/api.w.org\/{rel}","templated":true}]}}