{"id":10975,"date":"2025-05-08T15:47:42","date_gmt":"2025-05-08T19:47:42","guid":{"rendered":"https:\/\/luxesound.ca\/?post_type=product&#038;p=10975"},"modified":"2026-04-20T15:12:28","modified_gmt":"2026-04-20T19:12:28","slug":"sonos-two-room-set-era-100","status":"publish","type":"product","link":"https:\/\/luxesound.ca\/fr\/product\/sonos-two-room-set-era-100\/","title":{"rendered":"Ensemble deux pi\u00e8ces Sonos avec Era 100"},"content":{"rendered":"<p>Transformez jusqu&#039;\u00e0 deux pi\u00e8ces avec un son st\u00e9r\u00e9o riche, des basses profondes et la commande vocale pour toute votre musique. Placez ces enceintes dans diff\u00e9rentes pi\u00e8ces de votre maison pour une \u00e9coute multiroom, ou couplez-les en st\u00e9r\u00e9o dans la m\u00eame pi\u00e8ce pour un son encore plus d\u00e9taill\u00e9. Vous pouvez \u00e9galement les utiliser comme enceintes satellites arri\u00e8re avec votre barre de son Sonos pour un son surround immersif. Configurez-les facilement gr\u00e2ce \u00e0 l&#039;application Sonos, puis diffusez facilement tout votre contenu audio via Wi-Fi et Bluetooth\u00ae. Profitez d&#039;un contr\u00f4le mains libres avec Sonos Voice Control et Amazon Alexa.<sup>1<\/sup>\u00a0Connectez une platine vinyle ou une autre source audio avec l&#039;adaptateur d&#039;entr\u00e9e ligne Sonos et un c\u00e2ble auxiliaire.<\/p>","protected":false},"excerpt":{"rendered":"<p>Transformez jusqu&#039;\u00e0 deux pi\u00e8ces avec un son st\u00e9r\u00e9o riche, des basses profondes et la commande vocale pour toute votre musique. Placez ces enceintes dans diff\u00e9rentes pi\u00e8ces de votre maison pour une \u00e9coute multiroom, ou couplez-les en st\u00e9r\u00e9o dans la m\u00eame pi\u00e8ce pour un son encore plus d\u00e9taill\u00e9. Vous pouvez \u00e9galement les utiliser comme enceintes satellites arri\u00e8re avec votre barre de son Sonos pour un son surround immersif. Configurez-les facilement gr\u00e2ce \u00e0 l&#039;application Sonos, puis diffusez facilement tout votre contenu audio via Wi-Fi et Bluetooth\u00ae. Profitez d&#039;un contr\u00f4le mains libres avec Sonos Voice Control et Amazon Alexa.<sup>1<\/sup>\u00a0Connectez une platine vinyle ou une autre source audio avec l&#039;adaptateur d&#039;entr\u00e9e ligne Sonos et un c\u00e2ble auxiliaire.<\/p>","protected":false},"featured_media":10978,"comment_status":"open","ping_status":"closed","template":"","meta":{"_acf_changed":false,"_mo_disable_npp":"","inline_featured_image":false},"product_brand":[750],"product_cat":[98,778,26,27],"product_tag":[],"class_list":{"0":"post-10975","1":"product","2":"type-product","3":"status-publish","4":"has-post-thumbnail","6":"product_brand-sonos","7":"product_cat-home-theatre","8":"product_cat-home-theatre-sets","9":"product_cat-sonos","10":"product_cat-speakers","12":"first","13":"instock","14":"sale","15":"virtual","16":"taxable","17":"purchasable","18":"product-type-bundle"},"bundled_by":[],"bundle_stock_status":"instock","bundle_stock_quantity":4,"bundle_virtual":false,"bundle_layout":"default","bundle_add_to_cart_form_location":"default","bundle_editable_in_cart":false,"bundle_sold_individually_context":"product","bundle_item_grouping":"parent","bundle_min_size":"","bundle_max_size":"","bundle_price":{"price":{"min":{"incl_tax":"630.06","excl_tax":"548"},"max":{"incl_tax":"630.06","excl_tax":"548"}},"regular_price":{"min":{"incl_tax":"664.56","excl_tax":"578"},"max":{"incl_tax":"664.56","excl_tax":"578"}}},"bundled_items":[{"bundled_item_id":38,"product_id":354,"menu_order":0,"quantity_min":2,"quantity_max":2,"quantity_default":2,"priced_individually":false,"shipped_individually":false,"override_title":false,"title":"Enceinte Sonos Era 100","override_description":true,"description":"","optional":false,"hide_thumbnail":false,"discount":"","override_variations":false,"allowed_variations":[],"override_default_variation_attributes":false,"default_variation_attributes":[],"single_product_visibility":"visible","cart_visibility":"visible","order_visibility":"visible","single_product_price_visibility":"visible","cart_price_visibility":"visible","order_price_visibility":"visible","stock_status":"in_stock"}],"bundle_sell_ids":[],"acf":[],"ct_brands":[{"id":750,"name":"Sonos","slug":"sonos"}],"yoast_head":"<!-- This site is optimized with the Yoast SEO plugin v27.2 - https:\/\/yoast.com\/product\/yoast-seo-wordpress\/ -->\n<title>Sonos Two-Room Set with Era 100 - Luxe Sound<\/title>\n<meta name=\"description\" content=\"Transform up to two rooms with rich stereo sound, deep bass, and voice control for all your music with two Sonos Era 100 Speakers. Free Shipping!\" \/>\n<meta name=\"robots\" content=\"index, follow, max-snippet:-1, max-image-preview:large, max-video-preview:-1\" \/>\n<link rel=\"canonical\" href=\"https:\/\/luxesound.ca\/fr\/product\/sonos-two-room-set-era-100\/\" \/>\n<meta property=\"og:locale\" content=\"fr_FR\" \/>\n<meta property=\"og:type\" content=\"article\" \/>\n<meta property=\"og:title\" content=\"Sonos Two-Room Set with Era 100 - Luxe Sound\" \/>\n<meta property=\"og:description\" content=\"Transform up to two rooms with rich stereo sound, deep bass, and voice control for all your music with two Sonos Era 100 Speakers. Free Shipping!\" \/>\n<meta property=\"og:url\" content=\"https:\/\/luxesound.ca\/fr\/product\/sonos-two-room-set-era-100\/\" \/>\n<meta property=\"og:site_name\" content=\"Luxe Sound\" \/>\n<meta property=\"article:publisher\" content=\"https:\/\/www.facebook.com\/luxesound.ca\" \/>\n<meta property=\"article:modified_time\" content=\"2026-04-20T19:12:28+00:00\" \/>\n<meta property=\"og:image\" content=\"https:\/\/luxesound.ca\/wp-content\/uploads\/2025\/05\/Sonos-two-room-set-black-1.webp\" \/>\n\t<meta property=\"og:image:width\" content=\"1200\" \/>\n\t<meta property=\"og:image:height\" content=\"800\" \/>\n\t<meta property=\"og:image:type\" content=\"image\/webp\" \/>\n<meta name=\"twitter:card\" content=\"summary_large_image\" \/>\n<meta name=\"twitter:label1\" content=\"Est. reading time\" \/>\n\t<meta name=\"twitter:data1\" content=\"1 minute\" \/>\n<script type=\"application\/ld+json\" class=\"yoast-schema-graph\">{\"@context\":\"https:\/\/schema.org\",\"@graph\":[{\"@type\":\"WebPage\",\"@id\":\"https:\/\/luxesound.ca\/product\/sonos-two-room-set-era-100\/\",\"url\":\"https:\/\/luxesound.ca\/product\/sonos-two-room-set-era-100\/\",\"name\":\"Sonos Two-Room Set with Era 100 - Luxe Sound\",\"isPartOf\":{\"@id\":\"https:\/\/luxesound.ca\/#website\"},\"primaryImageOfPage\":{\"@id\":\"https:\/\/luxesound.ca\/product\/sonos-two-room-set-era-100\/#primaryimage\"},\"image\":{\"@id\":\"https:\/\/luxesound.ca\/product\/sonos-two-room-set-era-100\/#primaryimage\"},\"thumbnailUrl\":\"https:\/\/luxesound.ca\/wp-content\/uploads\/2025\/05\/Sonos-two-room-set-black-1.webp\",\"datePublished\":\"2025-05-08T19:47:42+00:00\",\"dateModified\":\"2026-04-20T19:12:28+00:00\",\"description\":\"Transform up to two rooms with rich stereo sound, deep bass, and voice control for all your music with two Sonos Era 100 Speakers. Free Shipping!\",\"breadcrumb\":{\"@id\":\"https:\/\/luxesound.ca\/product\/sonos-two-room-set-era-100\/#breadcrumb\"},\"inLanguage\":\"fr-qc\",\"potentialAction\":[{\"@type\":\"ReadAction\",\"target\":[\"https:\/\/luxesound.ca\/product\/sonos-two-room-set-era-100\/\"]}]},{\"@type\":\"ImageObject\",\"inLanguage\":\"fr-qc\",\"@id\":\"https:\/\/luxesound.ca\/product\/sonos-two-room-set-era-100\/#primaryimage\",\"url\":\"https:\/\/luxesound.ca\/wp-content\/uploads\/2025\/05\/Sonos-two-room-set-black-1.webp\",\"contentUrl\":\"https:\/\/luxesound.ca\/wp-content\/uploads\/2025\/05\/Sonos-two-room-set-black-1.webp\",\"width\":1200,\"height\":800},{\"@type\":\"BreadcrumbList\",\"@id\":\"https:\/\/luxesound.ca\/product\/sonos-two-room-set-era-100\/#breadcrumb\",\"itemListElement\":[{\"@type\":\"ListItem\",\"position\":1,\"name\":\"Home\",\"item\":\"https:\/\/luxesound.ca\/\"},{\"@type\":\"ListItem\",\"position\":2,\"name\":\"Products\",\"item\":\"https:\/\/luxesound.ca\/shop\/\"},{\"@type\":\"ListItem\",\"position\":3,\"name\":\"Sonos Two-Room Set with Era 100\"}]},{\"@type\":\"WebSite\",\"@id\":\"https:\/\/luxesound.ca\/#website\",\"url\":\"https:\/\/luxesound.ca\/\",\"name\":\"Luxe Sound\",\"description\":\"The Finest Headphones &amp; Speakers. Proudly Canadian.\",\"publisher\":{\"@id\":\"https:\/\/luxesound.ca\/#organization\"},\"potentialAction\":[{\"@type\":\"SearchAction\",\"target\":{\"@type\":\"EntryPoint\",\"urlTemplate\":\"https:\/\/luxesound.ca\/?s={search_term_string}\"},\"query-input\":{\"@type\":\"PropertyValueSpecification\",\"valueRequired\":true,\"valueName\":\"search_term_string\"}}],\"inLanguage\":\"fr-qc\"},{\"@type\":\"Organization\",\"@id\":\"https:\/\/luxesound.ca\/#organization\",\"name\":\"Luxe Sound\",\"url\":\"https:\/\/luxesound.ca\/\",\"logo\":{\"@type\":\"ImageObject\",\"inLanguage\":\"fr-qc\",\"@id\":\"https:\/\/luxesound.ca\/#\/schema\/logo\/image\/\",\"url\":\"https:\/\/luxesound.ca\/wp-content\/uploads\/2024\/08\/cropped-Luxe-white-on-green.png\",\"contentUrl\":\"https:\/\/luxesound.ca\/wp-content\/uploads\/2024\/08\/cropped-Luxe-white-on-green.png\",\"width\":512,\"height\":512,\"caption\":\"Luxe Sound\"},\"image\":{\"@id\":\"https:\/\/luxesound.ca\/#\/schema\/logo\/image\/\"},\"sameAs\":[\"https:\/\/www.facebook.com\/luxesound.ca\",\"https:\/\/www.instagram.com\/luxe.sound\/\"]}]}<\/script>\n<!-- \/ Yoast SEO plugin. -->","yoast_head_json":{"title":"Sonos Two-Room Set with Era 100 - Luxe Sound","description":"Transform up to two rooms with rich stereo sound, deep bass, and voice control for all your music with two Sonos Era 100 Speakers. Free Shipping!","robots":{"index":"index","follow":"follow","max-snippet":"max-snippet:-1","max-image-preview":"max-image-preview:large","max-video-preview":"max-video-preview:-1"},"canonical":"https:\/\/luxesound.ca\/fr\/product\/sonos-two-room-set-era-100\/","og_locale":"fr_FR","og_type":"article","og_title":"Sonos Two-Room Set with Era 100 - Luxe Sound","og_description":"Transform up to two rooms with rich stereo sound, deep bass, and voice control for all your music with two Sonos Era 100 Speakers. Free Shipping!","og_url":"https:\/\/luxesound.ca\/fr\/product\/sonos-two-room-set-era-100\/","og_site_name":"Luxe Sound","article_publisher":"https:\/\/www.facebook.com\/luxesound.ca","article_modified_time":"2026-04-20T19:12:28+00:00","og_image":[{"width":1200,"height":800,"url":"https:\/\/luxesound.ca\/wp-content\/uploads\/2025\/05\/Sonos-two-room-set-black-1.webp","type":"image\/webp"}],"twitter_card":"summary_large_image","twitter_misc":{"Est. reading time":"1 minute"},"schema":{"@context":"https:\/\/schema.org","@graph":[{"@type":"WebPage","@id":"https:\/\/luxesound.ca\/product\/sonos-two-room-set-era-100\/","url":"https:\/\/luxesound.ca\/product\/sonos-two-room-set-era-100\/","name":"Sonos Two-Room Set with Era 100 - Luxe Sound","isPartOf":{"@id":"https:\/\/luxesound.ca\/#website"},"primaryImageOfPage":{"@id":"https:\/\/luxesound.ca\/product\/sonos-two-room-set-era-100\/#primaryimage"},"image":{"@id":"https:\/\/luxesound.ca\/product\/sonos-two-room-set-era-100\/#primaryimage"},"thumbnailUrl":"https:\/\/luxesound.ca\/wp-content\/uploads\/2025\/05\/Sonos-two-room-set-black-1.webp","datePublished":"2025-05-08T19:47:42+00:00","dateModified":"2026-04-20T19:12:28+00:00","description":"Transform up to two rooms with rich stereo sound, deep bass, and voice control for all your music with two Sonos Era 100 Speakers. Free Shipping!","breadcrumb":{"@id":"https:\/\/luxesound.ca\/product\/sonos-two-room-set-era-100\/#breadcrumb"},"inLanguage":"fr-qc","potentialAction":[{"@type":"ReadAction","target":["https:\/\/luxesound.ca\/product\/sonos-two-room-set-era-100\/"]}]},{"@type":"ImageObject","inLanguage":"fr-qc","@id":"https:\/\/luxesound.ca\/product\/sonos-two-room-set-era-100\/#primaryimage","url":"https:\/\/luxesound.ca\/wp-content\/uploads\/2025\/05\/Sonos-two-room-set-black-1.webp","contentUrl":"https:\/\/luxesound.ca\/wp-content\/uploads\/2025\/05\/Sonos-two-room-set-black-1.webp","width":1200,"height":800},{"@type":"BreadcrumbList","@id":"https:\/\/luxesound.ca\/product\/sonos-two-room-set-era-100\/#breadcrumb","itemListElement":[{"@type":"ListItem","position":1,"name":"Home","item":"https:\/\/luxesound.ca\/"},{"@type":"ListItem","position":2,"name":"Products","item":"https:\/\/luxesound.ca\/shop\/"},{"@type":"ListItem","position":3,"name":"Sonos Two-Room Set with Era 100"}]},{"@type":"WebSite","@id":"https:\/\/luxesound.ca\/#website","url":"https:\/\/luxesound.ca\/","name":"Son luxueux","description":"Les meilleurs \u00e9couteurs et haut-parleurs. Fi\u00e8rement canadiens.","publisher":{"@id":"https:\/\/luxesound.ca\/#organization"},"potentialAction":[{"@type":"SearchAction","target":{"@type":"EntryPoint","urlTemplate":"https:\/\/luxesound.ca\/?s={search_term_string}"},"query-input":{"@type":"PropertyValueSpecification","valueRequired":true,"valueName":"search_term_string"}}],"inLanguage":"fr-qc"},{"@type":"Organization","@id":"https:\/\/luxesound.ca\/#organization","name":"Son luxueux","url":"https:\/\/luxesound.ca\/","logo":{"@type":"ImageObject","inLanguage":"fr-qc","@id":"https:\/\/luxesound.ca\/#\/schema\/logo\/image\/","url":"https:\/\/luxesound.ca\/wp-content\/uploads\/2024\/08\/cropped-Luxe-white-on-green.png","contentUrl":"https:\/\/luxesound.ca\/wp-content\/uploads\/2024\/08\/cropped-Luxe-white-on-green.png","width":512,"height":512,"caption":"Luxe Sound"},"image":{"@id":"https:\/\/luxesound.ca\/#\/schema\/logo\/image\/"},"sameAs":["https:\/\/www.facebook.com\/luxesound.ca","https:\/\/www.instagram.com\/luxe.sound\/"]}]}},"_links":{"self":[{"href":"https:\/\/luxesound.ca\/fr\/wp-json\/wp\/v2\/product\/10975","targetHints":{"allow":["GET"]}}],"collection":[{"href":"https:\/\/luxesound.ca\/fr\/wp-json\/wp\/v2\/product"}],"about":[{"href":"https:\/\/luxesound.ca\/fr\/wp-json\/wp\/v2\/types\/product"}],"replies":[{"embeddable":true,"href":"https:\/\/luxesound.ca\/fr\/wp-json\/wp\/v2\/comments?post=10975"}],"version-history":[{"count":1,"href":"https:\/\/luxesound.ca\/fr\/wp-json\/wp\/v2\/product\/10975\/revisions"}],"predecessor-version":[{"id":10979,"href":"https:\/\/luxesound.ca\/fr\/wp-json\/wp\/v2\/product\/10975\/revisions\/10979"}],"wp:featuredmedia":[{"embeddable":true,"href":"https:\/\/luxesound.ca\/fr\/wp-json\/wp\/v2\/media\/10978"}],"wp:attachment":[{"href":"https:\/\/luxesound.ca\/fr\/wp-json\/wp\/v2\/media?parent=10975"}],"wp:term":[{"taxonomy":"product_brand","embeddable":true,"href":"https:\/\/luxesound.ca\/fr\/wp-json\/wp\/v2\/product_brand?post=10975"},{"taxonomy":"product_cat","embeddable":true,"href":"https:\/\/luxesound.ca\/fr\/wp-json\/wp\/v2\/product_cat?post=10975"},{"taxonomy":"product_tag","embeddable":true,"href":"https:\/\/luxesound.ca\/fr\/wp-json\/wp\/v2\/product_tag?post=10975"}],"curies":[{"name":"wp","href":"https:\/\/api.w.org\/{rel}","templated":true}]}}