{"id":10972,"date":"2025-05-08T15:41:04","date_gmt":"2025-05-08T19:41:04","guid":{"rendered":"https:\/\/luxesound.ca\/?post_type=product&#038;p=10972"},"modified":"2026-04-20T15:12:28","modified_gmt":"2026-04-20T19:12:28","slug":"sonos-premium-immersive-set-with-beam-2","status":"publish","type":"product","link":"https:\/\/luxesound.ca\/fr\/product\/sonos-premium-immersive-set-with-beam-2\/","title":{"rendered":"Ensemble immersif premium Sonos avec Beam, Sub 4 et Era 100"},"content":{"rendered":"<p>Profitez d&#039;une exp\u00e9rience sonore surround puissante avec cette barre de son compacte, son caisson de basses et ses deux enceintes arri\u00e8re. Profitez d&#039;une sc\u00e8ne sonore panoramique, de dialogues d&#039;une clart\u00e9 cristalline et de basses profondes. Dolby Atmos propulse votre exp\u00e9rience sonore vers de nouveaux sommets, cr\u00e9ant un son surround virtuel. Configuration simplifi\u00e9e gr\u00e2ce \u00e0 l&#039;application Sonos. Lorsque le t\u00e9l\u00e9viseur est \u00e9teint, diffusez de la musique et bien plus encore depuis vos services pr\u00e9f\u00e9r\u00e9s en Wi-Fi. Contr\u00f4lez votre t\u00e9l\u00e9viseur en toute simplicit\u00e9 gr\u00e2ce \u00e0 la t\u00e9l\u00e9commande, l&#039;application Sonos, Apple AirPlay 2, le contr\u00f4le vocal Sonos et Amazon Alexa.<\/p>","protected":false},"excerpt":{"rendered":"<p>Profitez d&#039;une exp\u00e9rience sonore surround puissante avec cette barre de son compacte, son caisson de basses et ses deux enceintes arri\u00e8re. Profitez d&#039;une sc\u00e8ne sonore panoramique, de dialogues d&#039;une clart\u00e9 cristalline et de basses profondes. Dolby Atmos propulse votre exp\u00e9rience sonore vers de nouveaux sommets, cr\u00e9ant un son surround virtuel. Configuration simplifi\u00e9e gr\u00e2ce \u00e0 l&#039;application Sonos. Lorsque le t\u00e9l\u00e9viseur est \u00e9teint, diffusez de la musique et bien plus encore depuis vos services pr\u00e9f\u00e9r\u00e9s en Wi-Fi. Contr\u00f4lez votre t\u00e9l\u00e9viseur en toute simplicit\u00e9 gr\u00e2ce \u00e0 la t\u00e9l\u00e9commande, l&#039;application Sonos, Apple AirPlay 2, le contr\u00f4le vocal Sonos et Amazon Alexa.<\/p>","protected":false},"featured_media":6027,"comment_status":"open","ping_status":"closed","template":"","meta":{"_acf_changed":false,"_mo_disable_npp":"","inline_featured_image":false},"product_brand":[750],"product_cat":[98,778,26],"product_tag":[],"class_list":{"0":"post-10972","1":"product","2":"type-product","3":"status-publish","4":"has-post-thumbnail","6":"product_brand-sonos","7":"product_cat-home-theatre","8":"product_cat-home-theatre-sets","9":"product_cat-sonos","11":"first","12":"instock","13":"sale","14":"virtual","15":"taxable","16":"purchasable","17":"product-type-bundle"},"bundled_by":[],"bundle_stock_status":"instock","bundle_stock_quantity":4,"bundle_virtual":false,"bundle_layout":"default","bundle_add_to_cart_form_location":"default","bundle_editable_in_cart":false,"bundle_sold_individually_context":"product","bundle_item_grouping":"parent","bundle_min_size":"","bundle_max_size":"","bundle_price":{"price":{"min":{"incl_tax":"2606.48","excl_tax":"2267"},"max":{"incl_tax":"2606.48","excl_tax":"2267"}},"regular_price":{"min":{"incl_tax":"2731.81","excl_tax":"2376"},"max":{"incl_tax":"2731.81","excl_tax":"2376"}}},"bundled_items":[{"bundled_item_id":35,"product_id":196,"menu_order":0,"quantity_min":1,"quantity_max":1,"quantity_default":1,"priced_individually":false,"shipped_individually":false,"override_title":false,"title":"Barre de son Sonos Beam (2e g\u00e9n\u00e9ration)","override_description":true,"description":"","optional":false,"hide_thumbnail":false,"discount":"","override_variations":false,"allowed_variations":[],"override_default_variation_attributes":false,"default_variation_attributes":[],"single_product_visibility":"visible","cart_visibility":"visible","order_visibility":"visible","single_product_price_visibility":"visible","cart_price_visibility":"visible","order_price_visibility":"visible","stock_status":"in_stock"},{"bundled_item_id":36,"product_id":8784,"menu_order":1,"quantity_min":1,"quantity_max":1,"quantity_default":1,"priced_individually":false,"shipped_individually":false,"override_title":false,"title":"Sonos Sub 4 \u2013 Caisson de basses sans fil","override_description":true,"description":"","optional":false,"hide_thumbnail":false,"discount":"","override_variations":false,"allowed_variations":[],"override_default_variation_attributes":false,"default_variation_attributes":[],"single_product_visibility":"visible","cart_visibility":"visible","order_visibility":"visible","single_product_price_visibility":"visible","cart_price_visibility":"visible","order_price_visibility":"visible","stock_status":"in_stock"},{"bundled_item_id":37,"product_id":354,"menu_order":2,"quantity_min":2,"quantity_max":2,"quantity_default":2,"priced_individually":false,"shipped_individually":false,"override_title":false,"title":"Enceinte Sonos Era 100","override_description":true,"description":"","optional":false,"hide_thumbnail":false,"discount":"","override_variations":false,"allowed_variations":[],"override_default_variation_attributes":false,"default_variation_attributes":[],"single_product_visibility":"visible","cart_visibility":"visible","order_visibility":"visible","single_product_price_visibility":"visible","cart_price_visibility":"visible","order_price_visibility":"visible","stock_status":"in_stock"}],"bundle_sell_ids":[],"acf":[],"ct_brands":[{"id":750,"name":"Sonos","slug":"sonos"}],"yoast_head":"<!-- This site is optimized with the Yoast SEO plugin v27.2 - https:\/\/yoast.com\/product\/yoast-seo-wordpress\/ -->\n<title>Sonos Premium Immersive Set with Beam, Sub 4 and Era 100 - Luxe Sound<\/title>\n<meta name=\"description\" content=\"Enjoy a powerful surround sound experience with this compact soundbar, subwoofer, and pair of rear speakers. Shop at Luxe Sound. Free Shipping!\" \/>\n<meta name=\"robots\" content=\"index, follow, max-snippet:-1, max-image-preview:large, max-video-preview:-1\" \/>\n<link rel=\"canonical\" href=\"https:\/\/luxesound.ca\/fr\/product\/sonos-premium-immersive-set-with-beam-2\/\" \/>\n<meta property=\"og:locale\" content=\"fr_FR\" \/>\n<meta property=\"og:type\" content=\"article\" \/>\n<meta property=\"og:title\" content=\"Sonos Premium Immersive Set with Beam, Sub 4 and Era 100 - Luxe Sound\" \/>\n<meta property=\"og:description\" content=\"Enjoy a powerful surround sound experience with this compact soundbar, subwoofer, and pair of rear speakers. Shop at Luxe Sound. Free Shipping!\" \/>\n<meta property=\"og:url\" content=\"https:\/\/luxesound.ca\/fr\/product\/sonos-premium-immersive-set-with-beam-2\/\" \/>\n<meta property=\"og:site_name\" content=\"Luxe Sound\" \/>\n<meta property=\"article:publisher\" content=\"https:\/\/www.facebook.com\/luxesound.ca\" \/>\n<meta property=\"article:modified_time\" content=\"2026-04-20T19:12:28+00:00\" \/>\n<meta property=\"og:image\" content=\"https:\/\/luxesound.ca\/wp-content\/uploads\/2024\/08\/Premium-Immersive-set-Black.png\" \/>\n\t<meta property=\"og:image:width\" content=\"1200\" \/>\n\t<meta property=\"og:image:height\" content=\"800\" \/>\n\t<meta property=\"og:image:type\" content=\"image\/png\" \/>\n<meta name=\"twitter:card\" content=\"summary_large_image\" \/>\n<meta name=\"twitter:label1\" content=\"Est. reading time\" \/>\n\t<meta name=\"twitter:data1\" content=\"1 minute\" \/>\n<script type=\"application\/ld+json\" class=\"yoast-schema-graph\">{\"@context\":\"https:\/\/schema.org\",\"@graph\":[{\"@type\":\"WebPage\",\"@id\":\"https:\/\/luxesound.ca\/product\/sonos-premium-immersive-set-with-beam-2\/\",\"url\":\"https:\/\/luxesound.ca\/product\/sonos-premium-immersive-set-with-beam-2\/\",\"name\":\"Sonos Premium Immersive Set with Beam, Sub 4 and Era 100 - Luxe Sound\",\"isPartOf\":{\"@id\":\"https:\/\/luxesound.ca\/#website\"},\"primaryImageOfPage\":{\"@id\":\"https:\/\/luxesound.ca\/product\/sonos-premium-immersive-set-with-beam-2\/#primaryimage\"},\"image\":{\"@id\":\"https:\/\/luxesound.ca\/product\/sonos-premium-immersive-set-with-beam-2\/#primaryimage\"},\"thumbnailUrl\":\"https:\/\/luxesound.ca\/wp-content\/uploads\/2024\/08\/Premium-Immersive-set-Black.png\",\"datePublished\":\"2025-05-08T19:41:04+00:00\",\"dateModified\":\"2026-04-20T19:12:28+00:00\",\"description\":\"Enjoy a powerful surround sound experience with this compact soundbar, subwoofer, and pair of rear speakers. Shop at Luxe Sound. Free Shipping!\",\"breadcrumb\":{\"@id\":\"https:\/\/luxesound.ca\/product\/sonos-premium-immersive-set-with-beam-2\/#breadcrumb\"},\"inLanguage\":\"fr-qc\",\"potentialAction\":[{\"@type\":\"ReadAction\",\"target\":[\"https:\/\/luxesound.ca\/product\/sonos-premium-immersive-set-with-beam-2\/\"]}]},{\"@type\":\"ImageObject\",\"inLanguage\":\"fr-qc\",\"@id\":\"https:\/\/luxesound.ca\/product\/sonos-premium-immersive-set-with-beam-2\/#primaryimage\",\"url\":\"https:\/\/luxesound.ca\/wp-content\/uploads\/2024\/08\/Premium-Immersive-set-Black.png\",\"contentUrl\":\"https:\/\/luxesound.ca\/wp-content\/uploads\/2024\/08\/Premium-Immersive-set-Black.png\",\"width\":1200,\"height\":800},{\"@type\":\"BreadcrumbList\",\"@id\":\"https:\/\/luxesound.ca\/product\/sonos-premium-immersive-set-with-beam-2\/#breadcrumb\",\"itemListElement\":[{\"@type\":\"ListItem\",\"position\":1,\"name\":\"Home\",\"item\":\"https:\/\/luxesound.ca\/\"},{\"@type\":\"ListItem\",\"position\":2,\"name\":\"Products\",\"item\":\"https:\/\/luxesound.ca\/shop\/\"},{\"@type\":\"ListItem\",\"position\":3,\"name\":\"Sonos Premium Immersive Set with Beam, Sub 4 and Era 100\"}]},{\"@type\":\"WebSite\",\"@id\":\"https:\/\/luxesound.ca\/#website\",\"url\":\"https:\/\/luxesound.ca\/\",\"name\":\"Luxe Sound\",\"description\":\"The Finest Headphones &amp; Speakers. Proudly Canadian.\",\"publisher\":{\"@id\":\"https:\/\/luxesound.ca\/#organization\"},\"potentialAction\":[{\"@type\":\"SearchAction\",\"target\":{\"@type\":\"EntryPoint\",\"urlTemplate\":\"https:\/\/luxesound.ca\/?s={search_term_string}\"},\"query-input\":{\"@type\":\"PropertyValueSpecification\",\"valueRequired\":true,\"valueName\":\"search_term_string\"}}],\"inLanguage\":\"fr-qc\"},{\"@type\":\"Organization\",\"@id\":\"https:\/\/luxesound.ca\/#organization\",\"name\":\"Luxe Sound\",\"url\":\"https:\/\/luxesound.ca\/\",\"logo\":{\"@type\":\"ImageObject\",\"inLanguage\":\"fr-qc\",\"@id\":\"https:\/\/luxesound.ca\/#\/schema\/logo\/image\/\",\"url\":\"https:\/\/luxesound.ca\/wp-content\/uploads\/2024\/08\/cropped-Luxe-white-on-green.png\",\"contentUrl\":\"https:\/\/luxesound.ca\/wp-content\/uploads\/2024\/08\/cropped-Luxe-white-on-green.png\",\"width\":512,\"height\":512,\"caption\":\"Luxe Sound\"},\"image\":{\"@id\":\"https:\/\/luxesound.ca\/#\/schema\/logo\/image\/\"},\"sameAs\":[\"https:\/\/www.facebook.com\/luxesound.ca\",\"https:\/\/www.instagram.com\/luxe.sound\/\"]}]}<\/script>\n<!-- \/ Yoast SEO plugin. -->","yoast_head_json":{"title":"Sonos Premium Immersive Set with Beam, Sub 4 and Era 100 - Luxe Sound","description":"Enjoy a powerful surround sound experience with this compact soundbar, subwoofer, and pair of rear speakers. Shop at Luxe Sound. Free Shipping!","robots":{"index":"index","follow":"follow","max-snippet":"max-snippet:-1","max-image-preview":"max-image-preview:large","max-video-preview":"max-video-preview:-1"},"canonical":"https:\/\/luxesound.ca\/fr\/product\/sonos-premium-immersive-set-with-beam-2\/","og_locale":"fr_FR","og_type":"article","og_title":"Sonos Premium Immersive Set with Beam, Sub 4 and Era 100 - Luxe Sound","og_description":"Enjoy a powerful surround sound experience with this compact soundbar, subwoofer, and pair of rear speakers. Shop at Luxe Sound. Free Shipping!","og_url":"https:\/\/luxesound.ca\/fr\/product\/sonos-premium-immersive-set-with-beam-2\/","og_site_name":"Luxe Sound","article_publisher":"https:\/\/www.facebook.com\/luxesound.ca","article_modified_time":"2026-04-20T19:12:28+00:00","og_image":[{"width":1200,"height":800,"url":"https:\/\/luxesound.ca\/wp-content\/uploads\/2024\/08\/Premium-Immersive-set-Black.png","type":"image\/png"}],"twitter_card":"summary_large_image","twitter_misc":{"Est. reading time":"1 minute"},"schema":{"@context":"https:\/\/schema.org","@graph":[{"@type":"WebPage","@id":"https:\/\/luxesound.ca\/product\/sonos-premium-immersive-set-with-beam-2\/","url":"https:\/\/luxesound.ca\/product\/sonos-premium-immersive-set-with-beam-2\/","name":"Sonos Premium Immersive Set with Beam, Sub 4 and Era 100 - Luxe Sound","isPartOf":{"@id":"https:\/\/luxesound.ca\/#website"},"primaryImageOfPage":{"@id":"https:\/\/luxesound.ca\/product\/sonos-premium-immersive-set-with-beam-2\/#primaryimage"},"image":{"@id":"https:\/\/luxesound.ca\/product\/sonos-premium-immersive-set-with-beam-2\/#primaryimage"},"thumbnailUrl":"https:\/\/luxesound.ca\/wp-content\/uploads\/2024\/08\/Premium-Immersive-set-Black.png","datePublished":"2025-05-08T19:41:04+00:00","dateModified":"2026-04-20T19:12:28+00:00","description":"Enjoy a powerful surround sound experience with this compact soundbar, subwoofer, and pair of rear speakers. Shop at Luxe Sound. Free Shipping!","breadcrumb":{"@id":"https:\/\/luxesound.ca\/product\/sonos-premium-immersive-set-with-beam-2\/#breadcrumb"},"inLanguage":"fr-qc","potentialAction":[{"@type":"ReadAction","target":["https:\/\/luxesound.ca\/product\/sonos-premium-immersive-set-with-beam-2\/"]}]},{"@type":"ImageObject","inLanguage":"fr-qc","@id":"https:\/\/luxesound.ca\/product\/sonos-premium-immersive-set-with-beam-2\/#primaryimage","url":"https:\/\/luxesound.ca\/wp-content\/uploads\/2024\/08\/Premium-Immersive-set-Black.png","contentUrl":"https:\/\/luxesound.ca\/wp-content\/uploads\/2024\/08\/Premium-Immersive-set-Black.png","width":1200,"height":800},{"@type":"BreadcrumbList","@id":"https:\/\/luxesound.ca\/product\/sonos-premium-immersive-set-with-beam-2\/#breadcrumb","itemListElement":[{"@type":"ListItem","position":1,"name":"Home","item":"https:\/\/luxesound.ca\/"},{"@type":"ListItem","position":2,"name":"Products","item":"https:\/\/luxesound.ca\/shop\/"},{"@type":"ListItem","position":3,"name":"Sonos Premium Immersive Set with Beam, Sub 4 and Era 100"}]},{"@type":"WebSite","@id":"https:\/\/luxesound.ca\/#website","url":"https:\/\/luxesound.ca\/","name":"Son luxueux","description":"Les meilleurs \u00e9couteurs et haut-parleurs. Fi\u00e8rement canadiens.","publisher":{"@id":"https:\/\/luxesound.ca\/#organization"},"potentialAction":[{"@type":"SearchAction","target":{"@type":"EntryPoint","urlTemplate":"https:\/\/luxesound.ca\/?s={search_term_string}"},"query-input":{"@type":"PropertyValueSpecification","valueRequired":true,"valueName":"search_term_string"}}],"inLanguage":"fr-qc"},{"@type":"Organization","@id":"https:\/\/luxesound.ca\/#organization","name":"Son luxueux","url":"https:\/\/luxesound.ca\/","logo":{"@type":"ImageObject","inLanguage":"fr-qc","@id":"https:\/\/luxesound.ca\/#\/schema\/logo\/image\/","url":"https:\/\/luxesound.ca\/wp-content\/uploads\/2024\/08\/cropped-Luxe-white-on-green.png","contentUrl":"https:\/\/luxesound.ca\/wp-content\/uploads\/2024\/08\/cropped-Luxe-white-on-green.png","width":512,"height":512,"caption":"Luxe Sound"},"image":{"@id":"https:\/\/luxesound.ca\/#\/schema\/logo\/image\/"},"sameAs":["https:\/\/www.facebook.com\/luxesound.ca","https:\/\/www.instagram.com\/luxe.sound\/"]}]}},"_links":{"self":[{"href":"https:\/\/luxesound.ca\/fr\/wp-json\/wp\/v2\/product\/10972","targetHints":{"allow":["GET"]}}],"collection":[{"href":"https:\/\/luxesound.ca\/fr\/wp-json\/wp\/v2\/product"}],"about":[{"href":"https:\/\/luxesound.ca\/fr\/wp-json\/wp\/v2\/types\/product"}],"replies":[{"embeddable":true,"href":"https:\/\/luxesound.ca\/fr\/wp-json\/wp\/v2\/comments?post=10972"}],"version-history":[{"count":2,"href":"https:\/\/luxesound.ca\/fr\/wp-json\/wp\/v2\/product\/10972\/revisions"}],"predecessor-version":[{"id":11846,"href":"https:\/\/luxesound.ca\/fr\/wp-json\/wp\/v2\/product\/10972\/revisions\/11846"}],"wp:featuredmedia":[{"embeddable":true,"href":"https:\/\/luxesound.ca\/fr\/wp-json\/wp\/v2\/media\/6027"}],"wp:attachment":[{"href":"https:\/\/luxesound.ca\/fr\/wp-json\/wp\/v2\/media?parent=10972"}],"wp:term":[{"taxonomy":"product_brand","embeddable":true,"href":"https:\/\/luxesound.ca\/fr\/wp-json\/wp\/v2\/product_brand?post=10972"},{"taxonomy":"product_cat","embeddable":true,"href":"https:\/\/luxesound.ca\/fr\/wp-json\/wp\/v2\/product_cat?post=10972"},{"taxonomy":"product_tag","embeddable":true,"href":"https:\/\/luxesound.ca\/fr\/wp-json\/wp\/v2\/product_tag?post=10972"}],"curies":[{"name":"wp","href":"https:\/\/api.w.org\/{rel}","templated":true}]}}