{"id":1097,"date":"2023-05-18T16:28:12","date_gmt":"2023-05-18T20:28:12","guid":{"rendered":"https:\/\/luxesound.ca\/product\/urbanista-phoenix\/"},"modified":"2026-04-20T15:18:36","modified_gmt":"2026-04-20T19:18:36","slug":"urbanista-phoenix-solar-earbuds","status":"publish","type":"product","link":"https:\/\/luxesound.ca\/fr\/product\/urbanista-phoenix-solar-earbuds\/","title":{"rendered":"\u00c9couteurs solaires Urbanista Phoenix"},"content":{"rendered":"<p>Lib\u00e9rez la puissance de la lumi\u00e8re avec les Urbanista Phoenix, les premiers \u00e9couteurs solaires au monde dot\u00e9s d&#039;un bo\u00eetier de charge \u00e9pur\u00e9 int\u00e9grant la technologie des cellules solaires Powerfoyle\u2122. Gr\u00e2ce \u00e0 une technologie verte avanc\u00e9e, les \u00e9couteurs se rechargent en continu lorsqu&#039;ils sont rang\u00e9s dans leur bo\u00eetier et expos\u00e9s \u00e0 la lumi\u00e8re, naturelle ou artificielle. Enti\u00e8rement sans fil et l\u00e9gers, les \u00e9couteurs solaires Urbanista Phoenix vous offrent une exp\u00e9rience v\u00e9ritablement sans fil, sans cordon ni c\u00e2ble de charge, pour une libert\u00e9 de mouvement totale. Ils sont dot\u00e9s d&#039;une technologie hybride avanc\u00e9e de r\u00e9duction de bruit active et de microphones antibruit qui filtrent les bruits ambiants pour vous permettre de profiter de votre musique et d&#039;appels d&#039;une clart\u00e9 exceptionnelle, m\u00eame dans les espaces bond\u00e9s, sans distractions.<\/p>","protected":false},"excerpt":{"rendered":"<p>Lib\u00e9rez la puissance de la lumi\u00e8re avec les Urbanista Phoenix, les premiers \u00e9couteurs solaires au monde dot\u00e9s d&#039;un bo\u00eetier de charge \u00e9pur\u00e9 int\u00e9grant la technologie des cellules solaires Powerfoyle\u2122. Gr\u00e2ce \u00e0 une technologie verte avanc\u00e9e, les \u00e9couteurs se rechargent en continu lorsqu&#039;ils sont rang\u00e9s dans leur bo\u00eetier et expos\u00e9s \u00e0 la lumi\u00e8re, naturelle ou artificielle. Enti\u00e8rement sans fil et l\u00e9gers, les \u00e9couteurs solaires Urbanista Phoenix vous offrent une exp\u00e9rience v\u00e9ritablement sans fil, sans cordon ni c\u00e2ble de charge, pour une libert\u00e9 de mouvement totale. Ils sont dot\u00e9s d&#039;une technologie hybride avanc\u00e9e de r\u00e9duction active du bruit et de microphones antibruit qui filtrent les bruits ambiants pour que vous puissiez profiter de votre musique et de vos appels d&#039;une clart\u00e9 exceptionnelle, m\u00eame dans les espaces bond\u00e9s, sans distractions.<\/p>","protected":false},"featured_media":8230,"comment_status":"open","ping_status":"closed","template":"","meta":{"_acf_changed":false,"_mo_disable_npp":"","inline_featured_image":false},"product_brand":[751],"product_cat":[145,927,222,926],"product_tag":[426,427,413,237,304,425,419,414,424,420,422,423,155,396,421],"class_list":{"0":"post-1097","1":"product","2":"type-product","3":"status-publish","4":"has-post-thumbnail","6":"product_brand-urbanista","7":"product_cat-earbuds","8":"product_cat-noise-cancelling-earbuds","9":"product_cat-urbanista","10":"product_cat-wireless-earbuds","11":"product_tag-advanced-noise-cancellation","12":"product_tag-colorful-earphones","13":"product_tag-crystal-clear-calls","14":"product_tag-earphones","15":"product_tag-earphones-charging-case","16":"product_tag-green-technology","17":"product_tag-iem","18":"product_tag-noise-reducing-microphones","19":"product_tag-self-charging-case","20":"product_tag-solar-powered","21":"product_tag-solar-powered-earbuds","22":"product_tag-truly-wireless","23":"product_tag-urbanista","24":"product_tag-urbanista-montreal","25":"product_tag-urbanista-phoenix-earphones","26":"pa_colour-desert-rose","27":"pa_colour-midnight-black","29":"first","30":"instock","31":"taxable","32":"shipping-taxable","33":"purchasable","34":"product-type-variable","35":"has-default-attributes"},"bundled_by":[],"bundle_stock_status":"instock","bundle_stock_quantity":3,"bundle_virtual":false,"bundle_layout":"","bundle_add_to_cart_form_location":"","bundle_editable_in_cart":false,"bundle_sold_individually_context":"","bundle_item_grouping":"","bundle_min_size":"","bundle_max_size":"","bundle_price":[],"bundled_items":[],"bundle_sell_ids":[],"acf":[],"ct_brands":[{"id":751,"name":"Urbanista","slug":"urbanista"}],"yoast_head":"<!-- This site is optimized with the Yoast SEO plugin v27.2 - https:\/\/yoast.com\/product\/yoast-seo-wordpress\/ -->\n<title>Urbanista Phoenix Solar Powered Earbuds - Luxe Sound<\/title>\n<meta name=\"description\" content=\"Embrace the power of light with Urbanista Phoenix, the world&#039;s first solar-powered earbuds. Wireless, advanced noise cancellation &amp; continuous recharge.\" \/>\n<meta name=\"robots\" content=\"index, follow, max-snippet:-1, max-image-preview:large, max-video-preview:-1\" \/>\n<link rel=\"canonical\" href=\"https:\/\/luxesound.ca\/fr\/product\/urbanista-phoenix-solar-earbuds\/\" \/>\n<meta property=\"og:locale\" content=\"fr_FR\" \/>\n<meta property=\"og:type\" content=\"article\" \/>\n<meta property=\"og:title\" content=\"Urbanista Phoenix Solar Powered Earbuds - Luxe Sound\" \/>\n<meta property=\"og:description\" content=\"Embrace the power of light with Urbanista Phoenix, the world&#039;s first solar-powered earbuds. Wireless, advanced noise cancellation &amp; continuous recharge.\" \/>\n<meta property=\"og:url\" content=\"https:\/\/luxesound.ca\/fr\/product\/urbanista-phoenix-solar-earbuds\/\" \/>\n<meta property=\"og:site_name\" content=\"Luxe Sound\" \/>\n<meta property=\"article:publisher\" content=\"https:\/\/www.facebook.com\/luxesound.ca\" \/>\n<meta property=\"article:modified_time\" content=\"2026-04-20T19:18:36+00:00\" \/>\n<meta property=\"og:image\" content=\"https:\/\/luxesound.ca\/wp-content\/uploads\/2023\/05\/urbanista-phoenix-solar-earphones-urbanista_phoenix_pIus_desert_rose_2.webp\" \/>\n\t<meta property=\"og:image:width\" content=\"1280\" \/>\n\t<meta property=\"og:image:height\" content=\"850\" \/>\n\t<meta property=\"og:image:type\" content=\"image\/webp\" \/>\n<meta name=\"twitter:card\" content=\"summary_large_image\" \/>\n<meta name=\"twitter:label1\" content=\"Est. reading time\" \/>\n\t<meta name=\"twitter:data1\" content=\"1 minute\" \/>\n<script type=\"application\/ld+json\" class=\"yoast-schema-graph\">{\"@context\":\"https:\/\/schema.org\",\"@graph\":[{\"@type\":\"WebPage\",\"@id\":\"https:\/\/luxesound.ca\/product\/urbanista-phoenix-solar-earbuds\/\",\"url\":\"https:\/\/luxesound.ca\/product\/urbanista-phoenix-solar-earbuds\/\",\"name\":\"Urbanista Phoenix Solar Powered Earbuds - Luxe Sound\",\"isPartOf\":{\"@id\":\"https:\/\/luxesound.ca\/#website\"},\"primaryImageOfPage\":{\"@id\":\"https:\/\/luxesound.ca\/product\/urbanista-phoenix-solar-earbuds\/#primaryimage\"},\"image\":{\"@id\":\"https:\/\/luxesound.ca\/product\/urbanista-phoenix-solar-earbuds\/#primaryimage\"},\"thumbnailUrl\":\"https:\/\/luxesound.ca\/wp-content\/uploads\/2023\/05\/urbanista-phoenix-solar-earphones-urbanista_phoenix_pIus_desert_rose_2.webp\",\"datePublished\":\"2023-05-18T20:28:12+00:00\",\"dateModified\":\"2026-04-20T19:18:36+00:00\",\"description\":\"Embrace the power of light with Urbanista Phoenix, the world's first solar-powered earbuds. Wireless, advanced noise cancellation & continuous recharge.\",\"breadcrumb\":{\"@id\":\"https:\/\/luxesound.ca\/product\/urbanista-phoenix-solar-earbuds\/#breadcrumb\"},\"inLanguage\":\"fr-qc\",\"potentialAction\":[{\"@type\":\"ReadAction\",\"target\":[\"https:\/\/luxesound.ca\/product\/urbanista-phoenix-solar-earbuds\/\"]}]},{\"@type\":\"ImageObject\",\"inLanguage\":\"fr-qc\",\"@id\":\"https:\/\/luxesound.ca\/product\/urbanista-phoenix-solar-earbuds\/#primaryimage\",\"url\":\"https:\/\/luxesound.ca\/wp-content\/uploads\/2023\/05\/urbanista-phoenix-solar-earphones-urbanista_phoenix_pIus_desert_rose_2.webp\",\"contentUrl\":\"https:\/\/luxesound.ca\/wp-content\/uploads\/2023\/05\/urbanista-phoenix-solar-earphones-urbanista_phoenix_pIus_desert_rose_2.webp\",\"width\":1280,\"height\":850,\"caption\":\"Urbanista Phoenix Plus Earphones Desert Rose Earbuds out of the Case front view\"},{\"@type\":\"BreadcrumbList\",\"@id\":\"https:\/\/luxesound.ca\/product\/urbanista-phoenix-solar-earbuds\/#breadcrumb\",\"itemListElement\":[{\"@type\":\"ListItem\",\"position\":1,\"name\":\"Home\",\"item\":\"https:\/\/luxesound.ca\/\"},{\"@type\":\"ListItem\",\"position\":2,\"name\":\"Products\",\"item\":\"https:\/\/luxesound.ca\/shop\/\"},{\"@type\":\"ListItem\",\"position\":3,\"name\":\"Urbanista Phoenix Solar Powered Earbuds\"}]},{\"@type\":\"WebSite\",\"@id\":\"https:\/\/luxesound.ca\/#website\",\"url\":\"https:\/\/luxesound.ca\/\",\"name\":\"Luxe Sound\",\"description\":\"The Finest Headphones &amp; Speakers. Proudly Canadian.\",\"publisher\":{\"@id\":\"https:\/\/luxesound.ca\/#organization\"},\"potentialAction\":[{\"@type\":\"SearchAction\",\"target\":{\"@type\":\"EntryPoint\",\"urlTemplate\":\"https:\/\/luxesound.ca\/?s={search_term_string}\"},\"query-input\":{\"@type\":\"PropertyValueSpecification\",\"valueRequired\":true,\"valueName\":\"search_term_string\"}}],\"inLanguage\":\"fr-qc\"},{\"@type\":\"Organization\",\"@id\":\"https:\/\/luxesound.ca\/#organization\",\"name\":\"Luxe Sound\",\"url\":\"https:\/\/luxesound.ca\/\",\"logo\":{\"@type\":\"ImageObject\",\"inLanguage\":\"fr-qc\",\"@id\":\"https:\/\/luxesound.ca\/#\/schema\/logo\/image\/\",\"url\":\"https:\/\/luxesound.ca\/wp-content\/uploads\/2024\/08\/cropped-Luxe-white-on-green.png\",\"contentUrl\":\"https:\/\/luxesound.ca\/wp-content\/uploads\/2024\/08\/cropped-Luxe-white-on-green.png\",\"width\":512,\"height\":512,\"caption\":\"Luxe Sound\"},\"image\":{\"@id\":\"https:\/\/luxesound.ca\/#\/schema\/logo\/image\/\"},\"sameAs\":[\"https:\/\/www.facebook.com\/luxesound.ca\",\"https:\/\/www.instagram.com\/luxe.sound\/\"]}]}<\/script>\n<!-- \/ Yoast SEO plugin. -->","yoast_head_json":{"title":"\u00c9couteurs solaires Urbanista Phoenix - Son de luxe","description":"Profitez du pouvoir de la lumi\u00e8re avec Urbanista Phoenix, les premiers \u00e9couteurs solaires au monde. Sans fil, r\u00e9duction de bruit avanc\u00e9e et recharge continue.","robots":{"index":"index","follow":"follow","max-snippet":"max-snippet:-1","max-image-preview":"max-image-preview:large","max-video-preview":"max-video-preview:-1"},"canonical":"https:\/\/luxesound.ca\/fr\/product\/urbanista-phoenix-solar-earbuds\/","og_locale":"fr_FR","og_type":"article","og_title":"Urbanista Phoenix Solar Powered Earbuds - Luxe Sound","og_description":"Embrace the power of light with Urbanista Phoenix, the world's first solar-powered earbuds. Wireless, advanced noise cancellation & continuous recharge.","og_url":"https:\/\/luxesound.ca\/fr\/product\/urbanista-phoenix-solar-earbuds\/","og_site_name":"Luxe Sound","article_publisher":"https:\/\/www.facebook.com\/luxesound.ca","article_modified_time":"2026-04-20T19:18:36+00:00","og_image":[{"width":1280,"height":850,"url":"https:\/\/luxesound.ca\/wp-content\/uploads\/2023\/05\/urbanista-phoenix-solar-earphones-urbanista_phoenix_pIus_desert_rose_2.webp","type":"image\/webp"}],"twitter_card":"summary_large_image","twitter_misc":{"Est. reading time":"1 minute"},"schema":{"@context":"https:\/\/schema.org","@graph":[{"@type":"WebPage","@id":"https:\/\/luxesound.ca\/product\/urbanista-phoenix-solar-earbuds\/","url":"https:\/\/luxesound.ca\/product\/urbanista-phoenix-solar-earbuds\/","name":"\u00c9couteurs solaires Urbanista Phoenix - Son de luxe","isPartOf":{"@id":"https:\/\/luxesound.ca\/#website"},"primaryImageOfPage":{"@id":"https:\/\/luxesound.ca\/product\/urbanista-phoenix-solar-earbuds\/#primaryimage"},"image":{"@id":"https:\/\/luxesound.ca\/product\/urbanista-phoenix-solar-earbuds\/#primaryimage"},"thumbnailUrl":"https:\/\/luxesound.ca\/wp-content\/uploads\/2023\/05\/urbanista-phoenix-solar-earphones-urbanista_phoenix_pIus_desert_rose_2.webp","datePublished":"2023-05-18T20:28:12+00:00","dateModified":"2026-04-20T19:18:36+00:00","description":"Profitez du pouvoir de la lumi\u00e8re avec Urbanista Phoenix, les premiers \u00e9couteurs solaires au monde. Sans fil, r\u00e9duction de bruit avanc\u00e9e et recharge continue.","breadcrumb":{"@id":"https:\/\/luxesound.ca\/product\/urbanista-phoenix-solar-earbuds\/#breadcrumb"},"inLanguage":"fr-qc","potentialAction":[{"@type":"ReadAction","target":["https:\/\/luxesound.ca\/product\/urbanista-phoenix-solar-earbuds\/"]}]},{"@type":"ImageObject","inLanguage":"fr-qc","@id":"https:\/\/luxesound.ca\/product\/urbanista-phoenix-solar-earbuds\/#primaryimage","url":"https:\/\/luxesound.ca\/wp-content\/uploads\/2023\/05\/urbanista-phoenix-solar-earphones-urbanista_phoenix_pIus_desert_rose_2.webp","contentUrl":"https:\/\/luxesound.ca\/wp-content\/uploads\/2023\/05\/urbanista-phoenix-solar-earphones-urbanista_phoenix_pIus_desert_rose_2.webp","width":1280,"height":850,"caption":"Urbanista Phoenix Plus Earphones Desert Rose Earbuds out of the Case front view"},{"@type":"BreadcrumbList","@id":"https:\/\/luxesound.ca\/product\/urbanista-phoenix-solar-earbuds\/#breadcrumb","itemListElement":[{"@type":"ListItem","position":1,"name":"Home","item":"https:\/\/luxesound.ca\/"},{"@type":"ListItem","position":2,"name":"Products","item":"https:\/\/luxesound.ca\/shop\/"},{"@type":"ListItem","position":3,"name":"Urbanista Phoenix Solar Powered Earbuds"}]},{"@type":"WebSite","@id":"https:\/\/luxesound.ca\/#website","url":"https:\/\/luxesound.ca\/","name":"Son luxueux","description":"Les meilleurs \u00e9couteurs et haut-parleurs. Fi\u00e8rement canadiens.","publisher":{"@id":"https:\/\/luxesound.ca\/#organization"},"potentialAction":[{"@type":"SearchAction","target":{"@type":"EntryPoint","urlTemplate":"https:\/\/luxesound.ca\/?s={search_term_string}"},"query-input":{"@type":"PropertyValueSpecification","valueRequired":true,"valueName":"search_term_string"}}],"inLanguage":"fr-qc"},{"@type":"Organization","@id":"https:\/\/luxesound.ca\/#organization","name":"Son luxueux","url":"https:\/\/luxesound.ca\/","logo":{"@type":"ImageObject","inLanguage":"fr-qc","@id":"https:\/\/luxesound.ca\/#\/schema\/logo\/image\/","url":"https:\/\/luxesound.ca\/wp-content\/uploads\/2024\/08\/cropped-Luxe-white-on-green.png","contentUrl":"https:\/\/luxesound.ca\/wp-content\/uploads\/2024\/08\/cropped-Luxe-white-on-green.png","width":512,"height":512,"caption":"Luxe Sound"},"image":{"@id":"https:\/\/luxesound.ca\/#\/schema\/logo\/image\/"},"sameAs":["https:\/\/www.facebook.com\/luxesound.ca","https:\/\/www.instagram.com\/luxe.sound\/"]}]}},"_links":{"self":[{"href":"https:\/\/luxesound.ca\/fr\/wp-json\/wp\/v2\/product\/1097","targetHints":{"allow":["GET"]}}],"collection":[{"href":"https:\/\/luxesound.ca\/fr\/wp-json\/wp\/v2\/product"}],"about":[{"href":"https:\/\/luxesound.ca\/fr\/wp-json\/wp\/v2\/types\/product"}],"replies":[{"embeddable":true,"href":"https:\/\/luxesound.ca\/fr\/wp-json\/wp\/v2\/comments?post=1097"}],"version-history":[{"count":3,"href":"https:\/\/luxesound.ca\/fr\/wp-json\/wp\/v2\/product\/1097\/revisions"}],"predecessor-version":[{"id":11619,"href":"https:\/\/luxesound.ca\/fr\/wp-json\/wp\/v2\/product\/1097\/revisions\/11619"}],"wp:featuredmedia":[{"embeddable":true,"href":"https:\/\/luxesound.ca\/fr\/wp-json\/wp\/v2\/media\/8230"}],"wp:attachment":[{"href":"https:\/\/luxesound.ca\/fr\/wp-json\/wp\/v2\/media?parent=1097"}],"wp:term":[{"taxonomy":"product_brand","embeddable":true,"href":"https:\/\/luxesound.ca\/fr\/wp-json\/wp\/v2\/product_brand?post=1097"},{"taxonomy":"product_cat","embeddable":true,"href":"https:\/\/luxesound.ca\/fr\/wp-json\/wp\/v2\/product_cat?post=1097"},{"taxonomy":"product_tag","embeddable":true,"href":"https:\/\/luxesound.ca\/fr\/wp-json\/wp\/v2\/product_tag?post=1097"}],"curies":[{"name":"wp","href":"https:\/\/api.w.org\/{rel}","templated":true}]}}