{"id":1091,"date":"2023-05-18T16:02:40","date_gmt":"2023-05-18T20:02:40","guid":{"rendered":"https:\/\/luxesound.ca\/?post_type=product&#038;p=1091"},"modified":"2026-04-20T15:11:56","modified_gmt":"2026-04-20T19:11:56","slug":"urbanista-los-angeles-headphones","status":"publish","type":"product","link":"https:\/\/luxesound.ca\/fr\/product\/urbanista-los-angeles-headphones\/","title":{"rendered":"\u00c9couteurs Urbanista Los Angeles"},"content":{"rendered":"<p>Urbanista Los Angeles headphones are the perfect choice for music and audio enthusiasts who want a non-stop listening experience. With Powerfoyle&trade; solar cell technology, you never have to worry about running out of power because these revolutionary headphones convert both indoor and outdoor light into energy, providing virtually unlimited playtime! They also come with advanced hybrid Active Noise Cancelling or Ambient Sound Mode, giving you control over how much of the world around you comes through. Available in Midnight Black and Sand Gold colors, each stylishly finished headphone is inspired by the iconic city of Los Angeles. Whatever your musical tastes may be, Urbanista Los Angeles has you covered &#8211; listen all day without having to charge up!<\/p>","protected":false},"excerpt":{"rendered":"<p>Les \u00e9couteurs Urbanista Los Angeles sont le choix id\u00e9al pour les amateurs de musique et d&#039;audio qui souhaitent une exp\u00e9rience d&#039;\u00e9coute non-stop. Gr\u00e2ce \u00e0 la technologie de cellule solaire Powerfoyle\u2122, vous n&#039;aurez plus jamais \u00e0 vous soucier de manquer d&#039;\u00e9nergie, car ces \u00e9couteurs r\u00e9volutionnaires convertissent la lumi\u00e8re int\u00e9rieure et ext\u00e9rieure en \u00e9nergie, offrant une dur\u00e9e de lecture pratiquement illimit\u00e9e ! Ils sont \u00e9galement dot\u00e9s d&#039;un mode hybride avanc\u00e9 de suppression active du bruit ou d&#039;un mode de son ambiant, vous permettant de contr\u00f4ler la quantit\u00e9 de bruit qui vous entoure. Disponibles dans les couleurs Midnight Black et Sand Gold, chaque casque \u00e0 la finition \u00e9l\u00e9gante est inspir\u00e9 de la ville embl\u00e9matique de Los Angeles. Quels que soient vos go\u00fbts musicaux, Urbanista Los Angeles a tout ce qu&#039;il vous faut : \u00e9coutez toute la journ\u00e9e sans avoir \u00e0 recharger !<\/p>","protected":false},"featured_media":9686,"comment_status":"open","ping_status":"closed","template":"","meta":{"_acf_changed":false,"_mo_disable_npp":"","inline_featured_image":false},"product_brand":[751],"product_cat":[139,925,924,222,923],"product_tag":[426,399,429,319,425,431,428,316,155,430,396],"class_list":{"0":"post-1091","1":"product","2":"type-product","3":"status-publish","4":"has-post-thumbnail","6":"product_brand-urbanista","7":"product_cat-headphones","8":"product_cat-noise-cancelling-headphones","9":"product_cat-over-ear-headphones","10":"product_cat-urbanista","11":"product_cat-wireless-headphones","12":"product_tag-advanced-noise-cancellation","13":"product_tag-ambient-sound-mode","14":"product_tag-colorful-headphones","15":"product_tag-elegant-headphones","16":"product_tag-green-technology","17":"product_tag-self-charging-wireless-headphones","18":"product_tag-solar-powered-headphones","19":"product_tag-stylish-headphones","20":"product_tag-urbanista","21":"product_tag-urbanista-los-angeles-headphones","22":"product_tag-urbanista-montreal","23":"pa_colour-desert-grey","24":"pa_colour-midnight-black","25":"pa_colour-sand-gold","27":"first","28":"instock","29":"taxable","30":"shipping-taxable","31":"purchasable","32":"product-type-variable","33":"has-default-attributes"},"bundled_by":[],"bundle_stock_status":"instock","bundle_stock_quantity":3,"bundle_virtual":false,"bundle_layout":"","bundle_add_to_cart_form_location":"","bundle_editable_in_cart":false,"bundle_sold_individually_context":"","bundle_item_grouping":"","bundle_min_size":"","bundle_max_size":"","bundle_price":[],"bundled_items":[],"bundle_sell_ids":[],"acf":[],"ct_brands":[{"id":751,"name":"Urbanista","slug":"urbanista"}],"yoast_head":"<!-- This site is optimized with the Yoast SEO plugin v27.2 - https:\/\/yoast.com\/product\/yoast-seo-wordpress\/ -->\n<title>Urbanista Los Angeles Headphones - Luxe Sound<\/title>\n<meta name=\"description\" content=\"Join a new era with Urbanista Los Angeles, world&#039;s first self-charging wireless headphones. Infinite playtime, advanced noise cancellation. Free Shipping!\" \/>\n<meta name=\"robots\" content=\"index, follow, max-snippet:-1, max-image-preview:large, max-video-preview:-1\" \/>\n<link rel=\"canonical\" href=\"https:\/\/luxesound.ca\/fr\/product\/urbanista-los-angeles-headphones\/\" \/>\n<meta property=\"og:locale\" content=\"fr_FR\" \/>\n<meta property=\"og:type\" content=\"article\" \/>\n<meta property=\"og:title\" content=\"Urbanista Los Angeles Headphones - Luxe Sound\" \/>\n<meta property=\"og:description\" content=\"Join a new era with Urbanista Los Angeles, world&#039;s first self-charging wireless headphones. Infinite playtime, advanced noise cancellation. Free Shipping!\" \/>\n<meta property=\"og:url\" content=\"https:\/\/luxesound.ca\/fr\/product\/urbanista-los-angeles-headphones\/\" \/>\n<meta property=\"og:site_name\" content=\"Luxe Sound\" \/>\n<meta property=\"article:publisher\" content=\"https:\/\/www.facebook.com\/luxesound.ca\" \/>\n<meta property=\"article:modified_time\" content=\"2026-04-20T19:11:56+00:00\" \/>\n<meta property=\"og:image\" content=\"https:\/\/luxesound.ca\/wp-content\/uploads\/2023\/05\/Urbanista-Los-angeles-PC-MAG-Award-Black.webp\" \/>\n\t<meta property=\"og:image:width\" content=\"1200\" \/>\n\t<meta property=\"og:image:height\" content=\"800\" \/>\n\t<meta property=\"og:image:type\" content=\"image\/webp\" \/>\n<meta name=\"twitter:card\" content=\"summary_large_image\" \/>\n<meta name=\"twitter:label1\" content=\"Est. reading time\" \/>\n\t<meta name=\"twitter:data1\" content=\"1 minute\" \/>\n<script type=\"application\/ld+json\" class=\"yoast-schema-graph\">{\"@context\":\"https:\/\/schema.org\",\"@graph\":[{\"@type\":\"WebPage\",\"@id\":\"https:\/\/luxesound.ca\/product\/urbanista-los-angeles-headphones\/\",\"url\":\"https:\/\/luxesound.ca\/product\/urbanista-los-angeles-headphones\/\",\"name\":\"Urbanista Los Angeles Headphones - Luxe Sound\",\"isPartOf\":{\"@id\":\"https:\/\/luxesound.ca\/#website\"},\"primaryImageOfPage\":{\"@id\":\"https:\/\/luxesound.ca\/product\/urbanista-los-angeles-headphones\/#primaryimage\"},\"image\":{\"@id\":\"https:\/\/luxesound.ca\/product\/urbanista-los-angeles-headphones\/#primaryimage\"},\"thumbnailUrl\":\"https:\/\/luxesound.ca\/wp-content\/uploads\/2023\/05\/Urbanista-Los-angeles-PC-MAG-Award-Black.webp\",\"datePublished\":\"2023-05-18T20:02:40+00:00\",\"dateModified\":\"2026-04-20T19:11:56+00:00\",\"description\":\"Join a new era with Urbanista Los Angeles, world's first self-charging wireless headphones. Infinite playtime, advanced noise cancellation. Free Shipping!\",\"breadcrumb\":{\"@id\":\"https:\/\/luxesound.ca\/product\/urbanista-los-angeles-headphones\/#breadcrumb\"},\"inLanguage\":\"fr-qc\",\"potentialAction\":[{\"@type\":\"ReadAction\",\"target\":[\"https:\/\/luxesound.ca\/product\/urbanista-los-angeles-headphones\/\"]}]},{\"@type\":\"ImageObject\",\"inLanguage\":\"fr-qc\",\"@id\":\"https:\/\/luxesound.ca\/product\/urbanista-los-angeles-headphones\/#primaryimage\",\"url\":\"https:\/\/luxesound.ca\/wp-content\/uploads\/2023\/05\/Urbanista-Los-angeles-PC-MAG-Award-Black.webp\",\"contentUrl\":\"https:\/\/luxesound.ca\/wp-content\/uploads\/2023\/05\/Urbanista-Los-angeles-PC-MAG-Award-Black.webp\",\"width\":1200,\"height\":800,\"caption\":\"Urbanista Los Angeles headphones in black, best battery life award pc mag\"},{\"@type\":\"BreadcrumbList\",\"@id\":\"https:\/\/luxesound.ca\/product\/urbanista-los-angeles-headphones\/#breadcrumb\",\"itemListElement\":[{\"@type\":\"ListItem\",\"position\":1,\"name\":\"Home\",\"item\":\"https:\/\/luxesound.ca\/\"},{\"@type\":\"ListItem\",\"position\":2,\"name\":\"Products\",\"item\":\"https:\/\/luxesound.ca\/shop\/\"},{\"@type\":\"ListItem\",\"position\":3,\"name\":\"Urbanista Los Angeles Headphones\"}]},{\"@type\":\"WebSite\",\"@id\":\"https:\/\/luxesound.ca\/#website\",\"url\":\"https:\/\/luxesound.ca\/\",\"name\":\"Luxe Sound\",\"description\":\"The Finest Headphones &amp; Speakers. Proudly Canadian.\",\"publisher\":{\"@id\":\"https:\/\/luxesound.ca\/#organization\"},\"potentialAction\":[{\"@type\":\"SearchAction\",\"target\":{\"@type\":\"EntryPoint\",\"urlTemplate\":\"https:\/\/luxesound.ca\/?s={search_term_string}\"},\"query-input\":{\"@type\":\"PropertyValueSpecification\",\"valueRequired\":true,\"valueName\":\"search_term_string\"}}],\"inLanguage\":\"fr-qc\"},{\"@type\":\"Organization\",\"@id\":\"https:\/\/luxesound.ca\/#organization\",\"name\":\"Luxe Sound\",\"url\":\"https:\/\/luxesound.ca\/\",\"logo\":{\"@type\":\"ImageObject\",\"inLanguage\":\"fr-qc\",\"@id\":\"https:\/\/luxesound.ca\/#\/schema\/logo\/image\/\",\"url\":\"https:\/\/luxesound.ca\/wp-content\/uploads\/2024\/08\/cropped-Luxe-white-on-green.png\",\"contentUrl\":\"https:\/\/luxesound.ca\/wp-content\/uploads\/2024\/08\/cropped-Luxe-white-on-green.png\",\"width\":512,\"height\":512,\"caption\":\"Luxe Sound\"},\"image\":{\"@id\":\"https:\/\/luxesound.ca\/#\/schema\/logo\/image\/\"},\"sameAs\":[\"https:\/\/www.facebook.com\/luxesound.ca\",\"https:\/\/www.instagram.com\/luxe.sound\/\"]}]}<\/script>\n<!-- \/ Yoast SEO plugin. -->","yoast_head_json":{"title":"Urbanista Los Angeles Headphones - Luxe Sound","description":"Join a new era with Urbanista Los Angeles, world's first self-charging wireless headphones. Infinite playtime, advanced noise cancellation. Free Shipping!","robots":{"index":"index","follow":"follow","max-snippet":"max-snippet:-1","max-image-preview":"max-image-preview:large","max-video-preview":"max-video-preview:-1"},"canonical":"https:\/\/luxesound.ca\/fr\/product\/urbanista-los-angeles-headphones\/","og_locale":"fr_FR","og_type":"article","og_title":"Urbanista Los Angeles Headphones - Luxe Sound","og_description":"Join a new era with Urbanista Los Angeles, world's first self-charging wireless headphones. Infinite playtime, advanced noise cancellation. Free Shipping!","og_url":"https:\/\/luxesound.ca\/fr\/product\/urbanista-los-angeles-headphones\/","og_site_name":"Luxe Sound","article_publisher":"https:\/\/www.facebook.com\/luxesound.ca","article_modified_time":"2026-04-20T19:11:56+00:00","og_image":[{"width":1200,"height":800,"url":"https:\/\/luxesound.ca\/wp-content\/uploads\/2023\/05\/Urbanista-Los-angeles-PC-MAG-Award-Black.webp","type":"image\/webp"}],"twitter_card":"summary_large_image","twitter_misc":{"Est. reading time":"1 minute"},"schema":{"@context":"https:\/\/schema.org","@graph":[{"@type":"WebPage","@id":"https:\/\/luxesound.ca\/product\/urbanista-los-angeles-headphones\/","url":"https:\/\/luxesound.ca\/product\/urbanista-los-angeles-headphones\/","name":"Urbanista Los Angeles Headphones - Luxe Sound","isPartOf":{"@id":"https:\/\/luxesound.ca\/#website"},"primaryImageOfPage":{"@id":"https:\/\/luxesound.ca\/product\/urbanista-los-angeles-headphones\/#primaryimage"},"image":{"@id":"https:\/\/luxesound.ca\/product\/urbanista-los-angeles-headphones\/#primaryimage"},"thumbnailUrl":"https:\/\/luxesound.ca\/wp-content\/uploads\/2023\/05\/Urbanista-Los-angeles-PC-MAG-Award-Black.webp","datePublished":"2023-05-18T20:02:40+00:00","dateModified":"2026-04-20T19:11:56+00:00","description":"Join a new era with Urbanista Los Angeles, world's first self-charging wireless headphones. Infinite playtime, advanced noise cancellation. Free Shipping!","breadcrumb":{"@id":"https:\/\/luxesound.ca\/product\/urbanista-los-angeles-headphones\/#breadcrumb"},"inLanguage":"fr-qc","potentialAction":[{"@type":"ReadAction","target":["https:\/\/luxesound.ca\/product\/urbanista-los-angeles-headphones\/"]}]},{"@type":"ImageObject","inLanguage":"fr-qc","@id":"https:\/\/luxesound.ca\/product\/urbanista-los-angeles-headphones\/#primaryimage","url":"https:\/\/luxesound.ca\/wp-content\/uploads\/2023\/05\/Urbanista-Los-angeles-PC-MAG-Award-Black.webp","contentUrl":"https:\/\/luxesound.ca\/wp-content\/uploads\/2023\/05\/Urbanista-Los-angeles-PC-MAG-Award-Black.webp","width":1200,"height":800,"caption":"Urbanista Los Angeles headphones in black, best battery life award pc mag"},{"@type":"BreadcrumbList","@id":"https:\/\/luxesound.ca\/product\/urbanista-los-angeles-headphones\/#breadcrumb","itemListElement":[{"@type":"ListItem","position":1,"name":"Home","item":"https:\/\/luxesound.ca\/"},{"@type":"ListItem","position":2,"name":"Products","item":"https:\/\/luxesound.ca\/shop\/"},{"@type":"ListItem","position":3,"name":"Urbanista Los Angeles Headphones"}]},{"@type":"WebSite","@id":"https:\/\/luxesound.ca\/#website","url":"https:\/\/luxesound.ca\/","name":"Son luxueux","description":"Les meilleurs \u00e9couteurs et haut-parleurs. Fi\u00e8rement canadiens.","publisher":{"@id":"https:\/\/luxesound.ca\/#organization"},"potentialAction":[{"@type":"SearchAction","target":{"@type":"EntryPoint","urlTemplate":"https:\/\/luxesound.ca\/?s={search_term_string}"},"query-input":{"@type":"PropertyValueSpecification","valueRequired":true,"valueName":"search_term_string"}}],"inLanguage":"fr-qc"},{"@type":"Organization","@id":"https:\/\/luxesound.ca\/#organization","name":"Son luxueux","url":"https:\/\/luxesound.ca\/","logo":{"@type":"ImageObject","inLanguage":"fr-qc","@id":"https:\/\/luxesound.ca\/#\/schema\/logo\/image\/","url":"https:\/\/luxesound.ca\/wp-content\/uploads\/2024\/08\/cropped-Luxe-white-on-green.png","contentUrl":"https:\/\/luxesound.ca\/wp-content\/uploads\/2024\/08\/cropped-Luxe-white-on-green.png","width":512,"height":512,"caption":"Luxe Sound"},"image":{"@id":"https:\/\/luxesound.ca\/#\/schema\/logo\/image\/"},"sameAs":["https:\/\/www.facebook.com\/luxesound.ca","https:\/\/www.instagram.com\/luxe.sound\/"]}]}},"_links":{"self":[{"href":"https:\/\/luxesound.ca\/fr\/wp-json\/wp\/v2\/product\/1091","targetHints":{"allow":["GET"]}}],"collection":[{"href":"https:\/\/luxesound.ca\/fr\/wp-json\/wp\/v2\/product"}],"about":[{"href":"https:\/\/luxesound.ca\/fr\/wp-json\/wp\/v2\/types\/product"}],"replies":[{"embeddable":true,"href":"https:\/\/luxesound.ca\/fr\/wp-json\/wp\/v2\/comments?post=1091"}],"version-history":[{"count":3,"href":"https:\/\/luxesound.ca\/fr\/wp-json\/wp\/v2\/product\/1091\/revisions"}],"predecessor-version":[{"id":11613,"href":"https:\/\/luxesound.ca\/fr\/wp-json\/wp\/v2\/product\/1091\/revisions\/11613"}],"wp:featuredmedia":[{"embeddable":true,"href":"https:\/\/luxesound.ca\/fr\/wp-json\/wp\/v2\/media\/9686"}],"wp:attachment":[{"href":"https:\/\/luxesound.ca\/fr\/wp-json\/wp\/v2\/media?parent=1091"}],"wp:term":[{"taxonomy":"product_brand","embeddable":true,"href":"https:\/\/luxesound.ca\/fr\/wp-json\/wp\/v2\/product_brand?post=1091"},{"taxonomy":"product_cat","embeddable":true,"href":"https:\/\/luxesound.ca\/fr\/wp-json\/wp\/v2\/product_cat?post=1091"},{"taxonomy":"product_tag","embeddable":true,"href":"https:\/\/luxesound.ca\/fr\/wp-json\/wp\/v2\/product_tag?post=1091"}],"curies":[{"name":"wp","href":"https:\/\/api.w.org\/{rel}","templated":true}]}}