{"id":10424,"date":"2025-03-10T11:57:54","date_gmt":"2025-03-10T15:57:54","guid":{"rendered":"https:\/\/luxesound.ca\/?post_type=product&#038;p=10424"},"modified":"2026-04-20T15:12:38","modified_gmt":"2026-04-20T19:12:38","slug":"shokz-openrun-pro-2","status":"publish","type":"product","link":"https:\/\/luxesound.ca\/fr\/product\/shokz-openrun-pro-2\/","title":{"rendered":"Casque Shokz OpenRun Pro 2"},"content":{"rendered":"<p class=\"p1\">D\u00e9couvrez une nouvelle \u00e8re d&#039;\u00e9coute sans fil avec le casque Bluetooth \u00e0 conduction osseuse Shokz OpenRun Pro 2. Dot\u00e9 de la technologie DualPitch, il offre des m\u00e9diums et des aigus cristallins gr\u00e2ce \u00e0 la conduction osseuse, tout en amplifiant les basses par conduction a\u00e9rienne pour un son riche et immersif. Sa conception sans fil vous permet de rester attentif \u00e0 votre environnement, o\u00f9 que vous soyez.<\/p>","protected":false},"excerpt":{"rendered":"<p>D\u00e9couvrez une nouvelle \u00e8re d&#039;\u00e9coute sans fil avec le casque Bluetooth \u00e0 conduction osseuse Shokz OpenRun Pro 2. Dot\u00e9 de la technologie DualPitch, il offre des m\u00e9diums et des aigus cristallins gr\u00e2ce \u00e0 la conduction osseuse, tout en amplifiant les basses par conduction a\u00e9rienne pour un son riche et immersif. Sa conception sans fil vous permet de rester attentif \u00e0 votre environnement, o\u00f9 que vous soyez.<\/p>","protected":false},"featured_media":10431,"comment_status":"open","ping_status":"closed","template":"","meta":{"_acf_changed":false,"_mo_disable_npp":"","inline_featured_image":false},"product_brand":[878],"product_cat":[879,145,139,820,880,906,936,926],"product_tag":[],"class_list":{"0":"post-10424","1":"product","2":"type-product","3":"status-publish","4":"has-post-thumbnail","6":"product_brand-shokz","7":"product_cat-bone-conduction-headphones","8":"product_cat-earbuds","9":"product_cat-headphones","10":"product_cat-new-arrivals-category","11":"product_cat-shokz","12":"product_cat-shokz-black-friday","13":"product_cat-sport-headphones","14":"product_cat-wireless-earbuds","15":"pa_colour-black","16":"pa_colour-kipchoge-orange","17":"pa_colour-matte-orange","18":"pa_colour-silver","20":"first","21":"instock","22":"taxable","23":"shipping-taxable","24":"purchasable","25":"product-type-variable","26":"has-default-attributes"},"bundled_by":[],"bundle_stock_status":"instock","bundle_stock_quantity":null,"bundle_virtual":false,"bundle_layout":"","bundle_add_to_cart_form_location":"","bundle_editable_in_cart":false,"bundle_sold_individually_context":"","bundle_item_grouping":"","bundle_min_size":"","bundle_max_size":"","bundle_price":[],"bundled_items":[],"bundle_sell_ids":[],"acf":[],"ct_brands":[{"id":878,"name":"Shokz","slug":"shokz"}],"yoast_head":"<!-- This site is optimized with the Yoast SEO plugin v27.2 - https:\/\/yoast.com\/product\/yoast-seo-wordpress\/ -->\n<title>Shokz OpenRun Pro 2 Headphones - Luxe Sound<\/title>\n<meta name=\"description\" content=\"Experience open-ear sound with the Shokz OpenRun Pro 2 Headphones. DualPitch technology delivers rich audio while keeping you aware. Free shipping!\" \/>\n<meta name=\"robots\" content=\"index, follow, max-snippet:-1, max-image-preview:large, max-video-preview:-1\" \/>\n<link rel=\"canonical\" href=\"https:\/\/luxesound.ca\/fr\/product\/shokz-openrun-pro-2\/\" \/>\n<meta property=\"og:locale\" content=\"fr_FR\" \/>\n<meta property=\"og:type\" content=\"article\" \/>\n<meta property=\"og:title\" content=\"Shokz OpenRun Pro 2 Headphones - Luxe Sound\" \/>\n<meta property=\"og:description\" content=\"Experience open-ear sound with the Shokz OpenRun Pro 2 Headphones. DualPitch technology delivers rich audio while keeping you aware. Free shipping!\" \/>\n<meta property=\"og:url\" content=\"https:\/\/luxesound.ca\/fr\/product\/shokz-openrun-pro-2\/\" \/>\n<meta property=\"og:site_name\" content=\"Luxe Sound\" \/>\n<meta property=\"article:publisher\" content=\"https:\/\/www.facebook.com\/luxesound.ca\" \/>\n<meta property=\"article:modified_time\" content=\"2026-04-20T19:12:38+00:00\" \/>\n<meta property=\"og:image\" content=\"https:\/\/luxesound.ca\/wp-content\/uploads\/2025\/03\/Shokz-OpenRun-Pro-2-Black-1.webp\" \/>\n\t<meta property=\"og:image:width\" content=\"1200\" \/>\n\t<meta property=\"og:image:height\" content=\"800\" \/>\n\t<meta property=\"og:image:type\" content=\"image\/webp\" \/>\n<meta name=\"twitter:card\" content=\"summary_large_image\" \/>\n<meta name=\"twitter:label1\" content=\"Est. reading time\" \/>\n\t<meta name=\"twitter:data1\" content=\"1 minute\" \/>\n<script type=\"application\/ld+json\" class=\"yoast-schema-graph\">{\"@context\":\"https:\/\/schema.org\",\"@graph\":[{\"@type\":\"WebPage\",\"@id\":\"https:\/\/luxesound.ca\/product\/shokz-openrun-pro-2\/\",\"url\":\"https:\/\/luxesound.ca\/product\/shokz-openrun-pro-2\/\",\"name\":\"Shokz OpenRun Pro 2 Headphones - Luxe Sound\",\"isPartOf\":{\"@id\":\"https:\/\/luxesound.ca\/#website\"},\"primaryImageOfPage\":{\"@id\":\"https:\/\/luxesound.ca\/product\/shokz-openrun-pro-2\/#primaryimage\"},\"image\":{\"@id\":\"https:\/\/luxesound.ca\/product\/shokz-openrun-pro-2\/#primaryimage\"},\"thumbnailUrl\":\"https:\/\/luxesound.ca\/wp-content\/uploads\/2025\/03\/Shokz-OpenRun-Pro-2-Black-1.webp\",\"datePublished\":\"2025-03-10T15:57:54+00:00\",\"dateModified\":\"2026-04-20T19:12:38+00:00\",\"description\":\"Experience open-ear sound with the Shokz OpenRun Pro 2 Headphones. DualPitch technology delivers rich audio while keeping you aware. Free shipping!\",\"breadcrumb\":{\"@id\":\"https:\/\/luxesound.ca\/product\/shokz-openrun-pro-2\/#breadcrumb\"},\"inLanguage\":\"fr-qc\",\"potentialAction\":[{\"@type\":\"ReadAction\",\"target\":[\"https:\/\/luxesound.ca\/product\/shokz-openrun-pro-2\/\"]}]},{\"@type\":\"ImageObject\",\"inLanguage\":\"fr-qc\",\"@id\":\"https:\/\/luxesound.ca\/product\/shokz-openrun-pro-2\/#primaryimage\",\"url\":\"https:\/\/luxesound.ca\/wp-content\/uploads\/2025\/03\/Shokz-OpenRun-Pro-2-Black-1.webp\",\"contentUrl\":\"https:\/\/luxesound.ca\/wp-content\/uploads\/2025\/03\/Shokz-OpenRun-Pro-2-Black-1.webp\",\"width\":1200,\"height\":800,\"caption\":\"Shokz OpenRun Pro 2 Black\"},{\"@type\":\"BreadcrumbList\",\"@id\":\"https:\/\/luxesound.ca\/product\/shokz-openrun-pro-2\/#breadcrumb\",\"itemListElement\":[{\"@type\":\"ListItem\",\"position\":1,\"name\":\"Home\",\"item\":\"https:\/\/luxesound.ca\/\"},{\"@type\":\"ListItem\",\"position\":2,\"name\":\"Products\",\"item\":\"https:\/\/luxesound.ca\/shop\/\"},{\"@type\":\"ListItem\",\"position\":3,\"name\":\"Shokz OpenRun Pro 2 Headphones\"}]},{\"@type\":\"WebSite\",\"@id\":\"https:\/\/luxesound.ca\/#website\",\"url\":\"https:\/\/luxesound.ca\/\",\"name\":\"Luxe Sound\",\"description\":\"The Finest Headphones &amp; Speakers. Proudly Canadian.\",\"publisher\":{\"@id\":\"https:\/\/luxesound.ca\/#organization\"},\"potentialAction\":[{\"@type\":\"SearchAction\",\"target\":{\"@type\":\"EntryPoint\",\"urlTemplate\":\"https:\/\/luxesound.ca\/?s={search_term_string}\"},\"query-input\":{\"@type\":\"PropertyValueSpecification\",\"valueRequired\":true,\"valueName\":\"search_term_string\"}}],\"inLanguage\":\"fr-qc\"},{\"@type\":\"Organization\",\"@id\":\"https:\/\/luxesound.ca\/#organization\",\"name\":\"Luxe Sound\",\"url\":\"https:\/\/luxesound.ca\/\",\"logo\":{\"@type\":\"ImageObject\",\"inLanguage\":\"fr-qc\",\"@id\":\"https:\/\/luxesound.ca\/#\/schema\/logo\/image\/\",\"url\":\"https:\/\/luxesound.ca\/wp-content\/uploads\/2024\/08\/cropped-Luxe-white-on-green.png\",\"contentUrl\":\"https:\/\/luxesound.ca\/wp-content\/uploads\/2024\/08\/cropped-Luxe-white-on-green.png\",\"width\":512,\"height\":512,\"caption\":\"Luxe Sound\"},\"image\":{\"@id\":\"https:\/\/luxesound.ca\/#\/schema\/logo\/image\/\"},\"sameAs\":[\"https:\/\/www.facebook.com\/luxesound.ca\",\"https:\/\/www.instagram.com\/luxe.sound\/\"]}]}<\/script>\n<!-- \/ Yoast SEO plugin. -->","yoast_head_json":{"title":"Shokz OpenRun Pro 2 Headphones - Luxe Sound","description":"Experience open-ear sound with the Shokz OpenRun Pro 2 Headphones. DualPitch technology delivers rich audio while keeping you aware. Free shipping!","robots":{"index":"index","follow":"follow","max-snippet":"max-snippet:-1","max-image-preview":"max-image-preview:large","max-video-preview":"max-video-preview:-1"},"canonical":"https:\/\/luxesound.ca\/fr\/product\/shokz-openrun-pro-2\/","og_locale":"fr_FR","og_type":"article","og_title":"Shokz OpenRun Pro 2 Headphones - Luxe Sound","og_description":"Experience open-ear sound with the Shokz OpenRun Pro 2 Headphones. DualPitch technology delivers rich audio while keeping you aware. Free shipping!","og_url":"https:\/\/luxesound.ca\/fr\/product\/shokz-openrun-pro-2\/","og_site_name":"Luxe Sound","article_publisher":"https:\/\/www.facebook.com\/luxesound.ca","article_modified_time":"2026-04-20T19:12:38+00:00","og_image":[{"width":1200,"height":800,"url":"https:\/\/luxesound.ca\/wp-content\/uploads\/2025\/03\/Shokz-OpenRun-Pro-2-Black-1.webp","type":"image\/webp"}],"twitter_card":"summary_large_image","twitter_misc":{"Est. reading time":"1 minute"},"schema":{"@context":"https:\/\/schema.org","@graph":[{"@type":"WebPage","@id":"https:\/\/luxesound.ca\/product\/shokz-openrun-pro-2\/","url":"https:\/\/luxesound.ca\/product\/shokz-openrun-pro-2\/","name":"Shokz OpenRun Pro 2 Headphones - Luxe Sound","isPartOf":{"@id":"https:\/\/luxesound.ca\/#website"},"primaryImageOfPage":{"@id":"https:\/\/luxesound.ca\/product\/shokz-openrun-pro-2\/#primaryimage"},"image":{"@id":"https:\/\/luxesound.ca\/product\/shokz-openrun-pro-2\/#primaryimage"},"thumbnailUrl":"https:\/\/luxesound.ca\/wp-content\/uploads\/2025\/03\/Shokz-OpenRun-Pro-2-Black-1.webp","datePublished":"2025-03-10T15:57:54+00:00","dateModified":"2026-04-20T19:12:38+00:00","description":"Experience open-ear sound with the Shokz OpenRun Pro 2 Headphones. DualPitch technology delivers rich audio while keeping you aware. Free shipping!","breadcrumb":{"@id":"https:\/\/luxesound.ca\/product\/shokz-openrun-pro-2\/#breadcrumb"},"inLanguage":"fr-qc","potentialAction":[{"@type":"ReadAction","target":["https:\/\/luxesound.ca\/product\/shokz-openrun-pro-2\/"]}]},{"@type":"ImageObject","inLanguage":"fr-qc","@id":"https:\/\/luxesound.ca\/product\/shokz-openrun-pro-2\/#primaryimage","url":"https:\/\/luxesound.ca\/wp-content\/uploads\/2025\/03\/Shokz-OpenRun-Pro-2-Black-1.webp","contentUrl":"https:\/\/luxesound.ca\/wp-content\/uploads\/2025\/03\/Shokz-OpenRun-Pro-2-Black-1.webp","width":1200,"height":800,"caption":"Shokz OpenRun Pro 2 Black"},{"@type":"BreadcrumbList","@id":"https:\/\/luxesound.ca\/product\/shokz-openrun-pro-2\/#breadcrumb","itemListElement":[{"@type":"ListItem","position":1,"name":"Home","item":"https:\/\/luxesound.ca\/"},{"@type":"ListItem","position":2,"name":"Products","item":"https:\/\/luxesound.ca\/shop\/"},{"@type":"ListItem","position":3,"name":"Shokz OpenRun Pro 2 Headphones"}]},{"@type":"WebSite","@id":"https:\/\/luxesound.ca\/#website","url":"https:\/\/luxesound.ca\/","name":"Son luxueux","description":"Les meilleurs \u00e9couteurs et haut-parleurs. Fi\u00e8rement canadiens.","publisher":{"@id":"https:\/\/luxesound.ca\/#organization"},"potentialAction":[{"@type":"SearchAction","target":{"@type":"EntryPoint","urlTemplate":"https:\/\/luxesound.ca\/?s={search_term_string}"},"query-input":{"@type":"PropertyValueSpecification","valueRequired":true,"valueName":"search_term_string"}}],"inLanguage":"fr-qc"},{"@type":"Organization","@id":"https:\/\/luxesound.ca\/#organization","name":"Son luxueux","url":"https:\/\/luxesound.ca\/","logo":{"@type":"ImageObject","inLanguage":"fr-qc","@id":"https:\/\/luxesound.ca\/#\/schema\/logo\/image\/","url":"https:\/\/luxesound.ca\/wp-content\/uploads\/2024\/08\/cropped-Luxe-white-on-green.png","contentUrl":"https:\/\/luxesound.ca\/wp-content\/uploads\/2024\/08\/cropped-Luxe-white-on-green.png","width":512,"height":512,"caption":"Luxe Sound"},"image":{"@id":"https:\/\/luxesound.ca\/#\/schema\/logo\/image\/"},"sameAs":["https:\/\/www.facebook.com\/luxesound.ca","https:\/\/www.instagram.com\/luxe.sound\/"]}]}},"_links":{"self":[{"href":"https:\/\/luxesound.ca\/fr\/wp-json\/wp\/v2\/product\/10424","targetHints":{"allow":["GET"]}}],"collection":[{"href":"https:\/\/luxesound.ca\/fr\/wp-json\/wp\/v2\/product"}],"about":[{"href":"https:\/\/luxesound.ca\/fr\/wp-json\/wp\/v2\/types\/product"}],"replies":[{"embeddable":true,"href":"https:\/\/luxesound.ca\/fr\/wp-json\/wp\/v2\/comments?post=10424"}],"version-history":[{"count":2,"href":"https:\/\/luxesound.ca\/fr\/wp-json\/wp\/v2\/product\/10424\/revisions"}],"predecessor-version":[{"id":11164,"href":"https:\/\/luxesound.ca\/fr\/wp-json\/wp\/v2\/product\/10424\/revisions\/11164"}],"wp:featuredmedia":[{"embeddable":true,"href":"https:\/\/luxesound.ca\/fr\/wp-json\/wp\/v2\/media\/10431"}],"wp:attachment":[{"href":"https:\/\/luxesound.ca\/fr\/wp-json\/wp\/v2\/media?parent=10424"}],"wp:term":[{"taxonomy":"product_brand","embeddable":true,"href":"https:\/\/luxesound.ca\/fr\/wp-json\/wp\/v2\/product_brand?post=10424"},{"taxonomy":"product_cat","embeddable":true,"href":"https:\/\/luxesound.ca\/fr\/wp-json\/wp\/v2\/product_cat?post=10424"},{"taxonomy":"product_tag","embeddable":true,"href":"https:\/\/luxesound.ca\/fr\/wp-json\/wp\/v2\/product_tag?post=10424"}],"curies":[{"name":"wp","href":"https:\/\/api.w.org\/{rel}","templated":true}]}}