{"id":10280,"date":"2025-02-26T16:09:44","date_gmt":"2025-02-26T21:09:44","guid":{"rendered":"https:\/\/luxesound.ca\/?post_type=product&#038;p=10280"},"modified":"2026-04-20T15:12:38","modified_gmt":"2026-04-20T19:12:38","slug":"moondrop-kadenz","status":"publish","type":"product","link":"https:\/\/luxesound.ca\/fr\/product\/moondrop-kadenz\/","title":{"rendered":"\u00c9couteurs Moondrop Kadenz"},"content":{"rendered":"<p class=\"p1\">Les \u00e9couteurs Moondrop Kadenz offrent une exp\u00e9rience d&#039;\u00e9coute raffin\u00e9e gr\u00e2ce \u00e0 un puissant transducteur dynamique de 10 mm, con\u00e7u pour un son riche et naturel. Dot\u00e9s d&#039;une membrane composite soigneusement r\u00e9gl\u00e9e, ces \u00e9couteurs intra-auriculaires offrent des basses profondes, des m\u00e9diums clairs et des aigus doux avec une pr\u00e9cision exceptionnelle. Leur bo\u00eetier de pr\u00e9cision minimise la distorsion tout en garantissant un ajustement confortable et ergonomique pour des sessions d&#039;\u00e9coute prolong\u00e9es. Que vous soyez \u00e0 la maison ou en d\u00e9placement, les Kadenz offrent une exp\u00e9rience audio immersive avec la clart\u00e9 et l&#039;\u00e9quilibre qui font la renomm\u00e9e de Moondrop.<\/p>","protected":false},"excerpt":{"rendered":"<p class=\"p1\">Les \u00e9couteurs Moondrop Kadenz offrent une exp\u00e9rience d&#039;\u00e9coute raffin\u00e9e gr\u00e2ce \u00e0 un puissant transducteur dynamique de 10 mm, con\u00e7u pour un son riche et naturel. Dot\u00e9s d&#039;une membrane composite soigneusement r\u00e9gl\u00e9e, ces \u00e9couteurs intra-auriculaires offrent des basses profondes, des m\u00e9diums clairs et des aigus doux avec une pr\u00e9cision exceptionnelle. Leur bo\u00eetier de pr\u00e9cision minimise la distorsion tout en garantissant un ajustement confortable et ergonomique pour des sessions d&#039;\u00e9coute prolong\u00e9es. Que vous soyez \u00e0 la maison ou en d\u00e9placement, les Kadenz offrent une exp\u00e9rience audio immersive avec la clart\u00e9 et l&#039;\u00e9quilibre qui font la renomm\u00e9e de Moondrop.<\/p>","protected":false},"featured_media":10281,"comment_status":"open","ping_status":"closed","template":"","meta":{"_acf_changed":false,"_mo_disable_npp":"","inline_featured_image":false},"product_brand":[753],"product_cat":[892,145,932,732,896,931],"product_tag":[],"class_list":{"0":"post-10280","1":"product","2":"type-product","3":"status-publish","4":"has-post-thumbnail","6":"product_brand-moondrop","7":"product_cat-chifi","8":"product_cat-earbuds","9":"product_cat-in-ear-monitors","10":"product_cat-moondrop","11":"product_cat-moondrop-iems","12":"product_cat-wired-earbuds","13":"pa_colour-titanium-grey","15":"first","16":"instock","17":"taxable","18":"shipping-taxable","19":"purchasable","20":"product-type-variable","21":"has-default-attributes"},"bundled_by":[],"bundle_stock_status":"instock","bundle_stock_quantity":null,"bundle_virtual":false,"bundle_layout":"","bundle_add_to_cart_form_location":"","bundle_editable_in_cart":false,"bundle_sold_individually_context":"","bundle_item_grouping":"","bundle_min_size":"","bundle_max_size":"","bundle_price":[],"bundled_items":[],"bundle_sell_ids":[],"acf":[],"ct_brands":[{"id":753,"name":"Goutte de lune","slug":"moondrop"}],"yoast_head":"<!-- This site is optimized with the Yoast SEO plugin v27.2 - https:\/\/yoast.com\/product\/yoast-seo-wordpress\/ -->\n<title>Moondrop Kadenz Earbuds - Luxe Sound<\/title>\n<meta name=\"description\" content=\"Get Rich, natural sound with the Moondrop Kadenz earbuds, featuring a 10mm dynamic driver for deep bass, clear mids, and smooth highs. Free shipping!\" \/>\n<meta name=\"robots\" content=\"index, follow, max-snippet:-1, max-image-preview:large, max-video-preview:-1\" \/>\n<link rel=\"canonical\" href=\"https:\/\/luxesound.ca\/fr\/product\/moondrop-kadenz\/\" \/>\n<meta property=\"og:locale\" content=\"fr_FR\" \/>\n<meta property=\"og:type\" content=\"article\" \/>\n<meta property=\"og:title\" content=\"Moondrop Kadenz Earbuds - Luxe Sound\" \/>\n<meta property=\"og:description\" content=\"Get Rich, natural sound with the Moondrop Kadenz earbuds, featuring a 10mm dynamic driver for deep bass, clear mids, and smooth highs. Free shipping!\" \/>\n<meta property=\"og:url\" content=\"https:\/\/luxesound.ca\/fr\/product\/moondrop-kadenz\/\" \/>\n<meta property=\"og:site_name\" content=\"Luxe Sound\" \/>\n<meta property=\"article:publisher\" content=\"https:\/\/www.facebook.com\/luxesound.ca\" \/>\n<meta property=\"article:modified_time\" content=\"2026-04-20T19:12:38+00:00\" \/>\n<meta property=\"og:image\" content=\"https:\/\/luxesound.ca\/wp-content\/uploads\/2025\/02\/Moondrop-Kadenz-Earphones-1.webp\" \/>\n\t<meta property=\"og:image:width\" content=\"1200\" \/>\n\t<meta property=\"og:image:height\" content=\"800\" \/>\n\t<meta property=\"og:image:type\" content=\"image\/webp\" \/>\n<meta name=\"twitter:card\" content=\"summary_large_image\" \/>\n<meta name=\"twitter:label1\" content=\"Est. reading time\" \/>\n\t<meta name=\"twitter:data1\" content=\"1 minute\" \/>\n<script type=\"application\/ld+json\" class=\"yoast-schema-graph\">{\"@context\":\"https:\/\/schema.org\",\"@graph\":[{\"@type\":\"WebPage\",\"@id\":\"https:\/\/luxesound.ca\/product\/moondrop-kadenz\/\",\"url\":\"https:\/\/luxesound.ca\/product\/moondrop-kadenz\/\",\"name\":\"Moondrop Kadenz Earbuds - Luxe Sound\",\"isPartOf\":{\"@id\":\"https:\/\/luxesound.ca\/#website\"},\"primaryImageOfPage\":{\"@id\":\"https:\/\/luxesound.ca\/product\/moondrop-kadenz\/#primaryimage\"},\"image\":{\"@id\":\"https:\/\/luxesound.ca\/product\/moondrop-kadenz\/#primaryimage\"},\"thumbnailUrl\":\"https:\/\/luxesound.ca\/wp-content\/uploads\/2025\/02\/Moondrop-Kadenz-Earphones-1.webp\",\"datePublished\":\"2025-02-26T21:09:44+00:00\",\"dateModified\":\"2026-04-20T19:12:38+00:00\",\"description\":\"Get Rich, natural sound with the Moondrop Kadenz earbuds, featuring a 10mm dynamic driver for deep bass, clear mids, and smooth highs. Free shipping!\",\"breadcrumb\":{\"@id\":\"https:\/\/luxesound.ca\/product\/moondrop-kadenz\/#breadcrumb\"},\"inLanguage\":\"fr-qc\",\"potentialAction\":[{\"@type\":\"ReadAction\",\"target\":[\"https:\/\/luxesound.ca\/product\/moondrop-kadenz\/\"]}]},{\"@type\":\"ImageObject\",\"inLanguage\":\"fr-qc\",\"@id\":\"https:\/\/luxesound.ca\/product\/moondrop-kadenz\/#primaryimage\",\"url\":\"https:\/\/luxesound.ca\/wp-content\/uploads\/2025\/02\/Moondrop-Kadenz-Earphones-1.webp\",\"contentUrl\":\"https:\/\/luxesound.ca\/wp-content\/uploads\/2025\/02\/Moondrop-Kadenz-Earphones-1.webp\",\"width\":1200,\"height\":800,\"caption\":\"Moondrop Kadenz Earphones on white background\"},{\"@type\":\"BreadcrumbList\",\"@id\":\"https:\/\/luxesound.ca\/product\/moondrop-kadenz\/#breadcrumb\",\"itemListElement\":[{\"@type\":\"ListItem\",\"position\":1,\"name\":\"Home\",\"item\":\"https:\/\/luxesound.ca\/\"},{\"@type\":\"ListItem\",\"position\":2,\"name\":\"Products\",\"item\":\"https:\/\/luxesound.ca\/shop\/\"},{\"@type\":\"ListItem\",\"position\":3,\"name\":\"Moondrop Kadenz Earbuds\"}]},{\"@type\":\"WebSite\",\"@id\":\"https:\/\/luxesound.ca\/#website\",\"url\":\"https:\/\/luxesound.ca\/\",\"name\":\"Luxe Sound\",\"description\":\"The Finest Headphones &amp; Speakers. Proudly Canadian.\",\"publisher\":{\"@id\":\"https:\/\/luxesound.ca\/#organization\"},\"potentialAction\":[{\"@type\":\"SearchAction\",\"target\":{\"@type\":\"EntryPoint\",\"urlTemplate\":\"https:\/\/luxesound.ca\/?s={search_term_string}\"},\"query-input\":{\"@type\":\"PropertyValueSpecification\",\"valueRequired\":true,\"valueName\":\"search_term_string\"}}],\"inLanguage\":\"fr-qc\"},{\"@type\":\"Organization\",\"@id\":\"https:\/\/luxesound.ca\/#organization\",\"name\":\"Luxe Sound\",\"url\":\"https:\/\/luxesound.ca\/\",\"logo\":{\"@type\":\"ImageObject\",\"inLanguage\":\"fr-qc\",\"@id\":\"https:\/\/luxesound.ca\/#\/schema\/logo\/image\/\",\"url\":\"https:\/\/luxesound.ca\/wp-content\/uploads\/2024\/08\/cropped-Luxe-white-on-green.png\",\"contentUrl\":\"https:\/\/luxesound.ca\/wp-content\/uploads\/2024\/08\/cropped-Luxe-white-on-green.png\",\"width\":512,\"height\":512,\"caption\":\"Luxe Sound\"},\"image\":{\"@id\":\"https:\/\/luxesound.ca\/#\/schema\/logo\/image\/\"},\"sameAs\":[\"https:\/\/www.facebook.com\/luxesound.ca\",\"https:\/\/www.instagram.com\/luxe.sound\/\"]}]}<\/script>\n<!-- \/ Yoast SEO plugin. -->","yoast_head_json":{"title":"Moondrop Kadenz Earbuds - Luxe Sound","description":"Get Rich, natural sound with the Moondrop Kadenz earbuds, featuring a 10mm dynamic driver for deep bass, clear mids, and smooth highs. Free shipping!","robots":{"index":"index","follow":"follow","max-snippet":"max-snippet:-1","max-image-preview":"max-image-preview:large","max-video-preview":"max-video-preview:-1"},"canonical":"https:\/\/luxesound.ca\/fr\/product\/moondrop-kadenz\/","og_locale":"fr_FR","og_type":"article","og_title":"Moondrop Kadenz Earbuds - Luxe Sound","og_description":"Get Rich, natural sound with the Moondrop Kadenz earbuds, featuring a 10mm dynamic driver for deep bass, clear mids, and smooth highs. Free shipping!","og_url":"https:\/\/luxesound.ca\/fr\/product\/moondrop-kadenz\/","og_site_name":"Luxe Sound","article_publisher":"https:\/\/www.facebook.com\/luxesound.ca","article_modified_time":"2026-04-20T19:12:38+00:00","og_image":[{"width":1200,"height":800,"url":"https:\/\/luxesound.ca\/wp-content\/uploads\/2025\/02\/Moondrop-Kadenz-Earphones-1.webp","type":"image\/webp"}],"twitter_card":"summary_large_image","twitter_misc":{"Est. reading time":"1 minute"},"schema":{"@context":"https:\/\/schema.org","@graph":[{"@type":"WebPage","@id":"https:\/\/luxesound.ca\/product\/moondrop-kadenz\/","url":"https:\/\/luxesound.ca\/product\/moondrop-kadenz\/","name":"Moondrop Kadenz Earbuds - Luxe Sound","isPartOf":{"@id":"https:\/\/luxesound.ca\/#website"},"primaryImageOfPage":{"@id":"https:\/\/luxesound.ca\/product\/moondrop-kadenz\/#primaryimage"},"image":{"@id":"https:\/\/luxesound.ca\/product\/moondrop-kadenz\/#primaryimage"},"thumbnailUrl":"https:\/\/luxesound.ca\/wp-content\/uploads\/2025\/02\/Moondrop-Kadenz-Earphones-1.webp","datePublished":"2025-02-26T21:09:44+00:00","dateModified":"2026-04-20T19:12:38+00:00","description":"Get Rich, natural sound with the Moondrop Kadenz earbuds, featuring a 10mm dynamic driver for deep bass, clear mids, and smooth highs. Free shipping!","breadcrumb":{"@id":"https:\/\/luxesound.ca\/product\/moondrop-kadenz\/#breadcrumb"},"inLanguage":"fr-qc","potentialAction":[{"@type":"ReadAction","target":["https:\/\/luxesound.ca\/product\/moondrop-kadenz\/"]}]},{"@type":"ImageObject","inLanguage":"fr-qc","@id":"https:\/\/luxesound.ca\/product\/moondrop-kadenz\/#primaryimage","url":"https:\/\/luxesound.ca\/wp-content\/uploads\/2025\/02\/Moondrop-Kadenz-Earphones-1.webp","contentUrl":"https:\/\/luxesound.ca\/wp-content\/uploads\/2025\/02\/Moondrop-Kadenz-Earphones-1.webp","width":1200,"height":800,"caption":"Moondrop Kadenz Earphones on white background"},{"@type":"BreadcrumbList","@id":"https:\/\/luxesound.ca\/product\/moondrop-kadenz\/#breadcrumb","itemListElement":[{"@type":"ListItem","position":1,"name":"Home","item":"https:\/\/luxesound.ca\/"},{"@type":"ListItem","position":2,"name":"Products","item":"https:\/\/luxesound.ca\/shop\/"},{"@type":"ListItem","position":3,"name":"Moondrop Kadenz Earbuds"}]},{"@type":"WebSite","@id":"https:\/\/luxesound.ca\/#website","url":"https:\/\/luxesound.ca\/","name":"Son luxueux","description":"Les meilleurs \u00e9couteurs et haut-parleurs. Fi\u00e8rement canadiens.","publisher":{"@id":"https:\/\/luxesound.ca\/#organization"},"potentialAction":[{"@type":"SearchAction","target":{"@type":"EntryPoint","urlTemplate":"https:\/\/luxesound.ca\/?s={search_term_string}"},"query-input":{"@type":"PropertyValueSpecification","valueRequired":true,"valueName":"search_term_string"}}],"inLanguage":"fr-qc"},{"@type":"Organization","@id":"https:\/\/luxesound.ca\/#organization","name":"Son luxueux","url":"https:\/\/luxesound.ca\/","logo":{"@type":"ImageObject","inLanguage":"fr-qc","@id":"https:\/\/luxesound.ca\/#\/schema\/logo\/image\/","url":"https:\/\/luxesound.ca\/wp-content\/uploads\/2024\/08\/cropped-Luxe-white-on-green.png","contentUrl":"https:\/\/luxesound.ca\/wp-content\/uploads\/2024\/08\/cropped-Luxe-white-on-green.png","width":512,"height":512,"caption":"Luxe Sound"},"image":{"@id":"https:\/\/luxesound.ca\/#\/schema\/logo\/image\/"},"sameAs":["https:\/\/www.facebook.com\/luxesound.ca","https:\/\/www.instagram.com\/luxe.sound\/"]}]}},"_links":{"self":[{"href":"https:\/\/luxesound.ca\/fr\/wp-json\/wp\/v2\/product\/10280","targetHints":{"allow":["GET"]}}],"collection":[{"href":"https:\/\/luxesound.ca\/fr\/wp-json\/wp\/v2\/product"}],"about":[{"href":"https:\/\/luxesound.ca\/fr\/wp-json\/wp\/v2\/types\/product"}],"replies":[{"embeddable":true,"href":"https:\/\/luxesound.ca\/fr\/wp-json\/wp\/v2\/comments?post=10280"}],"version-history":[{"count":3,"href":"https:\/\/luxesound.ca\/fr\/wp-json\/wp\/v2\/product\/10280\/revisions"}],"predecessor-version":[{"id":11165,"href":"https:\/\/luxesound.ca\/fr\/wp-json\/wp\/v2\/product\/10280\/revisions\/11165"}],"wp:featuredmedia":[{"embeddable":true,"href":"https:\/\/luxesound.ca\/fr\/wp-json\/wp\/v2\/media\/10281"}],"wp:attachment":[{"href":"https:\/\/luxesound.ca\/fr\/wp-json\/wp\/v2\/media?parent=10280"}],"wp:term":[{"taxonomy":"product_brand","embeddable":true,"href":"https:\/\/luxesound.ca\/fr\/wp-json\/wp\/v2\/product_brand?post=10280"},{"taxonomy":"product_cat","embeddable":true,"href":"https:\/\/luxesound.ca\/fr\/wp-json\/wp\/v2\/product_cat?post=10280"},{"taxonomy":"product_tag","embeddable":true,"href":"https:\/\/luxesound.ca\/fr\/wp-json\/wp\/v2\/product_tag?post=10280"}],"curies":[{"name":"wp","href":"https:\/\/api.w.org\/{rel}","templated":true}]}}