{"id":10169,"date":"2025-02-14T16:09:21","date_gmt":"2025-02-14T21:09:21","guid":{"rendered":"https:\/\/luxesound.ca\/?post_type=product&#038;p=10169"},"modified":"2026-05-04T10:39:28","modified_gmt":"2026-05-04T14:39:28","slug":"marshall-major-v-headphones","status":"publish","type":"product","link":"https:\/\/luxesound.ca\/fr\/product\/marshall-major-v-headphones\/","title":{"rendered":"Casque Marshall Major V"},"content":{"rendered":"<p>Du son Marshall explosif \u00e0 son design intemporel, chaque d\u00e9tail de ce casque a \u00e9t\u00e9 minutieusement peaufin\u00e9. Avec plus de 100 heures d&#039;autonomie sans fil et un design robuste et pliable, le Major V est le compagnon id\u00e9al de votre prochaine aventure. Il a optimis\u00e9 le son Marshall que vous connaissez et appr\u00e9ciez gr\u00e2ce \u00e0 des transducteurs dynamiques sur mesure et une distorsion r\u00e9duite, pour une \u00e9coute musicale d&#039;une clart\u00e9 absolue.<\/p>","protected":false},"excerpt":{"rendered":"<p>Du son Marshall explosif \u00e0 son design intemporel, chaque d\u00e9tail de ce casque a \u00e9t\u00e9 minutieusement peaufin\u00e9. Avec plus de 100 heures d&#039;autonomie sans fil et un design robuste et pliable, le Major V est le compagnon id\u00e9al de votre prochaine aventure. Il a optimis\u00e9 le son Marshall que vous connaissez et appr\u00e9ciez gr\u00e2ce \u00e0 des transducteurs dynamiques sur mesure et une distorsion r\u00e9duite, pour une \u00e9coute musicale d&#039;une clart\u00e9 absolue.<\/p>","protected":false},"featured_media":10199,"comment_status":"open","ping_status":"closed","template":"","meta":{"_acf_changed":false,"_mo_disable_npp":"","inline_featured_image":false},"product_brand":[549],"product_cat":[910,139,220,905,929,923],"product_tag":[694],"class_list":{"0":"post-10169","1":"product","2":"type-product","3":"status-publish","4":"has-post-thumbnail","6":"product_brand-marshall","7":"product_cat-a-touch-of-colour","8":"product_cat-headphones","9":"product_cat-marshall","10":"product_cat-marshall-black-friday","11":"product_cat-on-ear-headphones","12":"product_cat-wireless-headphones","13":"product_tag-colourful","14":"pa_colour-black","15":"pa_colour-brown","16":"pa_colour-cream","17":"pa_colour-midnight-blue","19":"first","20":"instock","21":"featured","22":"taxable","23":"shipping-taxable","24":"purchasable","25":"product-type-variable","26":"has-default-attributes"},"bundled_by":[],"bundle_stock_status":"instock","bundle_stock_quantity":null,"bundle_virtual":false,"bundle_layout":"","bundle_add_to_cart_form_location":"","bundle_editable_in_cart":false,"bundle_sold_individually_context":"","bundle_item_grouping":"","bundle_min_size":"","bundle_max_size":"","bundle_price":[],"bundled_items":[],"bundle_sell_ids":[],"acf":[],"ct_brands":[{"id":549,"name":"Marshall","slug":"marshall"}],"yoast_head":"<!-- This site is optimized with the Yoast SEO plugin v27.2 - https:\/\/yoast.com\/product\/yoast-seo-wordpress\/ -->\n<title>Marshall Major V Headphones - Luxe Sound<\/title>\n<meta name=\"description\" content=\"Experience powerful Marshall sound with the Marshall Major V headphones. Wireless play, deep bass, and long battery life. Free Shipping!\" \/>\n<meta name=\"robots\" content=\"index, follow, max-snippet:-1, max-image-preview:large, max-video-preview:-1\" \/>\n<link rel=\"canonical\" href=\"https:\/\/luxesound.ca\/fr\/product\/marshall-major-v-headphones\/\" \/>\n<meta property=\"og:locale\" content=\"fr_FR\" \/>\n<meta property=\"og:type\" content=\"article\" \/>\n<meta property=\"og:title\" content=\"Marshall Major V Headphones - Luxe Sound\" \/>\n<meta property=\"og:description\" content=\"Experience powerful Marshall sound with the Marshall Major V headphones. Wireless play, deep bass, and long battery life. Free Shipping!\" \/>\n<meta property=\"og:url\" content=\"https:\/\/luxesound.ca\/fr\/product\/marshall-major-v-headphones\/\" \/>\n<meta property=\"og:site_name\" content=\"Luxe Sound\" \/>\n<meta property=\"article:publisher\" content=\"https:\/\/www.facebook.com\/luxesound.ca\" \/>\n<meta property=\"article:modified_time\" content=\"2026-05-04T14:39:28+00:00\" \/>\n<meta property=\"og:image\" content=\"https:\/\/luxesound.ca\/wp-content\/uploads\/2025\/02\/Marshall-Major-V-Cream-6.webp\" \/>\n\t<meta property=\"og:image:width\" content=\"1200\" \/>\n\t<meta property=\"og:image:height\" content=\"800\" \/>\n\t<meta property=\"og:image:type\" content=\"image\/webp\" \/>\n<meta name=\"twitter:card\" content=\"summary_large_image\" \/>\n<meta name=\"twitter:label1\" content=\"Est. reading time\" \/>\n\t<meta name=\"twitter:data1\" content=\"1 minute\" \/>\n<script type=\"application\/ld+json\" class=\"yoast-schema-graph\">{\"@context\":\"https:\/\/schema.org\",\"@graph\":[{\"@type\":\"WebPage\",\"@id\":\"https:\/\/luxesound.ca\/product\/marshall-major-v-headphones\/\",\"url\":\"https:\/\/luxesound.ca\/product\/marshall-major-v-headphones\/\",\"name\":\"Marshall Major V Headphones - Luxe Sound\",\"isPartOf\":{\"@id\":\"https:\/\/luxesound.ca\/#website\"},\"primaryImageOfPage\":{\"@id\":\"https:\/\/luxesound.ca\/product\/marshall-major-v-headphones\/#primaryimage\"},\"image\":{\"@id\":\"https:\/\/luxesound.ca\/product\/marshall-major-v-headphones\/#primaryimage\"},\"thumbnailUrl\":\"https:\/\/luxesound.ca\/wp-content\/uploads\/2025\/02\/Marshall-Major-V-Cream-6.webp\",\"datePublished\":\"2025-02-14T21:09:21+00:00\",\"dateModified\":\"2026-05-04T14:39:28+00:00\",\"description\":\"Experience powerful Marshall sound with the Marshall Major V headphones. Wireless play, deep bass, and long battery life. Free Shipping!\",\"breadcrumb\":{\"@id\":\"https:\/\/luxesound.ca\/product\/marshall-major-v-headphones\/#breadcrumb\"},\"inLanguage\":\"fr-qc\",\"potentialAction\":[{\"@type\":\"ReadAction\",\"target\":[\"https:\/\/luxesound.ca\/product\/marshall-major-v-headphones\/\"]}]},{\"@type\":\"ImageObject\",\"inLanguage\":\"fr-qc\",\"@id\":\"https:\/\/luxesound.ca\/product\/marshall-major-v-headphones\/#primaryimage\",\"url\":\"https:\/\/luxesound.ca\/wp-content\/uploads\/2025\/02\/Marshall-Major-V-Cream-6.webp\",\"contentUrl\":\"https:\/\/luxesound.ca\/wp-content\/uploads\/2025\/02\/Marshall-Major-V-Cream-6.webp\",\"width\":1200,\"height\":800,\"caption\":\"Marshall Major V Cream Headphones\"},{\"@type\":\"BreadcrumbList\",\"@id\":\"https:\/\/luxesound.ca\/product\/marshall-major-v-headphones\/#breadcrumb\",\"itemListElement\":[{\"@type\":\"ListItem\",\"position\":1,\"name\":\"Home\",\"item\":\"https:\/\/luxesound.ca\/\"},{\"@type\":\"ListItem\",\"position\":2,\"name\":\"Products\",\"item\":\"https:\/\/luxesound.ca\/shop\/\"},{\"@type\":\"ListItem\",\"position\":3,\"name\":\"Marshall Major V Headphones\"}]},{\"@type\":\"WebSite\",\"@id\":\"https:\/\/luxesound.ca\/#website\",\"url\":\"https:\/\/luxesound.ca\/\",\"name\":\"Luxe Sound\",\"description\":\"The Finest Headphones &amp; Speakers. Proudly Canadian.\",\"publisher\":{\"@id\":\"https:\/\/luxesound.ca\/#organization\"},\"potentialAction\":[{\"@type\":\"SearchAction\",\"target\":{\"@type\":\"EntryPoint\",\"urlTemplate\":\"https:\/\/luxesound.ca\/?s={search_term_string}\"},\"query-input\":{\"@type\":\"PropertyValueSpecification\",\"valueRequired\":true,\"valueName\":\"search_term_string\"}}],\"inLanguage\":\"fr-qc\"},{\"@type\":\"Organization\",\"@id\":\"https:\/\/luxesound.ca\/#organization\",\"name\":\"Luxe Sound\",\"url\":\"https:\/\/luxesound.ca\/\",\"logo\":{\"@type\":\"ImageObject\",\"inLanguage\":\"fr-qc\",\"@id\":\"https:\/\/luxesound.ca\/#\/schema\/logo\/image\/\",\"url\":\"https:\/\/luxesound.ca\/wp-content\/uploads\/2024\/08\/cropped-Luxe-white-on-green.png\",\"contentUrl\":\"https:\/\/luxesound.ca\/wp-content\/uploads\/2024\/08\/cropped-Luxe-white-on-green.png\",\"width\":512,\"height\":512,\"caption\":\"Luxe Sound\"},\"image\":{\"@id\":\"https:\/\/luxesound.ca\/#\/schema\/logo\/image\/\"},\"sameAs\":[\"https:\/\/www.facebook.com\/luxesound.ca\",\"https:\/\/www.instagram.com\/luxe.sound\/\"]}]}<\/script>\n<!-- \/ Yoast SEO plugin. -->","yoast_head_json":{"title":"Marshall Major V Headphones - Luxe Sound","description":"Experience powerful Marshall sound with the Marshall Major V headphones. Wireless play, deep bass, and long battery life. Free Shipping!","robots":{"index":"index","follow":"follow","max-snippet":"max-snippet:-1","max-image-preview":"max-image-preview:large","max-video-preview":"max-video-preview:-1"},"canonical":"https:\/\/luxesound.ca\/fr\/product\/marshall-major-v-headphones\/","og_locale":"fr_FR","og_type":"article","og_title":"Marshall Major V Headphones - Luxe Sound","og_description":"Experience powerful Marshall sound with the Marshall Major V headphones. Wireless play, deep bass, and long battery life. Free Shipping!","og_url":"https:\/\/luxesound.ca\/fr\/product\/marshall-major-v-headphones\/","og_site_name":"Luxe Sound","article_publisher":"https:\/\/www.facebook.com\/luxesound.ca","article_modified_time":"2026-05-04T14:39:28+00:00","og_image":[{"width":1200,"height":800,"url":"https:\/\/luxesound.ca\/wp-content\/uploads\/2025\/02\/Marshall-Major-V-Cream-6.webp","type":"image\/webp"}],"twitter_card":"summary_large_image","twitter_misc":{"Est. reading time":"1 minute"},"schema":{"@context":"https:\/\/schema.org","@graph":[{"@type":"WebPage","@id":"https:\/\/luxesound.ca\/product\/marshall-major-v-headphones\/","url":"https:\/\/luxesound.ca\/product\/marshall-major-v-headphones\/","name":"Marshall Major V Headphones - Luxe Sound","isPartOf":{"@id":"https:\/\/luxesound.ca\/#website"},"primaryImageOfPage":{"@id":"https:\/\/luxesound.ca\/product\/marshall-major-v-headphones\/#primaryimage"},"image":{"@id":"https:\/\/luxesound.ca\/product\/marshall-major-v-headphones\/#primaryimage"},"thumbnailUrl":"https:\/\/luxesound.ca\/wp-content\/uploads\/2025\/02\/Marshall-Major-V-Cream-6.webp","datePublished":"2025-02-14T21:09:21+00:00","dateModified":"2026-05-04T14:39:28+00:00","description":"Experience powerful Marshall sound with the Marshall Major V headphones. Wireless play, deep bass, and long battery life. Free Shipping!","breadcrumb":{"@id":"https:\/\/luxesound.ca\/product\/marshall-major-v-headphones\/#breadcrumb"},"inLanguage":"fr-qc","potentialAction":[{"@type":"ReadAction","target":["https:\/\/luxesound.ca\/product\/marshall-major-v-headphones\/"]}]},{"@type":"ImageObject","inLanguage":"fr-qc","@id":"https:\/\/luxesound.ca\/product\/marshall-major-v-headphones\/#primaryimage","url":"https:\/\/luxesound.ca\/wp-content\/uploads\/2025\/02\/Marshall-Major-V-Cream-6.webp","contentUrl":"https:\/\/luxesound.ca\/wp-content\/uploads\/2025\/02\/Marshall-Major-V-Cream-6.webp","width":1200,"height":800,"caption":"Marshall Major V Cream Headphones"},{"@type":"BreadcrumbList","@id":"https:\/\/luxesound.ca\/product\/marshall-major-v-headphones\/#breadcrumb","itemListElement":[{"@type":"ListItem","position":1,"name":"Home","item":"https:\/\/luxesound.ca\/"},{"@type":"ListItem","position":2,"name":"Products","item":"https:\/\/luxesound.ca\/shop\/"},{"@type":"ListItem","position":3,"name":"Marshall Major V Headphones"}]},{"@type":"WebSite","@id":"https:\/\/luxesound.ca\/#website","url":"https:\/\/luxesound.ca\/","name":"Son luxueux","description":"Les meilleurs \u00e9couteurs et haut-parleurs. Fi\u00e8rement canadiens.","publisher":{"@id":"https:\/\/luxesound.ca\/#organization"},"potentialAction":[{"@type":"SearchAction","target":{"@type":"EntryPoint","urlTemplate":"https:\/\/luxesound.ca\/?s={search_term_string}"},"query-input":{"@type":"PropertyValueSpecification","valueRequired":true,"valueName":"search_term_string"}}],"inLanguage":"fr-qc"},{"@type":"Organization","@id":"https:\/\/luxesound.ca\/#organization","name":"Son luxueux","url":"https:\/\/luxesound.ca\/","logo":{"@type":"ImageObject","inLanguage":"fr-qc","@id":"https:\/\/luxesound.ca\/#\/schema\/logo\/image\/","url":"https:\/\/luxesound.ca\/wp-content\/uploads\/2024\/08\/cropped-Luxe-white-on-green.png","contentUrl":"https:\/\/luxesound.ca\/wp-content\/uploads\/2024\/08\/cropped-Luxe-white-on-green.png","width":512,"height":512,"caption":"Luxe Sound"},"image":{"@id":"https:\/\/luxesound.ca\/#\/schema\/logo\/image\/"},"sameAs":["https:\/\/www.facebook.com\/luxesound.ca","https:\/\/www.instagram.com\/luxe.sound\/"]}]}},"_links":{"self":[{"href":"https:\/\/luxesound.ca\/fr\/wp-json\/wp\/v2\/product\/10169","targetHints":{"allow":["GET"]}}],"collection":[{"href":"https:\/\/luxesound.ca\/fr\/wp-json\/wp\/v2\/product"}],"about":[{"href":"https:\/\/luxesound.ca\/fr\/wp-json\/wp\/v2\/types\/product"}],"replies":[{"embeddable":true,"href":"https:\/\/luxesound.ca\/fr\/wp-json\/wp\/v2\/comments?post=10169"}],"version-history":[{"count":1,"href":"https:\/\/luxesound.ca\/fr\/wp-json\/wp\/v2\/product\/10169\/revisions"}],"predecessor-version":[{"id":10208,"href":"https:\/\/luxesound.ca\/fr\/wp-json\/wp\/v2\/product\/10169\/revisions\/10208"}],"wp:featuredmedia":[{"embeddable":true,"href":"https:\/\/luxesound.ca\/fr\/wp-json\/wp\/v2\/media\/10199"}],"wp:attachment":[{"href":"https:\/\/luxesound.ca\/fr\/wp-json\/wp\/v2\/media?parent=10169"}],"wp:term":[{"taxonomy":"product_brand","embeddable":true,"href":"https:\/\/luxesound.ca\/fr\/wp-json\/wp\/v2\/product_brand?post=10169"},{"taxonomy":"product_cat","embeddable":true,"href":"https:\/\/luxesound.ca\/fr\/wp-json\/wp\/v2\/product_cat?post=10169"},{"taxonomy":"product_tag","embeddable":true,"href":"https:\/\/luxesound.ca\/fr\/wp-json\/wp\/v2\/product_tag?post=10169"}],"curies":[{"name":"wp","href":"https:\/\/api.w.org\/{rel}","templated":true}]}}