{"id":174,"date":"2023-06-07T19:34:11","date_gmt":"2023-06-07T19:34:11","guid":{"rendered":"https:\/\/luxesound.ca\/?page_id=174"},"modified":"2025-06-19T15:39:24","modified_gmt":"2025-06-19T19:39:24","slug":"refund_returns","status":"publish","type":"page","link":"https:\/\/luxesound.ca\/fr\/refund_returns\/","title":{"rendered":"Politique de remboursement"},"content":{"rendered":"<div data-elementor-type=\"wp-page\" data-elementor-id=\"174\" class=\"elementor elementor-174\" data-elementor-post-type=\"page\">\n\t\t\t\t<div class=\"elementor-element elementor-element-236c7dd7 e-flex e-con-boxed e-con e-parent\" data-id=\"236c7dd7\" data-element_type=\"container\" data-e-type=\"container\">\n\t\t\t\t\t<div class=\"e-con-inner\">\n\t\t\t\t<div class=\"elementor-element elementor-element-60b52f49 elementor-widget elementor-widget-text-editor\" data-id=\"60b52f49\" data-element_type=\"widget\" data-e-type=\"widget\" data-widget_type=\"text-editor.default\">\n\t\t\t\t\t\t\t\t\t<p>Merci d&#039;avoir effectu\u00e9 vos achats chez Luxe Sound. Nous souhaitons que vous soyez enti\u00e8rement satisfait de votre achat. Si, pour une raison quelconque, vous n&#039;\u00eates pas enti\u00e8rement satisfait de votre produit, nous vous proposons une politique de retour de 30 jours pour garantir votre tranquillit\u00e9 d&#039;esprit. Veuillez lire attentivement la politique de remboursement suivante.<\/p>\n<p><!-- \/wp:paragraph --><\/p>\n<p><!-- wp:list {\"ordered\":true} --><\/p>\n<ol>\n<li style=\"list-style-type: none;\">\n<ol><!-- wp:list-item --><\/ol>\n<\/li>\n<\/ol>\n<ol>\n<li style=\"list-style-type: none;\">\n<ol>\n<li>Admissibilit\u00e9 aux retours<\/li>\n<\/ol>\n<\/li>\n<\/ol>\n<p><!-- \/wp:list-item --><\/p>\n<p><!-- \/wp:list --><\/p>\n<p><!-- wp:paragraph --><\/p>\n<p>1.1. Pour \u00eatre \u00e9ligible \u00e0 un retour, votre article doit \u00eatre dans son emballage d&#039;origine et dans le m\u00eame \u00e9tat qu&#039;\u00e0 la r\u00e9ception, avec tous les accessoires et la documentation. Bien que nous acceptions les articles ouverts, veuillez vous assurer que l&#039;emballage d&#039;origine est pr\u00e9sent. De plus, le retour doit \u00eatre accompagn\u00e9 d&#039;une preuve d&#039;achat, telle qu&#039;un re\u00e7u ou une confirmation de commande.<\/p>\n<p><!-- \/wp:paragraph --><\/p>\n<p><!-- wp:paragraph --><\/p>\n<p>1.2. Certains produits sont exempt\u00e9s de retour pour des raisons d&#039;hygi\u00e8ne et de s\u00e9curit\u00e9. Il s&#039;agit notamment des \u00e9couteurs et des \u00e9couteurs, sauf s&#039;ils sont d\u00e9fectueux ou endommag\u00e9s \u00e0 l&#039;arriv\u00e9e.<\/p><p>1.3.&nbsp;<span style=\"font-variant-ligatures: inherit; font-variant-caps: inherit; color: rgb(42, 43, 42); font-family: &quot;DM Sans&quot;, sans-serif; text-align: justify;\">Tous les articles r\u00e9pertori\u00e9s comme \u00ab\u00a0Bo\u00eete ouverte\u00a0\u00bb ou \u00ab\u00a0Vente finale\u00a0\u00bb&nbsp;<\/span><span style=\"font-variant-ligatures: inherit; font-variant-caps: inherit; color: rgb(42, 43, 42); font-family: &quot;DM Sans&quot;, sans-serif; text-align: justify;\">les marchandises ne sont pas retournables et ne sont pas \u00e9ligibles \u00e0 un remboursement.&nbsp;<\/span><\/p>\n<p><!-- \/wp:paragraph --><\/p>\n<p><!-- wp:paragraph --><\/p>\n<p>2. Processus de retour<\/p>\n<p><!-- \/wp:paragraph --><\/p>\n<p><!-- wp:paragraph --><\/p>\n<p>2.1. Pour effectuer un retour, veuillez contacter notre service client dans les 30 jours suivant la r\u00e9ception de votre produit. Vous pouvez nous contacter par courriel \u00e0 info@luxesound.ca ou via notre formulaire de contact en ligne. Veuillez fournir les d\u00e9tails de votre commande et une br\u00e8ve explication du motif du retour.<\/p>\n<p><!-- \/wp:paragraph --><\/p>\n<p><!-- wp:paragraph --><\/p>\n<p>2.2. Notre \u00e9quipe d&#039;assistance client\u00e8le vous fournira des instructions de retour, notamment l&#039;adresse de retour et une \u00e9tiquette d&#039;exp\u00e9dition que vous pourrez t\u00e9l\u00e9charger et imprimer pour vous faciliter la t\u00e2che.&nbsp;<\/p>\n<p><!-- \/wp:paragraph --><\/p>\n<p><!-- wp:paragraph --><\/p>\n<p>2.5. Nous ne pouvons garantir que nous recevrons votre article retourn\u00e9 et nous ne sommes pas responsables des articles perdus ou endommag\u00e9s pendant le transport.<\/p>\n<p><!-- \/wp:paragraph --><\/p>\n<p><!-- wp:paragraph --><\/p>\n<p>3. Processus de remboursement<\/p>\n<p><!-- \/wp:paragraph --><\/p>\n<p><!-- wp:paragraph --><\/p>\n<p>3.1. <span style=\"color: var( --e-global-color-text ); font-family: var( --e-global-typography-text-font-family ), Sans-serif; font-size: var( --e-global-typography-text-font-size ); font-weight: var( --e-global-typography-text-font-weight ); text-align: var(--text-align); background-color: var(--theme-palette-color-8); font-style: var(--theme-font-style, inherit); font-variant-ligatures: inherit; font-variant-caps: inherit; letter-spacing: var(--theme-letter-spacing); text-transform: var(--theme-text-transform);\">Une fois l&#039;article retourn\u00e9 re\u00e7u, nous l&#039;inspecterons dans les 5 jours pour nous assurer qu&#039;il r\u00e9pond aux crit\u00e8res de la politique de retour.<\/span><span style=\"color: var( --e-global-color-text ); font-family: var( --e-global-typography-text-font-family ), Sans-serif; font-size: var( --e-global-typography-text-font-size ); font-weight: var( --e-global-typography-text-font-weight ); text-align: var(--text-align); background-color: var(--theme-palette-color-8); font-style: var(--theme-font-style, inherit); font-variant-ligatures: inherit; font-variant-caps: inherit; letter-spacing: var(--theme-letter-spacing); text-transform: var(--theme-text-transform);\">&nbsp;vous enverra une notification par e-mail pour vous informer de l&#039;\u00e9tat de votre remboursement.<\/span><\/p>\n<p><!-- \/wp:paragraph --><\/p>\n<p><!-- wp:paragraph --><\/p>\n<p>3.2. Si votre retour est approuv\u00e9, nous proc\u00e9derons \u00e0 un remboursement selon votre mode de paiement d&#039;origine. Veuillez noter que les frais d&#039;exp\u00e9dition et les frais de r\u00e9approvisionnement applicables ne sont pas remboursables.&nbsp;<span style=\"color: var( --e-global-color-text ); font-family: var( --e-global-typography-text-font-family ), Sans-serif; font-size: var( --e-global-typography-text-font-size ); font-weight: var( --e-global-typography-text-font-weight ); text-align: var(--text-align); background-color: var(--theme-palette-color-8); font-style: var(--theme-font-style, inherit); font-variant-ligatures: inherit; font-variant-caps: inherit; letter-spacing: var(--theme-letter-spacing); text-transform: var(--theme-text-transform);\">Cela se produit g\u00e9n\u00e9ralement dans un d\u00e9lai de 2 \u00e0 3 jours ouvrables.<\/span><\/p>\n<p><!-- \/wp:paragraph --><\/p>\n<p><!-- wp:paragraph --><\/p>\n<p>3.3. Le d\u00e9lai n\u00e9cessaire pour que le remboursement soit cr\u00e9dit\u00e9 sur votre compte peut varier en fonction de votre fournisseur de paiement. Veuillez pr\u00e9voir un d\u00e9lai de traitement raisonnable. Le d\u00e9lai de traitement moyen est de 5 jours.<\/p>\n<p><!-- \/wp:paragraph --><\/p>\n<p><!-- wp:paragraph --><\/p>\n<p>4. \u00c9changes<\/p>\n<p><!-- \/wp:paragraph --><\/p>\n<p><!-- wp:paragraph --><\/p>\n<p>4.1. Nous ne proposons actuellement pas d&#039;\u00e9changes directs. Si vous souhaitez \u00e9changer votre article contre un autre produit, veuillez suivre le processus de retour d\u00e9crit ci-dessus et passer une nouvelle commande pour l&#039;article souhait\u00e9.<\/p>\n<p><!-- \/wp:paragraph --><\/p>\n<p><!-- wp:paragraph --><\/p>\n<p>5. Articles endommag\u00e9s ou d\u00e9fectueux<\/p>\n<p><!-- \/wp:paragraph --><\/p>\n<p><!-- wp:paragraph --><\/p>\n<p>5.1. Si vous recevez un article endommag\u00e9 ou d\u00e9fectueux, veuillez contacter notre service client imm\u00e9diatement, de pr\u00e9f\u00e9rence dans les 48 heures suivant la livraison. Nous travaillerons avec vous pour r\u00e9soudre le probl\u00e8me rapidement.<\/p>\n<p><!-- \/wp:paragraph --><\/p>\n<p><!-- wp:paragraph --><\/p>\n<p>5.2. Dans le cas d&#039;un produit endommag\u00e9 ou d\u00e9fectueux, nous pouvons exiger des preuves photographiques ou des informations suppl\u00e9mentaires pour \u00e9valuer la situation et d\u00e9terminer la marche \u00e0 suivre appropri\u00e9e.<\/p>\n<p><!-- \/wp:paragraph --><\/p>\n<p><!-- wp:paragraph --><\/p>\n<p>6. Limites<\/p>\n<p><!-- \/wp:paragraph --><\/p>\n<p><!-- wp:paragraph --><\/p>\n<p>6.1. Luxe Sound se r\u00e9serve le droit de refuser un retour ou un remboursement si l&#039;article retourn\u00e9 ne r\u00e9pond pas aux crit\u00e8res d&#039;\u00e9ligibilit\u00e9 mentionn\u00e9s dans la section 1 ou s&#039;il est d\u00e9termin\u00e9 que l&#039;article a \u00e9t\u00e9 utilis\u00e9 ou alt\u00e9r\u00e9.<\/p>\n<p><!-- \/wp:paragraph --><\/p>\n<p><!-- wp:paragraph --><\/p>\n<p><!-- \/wp:paragraph --><\/p>\n<p><!-- wp:paragraph --><\/p>\n<p>7. Modifications de la politique de remboursement<\/p>\n<p><!-- \/wp:paragraph --><\/p>\n<p><!-- wp:paragraph --><\/p>\n<p>7.1. Luxe Sound se r\u00e9serve le droit de modifier ou de mettre \u00e0 jour cette politique de remboursement \u00e0 tout moment. Toute modification entrera en vigueur imm\u00e9diatement apr\u00e8s la publication de la politique r\u00e9vis\u00e9e sur notre site Web.<\/p>\n<p><!-- \/wp:paragraph --><\/p>\n<p><!-- wp:paragraph --><\/p>\n<p>Si vous avez d&#039;autres questions ou avez besoin de pr\u00e9cisions concernant notre politique de remboursement, n&#039;h\u00e9sitez pas \u00e0 contacter notre \u00e9quipe de support client. Nous sommes l\u00e0 pour vous aider.<\/p>\n<p><!-- \/wp:paragraph --><\/p>\t\t\t\t\t\t\t\t<\/div>\n\t\t\t\t\t<\/div>\n\t\t\t\t<\/div>\n\t\t\t\t<\/div>","protected":false},"excerpt":{"rendered":"<p>Merci d&#039;avoir fait vos achats chez Luxe Sound. Nous souhaitons que vous soyez pleinement satisfait de votre achat. Si, pour une raison quelconque, vous n&#039;\u00eates pas enti\u00e8rement satisfait de votre produit, nous vous offrons une politique de retour de 30 jours pour votre tranquillit\u00e9 d&#039;esprit. Veuillez lire attentivement la politique de remboursement suivante. Conditions de retour\u00a0: 1.1. Pour \u00eatre \u00e9ligible [\u2026]<\/p>","protected":false},"author":3,"featured_media":0,"parent":0,"menu_order":0,"comment_status":"closed","ping_status":"closed","template":"","meta":{"_acf_changed":false,"_mo_disable_npp":"","inline_featured_image":false,"footnotes":""},"class_list":["post-174","page","type-page","status-publish","hentry"],"blocksy_meta":[],"acf":[],"yoast_head":"<!-- This site is optimized with the Yoast SEO plugin v27.2 - https:\/\/yoast.com\/product\/yoast-seo-wordpress\/ -->\n<title>Refund Policy - The Finest Headphones &amp; Speakers. Proudly Canadian.<\/title>\n<meta name=\"robots\" content=\"index, follow, max-snippet:-1, max-image-preview:large, max-video-preview:-1\" \/>\n<link rel=\"canonical\" href=\"https:\/\/luxesound.ca\/fr\/refund_returns\/\" \/>\n<meta property=\"og:locale\" content=\"fr_FR\" \/>\n<meta property=\"og:type\" content=\"article\" \/>\n<meta property=\"og:title\" content=\"Refund Policy - The Finest Headphones &amp; Speakers. Proudly Canadian.\" \/>\n<meta property=\"og:description\" content=\"Thank you for shopping at Luxe Sound. We want you to be fully satisfied with your purchase. If, for any reason, you are not entirely happy with your product, we offer a 30-day return policy to ensure your peace of mind. Please read the following refund policy carefully. Eligibility for Returns 1.1. To be eligible [&hellip;]\" \/>\n<meta property=\"og:url\" content=\"https:\/\/luxesound.ca\/fr\/refund_returns\/\" \/>\n<meta property=\"og:site_name\" content=\"Luxe Sound\" \/>\n<meta property=\"article:publisher\" content=\"https:\/\/www.facebook.com\/luxesound.ca\" \/>\n<meta property=\"article:modified_time\" content=\"2025-06-19T19:39:24+00:00\" \/>\n<meta property=\"og:image\" content=\"https:\/\/luxesound.ca\/wp-content\/uploads\/2024\/08\/Luxe-Yoast-Logo.png\" \/>\n\t<meta property=\"og:image:width\" content=\"1200\" \/>\n\t<meta property=\"og:image:height\" content=\"675\" \/>\n\t<meta property=\"og:image:type\" content=\"image\/png\" \/>\n<meta name=\"twitter:card\" content=\"summary_large_image\" \/>\n<meta name=\"twitter:label1\" content=\"Est. reading time\" \/>\n\t<meta name=\"twitter:data1\" content=\"3 minutes\" \/>\n<script type=\"application\/ld+json\" class=\"yoast-schema-graph\">{\"@context\":\"https:\/\/schema.org\",\"@graph\":[{\"@type\":\"WebPage\",\"@id\":\"https:\/\/luxesound.ca\/refund_returns\/\",\"url\":\"https:\/\/luxesound.ca\/refund_returns\/\",\"name\":\"Refund Policy - The Finest Headphones &amp; Speakers. Proudly Canadian.\",\"isPartOf\":{\"@id\":\"https:\/\/luxesound.ca\/#website\"},\"datePublished\":\"2023-06-07T19:34:11+00:00\",\"dateModified\":\"2025-06-19T19:39:24+00:00\",\"breadcrumb\":{\"@id\":\"https:\/\/luxesound.ca\/refund_returns\/#breadcrumb\"},\"inLanguage\":\"fr-qc\",\"potentialAction\":[{\"@type\":\"ReadAction\",\"target\":[\"https:\/\/luxesound.ca\/refund_returns\/\"]}]},{\"@type\":\"BreadcrumbList\",\"@id\":\"https:\/\/luxesound.ca\/refund_returns\/#breadcrumb\",\"itemListElement\":[{\"@type\":\"ListItem\",\"position\":1,\"name\":\"Home\",\"item\":\"https:\/\/luxesound.ca\/\"},{\"@type\":\"ListItem\",\"position\":2,\"name\":\"Refund Policy\"}]},{\"@type\":\"WebSite\",\"@id\":\"https:\/\/luxesound.ca\/#website\",\"url\":\"https:\/\/luxesound.ca\/\",\"name\":\"Luxe Sound\",\"description\":\"The Finest Headphones &amp; Speakers. Proudly Canadian.\",\"publisher\":{\"@id\":\"https:\/\/luxesound.ca\/#organization\"},\"potentialAction\":[{\"@type\":\"SearchAction\",\"target\":{\"@type\":\"EntryPoint\",\"urlTemplate\":\"https:\/\/luxesound.ca\/?s={search_term_string}\"},\"query-input\":{\"@type\":\"PropertyValueSpecification\",\"valueRequired\":true,\"valueName\":\"search_term_string\"}}],\"inLanguage\":\"fr-qc\"},{\"@type\":\"Organization\",\"@id\":\"https:\/\/luxesound.ca\/#organization\",\"name\":\"Luxe Sound\",\"url\":\"https:\/\/luxesound.ca\/\",\"logo\":{\"@type\":\"ImageObject\",\"inLanguage\":\"fr-qc\",\"@id\":\"https:\/\/luxesound.ca\/#\/schema\/logo\/image\/\",\"url\":\"https:\/\/luxesound.ca\/wp-content\/uploads\/2024\/08\/cropped-Luxe-white-on-green.png\",\"contentUrl\":\"https:\/\/luxesound.ca\/wp-content\/uploads\/2024\/08\/cropped-Luxe-white-on-green.png\",\"width\":512,\"height\":512,\"caption\":\"Luxe Sound\"},\"image\":{\"@id\":\"https:\/\/luxesound.ca\/#\/schema\/logo\/image\/\"},\"sameAs\":[\"https:\/\/www.facebook.com\/luxesound.ca\",\"https:\/\/www.instagram.com\/luxe.sound\/\"]}]}<\/script>\n<!-- \/ Yoast SEO plugin. -->","yoast_head_json":{"title":"Politique de remboursement \u2013 Les meilleurs \u00e9couteurs et haut-parleurs. Fi\u00e8rement canadien.","robots":{"index":"index","follow":"follow","max-snippet":"max-snippet:-1","max-image-preview":"max-image-preview:large","max-video-preview":"max-video-preview:-1"},"canonical":"https:\/\/luxesound.ca\/fr\/refund_returns\/","og_locale":"fr_FR","og_type":"article","og_title":"Refund Policy - The Finest Headphones &amp; Speakers. Proudly Canadian.","og_description":"Thank you for shopping at Luxe Sound. We want you to be fully satisfied with your purchase. If, for any reason, you are not entirely happy with your product, we offer a 30-day return policy to ensure your peace of mind. Please read the following refund policy carefully. Eligibility for Returns 1.1. To be eligible [&hellip;]","og_url":"https:\/\/luxesound.ca\/fr\/refund_returns\/","og_site_name":"Luxe Sound","article_publisher":"https:\/\/www.facebook.com\/luxesound.ca","article_modified_time":"2025-06-19T19:39:24+00:00","og_image":[{"width":1200,"height":675,"url":"https:\/\/luxesound.ca\/wp-content\/uploads\/2024\/08\/Luxe-Yoast-Logo.png","type":"image\/png"}],"twitter_card":"summary_large_image","twitter_misc":{"Est. reading time":"3 minutes"},"schema":{"@context":"https:\/\/schema.org","@graph":[{"@type":"WebPage","@id":"https:\/\/luxesound.ca\/refund_returns\/","url":"https:\/\/luxesound.ca\/refund_returns\/","name":"Politique de remboursement \u2013 Les meilleurs \u00e9couteurs et haut-parleurs. Fi\u00e8rement canadien.","isPartOf":{"@id":"https:\/\/luxesound.ca\/#website"},"datePublished":"2023-06-07T19:34:11+00:00","dateModified":"2025-06-19T19:39:24+00:00","breadcrumb":{"@id":"https:\/\/luxesound.ca\/refund_returns\/#breadcrumb"},"inLanguage":"fr-qc","potentialAction":[{"@type":"ReadAction","target":["https:\/\/luxesound.ca\/refund_returns\/"]}]},{"@type":"BreadcrumbList","@id":"https:\/\/luxesound.ca\/refund_returns\/#breadcrumb","itemListElement":[{"@type":"ListItem","position":1,"name":"Home","item":"https:\/\/luxesound.ca\/"},{"@type":"ListItem","position":2,"name":"Refund Policy"}]},{"@type":"WebSite","@id":"https:\/\/luxesound.ca\/#website","url":"https:\/\/luxesound.ca\/","name":"Son luxueux","description":"Les meilleurs \u00e9couteurs et haut-parleurs. Fi\u00e8rement canadiens.","publisher":{"@id":"https:\/\/luxesound.ca\/#organization"},"potentialAction":[{"@type":"SearchAction","target":{"@type":"EntryPoint","urlTemplate":"https:\/\/luxesound.ca\/?s={search_term_string}"},"query-input":{"@type":"PropertyValueSpecification","valueRequired":true,"valueName":"search_term_string"}}],"inLanguage":"fr-qc"},{"@type":"Organization","@id":"https:\/\/luxesound.ca\/#organization","name":"Son luxueux","url":"https:\/\/luxesound.ca\/","logo":{"@type":"ImageObject","inLanguage":"fr-qc","@id":"https:\/\/luxesound.ca\/#\/schema\/logo\/image\/","url":"https:\/\/luxesound.ca\/wp-content\/uploads\/2024\/08\/cropped-Luxe-white-on-green.png","contentUrl":"https:\/\/luxesound.ca\/wp-content\/uploads\/2024\/08\/cropped-Luxe-white-on-green.png","width":512,"height":512,"caption":"Luxe Sound"},"image":{"@id":"https:\/\/luxesound.ca\/#\/schema\/logo\/image\/"},"sameAs":["https:\/\/www.facebook.com\/luxesound.ca","https:\/\/www.instagram.com\/luxe.sound\/"]}]}},"_links":{"self":[{"href":"https:\/\/luxesound.ca\/fr\/wp-json\/wp\/v2\/pages\/174","targetHints":{"allow":["GET"]}}],"collection":[{"href":"https:\/\/luxesound.ca\/fr\/wp-json\/wp\/v2\/pages"}],"about":[{"href":"https:\/\/luxesound.ca\/fr\/wp-json\/wp\/v2\/types\/page"}],"author":[{"embeddable":true,"href":"https:\/\/luxesound.ca\/fr\/wp-json\/wp\/v2\/users\/3"}],"replies":[{"embeddable":true,"href":"https:\/\/luxesound.ca\/fr\/wp-json\/wp\/v2\/comments?post=174"}],"version-history":[{"count":3,"href":"https:\/\/luxesound.ca\/fr\/wp-json\/wp\/v2\/pages\/174\/revisions"}],"predecessor-version":[{"id":11390,"href":"https:\/\/luxesound.ca\/fr\/wp-json\/wp\/v2\/pages\/174\/revisions\/11390"}],"wp:attachment":[{"href":"https:\/\/luxesound.ca\/fr\/wp-json\/wp\/v2\/media?parent=174"}],"curies":[{"name":"wp","href":"https:\/\/api.w.org\/{rel}","templated":true}]}}